{"id":2404,"date":"2020-04-28T22:12:26","date_gmt":"2020-04-28T20:12:26","guid":{"rendered":"https:\/\/biaform.com.pl\/?page_id=2404"},"modified":"2020-06-21T23:56:56","modified_gmt":"2020-06-21T21:56:56","slug":"qualitaetsstufen","status":"publish","type":"page","link":"https:\/\/biaform.com.pl\/de\/ueber-die-firma\/qualitaetsstufen\/","title":{"rendered":"Qualit\u00e4tsstufen"},"content":{"rendered":"<section class=\"l-section wpb_row height_auto width_full\"><div class=\"l-section-h i-cf\"><div class=\"g-cols vc_row type_default valign_top\"><div class=\"vc_col-sm-12 wpb_column vc_column_container\"><div class=\"vc_column-inner\"><div class=\"wpb_wrapper\"><section class=\"l-section wpb_row height_medium color_alternate with_img parallax_ver with_overlay\" id=\"title\"><div class=\"l-section-img\" style=\"background-image: url(https:\/\/biaform.com.pl\/wp-content\/uploads\/2020\/03\/title-bg-2.jpg);background-repeat: no-repeat;\" data-img-width=\"1920\" data-img-height=\"800\"><\/div><div class=\"l-section-overlay\" style=\"background: rgba(0,0,0,0.10)\"><\/div><div class=\"l-section-h i-cf\"><div class=\"g-cols vc_row type_default valign_middle\"><div class=\"vc_col-sm-6 wpb_column vc_column_container\"><div class=\"vc_column-inner\"><div class=\"wpb_wrapper\"><h1 class=\"w-post-elm post_title us_custom_607cd7e8 entry-title color_link_inherit\">Qualit\u00e4tsstufen<\/h1><\/div><\/div><\/div><div class=\"vc_col-sm-6 wpb_column vc_column_container\"><div class=\"vc_column-inner\"><div class=\"wpb_wrapper\"><ol class=\"g-breadcrumbs us_custom_963f34bc separator_icon align_right has_text_color\" itemscope itemtype=\"http:\/\/schema.org\/BreadcrumbList\"><li class=\"g-breadcrumbs-item\" itemprop=\"itemListElement\" itemscope itemtype=\"http:\/\/schema.org\/ListItem\"><a itemprop=\"item\" href=\"https:\/\/biaform.com.pl\/de\/\"><span itemprop=\"name\">Start<\/span><\/a><meta itemprop=\"position\" content=\"1\"\/><\/li><li class=\"g-breadcrumbs-separator\"><i class=\"material-icons\">chevron_right<\/i><\/li><li class=\"g-breadcrumbs-item\">Seiten<\/li><\/ol><\/div><\/div><\/div><\/div><\/div><\/section>\n<\/div><\/div><\/div><\/div><\/div><\/section><section class=\"l-section wpb_row height_medium table2\"><div class=\"l-section-h i-cf\"><div class=\"g-cols vc_row type_default valign_top gap-2em\"><style>.g-cols.gap-2em{margin:0 calc(-1.5rem - 2em)}.gap-2em > .vc_column_container {padding:2em}<\/style><div class=\"vc_col-sm-12 wpb_column vc_column_container animate_afb\" style=\"animation-delay:0.2s\"><div class=\"vc_column-inner\"><div class=\"wpb_wrapper\"><div id=\"ultimate-heading-966269e4b753cf98d\" class=\"uvc-heading ult-adjust-bottom-margin ultimate-heading-966269e4b753cf98d uvc-819 \" data-hspacer=\"line_with_icon\" data-hline_width=\"200\" data-hicon_type=\"selector\" data-hborder_style=\"solid\" data-hborder_height=\"3\" data-hborder_color=\"#503201\" data-icon_width=\"32\" data-hfixer=\"20\"  data-halign=\"center\" style=\"text-align:center\"><div class=\"uvc-main-heading ult-responsive\"  data-ultimate-target='.uvc-heading.ultimate-heading-966269e4b753cf98d h2'  data-responsive-json-new='{\"font-size\":\"\",\"line-height\":\"\"}' ><h2 style=\"font-weight:normal;margin-bottom:10px;\">Qualit\u00e4tsstufen<\/h2><\/div><div class=\"uvc-sub-heading ult-responsive\"  data-ultimate-target='.uvc-heading.ultimate-heading-966269e4b753cf98d .uvc-sub-heading '  data-responsive-json-new='{\"font-size\":\"\",\"line-height\":\"\"}'  style=\"font-weight:normal;margin-bottom:10px;\">Qualit\u00e4tsstufen bei Sperrholz<\/div><div class=\"uvc-heading-spacer line_with_icon\" style=\"topheight:32px;\"><div class=\"ult-just-icon-wrapper  \"><div class=\"align-icon\" style=\"text-align:center;\">\n<div class=\"aio-icon none \"  style=\"color:#64bc46;font-size:32px;display:inline-block;\">\n\t<i class=\"Defaults-stack-overflow\"><\/i>\n<\/div><\/div><\/div><\/div><\/div><\/div><\/div><\/div><div class=\"vc_col-sm-12 wpb_column vc_column_container\"><div class=\"vc_column-inner\"><div class=\"wpb_wrapper\"><div class=\"w-tabs layout_hor style_timeline switch_click icon_chevron iconpos_right title_atleft\"><div class=\"w-tabs-list hidden items_4\"><div class=\"w-tabs-list-h\"><a class=\"w-tabs-item active defined-active\" aria-controls=\"content-1585514421694-b1c266aa-b7c4\" href=\"javascript:void(0);\"><span class=\"w-tabs-item-title\">I KLASSE<\/span><\/a><a class=\"w-tabs-item\" aria-controls=\"content-1585514421767-64ff7cd2-5f4f\" href=\"javascript:void(0);\"><span class=\"w-tabs-item-title\">II KLASSE<\/span><\/a><a class=\"w-tabs-item\" aria-controls=\"content-1585514421853-bb363750-d8aa\" href=\"javascript:void(0);\"><span class=\"w-tabs-item-title\">III KLASSE<\/span><\/a><a class=\"w-tabs-item\" aria-controls=\"content-1585514681766-cf5845cd-718b\" href=\"javascript:void(0);\"><span class=\"w-tabs-item-title\">IV KLASSE<\/span><\/a><\/div><\/div><div class=\"w-tabs-sections\"><div class=\"w-tabs-sections-h\"><div class=\"w-tabs-section active\" id=\"1585514421694-b1c266aa-b7c4\"><button aria-controls=\"content-1585514421694-b1c266aa-b7c4\" class=\"w-tabs-section-header active\"><div class=\"w-tabs-section-header-h\"><div class=\"w-tabs-section-title\">I KLASSE<\/div><div class=\"w-tabs-section-control\"><\/div><\/div><\/button><div class=\"w-tabs-section-content\" id=\"content-1585514421694-b1c266aa-b7c4\" aria-expanded=\"true\"><div class=\"w-tabs-section-content-h i-cf\"><div class=\"wpb_text_column\" ><div class=\"wpb_wrapper\"><p>Aaufgrund des Aussehens der Oberfl\u00e4che \u2013 Laubholz<\/p>\n<\/div><\/div><div class=\"wpb_text_column\" ><div class=\"wpb_wrapper\"><table>\n<tbody>\n<tr>\n<td style=\"background-color: #ebebeb; border-bottom: 1px solid #ddd;\" colspan=\"2\"><strong>Zul\u00e4ssige Fehler*<\/strong><\/td>\n<\/tr>\n<tr>\n<td style=\"background-color: #ebebeb; width: 33%;\"><strong>Eigenschaft<\/strong><\/td>\n<td style=\"background-color: #ebebeb;\"><strong>Beschreibung<\/strong><\/td>\n<\/tr>\n<tr>\n<td>Punkt\u00e4ste<\/td>\n<td>3 Stk. \/ m2 bis zu 3mm<\/td>\n<\/tr>\n<tr>\n<td>Gesunde verwachsene \u00c4ste<\/td>\n<td>bis zu einem Einheitsdurchmesser von 15mm ( Summe der Durchmessser \u00fcbersteigt nicht 30mm\/m2), kleine Risse in \u00c4sten<\/td>\n<\/tr>\n<tr>\n<td>Gebrochene und unverdorbene Bindungen und Astl\u00f6cher<\/td>\n<td>bis zu einem Einheitsdurchmesser von 6 mm, wenn gef\u00fcllt, und bis zu 2 Stk\/m2 in der Anzahl<\/td>\n<\/tr>\n<tr>\n<td>Offene Risse<\/td>\n<td>weniger als 1\/10 Plattenl\u00e4nge, bis zu einer Einheitsbreite von 3mm, in der Anzahl bis zu 3 Stk.\/m der Plattenbreite, bei guter F\u00fcllung<\/td>\n<\/tr>\n<tr>\n<td>Geschlossene Risse<\/td>\n<td>zul\u00e4ssig<\/td>\n<\/tr>\n<tr>\n<td>Holzbaufehler<\/td>\n<td>sehr klein<\/td>\n<\/tr>\n<tr>\n<td>Verf\u00e4rbungen, die keine Sch\u00e4den am Holz verursachen<\/td>\n<td>leichte Farbver\u00e4nderung<\/td>\n<\/tr>\n<tr>\n<td>Reparaturen ( Holzflicken, Keilen)<\/td>\n<td>3 Stk.\/m2 dicht gef\u00fcllt<\/td>\n<\/tr>\n<tr>\n<td>Besch\u00e4digungen der Plattenecke<\/td>\n<td>bis zu 2mm vom Rand entfernt<\/td>\n<\/tr>\n<\/tbody>\n<\/table>\n<\/div><\/div><div class=\"wpb_text_column\" ><div class=\"wpb_wrapper\"><p>* F\u00fcr die h\u00e4ufigsten Fehler siehe EN 635-1-2-3 f\u00fcr weitere Details<\/p>\n<\/div><\/div><\/div><\/div><\/div><div class=\"w-tabs-section\" id=\"1585514421767-64ff7cd2-5f4f\"><button aria-controls=\"content-1585514421767-64ff7cd2-5f4f\" class=\"w-tabs-section-header\"><div class=\"w-tabs-section-header-h\"><div class=\"w-tabs-section-title\">II KLASSE<\/div><div class=\"w-tabs-section-control\"><\/div><\/div><\/button><div class=\"w-tabs-section-content\" id=\"content-1585514421767-64ff7cd2-5f4f\" aria-expanded=\"false\"><div class=\"w-tabs-section-content-h i-cf\"><div class=\"wpb_text_column\" ><div class=\"wpb_wrapper\"><p>Aaufgrund des Aussehens der Oberfl\u00e4che \u2013 Laubholz<\/p>\n<\/div><\/div><div class=\"wpb_text_column\" ><div class=\"wpb_wrapper\"><table>\n<tbody>\n<tr>\n<td style=\"background-color: #ebebeb; border-bottom: 1px solid #ddd;\" colspan=\"2\"><strong>Zul\u00e4ssige Defekte*<\/strong><\/td>\n<\/tr>\n<tr>\n<td style=\"background-color: #ebebeb; width: 33%;\"><strong>Eigenschaft<\/strong><\/td>\n<td style=\"background-color: #ebebeb;\"><strong>Beschreibung<\/strong><\/td>\n<\/tr>\n<tr>\n<td>Punkt\u00e4ste<\/td>\n<td>zul\u00e4ssig<\/td>\n<\/tr>\n<tr>\n<td>Gesunde verwachsene \u00c4ste<\/td>\n<td>bis zu einem Einheitsdurchmesser von 35 mm, kleine Risse in den \u00c4sten<\/td>\n<\/tr>\n<tr>\n<td>Gebrochene und unverdorbene Bindungen und Astl\u00f6cher<\/td>\n<td>bis zu einem Einheitsdurchmesser von 5 mm, wenn nicht repariert, 10 mm, wenn gef\u00fcllt und bis zu 3 Stk\/m2 in der Anzahl<\/td>\n<\/tr>\n<tr>\n<td>Offene Risse<\/td>\n<td>weniger als 1\/5 Plattenl\u00e4nge, bis zu einer Einheitsbreite von 5mm, in der Anzahl bis zu 3 Stk.\/m der Plattenbreite, bei guter F\u00fcllung<\/td>\n<\/tr>\n<tr>\n<td>Geschlossene Risse<\/td>\n<td>zul\u00e4ssig<\/td>\n<\/tr>\n<tr>\n<td>Holzbaufehler<\/td>\n<td>klein<\/td>\n<\/tr>\n<tr>\n<td>Verf\u00e4rbungen, die keine Sch\u00e4den am Holz verursachen<\/td>\n<td>leichte Farbver\u00e4nderung<\/td>\n<\/tr>\n<tr>\n<td>Reparaturen (Holzflicken, Keilen)<\/td>\n<td>6 Stk.\/m2<\/td>\n<\/tr>\n<tr>\n<td>Besch\u00e4digungen der Plattenecke<\/td>\n<td>bis zu 5mm vom Rand entfernt<\/td>\n<\/tr>\n<tr>\n<td>Rindeneinw\u00fcchse<\/td>\n<td>bis zu einer Breite von 5 mm, bei korrekter Ausf\u00fcllung<\/td>\n<\/tr>\n<tr>\n<td>Offene Verbindungen<\/td>\n<td>bis zu einer Breite von 3 mm, in der Anzahl von 1 Stk.\/m2 der Breite der Bramme mit ausgef\u00fcllten Fugen, wenn die Breite gr\u00f6\u03b2er ist als 1 mm.<\/td>\n<\/tr>\n<tr>\n<td>Adh\u00e4sive Durchstiche<\/td>\n<td>Kleine und sporadische Abweichungen sind erlaubt.<\/td>\n<\/tr>\n<tr>\n<td>Einpr\u00e4gungen, Abdr\u00fccke, Ausbuchtungen<\/td>\n<td>klein<\/td>\n<\/tr>\n<tr>\n<td>\u00dcberleimer<\/td>\n<td>bis zu 1 Stk.\/m2 und bis zu 100 mm L\u00e4nge<\/td>\n<\/tr>\n<tr>\n<td>Rauheit<\/td>\n<td>klein<\/td>\n<\/tr>\n<\/tbody>\n<\/table>\n<\/div><\/div><div class=\"wpb_text_column\" ><div class=\"wpb_wrapper\"><p>* F\u00fcr die h\u00e4ufigsten Fehler siehe EN 635-1-2-3 f\u00fcr weitere Details<\/p>\n<\/div><\/div><\/div><\/div><\/div><div class=\"w-tabs-section\" id=\"1585514421853-bb363750-d8aa\"><button aria-controls=\"content-1585514421853-bb363750-d8aa\" class=\"w-tabs-section-header\"><div class=\"w-tabs-section-header-h\"><div class=\"w-tabs-section-title\">III KLASSE<\/div><div class=\"w-tabs-section-control\"><\/div><\/div><\/button><div class=\"w-tabs-section-content\" id=\"content-1585514421853-bb363750-d8aa\" aria-expanded=\"false\"><div class=\"w-tabs-section-content-h i-cf\"><div class=\"wpb_text_column\" ><div class=\"wpb_wrapper\"><p>Aaufgrund des Aussehens der Oberfl\u00e4che \u2013 Laubholz<\/p>\n<\/div><\/div><div class=\"wpb_text_column\" ><div class=\"wpb_wrapper\"><table>\n<tbody>\n<tr>\n<td style=\"background-color: #ebebeb; border-bottom: 1px solid #ddd;\" colspan=\"2\"><strong>Zul\u00e4ssige Defekte*<\/strong><\/td>\n<\/tr>\n<tr>\n<td style=\"background-color: #ebebeb; width: 33%;\"><strong>Eigenschaft<\/strong><\/td>\n<td style=\"background-color: #ebebeb;\"><strong>Beschreibung<\/strong><\/td>\n<\/tr>\n<tr>\n<td>Punkt\u00e4ste<\/td>\n<td>zul\u00e4ssig<\/td>\n<\/tr>\n<tr>\n<td>Gesunde verwachsene \u00c4ste<\/td>\n<td>bis zu einem Einheitsdurchmesser von 50mm<\/td>\n<\/tr>\n<tr>\n<td>Gebrochene und unverdorbene Bindungen und Astl\u00f6cher<\/td>\n<td>bis zu einem Einheitsdurchmesser von 40mm<\/td>\n<\/tr>\n<tr>\n<td>Offene Risse<\/td>\n<td>weniger als 1\/3 der Plattenl\u00e4nge, bis zu einer Einheitsbreite von 20 mm, in der Anzahl bis zu 3 Stk.\/m der Plattenbreite, wenn nicht repariert, oder uneingeschr\u00e4nkt, wenn alle ausgef\u00fcllt sind.<\/td>\n<\/tr>\n<tr>\n<td>Geschlossene Risse<\/td>\n<td>zul\u00e4ssig<\/td>\n<\/tr>\n<tr>\n<td>Holzbaufehler<\/td>\n<td>zul\u00e4ssig<\/td>\n<\/tr>\n<tr>\n<td>Verf\u00e4rbungen, die keine Sch\u00e4den am Holz verursachen<\/td>\n<td>zul\u00e4ssig<\/td>\n<\/tr>\n<tr>\n<td>Reparaturen (Holzflicken, Keilen)<\/td>\n<td>ohne Einschr\u00e4nkungen<\/td>\n<\/tr>\n<tr>\n<td>Besch\u00e4digungen der Plattenecke<\/td>\n<td>bis zu 5 mm vom Rand entfernt<\/td>\n<\/tr>\n<tr>\n<td>Rindeneinw\u00fcchse<\/td>\n<td>bis Breite 25 mm<\/td>\n<\/tr>\n<tr>\n<td>Offene Verbindungen<\/td>\n<td>bis zu einer Breite von 5mm, in der Anzahl von 2 Stk.\/m Breite der Bramme bei ungef\u00fcllten Fugen<\/td>\n<\/tr>\n<tr>\n<td>Adh\u00e4sive Durchstiche<\/td>\n<td>bis zu 5% der Fl\u00e4che der Platte sind zul\u00e4ssig.<\/td>\n<\/tr>\n<tr>\n<td>Nachschleifen<\/td>\n<td>bis zu 1% der Fl\u00e4che der Platte sind zul\u00e4ssig.<\/td>\n<\/tr>\n<tr>\n<td>Einpr\u00e4gungen, Abdr\u00fccke, Ausbuchtungen<\/td>\n<td>zul\u00e4ssig<\/td>\n<\/tr>\n<tr>\n<td>\u00dcberleimer<\/td>\n<td>bis zu 2 Stk.\/m2<\/td>\n<\/tr>\n<tr>\n<td>Rauheit<\/td>\n<td>zul\u00e4ssig<\/td>\n<\/tr>\n<\/tbody>\n<\/table>\n<\/div><\/div><div class=\"wpb_text_column\" ><div class=\"wpb_wrapper\"><p>* F\u00fcr die h\u00e4ufigsten Fehler siehe EN 635-1-2-3 f\u00fcr weitere Details<\/p>\n<\/div><\/div><\/div><\/div><\/div><div class=\"w-tabs-section\" id=\"1585514681766-cf5845cd-718b\"><button aria-controls=\"content-1585514681766-cf5845cd-718b\" class=\"w-tabs-section-header\"><div class=\"w-tabs-section-header-h\"><div class=\"w-tabs-section-title\">IV KLASSE<\/div><div class=\"w-tabs-section-control\"><\/div><\/div><\/button><div class=\"w-tabs-section-content\" id=\"content-1585514681766-cf5845cd-718b\" aria-expanded=\"false\"><div class=\"w-tabs-section-content-h i-cf\"><div class=\"wpb_text_column\" ><div class=\"wpb_wrapper\"><p>Aaufgrund des Aussehens der Oberfl\u00e4che \u2013 Laubholz<\/p>\n<\/div><\/div><div class=\"wpb_text_column\" ><div class=\"wpb_wrapper\"><table>\n<tbody>\n<tr>\n<td style=\"background-color: #ebebeb; border-bottom: 1px solid #ddd;\" colspan=\"2\"><strong>Dopuszczalne wady*<\/strong><\/td>\n<\/tr>\n<tr>\n<td style=\"background-color: #ebebeb; width: 33%;\"><strong>Cecha<\/strong><\/td>\n<td style=\"background-color: #ebebeb;\"><strong>Opis<\/strong><\/td>\n<\/tr>\n<tr>\n<td>S\u0119ki szpilkowe<\/td>\n<td>dopuszcza si\u0119<\/td>\n<\/tr>\n<tr>\n<td>S\u0119ki zdrowe zro\u015bni\u0119te<\/td>\n<td>dopuszcza si\u0119<\/td>\n<\/tr>\n<tr>\n<td>S\u0119ki zepsute i niezro\u015bni\u0119te oraz otwory po s\u0119kach<\/td>\n<td>dopuszcza si\u0119<\/td>\n<\/tr>\n<tr>\n<td>P\u0119kni\u0119cia otwarte<\/td>\n<td>dopuszcza si\u0119<\/td>\n<\/tr>\n<tr>\n<td>P\u0119kni\u0119cia zamkni\u0119te<\/td>\n<td>dopuszcza si\u0119<\/td>\n<\/tr>\n<tr>\n<td>Wady budowy drewna<\/td>\n<td>dopuszcza si\u0119<\/td>\n<\/tr>\n<tr>\n<td>Przebarwienia nie powoduj\u0105ce niszczenie drewna<\/td>\n<td>dopuszcza si\u0119<\/td>\n<\/tr>\n<tr>\n<td>Naprawy (\u0142aty, kliny)<\/td>\n<td>bez ogranicze\u0144<\/td>\n<\/tr>\n<tr>\n<td>Uszkodzenia kraw\u0119dzi p\u0142yty<\/td>\n<td>dopuszcza si\u0119<\/td>\n<\/tr>\n<tr>\n<td>Zakorek<\/td>\n<td>dopuszcza si\u0119<\/td>\n<\/tr>\n<tr>\n<td>Otwarte spoiny<\/td>\n<td>dopuszcza si\u0119<\/td>\n<\/tr>\n<tr>\n<td>Przebicia klejowe<\/td>\n<td>dopuszcza si\u0119<\/td>\n<\/tr>\n<tr>\n<td>Przeszlifowania<\/td>\n<td>dopuszcza si\u0119<\/td>\n<\/tr>\n<tr>\n<td>Wg\u0142\u0119bienia, odciski i wybrzuszenia<\/td>\n<td>dopuszcza si\u0119<\/td>\n<\/tr>\n<tr>\n<td>Zak\u0142adki<\/td>\n<td>dopuszcza si\u0119<\/td>\n<\/tr>\n<tr>\n<td>Szorstko\u015b\u0107<\/td>\n<td>dopuszcza si\u0119<\/td>\n<\/tr>\n<\/tbody>\n<\/table>\n<\/div><\/div><div class=\"wpb_text_column\" ><div class=\"wpb_wrapper\"><p>* F\u00fcr die h\u00e4ufigsten Fehler siehe EN 635-1-2-3 f\u00fcr weitere Details<\/p>\n<\/div><\/div><\/div><\/div><\/div><\/div><\/div><\/div><\/div><\/div><\/div><\/div><\/div><\/section><section class=\"l-section wpb_row height_auto width_full\"><div class=\"l-section-h i-cf\"><div class=\"g-cols vc_row type_default valign_top\"><div class=\"vc_col-sm-12 wpb_column vc_column_container\"><div class=\"vc_column-inner\"><div class=\"wpb_wrapper\"><section class=\"l-section wpb_row height_huge with_img parallax_ver with_overlay\" id=\"cta-cont\"><div class=\"l-section-img\" style=\"background-image: url(https:\/\/biaform.com.pl\/wp-content\/uploads\/2020\/03\/biaform-kontakt.jpg);background-position: bottom center;background-repeat: no-repeat;\" data-img-width=\"1600\" data-img-height=\"1067\"><\/div><div class=\"l-section-overlay\" style=\"background: rgba(0,0,0,0.4)\"><\/div><div class=\"l-section-h i-cf\"><div class=\"g-cols vc_row type_default valign_top\"><div class=\"vc_col-sm-6 vc_col-lg-offset-8 vc_col-lg-4 vc_col-md-offset-7 vc_col-md-5 vc_col-sm-offset-6 wpb_column vc_column_container animate_fade\" style=\"animation-delay:0.2s\"><div class=\"vc_column-inner\"><div class=\"wpb_wrapper\"><div class=\"w-actionbox us_custom_2aff76bb color_primary controls_bottom\"><div class=\"w-actionbox-text\"><h3>Haben Sie Fragen?<\/h3><p>Schreiben Sie oder rufen Sie uns an. Wir beantworten gerne alle Ihre Fragen.<\/p>\n<\/div><div class=\"w-actionbox-controls\"><a class=\"w-btn us-btn-style_3 icon_atright\" href=\"\/de\/kontakt\/\"><span class=\"w-btn-label\">Kontaktaufnehmen<\/span><i class=\"fas fa-angle-double-right\"><\/i><\/a><\/div><\/div><\/div><\/div><\/div><\/div><\/div><\/section>\n<\/div><\/div><\/div><\/div><\/div><\/section>\n","protected":false},"excerpt":{"rendered":"Qualit\u00e4tsstufenStartchevron_rightSeiten Qualit\u00e4tsstufenQualit\u00e4tsstufen bei Sperrholz I KLASSEII KLASSEIII KLASSEIV KLASSEI KLASSEAaufgrund des Aussehens der Oberfl\u00e4che \u2013 Laubholz Zul\u00e4ssige Fehler* Eigenschaft Beschreibung Punkt\u00e4ste 3 Stk. \/ m2 bis zu 3mm Gesunde verwachsene \u00c4ste bis zu einem Einheitsdurchmesser von 15mm ( Summe der Durchmessser \u00fcbersteigt nicht 30mm\/m2), kleine Risse in \u00c4sten Gebrochene und unverdorbene Bindungen und Astl\u00f6cher bis...","protected":false},"author":1,"featured_media":0,"parent":2393,"menu_order":4,"comment_status":"closed","ping_status":"closed","template":"","meta":{"_acf_changed":false,"footnotes":""},"class_list":["post-2404","page","type-page","status-publish","hentry"],"acf":[],"yoast_head":"<!-- This site is optimized with the Yoast SEO plugin v27.3 - https:\/\/yoast.com\/product\/yoast-seo-wordpress\/ -->\n<title>Qualit\u00e4tsstufen - Biaform SA Bia\u0142ystok<\/title>\n<meta name=\"robots\" content=\"index, follow, max-snippet:-1, max-image-preview:large, max-video-preview:-1\" \/>\n<link rel=\"canonical\" href=\"https:\/\/biaform.com.pl\/de\/ueber-die-firma\/qualitaetsstufen\/\" \/>\n<meta property=\"og:locale\" content=\"de_DE\" \/>\n<meta property=\"og:type\" content=\"article\" \/>\n<meta property=\"og:title\" content=\"Qualit\u00e4tsstufen - Biaform SA Bia\u0142ystok\" \/>\n<meta property=\"og:url\" content=\"https:\/\/biaform.com.pl\/de\/ueber-die-firma\/qualitaetsstufen\/\" \/>\n<meta property=\"og:site_name\" content=\"Biaform SA Bia\u0142ystok\" \/>\n<meta property=\"article:modified_time\" content=\"2020-06-21T21:56:56+00:00\" \/>\n<meta name=\"twitter:card\" content=\"summary_large_image\" \/>\n<meta name=\"twitter:label1\" content=\"Gesch\u00e4tzte Lesezeit\" \/>\n\t<meta name=\"twitter:data1\" content=\"4\u00a0Minuten\" \/>\n<script type=\"application\/ld+json\" class=\"yoast-schema-graph\">{\"@context\":\"https:\\\/\\\/schema.org\",\"@graph\":[{\"@type\":\"WebPage\",\"@id\":\"https:\\\/\\\/biaform.com.pl\\\/de\\\/ueber-die-firma\\\/qualitaetsstufen\\\/\",\"url\":\"https:\\\/\\\/biaform.com.pl\\\/de\\\/ueber-die-firma\\\/qualitaetsstufen\\\/\",\"name\":\"Qualit\u00e4tsstufen - Biaform SA Bia\u0142ystok\",\"isPartOf\":{\"@id\":\"https:\\\/\\\/biaform.com.pl\\\/de\\\/#website\"},\"datePublished\":\"2020-04-28T20:12:26+00:00\",\"dateModified\":\"2020-06-21T21:56:56+00:00\",\"breadcrumb\":{\"@id\":\"https:\\\/\\\/biaform.com.pl\\\/de\\\/ueber-die-firma\\\/qualitaetsstufen\\\/#breadcrumb\"},\"inLanguage\":\"de\",\"potentialAction\":[{\"@type\":\"ReadAction\",\"target\":[\"https:\\\/\\\/biaform.com.pl\\\/de\\\/ueber-die-firma\\\/qualitaetsstufen\\\/\"]}]},{\"@type\":\"BreadcrumbList\",\"@id\":\"https:\\\/\\\/biaform.com.pl\\\/de\\\/ueber-die-firma\\\/qualitaetsstufen\\\/#breadcrumb\",\"itemListElement\":[{\"@type\":\"ListItem\",\"position\":1,\"name\":\"Strona g\u0142\u00f3wna\",\"item\":\"https:\\\/\\\/biaform.com.pl\\\/de\\\/\"},{\"@type\":\"ListItem\",\"position\":2,\"name\":\"\u00dcber die Firma\",\"item\":\"https:\\\/\\\/biaform.com.pl\\\/de\\\/ueber-die-firma\\\/\"},{\"@type\":\"ListItem\",\"position\":3,\"name\":\"Qualit\u00e4tsstufen\"}]},{\"@type\":\"WebSite\",\"@id\":\"https:\\\/\\\/biaform.com.pl\\\/de\\\/#website\",\"url\":\"https:\\\/\\\/biaform.com.pl\\\/de\\\/\",\"name\":\"Biaform SA Bia\u0142ystok\",\"description\":\"\",\"potentialAction\":[{\"@type\":\"SearchAction\",\"target\":{\"@type\":\"EntryPoint\",\"urlTemplate\":\"https:\\\/\\\/biaform.com.pl\\\/de\\\/?s={search_term_string}\"},\"query-input\":{\"@type\":\"PropertyValueSpecification\",\"valueRequired\":true,\"valueName\":\"search_term_string\"}}],\"inLanguage\":\"de\"}]}<\/script>\n<!-- \/ Yoast SEO plugin. -->","yoast_head_json":{"title":"Qualit\u00e4tsstufen - Biaform SA Bia\u0142ystok","robots":{"index":"index","follow":"follow","max-snippet":"max-snippet:-1","max-image-preview":"max-image-preview:large","max-video-preview":"max-video-preview:-1"},"canonical":"https:\/\/biaform.com.pl\/de\/ueber-die-firma\/qualitaetsstufen\/","og_locale":"de_DE","og_type":"article","og_title":"Qualit\u00e4tsstufen - Biaform SA Bia\u0142ystok","og_url":"https:\/\/biaform.com.pl\/de\/ueber-die-firma\/qualitaetsstufen\/","og_site_name":"Biaform SA Bia\u0142ystok","article_modified_time":"2020-06-21T21:56:56+00:00","twitter_card":"summary_large_image","twitter_misc":{"Gesch\u00e4tzte Lesezeit":"4\u00a0Minuten"},"schema":{"@context":"https:\/\/schema.org","@graph":[{"@type":"WebPage","@id":"https:\/\/biaform.com.pl\/de\/ueber-die-firma\/qualitaetsstufen\/","url":"https:\/\/biaform.com.pl\/de\/ueber-die-firma\/qualitaetsstufen\/","name":"Qualit\u00e4tsstufen - Biaform SA Bia\u0142ystok","isPartOf":{"@id":"https:\/\/biaform.com.pl\/de\/#website"},"datePublished":"2020-04-28T20:12:26+00:00","dateModified":"2020-06-21T21:56:56+00:00","breadcrumb":{"@id":"https:\/\/biaform.com.pl\/de\/ueber-die-firma\/qualitaetsstufen\/#breadcrumb"},"inLanguage":"de","potentialAction":[{"@type":"ReadAction","target":["https:\/\/biaform.com.pl\/de\/ueber-die-firma\/qualitaetsstufen\/"]}]},{"@type":"BreadcrumbList","@id":"https:\/\/biaform.com.pl\/de\/ueber-die-firma\/qualitaetsstufen\/#breadcrumb","itemListElement":[{"@type":"ListItem","position":1,"name":"Strona g\u0142\u00f3wna","item":"https:\/\/biaform.com.pl\/de\/"},{"@type":"ListItem","position":2,"name":"\u00dcber die Firma","item":"https:\/\/biaform.com.pl\/de\/ueber-die-firma\/"},{"@type":"ListItem","position":3,"name":"Qualit\u00e4tsstufen"}]},{"@type":"WebSite","@id":"https:\/\/biaform.com.pl\/de\/#website","url":"https:\/\/biaform.com.pl\/de\/","name":"Biaform SA Bia\u0142ystok","description":"","potentialAction":[{"@type":"SearchAction","target":{"@type":"EntryPoint","urlTemplate":"https:\/\/biaform.com.pl\/de\/?s={search_term_string}"},"query-input":{"@type":"PropertyValueSpecification","valueRequired":true,"valueName":"search_term_string"}}],"inLanguage":"de"}]}},"_links":{"self":[{"href":"https:\/\/biaform.com.pl\/de\/wp-json\/wp\/v2\/pages\/2404","targetHints":{"allow":["GET"]}}],"collection":[{"href":"https:\/\/biaform.com.pl\/de\/wp-json\/wp\/v2\/pages"}],"about":[{"href":"https:\/\/biaform.com.pl\/de\/wp-json\/wp\/v2\/types\/page"}],"author":[{"embeddable":true,"href":"https:\/\/biaform.com.pl\/de\/wp-json\/wp\/v2\/users\/1"}],"replies":[{"embeddable":true,"href":"https:\/\/biaform.com.pl\/de\/wp-json\/wp\/v2\/comments?post=2404"}],"version-history":[{"count":0,"href":"https:\/\/biaform.com.pl\/de\/wp-json\/wp\/v2\/pages\/2404\/revisions"}],"up":[{"embeddable":true,"href":"https:\/\/biaform.com.pl\/de\/wp-json\/wp\/v2\/pages\/2393"}],"wp:attachment":[{"href":"https:\/\/biaform.com.pl\/de\/wp-json\/wp\/v2\/media?parent=2404"}],"curies":[{"name":"wp","href":"https:\/\/api.w.org\/{rel}","templated":true}]}}