{"id":2529,"date":"2020-04-29T21:40:33","date_gmt":"2020-04-29T19:40:33","guid":{"rendered":"https:\/\/biaform.com.pl\/?page_id=2529"},"modified":"2020-04-29T21:41:56","modified_gmt":"2020-04-29T19:41:56","slug":"wasserfestessperrholz-mit-melaminbeschichtung","status":"publish","type":"page","link":"https:\/\/biaform.com.pl\/de\/produkte\/filmbeschichtetessperrholz\/wasserfestessperrholz-mit-melaminbeschichtung\/","title":{"rendered":"Wasserfestessperrholz mit Melaminbeschichtung"},"content":{"rendered":"<section class=\"l-section wpb_row height_auto width_full\"><div class=\"l-section-h i-cf\"><div class=\"g-cols vc_row type_default valign_top\"><div class=\"vc_col-sm-12 wpb_column vc_column_container\"><div class=\"vc_column-inner\"><div class=\"wpb_wrapper\"><section class=\"l-section wpb_row height_medium color_alternate with_img parallax_ver with_overlay\" id=\"title\"><div class=\"l-section-img\" style=\"background-image: url(https:\/\/biaform.com.pl\/wp-content\/uploads\/2020\/03\/title-bg-2.jpg);background-repeat: no-repeat;\" data-img-width=\"1920\" data-img-height=\"800\"><\/div><div class=\"l-section-overlay\" style=\"background: rgba(0,0,0,0.10)\"><\/div><div class=\"l-section-h i-cf\"><div class=\"g-cols vc_row type_default valign_middle\"><div class=\"vc_col-sm-6 wpb_column vc_column_container\"><div class=\"vc_column-inner\"><div class=\"wpb_wrapper\"><h1 class=\"w-post-elm post_title us_custom_607cd7e8 entry-title color_link_inherit\">Wasserfestessperrholz mit Melaminbeschichtung<\/h1><\/div><\/div><\/div><div class=\"vc_col-sm-6 wpb_column vc_column_container\"><div class=\"vc_column-inner\"><div class=\"wpb_wrapper\"><ol class=\"g-breadcrumbs us_custom_963f34bc separator_icon align_right has_text_color\" itemscope itemtype=\"http:\/\/schema.org\/BreadcrumbList\"><li class=\"g-breadcrumbs-item\" itemprop=\"itemListElement\" itemscope itemtype=\"http:\/\/schema.org\/ListItem\"><a itemprop=\"item\" href=\"https:\/\/biaform.com.pl\/de\/\"><span itemprop=\"name\">Start<\/span><\/a><meta itemprop=\"position\" content=\"1\"\/><\/li><li class=\"g-breadcrumbs-separator\"><i class=\"material-icons\">chevron_right<\/i><\/li><li class=\"g-breadcrumbs-item\">Seiten<\/li><\/ol><\/div><\/div><\/div><\/div><\/div><\/section>\n<\/div><\/div><\/div><\/div><\/div><\/section><section class=\"l-section wpb_row height_medium\"><div class=\"l-section-h i-cf\"><div class=\"g-cols vc_row type_default valign_top gap-2em\"><style>.g-cols.gap-2em{margin:0 calc(-1.5rem - 2em)}.gap-2em > .vc_column_container {padding:2em}<\/style><div class=\"vc_col-sm-12 wpb_column vc_column_container animate_afb\" style=\"animation-delay:0.2s\"><div class=\"vc_column-inner\"><div class=\"wpb_wrapper\"><div id=\"ultimate-heading-116969e4ea5d67465\" class=\"uvc-heading ult-adjust-bottom-margin ultimate-heading-116969e4ea5d67465 uvc-7497 \" data-hspacer=\"line_with_icon\" data-hline_width=\"200\" data-hicon_type=\"selector\" data-hborder_style=\"solid\" data-hborder_height=\"3\" data-hborder_color=\"#503201\" data-icon_width=\"32\" data-hfixer=\"20\"  data-halign=\"center\" style=\"text-align:center\"><div class=\"uvc-main-heading ult-responsive\"  data-ultimate-target='.uvc-heading.ultimate-heading-116969e4ea5d67465 h2'  data-responsive-json-new='{\"font-size\":\"\",\"line-height\":\"\"}' ><h2 style=\"font-weight:normal;margin-bottom:10px;\">Wasserfestessperrholz mit Melaminbeschichtung<\/h2><\/div><div class=\"uvc-sub-heading ult-responsive\"  data-ultimate-target='.uvc-heading.ultimate-heading-116969e4ea5d67465 .uvc-sub-heading '  data-responsive-json-new='{\"font-size\":\"\",\"line-height\":\"\"}'  style=\"font-weight:normal;margin-bottom:10px;\">Beschreibung<\/div><div class=\"uvc-heading-spacer line_with_icon\" style=\"topheight:32px;\"><div class=\"ult-just-icon-wrapper  \"><div class=\"align-icon\" style=\"text-align:center;\">\n<div class=\"aio-icon none \"  style=\"color:#64bc46;font-size:32px;display:inline-block;\">\n\t<i class=\"Defaults-stack-overflow\"><\/i>\n<\/div><\/div><\/div><\/div><\/div><\/div><\/div><\/div><div class=\"vc_col-sm-12 wpb_column vc_column_container\"><div class=\"vc_column-inner\"><div class=\"wpb_wrapper\"><div class=\"wpb_text_column\" ><div class=\"wpb_wrapper\"><p style=\"text-align: justify;\">Mit Melaminfilm beschichtetes Sperrholz wird durch Pressen eines mit Melaminharz impr\u00e4gnierten Spezialpapiers auf seine ebenen Oberfl\u00e4chen hergestellt. Die daraus resultierende Oberfl\u00e4che hat eine hohe Abriebfestigkeit und sch\u00fctzt das Sperrholz zudem vor feuchtigkeit. Die mit Melamin beschichtete Oberfl\u00e4che kann rutschfest gemacht werden.<\/p>\n<\/div><\/div><div class=\"g-cols wpb_row  type_default valign_top vc_inner\"><div class=\"vc_col-sm-6 vc_col-sm-offset-3 vc_col-xs-12 wpb_column vc_column_container animate_afb\" style=\"animation-delay:0.5s\"><div class=\"vc_column-inner\"><div class=\"wpb_wrapper\"><div class=\"w-image align_center\"><a href=\"https:\/\/biaform.com.pl\/wp-content\/uploads\/2020\/04\/sklejka-wodoodporna-pokryta-filmem-melaminowym.jpg\" ref=\"magnificPopup\" aria-label=\"Link\" class=\"w-image-h\"><img decoding=\"async\" width=\"800\" height=\"562\" src=\"https:\/\/biaform.com.pl\/wp-content\/uploads\/2020\/04\/sklejka-wodoodporna-pokryta-filmem-melaminowym.jpg\" class=\"attachment-full size-full\" alt=\"Sklejka wodoodporna pokryta filmem melaminowym\" srcset=\"https:\/\/biaform.com.pl\/wp-content\/uploads\/2020\/04\/sklejka-wodoodporna-pokryta-filmem-melaminowym.jpg 800w, https:\/\/biaform.com.pl\/wp-content\/uploads\/2020\/04\/sklejka-wodoodporna-pokryta-filmem-melaminowym-300x211.jpg 300w\" sizes=\"(max-width: 800px) 100vw, 800px\" \/><\/a><\/div><\/div><\/div><\/div><\/div><\/div><\/div><\/div><div class=\"vc_col-sm-12 wpb_column vc_column_container\"><div class=\"vc_column-inner\"><div class=\"wpb_wrapper\"><div id=\"ultimate-heading-936269e4ea5d67e83\" class=\"uvc-heading ult-adjust-bottom-margin ultimate-heading-936269e4ea5d67e83 uvc-4481 \" data-hspacer=\"line_with_icon\" data-hline_width=\"200\" data-hicon_type=\"selector\" data-hborder_style=\"solid\" data-hborder_height=\"3\" data-hborder_color=\"#503201\" data-icon_width=\"32\" data-hfixer=\"20\"  data-halign=\"center\" style=\"text-align:center\"><div class=\"uvc-main-heading ult-responsive\"  data-ultimate-target='.uvc-heading.ultimate-heading-936269e4ea5d67e83 h3'  data-responsive-json-new='{\"font-size\":\"\",\"line-height\":\"\"}' ><h3 style=\"font-weight:normal;margin-bottom:10px;\">Produktdaten<\/h3><\/div><div class=\"uvc-heading-spacer line_with_icon\" style=\"topheight:32px;\"><div class=\"ult-just-icon-wrapper  \"><div class=\"align-icon\" style=\"text-align:center;\">\n<div class=\"aio-icon none \"  style=\"color:#64bc46;font-size:32px;display:inline-block;\">\n\t<i class=\"Defaults-angle-double-down\"><\/i>\n<\/div><\/div><\/div><\/div><\/div><div class=\"w-separator size_small\"><\/div><div class=\"wpb_text_column\" ><div class=\"wpb_wrapper\"><p style=\"text-align: justify;\">Verbundwerkstoff auf sich \u00fcberschneidenden Holzschichten, bei dem die Fasern benachbarter Schichten im rechten Winkel verlaufen. Wasserfestessperrholz mit ein oder beidseitig gepresster Melaminfolie. Die folienbeschichtete Oberfl\u00e4che sch\u00fctzt die Platte vor Feuchtigkeit und erh\u00f6ht ihre Widerstandsf\u00e4higkeit gegen mechanische Besch\u00e4digung, Abrieb und Witterungseinfl\u00fcsse.<\/p>\n<\/div><\/div><div class=\"w-separator size_small\"><\/div><div class=\"wpb_text_column\" ><div class=\"wpb_wrapper\"><table class=\"produkt\">\n<tbody>\n<tr>\n<td style=\"vertical-align: top;\"><strong>Anwendung <\/strong><\/td>\n<td>\n<ul>\n<li>Transportmittel (B\u00f6den und Seiten von Fahrzeugen, Anh\u00e4nger, Sattelanh\u00e4nger)<\/li>\n<li>Bootsbau<\/li>\n<li>Spielpl\u00e4tze<\/li>\n<\/ul>\n<\/td>\n<\/tr>\n<tr>\n<td style=\"vertical-align: top;\"><strong>Materialien f\u00fcr die Sperrholzherstellung<\/strong><\/td>\n<td>\n<ul>\n<li>Holz: Laubwald (Erle, Birke)<\/li>\n<li>Wasserfestesleim auf Basis von Phenolformaldehydharz<\/li>\n<li>Melaminfolie (Gewicht: 205g\/m2 oder andere mit dem Kunden Vereinbarte Farben<\/li>\n<\/ul>\n<\/td>\n<\/tr>\n<tr>\n<td style=\"vertical-align: top;\"><strong>Schmalfl\u00e4chenschutz<\/strong><\/td>\n<td>\n<ul>\n<li>Acrylfarbe nach Absprache mit dem Kunden<\/li>\n<\/ul>\n<\/td>\n<\/tr>\n<tr>\n<td style=\"vertical-align: top;\"><strong>Verf\u00fcgbare Standardformate<\/strong><\/td>\n<td>\n<ul>\n<li>1550mm x 2500\/2700\/3000\/3300 mm<\/li>\n<li>andere Formate nach Absprache mit dem Kunden<\/li>\n<\/ul>\n<\/td>\n<\/tr>\n<tr>\n<td style=\"vertical-align: top;\"><strong>Sperrholzst\u00e4rke<\/strong><\/td>\n<td>\n<ul>\n<li>9mm-40mm<\/li>\n<\/ul>\n<\/td>\n<\/tr>\n<tr>\n<td style=\"vertical-align: top;\"><strong>Ma\u03b2toleranz<\/strong><\/td>\n<td>\n<ul>\n<li>nach PN-EN 315 oder anders nach Absprache mit dem Kunden<\/li>\n<\/ul>\n<\/td>\n<\/tr>\n<tr>\n<td style=\"vertical-align: top;\"><strong>Technische Parameter<\/strong><\/td>\n<td>\n<ul>\n<li>Dichte 600-800 [kg\/m\u00b3]<\/li>\n<li>Feuchtigkeit 4-10 [%]<\/li>\n<li>Verklebungsqualit\u00e4t nach PN-EN 314-2 Klasse 3<\/li>\n<li>Formaldehydemission: E1 f\u00fcr PN-EN 636<\/li>\n<\/ul>\n<\/td>\n<\/tr>\n<tr>\n<td style=\"vertical-align: top;\"><strong>Zusatzleistungen <\/strong><\/td>\n<td>\n<ul>\n<li>CNC Bearbeitung<\/li>\n<li>Schneiden in kleinere Formate<\/li>\n<\/ul>\n<\/td>\n<\/tr>\n<\/tbody>\n<\/table>\n<\/div><\/div><\/div><\/div><\/div><div class=\"vc_col-sm-10 vc_col-md-offset-2 vc_col-md-8 vc_col-sm-offset-1 wpb_column vc_column_container\"><div class=\"vc_column-inner\"><div class=\"wpb_wrapper\"><div class=\"w-actionbox us_custom_f190302b color_secondary controls_right has_text_color\"><div class=\"w-actionbox-text\"><p>Laden Produktdatenblatt<\/p>\n<\/div><div class=\"w-actionbox-controls\"><a class=\"w-btn us-btn-style_1 icon_atright\" target=\"_blank\" href=\"\/wp-content\/uploads\/2020\/04\/Wasserfestes-sperrholz-mit-Melaminfolie.pdf\" rel=\"noopener\"><span class=\"w-btn-label\">Laden PDF<\/span><i class=\"fas fa-angle-double-right\"><\/i><\/a><\/div><\/div><\/div><\/div><\/div><\/div><\/div><\/section><section class=\"l-section wpb_row height_auto width_full\"><div class=\"l-section-h i-cf\"><div class=\"g-cols vc_row type_default valign_top\"><div class=\"vc_col-sm-12 wpb_column vc_column_container\"><div class=\"vc_column-inner\"><div class=\"wpb_wrapper\"><section class=\"l-section wpb_row height_huge with_img parallax_ver with_overlay\" id=\"cta-cont\"><div class=\"l-section-img\" style=\"background-image: url(https:\/\/biaform.com.pl\/wp-content\/uploads\/2020\/03\/biaform-kontakt.jpg);background-position: bottom center;background-repeat: no-repeat;\" data-img-width=\"1600\" data-img-height=\"1067\"><\/div><div class=\"l-section-overlay\" style=\"background: rgba(0,0,0,0.4)\"><\/div><div class=\"l-section-h i-cf\"><div class=\"g-cols vc_row type_default valign_top\"><div class=\"vc_col-sm-6 vc_col-lg-offset-8 vc_col-lg-4 vc_col-md-offset-7 vc_col-md-5 vc_col-sm-offset-6 wpb_column vc_column_container animate_fade\" style=\"animation-delay:0.2s\"><div class=\"vc_column-inner\"><div class=\"wpb_wrapper\"><div class=\"w-actionbox us_custom_2aff76bb color_primary controls_bottom\"><div class=\"w-actionbox-text\"><h3>Haben Sie Fragen?<\/h3><p>Schreiben Sie oder rufen Sie uns an. Wir beantworten gerne alle Ihre Fragen.<\/p>\n<\/div><div class=\"w-actionbox-controls\"><a class=\"w-btn us-btn-style_3 icon_atright\" href=\"\/de\/kontakt\/\"><span class=\"w-btn-label\">Kontaktaufnehmen<\/span><i class=\"fas fa-angle-double-right\"><\/i><\/a><\/div><\/div><\/div><\/div><\/div><\/div><\/div><\/section>\n<\/div><\/div><\/div><\/div><\/div><\/section>\n","protected":false},"excerpt":{"rendered":"Wasserfestessperrholz mit MelaminbeschichtungStartchevron_rightSeiten Wasserfestessperrholz mit MelaminbeschichtungBeschreibung Mit Melaminfilm beschichtetes Sperrholz wird durch Pressen eines mit Melaminharz impr\u00e4gnierten Spezialpapiers auf seine ebenen Oberfl\u00e4chen hergestellt. Die daraus resultierende Oberfl\u00e4che hat eine hohe Abriebfestigkeit und sch\u00fctzt das Sperrholz zudem vor feuchtigkeit. Die mit Melamin beschichtete Oberfl\u00e4che kann rutschfest gemacht werden. Produktdaten Verbundwerkstoff auf sich \u00fcberschneidenden Holzschichten, bei dem...","protected":false},"author":1,"featured_media":0,"parent":2488,"menu_order":1,"comment_status":"closed","ping_status":"closed","template":"","meta":{"_acf_changed":false,"footnotes":""},"class_list":["post-2529","page","type-page","status-publish","hentry"],"acf":[],"yoast_head":"<!-- This site is optimized with the Yoast SEO plugin v27.3 - https:\/\/yoast.com\/product\/yoast-seo-wordpress\/ -->\n<title>Wasserfestessperrholz mit Melaminbeschichtung - Biaform SA Bia\u0142ystok<\/title>\n<meta name=\"robots\" content=\"index, follow, max-snippet:-1, max-image-preview:large, max-video-preview:-1\" \/>\n<link rel=\"canonical\" href=\"https:\/\/biaform.com.pl\/de\/produkte\/filmbeschichtetessperrholz\/wasserfestessperrholz-mit-melaminbeschichtung\/\" \/>\n<meta property=\"og:locale\" content=\"de_DE\" \/>\n<meta property=\"og:type\" content=\"article\" \/>\n<meta property=\"og:title\" content=\"Wasserfestessperrholz mit Melaminbeschichtung - Biaform SA Bia\u0142ystok\" \/>\n<meta property=\"og:url\" content=\"https:\/\/biaform.com.pl\/de\/produkte\/filmbeschichtetessperrholz\/wasserfestessperrholz-mit-melaminbeschichtung\/\" \/>\n<meta property=\"og:site_name\" content=\"Biaform SA Bia\u0142ystok\" \/>\n<meta property=\"article:modified_time\" content=\"2020-04-29T19:41:56+00:00\" \/>\n<meta name=\"twitter:card\" content=\"summary_large_image\" \/>\n<meta name=\"twitter:label1\" content=\"Gesch\u00e4tzte Lesezeit\" \/>\n\t<meta name=\"twitter:data1\" content=\"2\u00a0Minuten\" \/>\n<script type=\"application\/ld+json\" class=\"yoast-schema-graph\">{\"@context\":\"https:\\\/\\\/schema.org\",\"@graph\":[{\"@type\":\"WebPage\",\"@id\":\"https:\\\/\\\/biaform.com.pl\\\/de\\\/produkte\\\/filmbeschichtetessperrholz\\\/wasserfestessperrholz-mit-melaminbeschichtung\\\/\",\"url\":\"https:\\\/\\\/biaform.com.pl\\\/de\\\/produkte\\\/filmbeschichtetessperrholz\\\/wasserfestessperrholz-mit-melaminbeschichtung\\\/\",\"name\":\"Wasserfestessperrholz mit Melaminbeschichtung - Biaform SA Bia\u0142ystok\",\"isPartOf\":{\"@id\":\"https:\\\/\\\/biaform.com.pl\\\/de\\\/#website\"},\"datePublished\":\"2020-04-29T19:40:33+00:00\",\"dateModified\":\"2020-04-29T19:41:56+00:00\",\"breadcrumb\":{\"@id\":\"https:\\\/\\\/biaform.com.pl\\\/de\\\/produkte\\\/filmbeschichtetessperrholz\\\/wasserfestessperrholz-mit-melaminbeschichtung\\\/#breadcrumb\"},\"inLanguage\":\"de\",\"potentialAction\":[{\"@type\":\"ReadAction\",\"target\":[\"https:\\\/\\\/biaform.com.pl\\\/de\\\/produkte\\\/filmbeschichtetessperrholz\\\/wasserfestessperrholz-mit-melaminbeschichtung\\\/\"]}]},{\"@type\":\"BreadcrumbList\",\"@id\":\"https:\\\/\\\/biaform.com.pl\\\/de\\\/produkte\\\/filmbeschichtetessperrholz\\\/wasserfestessperrholz-mit-melaminbeschichtung\\\/#breadcrumb\",\"itemListElement\":[{\"@type\":\"ListItem\",\"position\":1,\"name\":\"Strona g\u0142\u00f3wna\",\"item\":\"https:\\\/\\\/biaform.com.pl\\\/de\\\/\"},{\"@type\":\"ListItem\",\"position\":2,\"name\":\"Produkte\",\"item\":\"https:\\\/\\\/biaform.com.pl\\\/de\\\/produkte\\\/\"},{\"@type\":\"ListItem\",\"position\":3,\"name\":\"Filmbeschichtetessperrholz\",\"item\":\"https:\\\/\\\/biaform.com.pl\\\/de\\\/produkte\\\/filmbeschichtetessperrholz\\\/\"},{\"@type\":\"ListItem\",\"position\":4,\"name\":\"Wasserfestessperrholz mit Melaminbeschichtung\"}]},{\"@type\":\"WebSite\",\"@id\":\"https:\\\/\\\/biaform.com.pl\\\/de\\\/#website\",\"url\":\"https:\\\/\\\/biaform.com.pl\\\/de\\\/\",\"name\":\"Biaform SA Bia\u0142ystok\",\"description\":\"\",\"potentialAction\":[{\"@type\":\"SearchAction\",\"target\":{\"@type\":\"EntryPoint\",\"urlTemplate\":\"https:\\\/\\\/biaform.com.pl\\\/de\\\/?s={search_term_string}\"},\"query-input\":{\"@type\":\"PropertyValueSpecification\",\"valueRequired\":true,\"valueName\":\"search_term_string\"}}],\"inLanguage\":\"de\"}]}<\/script>\n<!-- \/ Yoast SEO plugin. -->","yoast_head_json":{"title":"Wasserfestessperrholz mit Melaminbeschichtung - Biaform SA Bia\u0142ystok","robots":{"index":"index","follow":"follow","max-snippet":"max-snippet:-1","max-image-preview":"max-image-preview:large","max-video-preview":"max-video-preview:-1"},"canonical":"https:\/\/biaform.com.pl\/de\/produkte\/filmbeschichtetessperrholz\/wasserfestessperrholz-mit-melaminbeschichtung\/","og_locale":"de_DE","og_type":"article","og_title":"Wasserfestessperrholz mit Melaminbeschichtung - Biaform SA Bia\u0142ystok","og_url":"https:\/\/biaform.com.pl\/de\/produkte\/filmbeschichtetessperrholz\/wasserfestessperrholz-mit-melaminbeschichtung\/","og_site_name":"Biaform SA Bia\u0142ystok","article_modified_time":"2020-04-29T19:41:56+00:00","twitter_card":"summary_large_image","twitter_misc":{"Gesch\u00e4tzte Lesezeit":"2\u00a0Minuten"},"schema":{"@context":"https:\/\/schema.org","@graph":[{"@type":"WebPage","@id":"https:\/\/biaform.com.pl\/de\/produkte\/filmbeschichtetessperrholz\/wasserfestessperrholz-mit-melaminbeschichtung\/","url":"https:\/\/biaform.com.pl\/de\/produkte\/filmbeschichtetessperrholz\/wasserfestessperrholz-mit-melaminbeschichtung\/","name":"Wasserfestessperrholz mit Melaminbeschichtung - Biaform SA Bia\u0142ystok","isPartOf":{"@id":"https:\/\/biaform.com.pl\/de\/#website"},"datePublished":"2020-04-29T19:40:33+00:00","dateModified":"2020-04-29T19:41:56+00:00","breadcrumb":{"@id":"https:\/\/biaform.com.pl\/de\/produkte\/filmbeschichtetessperrholz\/wasserfestessperrholz-mit-melaminbeschichtung\/#breadcrumb"},"inLanguage":"de","potentialAction":[{"@type":"ReadAction","target":["https:\/\/biaform.com.pl\/de\/produkte\/filmbeschichtetessperrholz\/wasserfestessperrholz-mit-melaminbeschichtung\/"]}]},{"@type":"BreadcrumbList","@id":"https:\/\/biaform.com.pl\/de\/produkte\/filmbeschichtetessperrholz\/wasserfestessperrholz-mit-melaminbeschichtung\/#breadcrumb","itemListElement":[{"@type":"ListItem","position":1,"name":"Strona g\u0142\u00f3wna","item":"https:\/\/biaform.com.pl\/de\/"},{"@type":"ListItem","position":2,"name":"Produkte","item":"https:\/\/biaform.com.pl\/de\/produkte\/"},{"@type":"ListItem","position":3,"name":"Filmbeschichtetessperrholz","item":"https:\/\/biaform.com.pl\/de\/produkte\/filmbeschichtetessperrholz\/"},{"@type":"ListItem","position":4,"name":"Wasserfestessperrholz mit Melaminbeschichtung"}]},{"@type":"WebSite","@id":"https:\/\/biaform.com.pl\/de\/#website","url":"https:\/\/biaform.com.pl\/de\/","name":"Biaform SA Bia\u0142ystok","description":"","potentialAction":[{"@type":"SearchAction","target":{"@type":"EntryPoint","urlTemplate":"https:\/\/biaform.com.pl\/de\/?s={search_term_string}"},"query-input":{"@type":"PropertyValueSpecification","valueRequired":true,"valueName":"search_term_string"}}],"inLanguage":"de"}]}},"_links":{"self":[{"href":"https:\/\/biaform.com.pl\/de\/wp-json\/wp\/v2\/pages\/2529","targetHints":{"allow":["GET"]}}],"collection":[{"href":"https:\/\/biaform.com.pl\/de\/wp-json\/wp\/v2\/pages"}],"about":[{"href":"https:\/\/biaform.com.pl\/de\/wp-json\/wp\/v2\/types\/page"}],"author":[{"embeddable":true,"href":"https:\/\/biaform.com.pl\/de\/wp-json\/wp\/v2\/users\/1"}],"replies":[{"embeddable":true,"href":"https:\/\/biaform.com.pl\/de\/wp-json\/wp\/v2\/comments?post=2529"}],"version-history":[{"count":0,"href":"https:\/\/biaform.com.pl\/de\/wp-json\/wp\/v2\/pages\/2529\/revisions"}],"up":[{"embeddable":true,"href":"https:\/\/biaform.com.pl\/de\/wp-json\/wp\/v2\/pages\/2488"}],"wp:attachment":[{"href":"https:\/\/biaform.com.pl\/de\/wp-json\/wp\/v2\/media?parent=2529"}],"curies":[{"name":"wp","href":"https:\/\/api.w.org\/{rel}","templated":true}]}}