{"id":2536,"date":"2020-04-29T21:45:27","date_gmt":"2020-04-29T19:45:27","guid":{"rendered":"https:\/\/biaform.com.pl\/?page_id=2536"},"modified":"2020-04-29T21:45:28","modified_gmt":"2020-04-29T19:45:28","slug":"sklejka-suchotrwala-pokryta-filmem-melaminowym-z-wykonczeniem-gladkim","status":"publish","type":"page","link":"https:\/\/biaform.com.pl\/de\/produkte\/filmbeschichtetessperrholz\/sklejka-suchotrwala-pokryta-filmem-melaminowym-z-wykonczeniem-gladkim\/","title":{"rendered":"Sklejka suchotrwa\u0142a pokryta filmem melaminowym z wyko\u0144czeniem g\u0142adkim"},"content":{"rendered":"<section class=\"l-section wpb_row height_auto width_full\"><div class=\"l-section-h i-cf\"><div class=\"g-cols vc_row type_default valign_top\"><div class=\"vc_col-sm-12 wpb_column vc_column_container\"><div class=\"vc_column-inner\"><div class=\"wpb_wrapper\"><section class=\"l-section wpb_row height_medium color_alternate with_img parallax_ver with_overlay\" id=\"title\"><div class=\"l-section-img\" style=\"background-image: url(https:\/\/biaform.com.pl\/wp-content\/uploads\/2020\/03\/title-bg-2.jpg);background-repeat: no-repeat;\" data-img-width=\"1920\" data-img-height=\"800\"><\/div><div class=\"l-section-overlay\" style=\"background: rgba(0,0,0,0.10)\"><\/div><div class=\"l-section-h i-cf\"><div class=\"g-cols vc_row type_default valign_middle\"><div class=\"vc_col-sm-6 wpb_column vc_column_container\"><div class=\"vc_column-inner\"><div class=\"wpb_wrapper\"><h1 class=\"w-post-elm post_title us_custom_607cd7e8 entry-title color_link_inherit\">Sklejka suchotrwa\u0142a pokryta filmem melaminowym z wyko\u0144czeniem g\u0142adkim<\/h1><\/div><\/div><\/div><div class=\"vc_col-sm-6 wpb_column vc_column_container\"><div class=\"vc_column-inner\"><div class=\"wpb_wrapper\"><ol class=\"g-breadcrumbs us_custom_963f34bc separator_icon align_right has_text_color\" itemscope itemtype=\"http:\/\/schema.org\/BreadcrumbList\"><li class=\"g-breadcrumbs-item\" itemprop=\"itemListElement\" itemscope itemtype=\"http:\/\/schema.org\/ListItem\"><a itemprop=\"item\" href=\"https:\/\/biaform.com.pl\/de\/\"><span itemprop=\"name\">Start<\/span><\/a><meta itemprop=\"position\" content=\"1\"\/><\/li><li class=\"g-breadcrumbs-separator\"><i class=\"material-icons\">chevron_right<\/i><\/li><li class=\"g-breadcrumbs-item\">Seiten<\/li><\/ol><\/div><\/div><\/div><\/div><\/div><\/section>\n<\/div><\/div><\/div><\/div><\/div><\/section><section class=\"l-section wpb_row height_medium\"><div class=\"l-section-h i-cf\"><div class=\"g-cols vc_row type_default valign_top gap-2em\"><style>.g-cols.gap-2em{margin:0 calc(-1.5rem - 2em)}.gap-2em > .vc_column_container {padding:2em}<\/style><div class=\"vc_col-sm-12 wpb_column vc_column_container animate_afb\" style=\"animation-delay:0.2s\"><div class=\"vc_column-inner\"><div class=\"wpb_wrapper\"><div id=\"ultimate-heading-627969e5f97526ce2\" class=\"uvc-heading ult-adjust-bottom-margin ultimate-heading-627969e5f97526ce2 uvc-9126 \" data-hspacer=\"line_with_icon\" data-hline_width=\"200\" data-hicon_type=\"selector\" data-hborder_style=\"solid\" data-hborder_height=\"3\" data-hborder_color=\"#503201\" data-icon_width=\"32\" data-hfixer=\"20\"  data-halign=\"center\" style=\"text-align:center\"><div class=\"uvc-main-heading ult-responsive\"  data-ultimate-target='.uvc-heading.ultimate-heading-627969e5f97526ce2 h2'  data-responsive-json-new='{\"font-size\":\"\",\"line-height\":\"\"}' ><h2 style=\"font-weight:normal;margin-bottom:10px;\">Sklejka suchotrwa\u0142a pokryta filmem melaminowym z wyko\u0144czeniem g\u0142adkim<\/h2><\/div><div class=\"uvc-sub-heading ult-responsive\"  data-ultimate-target='.uvc-heading.ultimate-heading-627969e5f97526ce2 .uvc-sub-heading '  data-responsive-json-new='{\"font-size\":\"\",\"line-height\":\"\"}'  style=\"font-weight:normal;margin-bottom:10px;\">Beschreibung<\/div><div class=\"uvc-heading-spacer line_with_icon\" style=\"topheight:32px;\"><div class=\"ult-just-icon-wrapper  \"><div class=\"align-icon\" style=\"text-align:center;\">\n<div class=\"aio-icon none \"  style=\"color:#64bc46;font-size:32px;display:inline-block;\">\n\t<i class=\"Defaults-stack-overflow\"><\/i>\n<\/div><\/div><\/div><\/div><\/div><\/div><\/div><\/div><div class=\"vc_col-sm-12 wpb_column vc_column_container\"><div class=\"vc_column-inner\"><div class=\"wpb_wrapper\"><div class=\"wpb_text_column\" ><div class=\"wpb_wrapper\"><p style=\"text-align: justify;\">Sklejka suchotrwa\u0142a pokryta filmem melaminowym powstaje poprzez naprasowanie na jej p\u0142askie powierzchnie specjalnego papieru zaimpregnowanego \u017cywic\u0105 melaminow\u0105. Otrzymana powierzchnia ma wysoka odporno\u015b\u0107 na \u015bcieranie oraz jest zabezpieczona przed dzia\u0142aniem wilgoci z powietrza. Produkt do stosowania w warunkach suchych.<\/p>\n<\/div><\/div><div class=\"g-cols wpb_row  type_default valign_top vc_inner\"><div class=\"vc_col-sm-6 vc_col-sm-offset-3 vc_col-xs-12 wpb_column vc_column_container animate_afb\" style=\"animation-delay:0.5s\"><div class=\"vc_column-inner\"><div class=\"wpb_wrapper\"><div class=\"w-image align_center\"><a href=\"https:\/\/biaform.com.pl\/wp-content\/uploads\/2020\/04\/sklejka-suchotwala-pokryta-filmem-melaminowym-z-wykonczeniem-gladkim.jpg\" ref=\"magnificPopup\" aria-label=\"Link\" class=\"w-image-h\"><img decoding=\"async\" width=\"800\" height=\"562\" src=\"https:\/\/biaform.com.pl\/wp-content\/uploads\/2020\/04\/sklejka-suchotwala-pokryta-filmem-melaminowym-z-wykonczeniem-gladkim.jpg\" class=\"attachment-full size-full\" alt=\"Sklejka suchotrwa\u0142a pokryta filmem melaminowym z wyko\u0144czeniem g\u0142adkim\" srcset=\"https:\/\/biaform.com.pl\/wp-content\/uploads\/2020\/04\/sklejka-suchotwala-pokryta-filmem-melaminowym-z-wykonczeniem-gladkim.jpg 800w, https:\/\/biaform.com.pl\/wp-content\/uploads\/2020\/04\/sklejka-suchotwala-pokryta-filmem-melaminowym-z-wykonczeniem-gladkim-300x211.jpg 300w\" sizes=\"(max-width: 800px) 100vw, 800px\" \/><\/a><\/div><\/div><\/div><\/div><\/div><\/div><\/div><\/div><div class=\"vc_col-sm-12 wpb_column vc_column_container\"><div class=\"vc_column-inner\"><div class=\"wpb_wrapper\"><div id=\"ultimate-heading-89169e5f975281af\" class=\"uvc-heading ult-adjust-bottom-margin ultimate-heading-89169e5f975281af uvc-8998 \" data-hspacer=\"line_with_icon\" data-hline_width=\"200\" data-hicon_type=\"selector\" data-hborder_style=\"solid\" data-hborder_height=\"3\" data-hborder_color=\"#503201\" data-icon_width=\"32\" data-hfixer=\"20\"  data-halign=\"center\" style=\"text-align:center\"><div class=\"uvc-main-heading ult-responsive\"  data-ultimate-target='.uvc-heading.ultimate-heading-89169e5f975281af h3'  data-responsive-json-new='{\"font-size\":\"\",\"line-height\":\"\"}' ><h3 style=\"font-weight:normal;margin-bottom:10px;\">Produktdaten<\/h3><\/div><div class=\"uvc-heading-spacer line_with_icon\" style=\"topheight:32px;\"><div class=\"ult-just-icon-wrapper  \"><div class=\"align-icon\" style=\"text-align:center;\">\n<div class=\"aio-icon none \"  style=\"color:#64bc46;font-size:32px;display:inline-block;\">\n\t<i class=\"Defaults-angle-double-down\"><\/i>\n<\/div><\/div><\/div><\/div><\/div><div class=\"w-separator size_small\"><\/div><div class=\"wpb_text_column\" ><div class=\"wpb_wrapper\"><p style=\"text-align: justify;\">Materia\u0142 kompozytowy sklejony z krzy\u017cuj\u0105cych si\u0119 warstw drewna, w kt\u00f3rych w\u0142\u00f3kna s\u0105siaduj\u0105cych warstw przebiegaj\u0105 pod k\u0105tem prostym. Sklejka suchotrwa\u0142a z naprasowan\u0105 jednostronnie lub dwustronnie foli\u0105 melaminow\u0105. Powierzchnia foliowana zabezpiecza arkusz przed wilgoci\u0105 z powietrza i podwy\u017csza odporno\u015b\u0107 na uszkodzenia mechaniczne i \u015bcieranie.<\/p>\n<\/div><\/div><div class=\"w-separator size_small\"><\/div><div class=\"wpb_text_column\" ><div class=\"wpb_wrapper\"><table class=\"produkt\">\n<tbody>\n<tr>\n<td style=\"vertical-align: top;\"><strong>Zastosowanie<\/strong><\/td>\n<td>\n<ul>\n<li>meblarstwo<\/li>\n<li>wykrojniki laserowe<\/li>\n<li>budownictwo<\/li>\n<\/ul>\n<\/td>\n<\/tr>\n<tr>\n<td style=\"vertical-align: top;\"><strong>Surowce do produkcji sklejki<\/strong><\/td>\n<td>\n<ul>\n<li>drewno: li\u015bciaste (brzoza, olcha)<\/li>\n<li>klej suchotrwa\u0142y na bazie \u017cywicy mocznikowoformldehydowej<\/li>\n<li>folia melaminowa:\n<ul>\n<li>gramatura 205g\/m2 (kolor bia\u0142y)<\/li>\n<li>gramatura 120g\/m2 (kolor transparenty)<\/li>\n<li>gramatura 190g\/m2 (kolor szary)<\/li>\n<\/ul>\n<\/li>\n<li>lub inna ustalona z Klientem<\/li>\n<\/ul>\n<\/td>\n<\/tr>\n<tr>\n<td style=\"vertical-align: top;\"><strong> Zabezpieczenie kraw\u0119dzi w\u0105skich <\/strong><\/td>\n<td>\n<ul>\n<li>brak<\/li>\n<li>farba akrylowa w kolorze ustalonym z klientem<\/li>\n<\/ul>\n<\/td>\n<\/tr>\n<tr>\n<td style=\"vertical-align: top;\"><strong>Dost\u0119pne formaty standardowe<\/strong><\/td>\n<td>\n<ul>\n<li>1550mmx2250\/2500\/2700\/3000\/3300mm<\/li>\n<li>inne formaty do ustalenia z Klientem<\/li>\n<\/ul>\n<\/td>\n<\/tr>\n<tr>\n<td style=\"vertical-align: top;\"><strong>Grubo\u015b\u0107 sklejki<\/strong><\/td>\n<td>\n<ul>\n<li>9mm-30mm<\/li>\n<\/ul>\n<\/td>\n<\/tr>\n<tr>\n<td style=\"vertical-align: top;\"><strong>Tolerancje wymiarowe<\/strong><\/td>\n<td>\n<ul>\n<li>zgodnie z PN-EN 315 lub inne ustalone z klientem<\/li>\n<\/ul>\n<\/td>\n<\/tr>\n<tr>\n<td style=\"vertical-align: top;\"><strong>Parametry techniczne<\/strong><\/td>\n<td>\n<ul>\n<li>g\u0119sto\u015b\u0107 600-800 [kg\/m\u00b3]<\/li>\n<li>wilgotno\u015b\u0107 4-10 [%]<\/li>\n<li>jako\u015b\u0107 sklejenia zgodnie z PN-EN 314-2 klasa 1<\/li>\n<li>emisja formaldehydu E1 wg PN-EN 636<\/li>\n<\/ul>\n<\/td>\n<\/tr>\n<tr>\n<td style=\"vertical-align: top;\"><strong>Dodatkowe us\u0142ugi<\/strong><\/td>\n<td>\n<ul>\n<li>obr\u00f3bka CNC<\/li>\n<li>ci\u0119cie na mniejsze formaty<\/li>\n<\/ul>\n<\/td>\n<\/tr>\n<\/tbody>\n<\/table>\n<\/div><\/div><\/div><\/div><\/div><div class=\"vc_col-sm-10 vc_col-md-offset-2 vc_col-md-8 vc_col-sm-offset-1 wpb_column vc_column_container\"><div class=\"vc_column-inner\"><div class=\"wpb_wrapper\"><\/div><\/div><\/div><\/div><\/div><\/section><section class=\"l-section wpb_row height_auto width_full\"><div class=\"l-section-h i-cf\"><div class=\"g-cols vc_row type_default valign_top\"><div class=\"vc_col-sm-12 wpb_column vc_column_container\"><div class=\"vc_column-inner\"><div class=\"wpb_wrapper\"><section class=\"l-section wpb_row height_huge with_img parallax_ver with_overlay\" id=\"cta-cont\"><div class=\"l-section-img\" style=\"background-image: url(https:\/\/biaform.com.pl\/wp-content\/uploads\/2020\/03\/biaform-kontakt.jpg);background-position: bottom center;background-repeat: no-repeat;\" data-img-width=\"1600\" data-img-height=\"1067\"><\/div><div class=\"l-section-overlay\" style=\"background: rgba(0,0,0,0.4)\"><\/div><div class=\"l-section-h i-cf\"><div class=\"g-cols vc_row type_default valign_top\"><div class=\"vc_col-sm-6 vc_col-lg-offset-8 vc_col-lg-4 vc_col-md-offset-7 vc_col-md-5 vc_col-sm-offset-6 wpb_column vc_column_container animate_fade\" style=\"animation-delay:0.2s\"><div class=\"vc_column-inner\"><div class=\"wpb_wrapper\"><div class=\"w-actionbox us_custom_2aff76bb color_primary controls_bottom\"><div class=\"w-actionbox-text\"><h3>Haben Sie Fragen?<\/h3><p>Schreiben Sie oder rufen Sie uns an. Wir beantworten gerne alle Ihre Fragen.<\/p>\n<\/div><div class=\"w-actionbox-controls\"><a class=\"w-btn us-btn-style_3 icon_atright\" href=\"\/de\/kontakt\/\"><span class=\"w-btn-label\">Kontaktaufnehmen<\/span><i class=\"fas fa-angle-double-right\"><\/i><\/a><\/div><\/div><\/div><\/div><\/div><\/div><\/div><\/section>\n<\/div><\/div><\/div><\/div><\/div><\/section>\n","protected":false},"excerpt":{"rendered":"Sklejka suchotrwa\u0142a pokryta filmem melaminowym z wyko\u0144czeniem g\u0142adkimStartchevron_rightSeiten Sklejka suchotrwa\u0142a pokryta filmem melaminowym z wyko\u0144czeniem g\u0142adkimBeschreibung Sklejka suchotrwa\u0142a pokryta filmem melaminowym powstaje poprzez naprasowanie na jej p\u0142askie powierzchnie specjalnego papieru zaimpregnowanego \u017cywic\u0105 melaminow\u0105. Otrzymana powierzchnia ma wysoka odporno\u015b\u0107 na \u015bcieranie oraz jest zabezpieczona przed dzia\u0142aniem wilgoci z powietrza. Produkt do stosowania w warunkach suchych. Produktdaten...","protected":false},"author":1,"featured_media":0,"parent":2488,"menu_order":2,"comment_status":"closed","ping_status":"closed","template":"","meta":{"_acf_changed":false,"footnotes":""},"class_list":["post-2536","page","type-page","status-publish","hentry"],"acf":[],"yoast_head":"<!-- This site is optimized with the Yoast SEO plugin v27.3 - https:\/\/yoast.com\/product\/yoast-seo-wordpress\/ -->\n<title>Sklejka suchotrwa\u0142a pokryta filmem melaminowym z wyko\u0144czeniem g\u0142adkim - Biaform SA Bia\u0142ystok<\/title>\n<meta name=\"robots\" content=\"index, follow, max-snippet:-1, max-image-preview:large, max-video-preview:-1\" \/>\n<link rel=\"canonical\" href=\"https:\/\/biaform.com.pl\/de\/produkte\/filmbeschichtetessperrholz\/sklejka-suchotrwala-pokryta-filmem-melaminowym-z-wykonczeniem-gladkim\/\" \/>\n<meta property=\"og:locale\" content=\"de_DE\" \/>\n<meta property=\"og:type\" content=\"article\" \/>\n<meta property=\"og:title\" content=\"Sklejka suchotrwa\u0142a pokryta filmem melaminowym z wyko\u0144czeniem g\u0142adkim - Biaform SA Bia\u0142ystok\" \/>\n<meta property=\"og:url\" content=\"https:\/\/biaform.com.pl\/de\/produkte\/filmbeschichtetessperrholz\/sklejka-suchotrwala-pokryta-filmem-melaminowym-z-wykonczeniem-gladkim\/\" \/>\n<meta property=\"og:site_name\" content=\"Biaform SA Bia\u0142ystok\" \/>\n<meta property=\"article:modified_time\" content=\"2020-04-29T19:45:28+00:00\" \/>\n<meta name=\"twitter:card\" content=\"summary_large_image\" \/>\n<meta name=\"twitter:label1\" content=\"Gesch\u00e4tzte Lesezeit\" \/>\n\t<meta name=\"twitter:data1\" content=\"3\u00a0Minuten\" \/>\n<script type=\"application\/ld+json\" class=\"yoast-schema-graph\">{\"@context\":\"https:\\\/\\\/schema.org\",\"@graph\":[{\"@type\":\"WebPage\",\"@id\":\"https:\\\/\\\/biaform.com.pl\\\/de\\\/produkte\\\/filmbeschichtetessperrholz\\\/sklejka-suchotrwala-pokryta-filmem-melaminowym-z-wykonczeniem-gladkim\\\/\",\"url\":\"https:\\\/\\\/biaform.com.pl\\\/de\\\/produkte\\\/filmbeschichtetessperrholz\\\/sklejka-suchotrwala-pokryta-filmem-melaminowym-z-wykonczeniem-gladkim\\\/\",\"name\":\"Sklejka suchotrwa\u0142a pokryta filmem melaminowym z wyko\u0144czeniem g\u0142adkim - Biaform SA Bia\u0142ystok\",\"isPartOf\":{\"@id\":\"https:\\\/\\\/biaform.com.pl\\\/de\\\/#website\"},\"datePublished\":\"2020-04-29T19:45:27+00:00\",\"dateModified\":\"2020-04-29T19:45:28+00:00\",\"breadcrumb\":{\"@id\":\"https:\\\/\\\/biaform.com.pl\\\/de\\\/produkte\\\/filmbeschichtetessperrholz\\\/sklejka-suchotrwala-pokryta-filmem-melaminowym-z-wykonczeniem-gladkim\\\/#breadcrumb\"},\"inLanguage\":\"de\",\"potentialAction\":[{\"@type\":\"ReadAction\",\"target\":[\"https:\\\/\\\/biaform.com.pl\\\/de\\\/produkte\\\/filmbeschichtetessperrholz\\\/sklejka-suchotrwala-pokryta-filmem-melaminowym-z-wykonczeniem-gladkim\\\/\"]}]},{\"@type\":\"BreadcrumbList\",\"@id\":\"https:\\\/\\\/biaform.com.pl\\\/de\\\/produkte\\\/filmbeschichtetessperrholz\\\/sklejka-suchotrwala-pokryta-filmem-melaminowym-z-wykonczeniem-gladkim\\\/#breadcrumb\",\"itemListElement\":[{\"@type\":\"ListItem\",\"position\":1,\"name\":\"Strona g\u0142\u00f3wna\",\"item\":\"https:\\\/\\\/biaform.com.pl\\\/de\\\/\"},{\"@type\":\"ListItem\",\"position\":2,\"name\":\"Produkte\",\"item\":\"https:\\\/\\\/biaform.com.pl\\\/de\\\/produkte\\\/\"},{\"@type\":\"ListItem\",\"position\":3,\"name\":\"Filmbeschichtetessperrholz\",\"item\":\"https:\\\/\\\/biaform.com.pl\\\/de\\\/produkte\\\/filmbeschichtetessperrholz\\\/\"},{\"@type\":\"ListItem\",\"position\":4,\"name\":\"Sklejka suchotrwa\u0142a pokryta filmem melaminowym z wyko\u0144czeniem g\u0142adkim\"}]},{\"@type\":\"WebSite\",\"@id\":\"https:\\\/\\\/biaform.com.pl\\\/de\\\/#website\",\"url\":\"https:\\\/\\\/biaform.com.pl\\\/de\\\/\",\"name\":\"Biaform SA Bia\u0142ystok\",\"description\":\"\",\"potentialAction\":[{\"@type\":\"SearchAction\",\"target\":{\"@type\":\"EntryPoint\",\"urlTemplate\":\"https:\\\/\\\/biaform.com.pl\\\/de\\\/?s={search_term_string}\"},\"query-input\":{\"@type\":\"PropertyValueSpecification\",\"valueRequired\":true,\"valueName\":\"search_term_string\"}}],\"inLanguage\":\"de\"}]}<\/script>\n<!-- \/ Yoast SEO plugin. -->","yoast_head_json":{"title":"Sklejka suchotrwa\u0142a pokryta filmem melaminowym z wyko\u0144czeniem g\u0142adkim - Biaform SA Bia\u0142ystok","robots":{"index":"index","follow":"follow","max-snippet":"max-snippet:-1","max-image-preview":"max-image-preview:large","max-video-preview":"max-video-preview:-1"},"canonical":"https:\/\/biaform.com.pl\/de\/produkte\/filmbeschichtetessperrholz\/sklejka-suchotrwala-pokryta-filmem-melaminowym-z-wykonczeniem-gladkim\/","og_locale":"de_DE","og_type":"article","og_title":"Sklejka suchotrwa\u0142a pokryta filmem melaminowym z wyko\u0144czeniem g\u0142adkim - Biaform SA Bia\u0142ystok","og_url":"https:\/\/biaform.com.pl\/de\/produkte\/filmbeschichtetessperrholz\/sklejka-suchotrwala-pokryta-filmem-melaminowym-z-wykonczeniem-gladkim\/","og_site_name":"Biaform SA Bia\u0142ystok","article_modified_time":"2020-04-29T19:45:28+00:00","twitter_card":"summary_large_image","twitter_misc":{"Gesch\u00e4tzte Lesezeit":"3\u00a0Minuten"},"schema":{"@context":"https:\/\/schema.org","@graph":[{"@type":"WebPage","@id":"https:\/\/biaform.com.pl\/de\/produkte\/filmbeschichtetessperrholz\/sklejka-suchotrwala-pokryta-filmem-melaminowym-z-wykonczeniem-gladkim\/","url":"https:\/\/biaform.com.pl\/de\/produkte\/filmbeschichtetessperrholz\/sklejka-suchotrwala-pokryta-filmem-melaminowym-z-wykonczeniem-gladkim\/","name":"Sklejka suchotrwa\u0142a pokryta filmem melaminowym z wyko\u0144czeniem g\u0142adkim - Biaform SA Bia\u0142ystok","isPartOf":{"@id":"https:\/\/biaform.com.pl\/de\/#website"},"datePublished":"2020-04-29T19:45:27+00:00","dateModified":"2020-04-29T19:45:28+00:00","breadcrumb":{"@id":"https:\/\/biaform.com.pl\/de\/produkte\/filmbeschichtetessperrholz\/sklejka-suchotrwala-pokryta-filmem-melaminowym-z-wykonczeniem-gladkim\/#breadcrumb"},"inLanguage":"de","potentialAction":[{"@type":"ReadAction","target":["https:\/\/biaform.com.pl\/de\/produkte\/filmbeschichtetessperrholz\/sklejka-suchotrwala-pokryta-filmem-melaminowym-z-wykonczeniem-gladkim\/"]}]},{"@type":"BreadcrumbList","@id":"https:\/\/biaform.com.pl\/de\/produkte\/filmbeschichtetessperrholz\/sklejka-suchotrwala-pokryta-filmem-melaminowym-z-wykonczeniem-gladkim\/#breadcrumb","itemListElement":[{"@type":"ListItem","position":1,"name":"Strona g\u0142\u00f3wna","item":"https:\/\/biaform.com.pl\/de\/"},{"@type":"ListItem","position":2,"name":"Produkte","item":"https:\/\/biaform.com.pl\/de\/produkte\/"},{"@type":"ListItem","position":3,"name":"Filmbeschichtetessperrholz","item":"https:\/\/biaform.com.pl\/de\/produkte\/filmbeschichtetessperrholz\/"},{"@type":"ListItem","position":4,"name":"Sklejka suchotrwa\u0142a pokryta filmem melaminowym z wyko\u0144czeniem g\u0142adkim"}]},{"@type":"WebSite","@id":"https:\/\/biaform.com.pl\/de\/#website","url":"https:\/\/biaform.com.pl\/de\/","name":"Biaform SA Bia\u0142ystok","description":"","potentialAction":[{"@type":"SearchAction","target":{"@type":"EntryPoint","urlTemplate":"https:\/\/biaform.com.pl\/de\/?s={search_term_string}"},"query-input":{"@type":"PropertyValueSpecification","valueRequired":true,"valueName":"search_term_string"}}],"inLanguage":"de"}]}},"_links":{"self":[{"href":"https:\/\/biaform.com.pl\/de\/wp-json\/wp\/v2\/pages\/2536","targetHints":{"allow":["GET"]}}],"collection":[{"href":"https:\/\/biaform.com.pl\/de\/wp-json\/wp\/v2\/pages"}],"about":[{"href":"https:\/\/biaform.com.pl\/de\/wp-json\/wp\/v2\/types\/page"}],"author":[{"embeddable":true,"href":"https:\/\/biaform.com.pl\/de\/wp-json\/wp\/v2\/users\/1"}],"replies":[{"embeddable":true,"href":"https:\/\/biaform.com.pl\/de\/wp-json\/wp\/v2\/comments?post=2536"}],"version-history":[{"count":0,"href":"https:\/\/biaform.com.pl\/de\/wp-json\/wp\/v2\/pages\/2536\/revisions"}],"up":[{"embeddable":true,"href":"https:\/\/biaform.com.pl\/de\/wp-json\/wp\/v2\/pages\/2488"}],"wp:attachment":[{"href":"https:\/\/biaform.com.pl\/de\/wp-json\/wp\/v2\/media?parent=2536"}],"curies":[{"name":"wp","href":"https:\/\/api.w.org\/{rel}","templated":true}]}}