{"id":2576,"date":"2020-04-29T22:18:32","date_gmt":"2020-04-29T20:18:32","guid":{"rendered":"https:\/\/biaform.com.pl\/?page_id=2576"},"modified":"2020-04-29T22:59:49","modified_gmt":"2020-04-29T20:59:49","slug":"sperrholz-trocken-verschlei%ce%b2fest-lackiert","status":"publish","type":"page","link":"https:\/\/biaform.com.pl\/de\/produkte\/veredeltessperrholz\/sperrholz-trocken-verschlei%ce%b2fest-lackiert\/","title":{"rendered":"Sperrholz, trocken verschlei\u03b2fest, lackiert"},"content":{"rendered":"<section class=\"l-section wpb_row height_auto width_full\"><div class=\"l-section-h i-cf\"><div class=\"g-cols vc_row type_default valign_top\"><div class=\"vc_col-sm-12 wpb_column vc_column_container\"><div class=\"vc_column-inner\"><div class=\"wpb_wrapper\"><section class=\"l-section wpb_row height_medium color_alternate with_img parallax_ver with_overlay\" id=\"title\"><div class=\"l-section-img\" style=\"background-image: url(https:\/\/biaform.com.pl\/wp-content\/uploads\/2020\/03\/title-bg-2.jpg);background-repeat: no-repeat;\" data-img-width=\"1920\" data-img-height=\"800\"><\/div><div class=\"l-section-overlay\" style=\"background: rgba(0,0,0,0.10)\"><\/div><div class=\"l-section-h i-cf\"><div class=\"g-cols vc_row type_default valign_middle\"><div class=\"vc_col-sm-6 wpb_column vc_column_container\"><div class=\"vc_column-inner\"><div class=\"wpb_wrapper\"><h1 class=\"w-post-elm post_title us_custom_607cd7e8 entry-title color_link_inherit\">Sperrholz, trocken verschlei\u03b2fest, lackiert<\/h1><\/div><\/div><\/div><div class=\"vc_col-sm-6 wpb_column vc_column_container\"><div class=\"vc_column-inner\"><div class=\"wpb_wrapper\"><ol class=\"g-breadcrumbs us_custom_963f34bc separator_icon align_right has_text_color\" itemscope itemtype=\"http:\/\/schema.org\/BreadcrumbList\"><li class=\"g-breadcrumbs-item\" itemprop=\"itemListElement\" itemscope itemtype=\"http:\/\/schema.org\/ListItem\"><a itemprop=\"item\" href=\"https:\/\/biaform.com.pl\/de\/\"><span itemprop=\"name\">Start<\/span><\/a><meta itemprop=\"position\" content=\"1\"\/><\/li><li class=\"g-breadcrumbs-separator\"><i class=\"material-icons\">chevron_right<\/i><\/li><li class=\"g-breadcrumbs-item\">Seiten<\/li><\/ol><\/div><\/div><\/div><\/div><\/div><\/section>\n<\/div><\/div><\/div><\/div><\/div><\/section><section class=\"l-section wpb_row height_medium\"><div class=\"l-section-h i-cf\"><div class=\"g-cols vc_row type_default valign_top gap-2em\"><style>.g-cols.gap-2em{margin:0 calc(-1.5rem - 2em)}.gap-2em > .vc_column_container {padding:2em}<\/style><div class=\"vc_col-sm-12 wpb_column vc_column_container animate_afb\" style=\"animation-delay:0.2s\"><div class=\"vc_column-inner\"><div class=\"wpb_wrapper\"><div id=\"ultimate-heading-506569e3022a8fbd8\" class=\"uvc-heading ult-adjust-bottom-margin ultimate-heading-506569e3022a8fbd8 uvc-8175 \" data-hspacer=\"line_with_icon\" data-hline_width=\"200\" data-hicon_type=\"selector\" data-hborder_style=\"solid\" data-hborder_height=\"3\" data-hborder_color=\"#503201\" data-icon_width=\"32\" data-hfixer=\"20\"  data-halign=\"center\" style=\"text-align:center\"><div class=\"uvc-main-heading ult-responsive\"  data-ultimate-target='.uvc-heading.ultimate-heading-506569e3022a8fbd8 h2'  data-responsive-json-new='{\"font-size\":\"\",\"line-height\":\"\"}' ><h2 style=\"font-weight:normal;margin-bottom:10px;\">Sperrholz, trocken verschlei\u03b2fest, lackiert <\/h2><\/div><div class=\"uvc-sub-heading ult-responsive\"  data-ultimate-target='.uvc-heading.ultimate-heading-506569e3022a8fbd8 .uvc-sub-heading '  data-responsive-json-new='{\"font-size\":\"\",\"line-height\":\"\"}'  style=\"font-weight:normal;margin-bottom:10px;\">Beschreibung<\/div><div class=\"uvc-heading-spacer line_with_icon\" style=\"topheight:32px;\"><div class=\"ult-just-icon-wrapper  \"><div class=\"align-icon\" style=\"text-align:center;\">\n<div class=\"aio-icon none \"  style=\"color:#64bc46;font-size:32px;display:inline-block;\">\n\t<i class=\"Defaults-stack-overflow\"><\/i>\n<\/div><\/div><\/div><\/div><\/div><\/div><\/div><\/div><div class=\"vc_col-sm-12 wpb_column vc_column_container\"><div class=\"vc_column-inner\"><div class=\"wpb_wrapper\"><div class=\"wpb_text_column\" ><div class=\"wpb_wrapper\"><p style=\"text-align: justify;\">Trockendauerhaftlackiertsperrholz wird ein oder beidseitig mit einem klaren oder farbigen UV-Lack auf einer Speziallackieranlage beschichtet.<\/p>\n<\/div><\/div><div class=\"g-cols wpb_row  type_default valign_top vc_inner\"><div class=\"vc_col-sm-6 wpb_column vc_column_container animate_afl\" style=\"animation-delay:0.5s\"><div class=\"vc_column-inner\"><div class=\"wpb_wrapper\"><div class=\"w-image align_center\"><a href=\"https:\/\/biaform.com.pl\/wp-content\/uploads\/2020\/04\/sklejka-suchotwala-lakierowana.jpg\" ref=\"magnificPopup\" aria-label=\"Link\" class=\"w-image-h\"><img decoding=\"async\" width=\"800\" height=\"562\" src=\"https:\/\/biaform.com.pl\/wp-content\/uploads\/2020\/04\/sklejka-suchotwala-lakierowana.jpg\" class=\"attachment-full size-full\" alt=\"Sklejka suchotwa\u0142a lakierowana\" srcset=\"https:\/\/biaform.com.pl\/wp-content\/uploads\/2020\/04\/sklejka-suchotwala-lakierowana.jpg 800w, https:\/\/biaform.com.pl\/wp-content\/uploads\/2020\/04\/sklejka-suchotwala-lakierowana-300x211.jpg 300w\" sizes=\"(max-width: 800px) 100vw, 800px\" \/><\/a><\/div><\/div><\/div><\/div><div class=\"vc_col-sm-6 wpb_column vc_column_container animate_afr\" style=\"animation-delay:0.5s\"><div class=\"vc_column-inner\"><div class=\"wpb_wrapper\"><div class=\"w-image align_center\"><a href=\"https:\/\/biaform.com.pl\/wp-content\/uploads\/2020\/04\/sklejka-suchotwala-lakierowana-2.jpg\" ref=\"magnificPopup\" aria-label=\"Link\" class=\"w-image-h\"><img decoding=\"async\" width=\"800\" height=\"562\" src=\"https:\/\/biaform.com.pl\/wp-content\/uploads\/2020\/04\/sklejka-suchotwala-lakierowana-2.jpg\" class=\"attachment-full size-full\" alt=\"Sklejka suchotwa\u0142a lakierowana 2\" srcset=\"https:\/\/biaform.com.pl\/wp-content\/uploads\/2020\/04\/sklejka-suchotwala-lakierowana-2.jpg 800w, https:\/\/biaform.com.pl\/wp-content\/uploads\/2020\/04\/sklejka-suchotwala-lakierowana-2-300x211.jpg 300w\" sizes=\"(max-width: 800px) 100vw, 800px\" \/><\/a><\/div><\/div><\/div><\/div><div class=\"vc_col-sm-6 vc_col-sm-offset-3 wpb_column vc_column_container animate_afb\" style=\"animation-delay:0.2s\"><div class=\"vc_column-inner\"><div class=\"wpb_wrapper\"><div class=\"w-image align_center\"><a href=\"https:\/\/biaform.com.pl\/wp-content\/uploads\/2020\/04\/sklejka-suchotwala-lakierowana-3.jpg\" ref=\"magnificPopup\" aria-label=\"Link\" class=\"w-image-h\"><img decoding=\"async\" width=\"800\" height=\"562\" src=\"https:\/\/biaform.com.pl\/wp-content\/uploads\/2020\/04\/sklejka-suchotwala-lakierowana-3.jpg\" class=\"attachment-full size-full\" alt=\"Sklejka suchotwa\u0142a lakierowana 3\" srcset=\"https:\/\/biaform.com.pl\/wp-content\/uploads\/2020\/04\/sklejka-suchotwala-lakierowana-3.jpg 800w, https:\/\/biaform.com.pl\/wp-content\/uploads\/2020\/04\/sklejka-suchotwala-lakierowana-3-300x211.jpg 300w\" sizes=\"(max-width: 800px) 100vw, 800px\" \/><\/a><\/div><\/div><\/div><\/div><\/div><\/div><\/div><\/div><div class=\"vc_col-sm-12 wpb_column vc_column_container\"><div class=\"vc_column-inner\"><div class=\"wpb_wrapper\"><div id=\"ultimate-heading-614969e3022a90b3a\" class=\"uvc-heading ult-adjust-bottom-margin ultimate-heading-614969e3022a90b3a uvc-1156 \" data-hspacer=\"line_with_icon\" data-hline_width=\"200\" data-hicon_type=\"selector\" data-hborder_style=\"solid\" data-hborder_height=\"3\" data-hborder_color=\"#503201\" data-icon_width=\"32\" data-hfixer=\"20\"  data-halign=\"center\" style=\"text-align:center\"><div class=\"uvc-main-heading ult-responsive\"  data-ultimate-target='.uvc-heading.ultimate-heading-614969e3022a90b3a h3'  data-responsive-json-new='{\"font-size\":\"\",\"line-height\":\"\"}' ><h3 style=\"font-weight:normal;margin-bottom:10px;\">Produktdaten<\/h3><\/div><div class=\"uvc-heading-spacer line_with_icon\" style=\"topheight:32px;\"><div class=\"ult-just-icon-wrapper  \"><div class=\"align-icon\" style=\"text-align:center;\">\n<div class=\"aio-icon none \"  style=\"color:#64bc46;font-size:32px;display:inline-block;\">\n\t<i class=\"Defaults-angle-double-down\"><\/i>\n<\/div><\/div><\/div><\/div><\/div><div class=\"w-separator size_small\"><\/div><div class=\"wpb_text_column\" ><div class=\"wpb_wrapper\"><p style=\"text-align: justify;\">Verbundwerkstoff aus sich \u00fcberschneidenden Holzschichten, bei dem die Fasern benachbarter Schichten im rechten Winkel verlaufen. Trockendauerhaftsperrholz wird ein oder beidseitig mit einem durch UV Strahlung geh\u00e4rteten Lack \u00fcberzogen. Sperrholz ist f\u00fcr den Einsatz unter trockenen Bedingungen vorgesehen.<\/p>\n<\/div><\/div><div class=\"w-separator size_small\"><\/div><div class=\"wpb_text_column\" ><div class=\"wpb_wrapper\"><table class=\"produkt\">\n<tbody>\n<tr>\n<td style=\"vertical-align: top;\"><strong>Anwendung<\/strong><\/td>\n<td>\n<ul>\n<li>M\u00f6bel<\/li>\n<li>Tischlerei<\/li>\n<li>Holzbearbeitungszubeh\u00f6r<\/li>\n<li>Verpackungen<\/li>\n<\/ul>\n<\/td>\n<\/tr>\n<tr>\n<td style=\"vertical-align: top;\"><strong>Materialien f\u00fcr die Sperrholzherstellung<\/strong><\/td>\n<td>\n<ul>\n<li>Holz (Birke, Erle)<\/li>\n<li>Wasserfestesleim auf Basis von Harnstoff \u2013Formaldehyd- Harz<\/li>\n<li>Lackauftrag: standardm\u00e4\u03b2ig zwei Schichten Lack, evtlandere Lackierung nach Absprache mit dem Kunden, Farbe: Banner oder andere Farbe nach Absprache mit dem Kunden<\/li>\n<\/ul>\n<\/td>\n<\/tr>\n<tr>\n<td style=\"vertical-align: top;\"><strong>Schmalfl\u00e4chenschutz<\/strong><\/td>\n<td>\n<ul>\n<li>kein<\/li>\n<\/ul>\n<\/td>\n<\/tr>\n<tr>\n<td style=\"vertical-align: top;\"><strong>Verf\u00fcgbare Standardformate<\/strong><\/td>\n<td>\n<ul>\n<li>1550mm x 1550\/2250mm<\/li>\n<li>m\u00f6gliche andere Formate nach Absprache mit dem Kunden<\/li>\n<\/ul>\n<\/td>\n<\/tr>\n<tr>\n<td style=\"vertical-align: top;\"><strong>Sperrholzst\u00e4rke<\/strong><\/td>\n<td>\n<ul>\n<li>6mm-40mm<\/li>\n<\/ul>\n<\/td>\n<\/tr>\n<tr>\n<td style=\"vertical-align: top;\"><strong>Ma\u03b2toleranz<\/strong><\/td>\n<td>\n<ul>\n<li>nach PN-EN 315 oder anders nach Absprache mit dem Kunden<\/li>\n<\/ul>\n<\/td>\n<\/tr>\n<tr>\n<td style=\"vertical-align: top;\"><strong>Technische Parameter<\/strong><\/td>\n<td>\n<ul>\n<li>Dichte 600-800 [kg\/m\u00b3]<\/li>\n<li>Feuchtigkeit 4-10 [%]<\/li>\n<li>Verklebungsqualit\u00e4t nach PN-EN 314-2 Klasse 1<\/li>\n<li>Formaldehydemission: E1 f\u00fcr PN-EN 636<\/li>\n<\/ul>\n<\/td>\n<\/tr>\n<tr>\n<td style=\"vertical-align: top;\"><strong>Zusatzleistungen <\/strong><\/td>\n<td>\n<ul>\n<li>Schneiden in kleinere Formate<\/li>\n<li>Fr\u00e4sbearbeitung auf numerischen Zentern<\/li>\n<\/ul>\n<\/td>\n<\/tr>\n<\/tbody>\n<\/table>\n<\/div><\/div><\/div><\/div><\/div><div class=\"vc_col-sm-10 vc_col-md-offset-2 vc_col-md-8 vc_col-sm-offset-1 wpb_column vc_column_container\"><div class=\"vc_column-inner\"><div class=\"wpb_wrapper\"><div class=\"w-actionbox us_custom_f190302b color_secondary controls_right has_text_color\"><div class=\"w-actionbox-text\"><p>Laden Produktdatenblatt<\/p>\n<\/div><div class=\"w-actionbox-controls\"><a class=\"w-btn us-btn-style_1 icon_atright\" target=\"_blank\" href=\"\/wp-content\/uploads\/2020\/04\/Lackiertes-sperrholz-Interior.pdf\" rel=\"noopener\"><span class=\"w-btn-label\">Laden PDF<\/span><i class=\"fas fa-angle-double-right\"><\/i><\/a><\/div><\/div><\/div><\/div><\/div><\/div><\/div><\/section><section class=\"l-section wpb_row height_auto width_full\"><div class=\"l-section-h i-cf\"><div class=\"g-cols vc_row type_default valign_top\"><div class=\"vc_col-sm-12 wpb_column vc_column_container\"><div class=\"vc_column-inner\"><div class=\"wpb_wrapper\"><section class=\"l-section wpb_row height_huge with_img parallax_ver with_overlay\" id=\"cta-cont\"><div class=\"l-section-img\" style=\"background-image: url(https:\/\/biaform.com.pl\/wp-content\/uploads\/2020\/03\/biaform-kontakt.jpg);background-position: bottom center;background-repeat: no-repeat;\" data-img-width=\"1600\" data-img-height=\"1067\"><\/div><div class=\"l-section-overlay\" style=\"background: rgba(0,0,0,0.4)\"><\/div><div class=\"l-section-h i-cf\"><div class=\"g-cols vc_row type_default valign_top\"><div class=\"vc_col-sm-6 vc_col-lg-offset-8 vc_col-lg-4 vc_col-md-offset-7 vc_col-md-5 vc_col-sm-offset-6 wpb_column vc_column_container animate_fade\" style=\"animation-delay:0.2s\"><div class=\"vc_column-inner\"><div class=\"wpb_wrapper\"><div class=\"w-actionbox us_custom_2aff76bb color_primary controls_bottom\"><div class=\"w-actionbox-text\"><h3>Haben Sie Fragen?<\/h3><p>Schreiben Sie oder rufen Sie uns an. Wir beantworten gerne alle Ihre Fragen.<\/p>\n<\/div><div class=\"w-actionbox-controls\"><a class=\"w-btn us-btn-style_3 icon_atright\" href=\"\/de\/kontakt\/\"><span class=\"w-btn-label\">Kontaktaufnehmen<\/span><i class=\"fas fa-angle-double-right\"><\/i><\/a><\/div><\/div><\/div><\/div><\/div><\/div><\/div><\/section>\n<\/div><\/div><\/div><\/div><\/div><\/section>\n","protected":false},"excerpt":{"rendered":"Sperrholz, trocken verschlei\u03b2fest, lackiertStartchevron_rightSeiten Sperrholz, trocken verschlei\u03b2fest, lackiert Beschreibung Trockendauerhaftlackiertsperrholz wird ein oder beidseitig mit einem klaren oder farbigen UV-Lack auf einer Speziallackieranlage beschichtet. Produktdaten Verbundwerkstoff aus sich \u00fcberschneidenden Holzschichten, bei dem die Fasern benachbarter Schichten im rechten Winkel verlaufen. Trockendauerhaftsperrholz wird ein oder beidseitig mit einem durch UV Strahlung geh\u00e4rteten Lack \u00fcberzogen. Sperrholz ist...","protected":false},"author":1,"featured_media":0,"parent":2489,"menu_order":2,"comment_status":"closed","ping_status":"closed","template":"","meta":{"_acf_changed":false,"footnotes":""},"class_list":["post-2576","page","type-page","status-publish","hentry"],"acf":[],"yoast_head":"<!-- This site is optimized with the Yoast SEO plugin v27.3 - https:\/\/yoast.com\/product\/yoast-seo-wordpress\/ -->\n<title>Sperrholz, trocken verschlei\u03b2fest, lackiert - Biaform SA Bia\u0142ystok<\/title>\n<meta name=\"robots\" content=\"index, follow, max-snippet:-1, max-image-preview:large, max-video-preview:-1\" \/>\n<link rel=\"canonical\" href=\"https:\/\/biaform.com.pl\/de\/produkte\/veredeltessperrholz\/sperrholz-trocken-verschlei%ce%b2fest-lackiert\/\" \/>\n<meta property=\"og:locale\" content=\"de_DE\" \/>\n<meta property=\"og:type\" content=\"article\" \/>\n<meta property=\"og:title\" content=\"Sperrholz, trocken verschlei\u03b2fest, lackiert - Biaform SA Bia\u0142ystok\" \/>\n<meta property=\"og:url\" content=\"https:\/\/biaform.com.pl\/de\/produkte\/veredeltessperrholz\/sperrholz-trocken-verschlei%ce%b2fest-lackiert\/\" \/>\n<meta property=\"og:site_name\" content=\"Biaform SA Bia\u0142ystok\" \/>\n<meta property=\"article:modified_time\" content=\"2020-04-29T20:59:49+00:00\" \/>\n<meta name=\"twitter:card\" content=\"summary_large_image\" \/>\n<meta name=\"twitter:label1\" content=\"Gesch\u00e4tzte Lesezeit\" \/>\n\t<meta name=\"twitter:data1\" content=\"2\u00a0Minuten\" \/>\n<script type=\"application\/ld+json\" class=\"yoast-schema-graph\">{\"@context\":\"https:\\\/\\\/schema.org\",\"@graph\":[{\"@type\":\"WebPage\",\"@id\":\"https:\\\/\\\/biaform.com.pl\\\/de\\\/produkte\\\/veredeltessperrholz\\\/sperrholz-trocken-verschlei%ce%b2fest-lackiert\\\/\",\"url\":\"https:\\\/\\\/biaform.com.pl\\\/de\\\/produkte\\\/veredeltessperrholz\\\/sperrholz-trocken-verschlei%ce%b2fest-lackiert\\\/\",\"name\":\"Sperrholz, trocken verschlei\u03b2fest, lackiert - Biaform SA Bia\u0142ystok\",\"isPartOf\":{\"@id\":\"https:\\\/\\\/biaform.com.pl\\\/de\\\/#website\"},\"datePublished\":\"2020-04-29T20:18:32+00:00\",\"dateModified\":\"2020-04-29T20:59:49+00:00\",\"breadcrumb\":{\"@id\":\"https:\\\/\\\/biaform.com.pl\\\/de\\\/produkte\\\/veredeltessperrholz\\\/sperrholz-trocken-verschlei%ce%b2fest-lackiert\\\/#breadcrumb\"},\"inLanguage\":\"de\",\"potentialAction\":[{\"@type\":\"ReadAction\",\"target\":[\"https:\\\/\\\/biaform.com.pl\\\/de\\\/produkte\\\/veredeltessperrholz\\\/sperrholz-trocken-verschlei%ce%b2fest-lackiert\\\/\"]}]},{\"@type\":\"BreadcrumbList\",\"@id\":\"https:\\\/\\\/biaform.com.pl\\\/de\\\/produkte\\\/veredeltessperrholz\\\/sperrholz-trocken-verschlei%ce%b2fest-lackiert\\\/#breadcrumb\",\"itemListElement\":[{\"@type\":\"ListItem\",\"position\":1,\"name\":\"Strona g\u0142\u00f3wna\",\"item\":\"https:\\\/\\\/biaform.com.pl\\\/de\\\/\"},{\"@type\":\"ListItem\",\"position\":2,\"name\":\"Produkte\",\"item\":\"https:\\\/\\\/biaform.com.pl\\\/de\\\/produkte\\\/\"},{\"@type\":\"ListItem\",\"position\":3,\"name\":\"Veredeltessperrholz\",\"item\":\"https:\\\/\\\/biaform.com.pl\\\/de\\\/produkte\\\/veredeltessperrholz\\\/\"},{\"@type\":\"ListItem\",\"position\":4,\"name\":\"Sperrholz, trocken verschlei\u03b2fest, lackiert\"}]},{\"@type\":\"WebSite\",\"@id\":\"https:\\\/\\\/biaform.com.pl\\\/de\\\/#website\",\"url\":\"https:\\\/\\\/biaform.com.pl\\\/de\\\/\",\"name\":\"Biaform SA Bia\u0142ystok\",\"description\":\"\",\"potentialAction\":[{\"@type\":\"SearchAction\",\"target\":{\"@type\":\"EntryPoint\",\"urlTemplate\":\"https:\\\/\\\/biaform.com.pl\\\/de\\\/?s={search_term_string}\"},\"query-input\":{\"@type\":\"PropertyValueSpecification\",\"valueRequired\":true,\"valueName\":\"search_term_string\"}}],\"inLanguage\":\"de\"}]}<\/script>\n<!-- \/ Yoast SEO plugin. -->","yoast_head_json":{"title":"Sperrholz, trocken verschlei\u03b2fest, lackiert - Biaform SA Bia\u0142ystok","robots":{"index":"index","follow":"follow","max-snippet":"max-snippet:-1","max-image-preview":"max-image-preview:large","max-video-preview":"max-video-preview:-1"},"canonical":"https:\/\/biaform.com.pl\/de\/produkte\/veredeltessperrholz\/sperrholz-trocken-verschlei%ce%b2fest-lackiert\/","og_locale":"de_DE","og_type":"article","og_title":"Sperrholz, trocken verschlei\u03b2fest, lackiert - Biaform SA Bia\u0142ystok","og_url":"https:\/\/biaform.com.pl\/de\/produkte\/veredeltessperrholz\/sperrholz-trocken-verschlei%ce%b2fest-lackiert\/","og_site_name":"Biaform SA Bia\u0142ystok","article_modified_time":"2020-04-29T20:59:49+00:00","twitter_card":"summary_large_image","twitter_misc":{"Gesch\u00e4tzte Lesezeit":"2\u00a0Minuten"},"schema":{"@context":"https:\/\/schema.org","@graph":[{"@type":"WebPage","@id":"https:\/\/biaform.com.pl\/de\/produkte\/veredeltessperrholz\/sperrholz-trocken-verschlei%ce%b2fest-lackiert\/","url":"https:\/\/biaform.com.pl\/de\/produkte\/veredeltessperrholz\/sperrholz-trocken-verschlei%ce%b2fest-lackiert\/","name":"Sperrholz, trocken verschlei\u03b2fest, lackiert - Biaform SA Bia\u0142ystok","isPartOf":{"@id":"https:\/\/biaform.com.pl\/de\/#website"},"datePublished":"2020-04-29T20:18:32+00:00","dateModified":"2020-04-29T20:59:49+00:00","breadcrumb":{"@id":"https:\/\/biaform.com.pl\/de\/produkte\/veredeltessperrholz\/sperrholz-trocken-verschlei%ce%b2fest-lackiert\/#breadcrumb"},"inLanguage":"de","potentialAction":[{"@type":"ReadAction","target":["https:\/\/biaform.com.pl\/de\/produkte\/veredeltessperrholz\/sperrholz-trocken-verschlei%ce%b2fest-lackiert\/"]}]},{"@type":"BreadcrumbList","@id":"https:\/\/biaform.com.pl\/de\/produkte\/veredeltessperrholz\/sperrholz-trocken-verschlei%ce%b2fest-lackiert\/#breadcrumb","itemListElement":[{"@type":"ListItem","position":1,"name":"Strona g\u0142\u00f3wna","item":"https:\/\/biaform.com.pl\/de\/"},{"@type":"ListItem","position":2,"name":"Produkte","item":"https:\/\/biaform.com.pl\/de\/produkte\/"},{"@type":"ListItem","position":3,"name":"Veredeltessperrholz","item":"https:\/\/biaform.com.pl\/de\/produkte\/veredeltessperrholz\/"},{"@type":"ListItem","position":4,"name":"Sperrholz, trocken verschlei\u03b2fest, lackiert"}]},{"@type":"WebSite","@id":"https:\/\/biaform.com.pl\/de\/#website","url":"https:\/\/biaform.com.pl\/de\/","name":"Biaform SA Bia\u0142ystok","description":"","potentialAction":[{"@type":"SearchAction","target":{"@type":"EntryPoint","urlTemplate":"https:\/\/biaform.com.pl\/de\/?s={search_term_string}"},"query-input":{"@type":"PropertyValueSpecification","valueRequired":true,"valueName":"search_term_string"}}],"inLanguage":"de"}]}},"_links":{"self":[{"href":"https:\/\/biaform.com.pl\/de\/wp-json\/wp\/v2\/pages\/2576","targetHints":{"allow":["GET"]}}],"collection":[{"href":"https:\/\/biaform.com.pl\/de\/wp-json\/wp\/v2\/pages"}],"about":[{"href":"https:\/\/biaform.com.pl\/de\/wp-json\/wp\/v2\/types\/page"}],"author":[{"embeddable":true,"href":"https:\/\/biaform.com.pl\/de\/wp-json\/wp\/v2\/users\/1"}],"replies":[{"embeddable":true,"href":"https:\/\/biaform.com.pl\/de\/wp-json\/wp\/v2\/comments?post=2576"}],"version-history":[{"count":0,"href":"https:\/\/biaform.com.pl\/de\/wp-json\/wp\/v2\/pages\/2576\/revisions"}],"up":[{"embeddable":true,"href":"https:\/\/biaform.com.pl\/de\/wp-json\/wp\/v2\/pages\/2489"}],"wp:attachment":[{"href":"https:\/\/biaform.com.pl\/de\/wp-json\/wp\/v2\/media?parent=2576"}],"curies":[{"name":"wp","href":"https:\/\/api.w.org\/{rel}","templated":true}]}}