{"id":2213,"date":"2020-04-26T15:11:06","date_gmt":"2020-04-26T13:11:06","guid":{"rendered":"https:\/\/biaform.com.pl\/?page_id=2213"},"modified":"2020-04-28T11:28:59","modified_gmt":"2020-04-28T09:28:59","slug":"exterior-plywood-covered-phenolic-foil-with-anti-slip-finish-hexa","status":"publish","type":"page","link":"https:\/\/biaform.com.pl\/en\/products\/laminated-plywood\/exterior-plywood-covered-phenolic-foil-with-anti-slip-finish-hexa\/","title":{"rendered":"Exterior plywood covered phenolic foil with anti-slip finish (hexa)"},"content":{"rendered":"<section class=\"l-section wpb_row height_auto width_full\"><div class=\"l-section-h i-cf\"><div class=\"g-cols vc_row type_default valign_top\"><div class=\"vc_col-sm-12 wpb_column vc_column_container\"><div class=\"vc_column-inner\"><div class=\"wpb_wrapper\"><section class=\"l-section wpb_row height_medium color_alternate with_img parallax_ver with_overlay\" id=\"title\"><div class=\"l-section-img\" style=\"background-image: url(https:\/\/biaform.com.pl\/wp-content\/uploads\/2020\/03\/title-bg-2.jpg);background-repeat: no-repeat;\" data-img-width=\"1920\" data-img-height=\"800\"><\/div><div class=\"l-section-overlay\" style=\"background: rgba(0,0,0,0.10)\"><\/div><div class=\"l-section-h i-cf\"><div class=\"g-cols vc_row type_default valign_middle\"><div class=\"vc_col-sm-6 wpb_column vc_column_container\"><div class=\"vc_column-inner\"><div class=\"wpb_wrapper\"><h1 class=\"w-post-elm post_title us_custom_607cd7e8 entry-title color_link_inherit\">Exterior plywood covered phenolic foil with anti-slip finish (hexa)<\/h1><\/div><\/div><\/div><div class=\"vc_col-sm-6 wpb_column vc_column_container\"><div class=\"vc_column-inner\"><div class=\"wpb_wrapper\"><ol class=\"g-breadcrumbs us_custom_963f34bc separator_icon align_right has_text_color\" itemscope itemtype=\"http:\/\/schema.org\/BreadcrumbList\"><li class=\"g-breadcrumbs-item\" itemprop=\"itemListElement\" itemscope itemtype=\"http:\/\/schema.org\/ListItem\"><a itemprop=\"item\" href=\"https:\/\/biaform.com.pl\/en\/\"><span itemprop=\"name\">Home<\/span><\/a><meta itemprop=\"position\" content=\"1\"\/><\/li><li class=\"g-breadcrumbs-separator\"><i class=\"material-icons\">chevron_right<\/i><\/li><li class=\"g-breadcrumbs-item\">Pages<\/li><\/ol><\/div><\/div><\/div><\/div><\/div><\/section>\n<\/div><\/div><\/div><\/div><\/div><\/section><section class=\"l-section wpb_row height_medium\"><div class=\"l-section-h i-cf\"><div class=\"g-cols vc_row type_default valign_top gap-2em\"><style>.g-cols.gap-2em{margin:0 calc(-1.5rem - 2em)}.gap-2em > .vc_column_container {padding:2em}<\/style><div class=\"vc_col-sm-12 wpb_column vc_column_container animate_afb\" style=\"animation-delay:0.2s\"><div class=\"vc_column-inner\"><div class=\"wpb_wrapper\"><div id=\"ultimate-heading-899569e3bcce033f5\" class=\"uvc-heading ult-adjust-bottom-margin ultimate-heading-899569e3bcce033f5 uvc-890 \" data-hspacer=\"line_with_icon\" data-hline_width=\"200\" data-hicon_type=\"selector\" data-hborder_style=\"solid\" data-hborder_height=\"3\" data-hborder_color=\"#503201\" data-icon_width=\"32\" data-hfixer=\"20\"  data-halign=\"center\" style=\"text-align:center\"><div class=\"uvc-main-heading ult-responsive\"  data-ultimate-target='.uvc-heading.ultimate-heading-899569e3bcce033f5 h2'  data-responsive-json-new='{\"font-size\":\"\",\"line-height\":\"\"}' ><h2 style=\"font-weight:normal;margin-bottom:10px;\">Exterior plywood covered phenolic foil with anti-slip finish (hexa)<\/h2><\/div><div class=\"uvc-sub-heading ult-responsive\"  data-ultimate-target='.uvc-heading.ultimate-heading-899569e3bcce033f5 .uvc-sub-heading '  data-responsive-json-new='{\"font-size\":\"\",\"line-height\":\"\"}'  style=\"font-weight:normal;margin-bottom:10px;\">Product description<\/div><div class=\"uvc-heading-spacer line_with_icon\" style=\"topheight:32px;\"><div class=\"ult-just-icon-wrapper  \"><div class=\"align-icon\" style=\"text-align:center;\">\n<div class=\"aio-icon none \"  style=\"color:#64bc46;font-size:32px;display:inline-block;\">\n\t<i class=\"Defaults-stack-overflow\"><\/i>\n<\/div><\/div><\/div><\/div><\/div><\/div><\/div><\/div><div class=\"vc_col-sm-12 wpb_column vc_column_container\"><div class=\"vc_column-inner\"><div class=\"wpb_wrapper\"><div class=\"wpb_text_column\" ><div class=\"wpb_wrapper\"><p style=\"text-align: justify;\">Exterior plywood both sides (or one sidedly agreed with Customer) covered with phenolic or melamine foil, on which the hexa pattern is imprinted. Thanks to that board is anti-slip and has interesting visual effect. Foil covered surface protect board against moisture and increases resistance to mechanical damage, abrasion and atmospheric conditions. The term \u2018waterproof\u2019 refers to a glue joint which is resistant to water influence while the wood is higroscopic and can swelling and shrinking.<\/p>\n<\/div><\/div><div class=\"g-cols wpb_row  type_default valign_top vc_inner\"><div class=\"vc_col-sm-6 vc_col-sm-offset-3 vc_col-xs-12 wpb_column vc_column_container animate_afb\" style=\"animation-delay:0.5s\"><div class=\"vc_column-inner\"><div class=\"wpb_wrapper\"><div class=\"w-image align_center\"><a href=\"https:\/\/biaform.com.pl\/wp-content\/uploads\/2020\/04\/sklejka-wodoodporna-pokryta-folia-fenolowa-melaminowa-z-wykonczeniem-antypozlizgowym.jpg\" ref=\"magnificPopup\" aria-label=\"Link\" class=\"w-image-h\"><img decoding=\"async\" width=\"800\" height=\"562\" src=\"https:\/\/biaform.com.pl\/wp-content\/uploads\/2020\/04\/sklejka-wodoodporna-pokryta-folia-fenolowa-melaminowa-z-wykonczeniem-antypozlizgowym.jpg\" class=\"attachment-full size-full\" alt=\"Sklejka wodoodporna pokryta foli\u0105 fenolow\u0105 lub melaminow\u0105 z wyko\u0144czeniem antypo\u015blizgowym\" srcset=\"https:\/\/biaform.com.pl\/wp-content\/uploads\/2020\/04\/sklejka-wodoodporna-pokryta-folia-fenolowa-melaminowa-z-wykonczeniem-antypozlizgowym.jpg 800w, https:\/\/biaform.com.pl\/wp-content\/uploads\/2020\/04\/sklejka-wodoodporna-pokryta-folia-fenolowa-melaminowa-z-wykonczeniem-antypozlizgowym-300x211.jpg 300w\" sizes=\"(max-width: 800px) 100vw, 800px\" \/><\/a><\/div><\/div><\/div><\/div><\/div><\/div><\/div><\/div><div class=\"vc_col-sm-12 wpb_column vc_column_container\"><div class=\"vc_column-inner\"><div class=\"wpb_wrapper\"><div id=\"ultimate-heading-187169e3bcce03c4b\" class=\"uvc-heading ult-adjust-bottom-margin ultimate-heading-187169e3bcce03c4b uvc-206 \" data-hspacer=\"line_with_icon\" data-hline_width=\"200\" data-hicon_type=\"selector\" data-hborder_style=\"solid\" data-hborder_height=\"3\" data-hborder_color=\"#503201\" data-icon_width=\"32\" data-hfixer=\"20\"  data-halign=\"center\" style=\"text-align:center\"><div class=\"uvc-main-heading ult-responsive\"  data-ultimate-target='.uvc-heading.ultimate-heading-187169e3bcce03c4b h3'  data-responsive-json-new='{\"font-size\":\"\",\"line-height\":\"\"}' ><h3 style=\"font-weight:normal;margin-bottom:10px;\">Basic information about product<\/h3><\/div><div class=\"uvc-heading-spacer line_with_icon\" style=\"topheight:32px;\"><div class=\"ult-just-icon-wrapper  \"><div class=\"align-icon\" style=\"text-align:center;\">\n<div class=\"aio-icon none \"  style=\"color:#64bc46;font-size:32px;display:inline-block;\">\n\t<i class=\"Defaults-angle-double-down\"><\/i>\n<\/div><\/div><\/div><\/div><\/div><div class=\"w-separator size_small\"><\/div><div class=\"wpb_text_column\" ><div class=\"wpb_wrapper\"><table class=\"produkt\">\n<tbody>\n<tr>\n<td style=\"vertical-align: top;\"><strong>Usage<\/strong><\/td>\n<td>\n<ul>\n<li>platforms<\/li>\n<li>scaffoldings<\/li>\n<li>transport industry (vehicle floors, trailers)<\/li>\n<li>playgrounds<\/li>\n<li>stages<\/li>\n<\/ul>\n<\/td>\n<\/tr>\n<tr>\n<td style=\"vertical-align: top;\"><strong>Raw metarial of hexa plywood production<\/strong><\/td>\n<td>\n<ul>\n<li>deciduous (birch, alder), coniferous (spruce, pine)<\/li>\n<li>waterproof glue based on phenolformaldehyde resin<\/li>\n<li>phenolic or melamine film:<br \/>\n\u2013 density: 80\/220 g\/m\u00b2 or other agreed with Customer<br \/>\n\u2013 colour: grey, brown cover or other agreed with Customer<\/li>\n<li>Hexa imprint: one-sided or both sides<\/li>\n<\/ul>\n<\/td>\n<\/tr>\n<tr>\n<td style=\"vertical-align: top;\"><strong>Narrow edge protection<\/strong><\/td>\n<td>\n<ul>\n<li>acrylic water-based paint, color: brown or other agreed with Customer<\/li>\n<\/ul>\n<\/td>\n<\/tr>\n<tr>\n<td style=\"vertical-align: top;\"><strong>Available standard formats<\/strong><\/td>\n<td>\n<ul>\n<li>1550 x 1550\/2250\/2500\/2700\/3000\/3300 mm<\/li>\n<li>other formats subject to prior agreement with the Customer<\/li>\n<\/ul>\n<\/td>\n<\/tr>\n<tr>\n<td style=\"vertical-align: top;\"><strong>Thickness<\/strong><\/td>\n<td>\n<ul>\n<li>9-40 mm or other agreed with Customer<\/li>\n<\/ul>\n<\/td>\n<\/tr>\n<tr>\n<td style=\"vertical-align: top;\"><strong>Dimensional tolerances<\/strong><\/td>\n<td>\n<ul>\n<li>in accordance with PN-EN 315 or other agreed with Customer<\/li>\n<\/ul>\n<\/td>\n<\/tr>\n<tr>\n<td style=\"vertical-align: top;\"><strong>Technical specifications<\/strong><\/td>\n<td>\n<ul>\n<li>density 600-800 [kg\/m\u00b3]<\/li>\n<li>moisture 4-12 [%]<\/li>\n<li>glue quality according to PN-EN 314-2 class 3<\/li>\n<li>formaldehyde emission: El according to PN-EN 636<\/li>\n<\/ul>\n<\/td>\n<\/tr>\n<tr>\n<td style=\"vertical-align: top;\"><strong>Additional services<\/strong><\/td>\n<td>\n<ul>\n<li>CNC machining<\/li>\n<li>protect plywood against biological corrosion by adding fungicide<\/li>\n<li>cut to smaller format<\/li>\n<li>other agreed with Customer<\/li>\n<\/ul>\n<\/td>\n<\/tr>\n<\/tbody>\n<\/table>\n<\/div><\/div><\/div><\/div><\/div><div class=\"vc_col-sm-10 vc_col-md-offset-2 vc_col-md-8 vc_col-sm-offset-1 wpb_column vc_column_container\"><div class=\"vc_column-inner\"><div class=\"wpb_wrapper\"><div class=\"w-actionbox us_custom_f190302b color_secondary controls_right has_text_color\"><div class=\"w-actionbox-text\"><p>Technical conditions<\/p>\n<\/div><div class=\"w-actionbox-controls\"><a class=\"w-btn us-btn-style_1 icon_atright\" target=\"_blank\" href=\"\/wp-content\/uploads\/2020\/04\/exterior-plywood-covered-phenolic-foil-with-anti-slip-finish-hexa.pdf\" rel=\"noopener\"><span class=\"w-btn-label\">Download PDF<\/span><i class=\"fas fa-angle-double-right\"><\/i><\/a><\/div><\/div><\/div><\/div><\/div><\/div><\/div><\/section><section class=\"l-section wpb_row height_auto width_full\"><div class=\"l-section-h i-cf\"><div class=\"g-cols vc_row type_default valign_top\"><div class=\"vc_col-sm-12 wpb_column vc_column_container\"><div class=\"vc_column-inner\"><div class=\"wpb_wrapper\"><section class=\"l-section wpb_row height_huge with_img parallax_ver with_overlay\" id=\"cta-cont\"><div class=\"l-section-img\" style=\"background-image: url(https:\/\/biaform.com.pl\/wp-content\/uploads\/2020\/03\/biaform-kontakt.jpg);background-position: bottom center;background-repeat: no-repeat;\" data-img-width=\"1600\" data-img-height=\"1067\"><\/div><div class=\"l-section-overlay\" style=\"background: rgba(0,0,0,0.4)\"><\/div><div class=\"l-section-h i-cf\"><div class=\"g-cols vc_row type_default valign_top\"><div class=\"vc_col-sm-6 vc_col-lg-offset-8 vc_col-lg-4 vc_col-md-offset-7 vc_col-md-5 vc_col-sm-offset-6 wpb_column vc_column_container animate_fade\" style=\"animation-delay:0.2s\"><div class=\"vc_column-inner\"><div class=\"wpb_wrapper\"><div class=\"w-actionbox us_custom_2aff76bb color_primary controls_bottom\"><div class=\"w-actionbox-text\"><h3>Do you have questions?<\/h3><p>Call or write. We will be happy to answer your questions.<\/p>\n<\/div><div class=\"w-actionbox-controls\"><a class=\"w-btn us-btn-style_3 icon_atright\" title=\"Contact\" href=\"\/en\/contact\/\"><span class=\"w-btn-label\">Contact us<\/span><i class=\"fas fa-angle-double-right\"><\/i><\/a><\/div><\/div><\/div><\/div><\/div><\/div><\/div><\/section>\n<\/div><\/div><\/div><\/div><\/div><\/section>\n","protected":false},"excerpt":{"rendered":"Exterior plywood covered phenolic foil with anti-slip finish (hexa)Homechevron_rightPages Exterior plywood covered phenolic foil with anti-slip finish (hexa)Product description Exterior plywood both sides (or one sidedly agreed with Customer) covered with phenolic or melamine foil, on which the hexa pattern is imprinted. Thanks to that board is anti-slip and has interesting visual effect. Foil covered...","protected":false},"author":1,"featured_media":0,"parent":2188,"menu_order":5,"comment_status":"closed","ping_status":"closed","template":"","meta":{"_acf_changed":false,"footnotes":""},"class_list":["post-2213","page","type-page","status-publish","hentry"],"acf":[],"yoast_head":"<!-- This site is optimized with the Yoast SEO plugin v27.3 - https:\/\/yoast.com\/product\/yoast-seo-wordpress\/ -->\n<title>Exterior plywood covered phenolic foil with anti-slip finish (hexa) - Biaform SA Bia\u0142ystok<\/title>\n<meta name=\"robots\" content=\"index, follow, max-snippet:-1, max-image-preview:large, max-video-preview:-1\" \/>\n<link rel=\"canonical\" href=\"https:\/\/biaform.com.pl\/en\/products\/laminated-plywood\/exterior-plywood-covered-phenolic-foil-with-anti-slip-finish-hexa\/\" \/>\n<meta property=\"og:locale\" content=\"en_US\" \/>\n<meta property=\"og:type\" content=\"article\" \/>\n<meta property=\"og:title\" content=\"Exterior plywood covered phenolic foil with anti-slip finish (hexa) - Biaform SA Bia\u0142ystok\" \/>\n<meta property=\"og:url\" content=\"https:\/\/biaform.com.pl\/en\/products\/laminated-plywood\/exterior-plywood-covered-phenolic-foil-with-anti-slip-finish-hexa\/\" \/>\n<meta property=\"og:site_name\" content=\"Biaform SA Bia\u0142ystok\" \/>\n<meta property=\"article:modified_time\" content=\"2020-04-28T09:28:59+00:00\" \/>\n<meta name=\"twitter:card\" content=\"summary_large_image\" \/>\n<meta name=\"twitter:label1\" content=\"Est. reading time\" \/>\n\t<meta name=\"twitter:data1\" content=\"2 minutes\" \/>\n<script type=\"application\/ld+json\" class=\"yoast-schema-graph\">{\"@context\":\"https:\\\/\\\/schema.org\",\"@graph\":[{\"@type\":\"WebPage\",\"@id\":\"https:\\\/\\\/biaform.com.pl\\\/en\\\/products\\\/laminated-plywood\\\/exterior-plywood-covered-phenolic-foil-with-anti-slip-finish-hexa\\\/\",\"url\":\"https:\\\/\\\/biaform.com.pl\\\/en\\\/products\\\/laminated-plywood\\\/exterior-plywood-covered-phenolic-foil-with-anti-slip-finish-hexa\\\/\",\"name\":\"Exterior plywood covered phenolic foil with anti-slip finish (hexa) - Biaform SA Bia\u0142ystok\",\"isPartOf\":{\"@id\":\"https:\\\/\\\/biaform.com.pl\\\/en\\\/#website\"},\"datePublished\":\"2020-04-26T13:11:06+00:00\",\"dateModified\":\"2020-04-28T09:28:59+00:00\",\"breadcrumb\":{\"@id\":\"https:\\\/\\\/biaform.com.pl\\\/en\\\/products\\\/laminated-plywood\\\/exterior-plywood-covered-phenolic-foil-with-anti-slip-finish-hexa\\\/#breadcrumb\"},\"inLanguage\":\"en-US\",\"potentialAction\":[{\"@type\":\"ReadAction\",\"target\":[\"https:\\\/\\\/biaform.com.pl\\\/en\\\/products\\\/laminated-plywood\\\/exterior-plywood-covered-phenolic-foil-with-anti-slip-finish-hexa\\\/\"]}]},{\"@type\":\"BreadcrumbList\",\"@id\":\"https:\\\/\\\/biaform.com.pl\\\/en\\\/products\\\/laminated-plywood\\\/exterior-plywood-covered-phenolic-foil-with-anti-slip-finish-hexa\\\/#breadcrumb\",\"itemListElement\":[{\"@type\":\"ListItem\",\"position\":1,\"name\":\"Strona g\u0142\u00f3wna\",\"item\":\"https:\\\/\\\/biaform.com.pl\\\/en\\\/\"},{\"@type\":\"ListItem\",\"position\":2,\"name\":\"Products\",\"item\":\"https:\\\/\\\/biaform.com.pl\\\/en\\\/products\\\/\"},{\"@type\":\"ListItem\",\"position\":3,\"name\":\"Laminated plywood\",\"item\":\"https:\\\/\\\/biaform.com.pl\\\/en\\\/products\\\/laminated-plywood\\\/\"},{\"@type\":\"ListItem\",\"position\":4,\"name\":\"Exterior plywood covered phenolic foil with anti-slip finish (hexa)\"}]},{\"@type\":\"WebSite\",\"@id\":\"https:\\\/\\\/biaform.com.pl\\\/en\\\/#website\",\"url\":\"https:\\\/\\\/biaform.com.pl\\\/en\\\/\",\"name\":\"Biaform SA Bia\u0142ystok\",\"description\":\"\",\"potentialAction\":[{\"@type\":\"SearchAction\",\"target\":{\"@type\":\"EntryPoint\",\"urlTemplate\":\"https:\\\/\\\/biaform.com.pl\\\/en\\\/?s={search_term_string}\"},\"query-input\":{\"@type\":\"PropertyValueSpecification\",\"valueRequired\":true,\"valueName\":\"search_term_string\"}}],\"inLanguage\":\"en-US\"}]}<\/script>\n<!-- \/ Yoast SEO plugin. -->","yoast_head_json":{"title":"Exterior plywood covered phenolic foil with anti-slip finish (hexa) - Biaform SA Bia\u0142ystok","robots":{"index":"index","follow":"follow","max-snippet":"max-snippet:-1","max-image-preview":"max-image-preview:large","max-video-preview":"max-video-preview:-1"},"canonical":"https:\/\/biaform.com.pl\/en\/products\/laminated-plywood\/exterior-plywood-covered-phenolic-foil-with-anti-slip-finish-hexa\/","og_locale":"en_US","og_type":"article","og_title":"Exterior plywood covered phenolic foil with anti-slip finish (hexa) - Biaform SA Bia\u0142ystok","og_url":"https:\/\/biaform.com.pl\/en\/products\/laminated-plywood\/exterior-plywood-covered-phenolic-foil-with-anti-slip-finish-hexa\/","og_site_name":"Biaform SA Bia\u0142ystok","article_modified_time":"2020-04-28T09:28:59+00:00","twitter_card":"summary_large_image","twitter_misc":{"Est. reading time":"2 minutes"},"schema":{"@context":"https:\/\/schema.org","@graph":[{"@type":"WebPage","@id":"https:\/\/biaform.com.pl\/en\/products\/laminated-plywood\/exterior-plywood-covered-phenolic-foil-with-anti-slip-finish-hexa\/","url":"https:\/\/biaform.com.pl\/en\/products\/laminated-plywood\/exterior-plywood-covered-phenolic-foil-with-anti-slip-finish-hexa\/","name":"Exterior plywood covered phenolic foil with anti-slip finish (hexa) - Biaform SA Bia\u0142ystok","isPartOf":{"@id":"https:\/\/biaform.com.pl\/en\/#website"},"datePublished":"2020-04-26T13:11:06+00:00","dateModified":"2020-04-28T09:28:59+00:00","breadcrumb":{"@id":"https:\/\/biaform.com.pl\/en\/products\/laminated-plywood\/exterior-plywood-covered-phenolic-foil-with-anti-slip-finish-hexa\/#breadcrumb"},"inLanguage":"en-US","potentialAction":[{"@type":"ReadAction","target":["https:\/\/biaform.com.pl\/en\/products\/laminated-plywood\/exterior-plywood-covered-phenolic-foil-with-anti-slip-finish-hexa\/"]}]},{"@type":"BreadcrumbList","@id":"https:\/\/biaform.com.pl\/en\/products\/laminated-plywood\/exterior-plywood-covered-phenolic-foil-with-anti-slip-finish-hexa\/#breadcrumb","itemListElement":[{"@type":"ListItem","position":1,"name":"Strona g\u0142\u00f3wna","item":"https:\/\/biaform.com.pl\/en\/"},{"@type":"ListItem","position":2,"name":"Products","item":"https:\/\/biaform.com.pl\/en\/products\/"},{"@type":"ListItem","position":3,"name":"Laminated plywood","item":"https:\/\/biaform.com.pl\/en\/products\/laminated-plywood\/"},{"@type":"ListItem","position":4,"name":"Exterior plywood covered phenolic foil with anti-slip finish (hexa)"}]},{"@type":"WebSite","@id":"https:\/\/biaform.com.pl\/en\/#website","url":"https:\/\/biaform.com.pl\/en\/","name":"Biaform SA Bia\u0142ystok","description":"","potentialAction":[{"@type":"SearchAction","target":{"@type":"EntryPoint","urlTemplate":"https:\/\/biaform.com.pl\/en\/?s={search_term_string}"},"query-input":{"@type":"PropertyValueSpecification","valueRequired":true,"valueName":"search_term_string"}}],"inLanguage":"en-US"}]}},"_links":{"self":[{"href":"https:\/\/biaform.com.pl\/en\/wp-json\/wp\/v2\/pages\/2213","targetHints":{"allow":["GET"]}}],"collection":[{"href":"https:\/\/biaform.com.pl\/en\/wp-json\/wp\/v2\/pages"}],"about":[{"href":"https:\/\/biaform.com.pl\/en\/wp-json\/wp\/v2\/types\/page"}],"author":[{"embeddable":true,"href":"https:\/\/biaform.com.pl\/en\/wp-json\/wp\/v2\/users\/1"}],"replies":[{"embeddable":true,"href":"https:\/\/biaform.com.pl\/en\/wp-json\/wp\/v2\/comments?post=2213"}],"version-history":[{"count":0,"href":"https:\/\/biaform.com.pl\/en\/wp-json\/wp\/v2\/pages\/2213\/revisions"}],"up":[{"embeddable":true,"href":"https:\/\/biaform.com.pl\/en\/wp-json\/wp\/v2\/pages\/2188"}],"wp:attachment":[{"href":"https:\/\/biaform.com.pl\/en\/wp-json\/wp\/v2\/media?parent=2213"}],"curies":[{"name":"wp","href":"https:\/\/api.w.org\/{rel}","templated":true}]}}