{"id":3111,"date":"2020-06-28T12:00:39","date_gmt":"2020-06-28T10:00:39","guid":{"rendered":"https:\/\/biaform.com.pl\/?page_id=3111"},"modified":"2020-06-28T12:06:52","modified_gmt":"2020-06-28T10:06:52","slug":"historia","status":"publish","type":"page","link":"https:\/\/biaform.com.pl\/es\/sobre-empresa\/historia\/","title":{"rendered":"Historia"},"content":{"rendered":"<section class=\"l-section wpb_row height_auto width_full\"><div class=\"l-section-h i-cf\"><div class=\"g-cols vc_row type_default valign_top\"><div class=\"vc_col-sm-12 wpb_column vc_column_container\"><div class=\"vc_column-inner\"><div class=\"wpb_wrapper\"><section class=\"l-section wpb_row height_medium color_alternate with_img parallax_ver with_overlay\" id=\"title\"><div class=\"l-section-img\" style=\"background-image: url(https:\/\/biaform.com.pl\/wp-content\/uploads\/2020\/03\/title-bg-2.jpg);background-repeat: no-repeat;\" data-img-width=\"1920\" data-img-height=\"800\"><\/div><div class=\"l-section-overlay\" style=\"background: rgba(0,0,0,0.10)\"><\/div><div class=\"l-section-h i-cf\"><div class=\"g-cols vc_row type_default valign_middle\"><div class=\"vc_col-sm-6 wpb_column vc_column_container\"><div class=\"vc_column-inner\"><div class=\"wpb_wrapper\"><h1 class=\"w-post-elm post_title us_custom_607cd7e8 entry-title color_link_inherit\">Historia<\/h1><\/div><\/div><\/div><div class=\"vc_col-sm-6 wpb_column vc_column_container\"><div class=\"vc_column-inner\"><div class=\"wpb_wrapper\"><ol class=\"g-breadcrumbs us_custom_963f34bc separator_icon align_right has_text_color\" itemscope itemtype=\"http:\/\/schema.org\/BreadcrumbList\"><li class=\"g-breadcrumbs-item\" itemprop=\"itemListElement\" itemscope itemtype=\"http:\/\/schema.org\/ListItem\"><a itemprop=\"item\" href=\"https:\/\/biaform.com.pl\/es\/\"><span itemprop=\"name\">Inicio<\/span><\/a><meta itemprop=\"position\" content=\"1\"\/><\/li><li class=\"g-breadcrumbs-separator\"><i class=\"material-icons\">chevron_right<\/i><\/li><li class=\"g-breadcrumbs-item\">P\u00e1ginas<\/li><\/ol><\/div><\/div><\/div><\/div><\/div><\/section>\n<\/div><\/div><\/div><\/div><\/div><\/section><section class=\"l-section wpb_row height_medium\"><div class=\"l-section-h i-cf\"><div class=\"g-cols vc_row type_default valign_top gap-2em\"><style>.g-cols.gap-2em{margin:0 calc(-1.5rem - 2em)}.gap-2em > .vc_column_container {padding:2em}<\/style><div class=\"vc_col-sm-12 wpb_column vc_column_container animate_afb\" style=\"animation-delay:0.2s\"><div class=\"vc_column-inner\"><div class=\"wpb_wrapper\"><div id=\"ultimate-heading-135469e3169dae296\" class=\"uvc-heading ult-adjust-bottom-margin ultimate-heading-135469e3169dae296 uvc-1638 \" data-hspacer=\"line_with_icon\" data-hline_width=\"200\" data-hicon_type=\"selector\" data-hborder_style=\"solid\" data-hborder_height=\"3\" data-hborder_color=\"#503201\" data-icon_width=\"32\" data-hfixer=\"20\"  data-halign=\"center\" style=\"text-align:center\"><div class=\"uvc-main-heading ult-responsive\"  data-ultimate-target='.uvc-heading.ultimate-heading-135469e3169dae296 h2'  data-responsive-json-new='{\"font-size\":\"\",\"line-height\":\"\"}' ><h2 style=\"font-weight:normal;margin-bottom:10px;\">Historia<\/h2><\/div><div class=\"uvc-sub-heading ult-responsive\"  data-ultimate-target='.uvc-heading.ultimate-heading-135469e3169dae296 .uvc-sub-heading '  data-responsive-json-new='{\"font-size\":\"\",\"line-height\":\"\"}'  style=\"font-weight:normal;margin-bottom:10px;\">Inicios de Biaform SA<\/div><div class=\"uvc-heading-spacer line_with_icon\" style=\"topheight:32px;\"><div class=\"ult-just-icon-wrapper  \"><div class=\"align-icon\" style=\"text-align:center;\">\n<div class=\"aio-icon none \"  style=\"color:#64bc46;font-size:32px;display:inline-block;\">\n\t<i class=\"Defaults-stack-overflow\"><\/i>\n<\/div><\/div><\/div><\/div><\/div><\/div><\/div><\/div><div class=\"vc_col-sm-12 wpb_column vc_column_container\"><div class=\"vc_column-inner\"><div class=\"wpb_wrapper\"><div class=\"wpb_text_column title-box\" ><div class=\"wpb_wrapper\"><p style=\"text-align: justify;\">La producci\u00f3n de madera contrachapada comenz\u00f3 en su ubicaci\u00f3n actual en 1919 en la antigua f\u00e1brica de telas de la familia Hasbach. La f\u00e1brica abri\u00f3 debido a la proximidad de bosques ricos en madera y la demanda de madera contrachapada en los mercados mundiales. Los trabajadores de madera contrachapada de Bia\u0142ystok tuvieron sus primeros \u00e9xitos en 1926, cuando los productos de la compa\u00f1\u00eda se percib\u00edan como de alta calidad no solo en el pa\u00eds, sino tambi\u00e9n en el extranjero. En los a\u00f1os siguientes, la compa\u00f1\u00eda continu\u00f3 desarrollando exportaciones a Norteam\u00e9rica y Europa occidental. Durante la Segunda Guerra Mundial, la planta fue destruida. Fue reconstruida despu\u00e9s de la guerra y comenz\u00f3 la producci\u00f3n en 1948.<\/p>\n<\/div><\/div><div class=\"g-cols wpb_row  type_default valign_top vc_inner\"><div class=\"vc_col-sm-4 wpb_column vc_column_container\"><div class=\"vc_column-inner\"><div class=\"wpb_wrapper\"><div class=\"w-image align_center animate_afl\" style=\"animation-delay:0.4s\"><div class=\"w-image-h\"><img decoding=\"async\" width=\"300\" height=\"217\" src=\"https:\/\/biaform.com.pl\/wp-content\/uploads\/2020\/03\/biaform-historia-1.jpg\" class=\"attachment-full size-full\" alt=\"\" \/><\/div><\/div><\/div><\/div><\/div><div class=\"vc_col-sm-4 wpb_column vc_column_container\"><div class=\"vc_column-inner\"><div class=\"wpb_wrapper\"><div class=\"w-image align_center animate_fade\" style=\"animation-delay:0.1s\"><div class=\"w-image-h\"><img decoding=\"async\" width=\"300\" height=\"217\" src=\"https:\/\/biaform.com.pl\/wp-content\/uploads\/2020\/03\/biaform-historia-2.jpg\" class=\"attachment-full size-full\" alt=\"\" \/><\/div><\/div><\/div><\/div><\/div><div class=\"vc_col-sm-4 wpb_column vc_column_container\"><div class=\"vc_column-inner\"><div class=\"wpb_wrapper\"><div class=\"w-image align_center animate_afr\" style=\"animation-delay:0.4s\"><div class=\"w-image-h\"><img decoding=\"async\" width=\"300\" height=\"219\" src=\"https:\/\/biaform.com.pl\/wp-content\/uploads\/2020\/03\/biaform-historia-3.jpg\" class=\"attachment-full size-full\" alt=\"\" \/><\/div><\/div><\/div><\/div><\/div><\/div><\/div><\/div><\/div><div class=\"vc_col-sm-12 wpb_column vc_column_container\"><div class=\"vc_column-inner\"><div class=\"wpb_wrapper\"><div id=\"ultimate-heading-761069e3169daef71\" class=\"uvc-heading ult-adjust-bottom-margin ultimate-heading-761069e3169daef71 uvc-3552 \" data-hspacer=\"line_with_icon\" data-hline_width=\"200\" data-hicon_type=\"selector\" data-hborder_style=\"solid\" data-hborder_height=\"3\" data-hborder_color=\"#503201\" data-icon_width=\"32\" data-hfixer=\"20\"  data-halign=\"center\" style=\"text-align:center\"><div class=\"uvc-main-heading ult-responsive\"  data-ultimate-target='.uvc-heading.ultimate-heading-761069e3169daef71 h3'  data-responsive-json-new='{\"font-size\":\"\",\"line-height\":\"\"}' ><h3 style=\"font-weight:normal;margin-bottom:10px;\">Biaform S.A. actualmente<\/h3><\/div><div class=\"uvc-heading-spacer line_with_icon\" style=\"topheight:32px;\"><div class=\"ult-just-icon-wrapper  \"><div class=\"align-icon\" style=\"text-align:center;\">\n<div class=\"aio-icon none \"  style=\"color:#64bc46;font-size:32px;display:inline-block;\">\n\t<i class=\"Defaults-angle-double-down\"><\/i>\n<\/div><\/div><\/div><\/div><\/div><\/div><\/div><\/div><div class=\"vc_col-sm-12 wpb_column vc_column_container\"><div class=\"vc_column-inner\"><div class=\"wpb_wrapper\"><div class=\"wpb_text_column title-box\" ><div class=\"wpb_wrapper\"><p style=\"text-align: justify;\"><strong>BIAFORM SA<\/strong> es una empresa de producci\u00f3n y comercio que ofrece sobre todo la madera contrachapada de madera dura (abedul\/aliso). La estrategia de la compa\u00f1\u00eda desde su inicio ha sido la producci\u00f3n de madera contrachapada de alta calidad que excede los requisitos de las normas y establece nuevos est\u00e1ndares en la industria. Hoy, BIAFORM es conocido en Polonia y en el extranjero por mantener altos est\u00e1ndares de producci\u00f3n. La oferta incluye madera contrachapada con film, recubierta de pl\u00e1stico, barnizada, dise\u00f1ada para corte por l\u00e1ser. La producci\u00f3n se realiza solo a pedido del cliente. Los productos BIAFORM se utilizan en la construcci\u00f3n, la industria del transporte, el mobiliario interior y otros campos.<\/p>\n<\/div><\/div><div class=\"g-cols wpb_row  type_default valign_top vc_inner\"><div class=\"vc_col-sm-4 wpb_column vc_column_container\"><div class=\"vc_column-inner\"><div class=\"wpb_wrapper\"><div class=\"w-image align_center animate_afl\" style=\"animation-delay:0.4s\"><div class=\"w-image-h\"><img decoding=\"async\" width=\"1200\" height=\"800\" src=\"https:\/\/biaform.com.pl\/wp-content\/uploads\/2020\/04\/biaform-obecnie-1.jpg\" class=\"attachment-full size-full\" alt=\"\" srcset=\"https:\/\/biaform.com.pl\/wp-content\/uploads\/2020\/04\/biaform-obecnie-1.jpg 1200w, https:\/\/biaform.com.pl\/wp-content\/uploads\/2020\/04\/biaform-obecnie-1-300x200.jpg 300w, https:\/\/biaform.com.pl\/wp-content\/uploads\/2020\/04\/biaform-obecnie-1-1024x683.jpg 1024w\" sizes=\"(max-width: 1200px) 100vw, 1200px\" \/><\/div><\/div><\/div><\/div><\/div><div class=\"vc_col-sm-4 wpb_column vc_column_container\"><div class=\"vc_column-inner\"><div class=\"wpb_wrapper\"><div class=\"w-image align_center animate_fade\" style=\"animation-delay:0.1s\"><div class=\"w-image-h\"><img decoding=\"async\" width=\"1200\" height=\"800\" src=\"https:\/\/biaform.com.pl\/wp-content\/uploads\/2020\/04\/biaform-obecnie-2.jpg\" class=\"attachment-full size-full\" alt=\"\" srcset=\"https:\/\/biaform.com.pl\/wp-content\/uploads\/2020\/04\/biaform-obecnie-2.jpg 1200w, https:\/\/biaform.com.pl\/wp-content\/uploads\/2020\/04\/biaform-obecnie-2-300x200.jpg 300w, https:\/\/biaform.com.pl\/wp-content\/uploads\/2020\/04\/biaform-obecnie-2-1024x683.jpg 1024w\" sizes=\"(max-width: 1200px) 100vw, 1200px\" \/><\/div><\/div><\/div><\/div><\/div><div class=\"vc_col-sm-4 wpb_column vc_column_container\"><div class=\"vc_column-inner\"><div class=\"wpb_wrapper\"><div class=\"w-image align_center animate_afr\" style=\"animation-delay:0.4s\"><div class=\"w-image-h\"><img decoding=\"async\" width=\"1200\" height=\"800\" src=\"https:\/\/biaform.com.pl\/wp-content\/uploads\/2020\/04\/biaform-obecnie-3.jpg\" class=\"attachment-full size-full\" alt=\"\" srcset=\"https:\/\/biaform.com.pl\/wp-content\/uploads\/2020\/04\/biaform-obecnie-3.jpg 1200w, https:\/\/biaform.com.pl\/wp-content\/uploads\/2020\/04\/biaform-obecnie-3-300x200.jpg 300w, https:\/\/biaform.com.pl\/wp-content\/uploads\/2020\/04\/biaform-obecnie-3-1024x683.jpg 1024w\" sizes=\"(max-width: 1200px) 100vw, 1200px\" \/><\/div><\/div><\/div><\/div><\/div><\/div><\/div><\/div><\/div><div class=\"vc_col-sm-12 wpb_column vc_column_container\"><div class=\"vc_column-inner\"><div class=\"wpb_wrapper\"><\/div><\/div><\/div><\/div><\/div><\/section><section class=\"l-section wpb_row height_auto width_full\"><div class=\"l-section-h i-cf\"><div class=\"g-cols vc_row type_default valign_top\"><div class=\"vc_col-sm-12 wpb_column vc_column_container\"><div class=\"vc_column-inner\"><div class=\"wpb_wrapper\"><section class=\"l-section wpb_row height_huge with_img parallax_ver with_overlay\" id=\"cta-cont\"><div class=\"l-section-img\" style=\"background-image: url(https:\/\/biaform.com.pl\/wp-content\/uploads\/2020\/03\/biaform-kontakt.jpg);background-position: bottom center;background-repeat: no-repeat;\" data-img-width=\"1600\" data-img-height=\"1067\"><\/div><div class=\"l-section-overlay\" style=\"background: rgba(0,0,0,0.4)\"><\/div><div class=\"l-section-h i-cf\"><div class=\"g-cols vc_row type_default valign_top\"><div class=\"vc_col-sm-6 vc_col-lg-offset-8 vc_col-lg-4 vc_col-md-offset-7 vc_col-md-5 vc_col-sm-offset-6 wpb_column vc_column_container animate_fade\" style=\"animation-delay:0.2s\"><div class=\"vc_column-inner\"><div class=\"wpb_wrapper\"><div class=\"w-actionbox us_custom_2aff76bb color_primary controls_bottom\"><div class=\"w-actionbox-text\"><h3>\u00bfTienes preguntas?<\/h3><p>Ll\u00e1manos o nos escribe. Estaremos encantados de responder tus preguntas.<\/p>\n<\/div><div class=\"w-actionbox-controls\"><a class=\"w-btn us-btn-style_3 icon_atright\" title=\"Contacto\" href=\"https:\/\/biaform.com.pl\/es\/contacto\/\"><span class=\"w-btn-label\">Contacto<\/span><i class=\"fas fa-angle-double-right\"><\/i><\/a><\/div><\/div><\/div><\/div><\/div><\/div><\/div><\/section>\n<\/div><\/div><\/div><\/div><\/div><\/section>\n","protected":false},"excerpt":{"rendered":"HistoriaIniciochevron_rightP\u00e1ginas HistoriaInicios de Biaform SA La producci\u00f3n de madera contrachapada comenz\u00f3 en su ubicaci\u00f3n actual en 1919 en la antigua f\u00e1brica de telas de la familia Hasbach. La f\u00e1brica abri\u00f3 debido a la proximidad de bosques ricos en madera y la demanda de madera contrachapada en los mercados mundiales. Los trabajadores de madera contrachapada de...","protected":false},"author":1,"featured_media":0,"parent":3100,"menu_order":1,"comment_status":"closed","ping_status":"closed","template":"","meta":{"_acf_changed":false,"footnotes":""},"class_list":["post-3111","page","type-page","status-publish","hentry"],"acf":[],"yoast_head":"<!-- This site is optimized with the Yoast SEO plugin v27.3 - https:\/\/yoast.com\/product\/yoast-seo-wordpress\/ -->\n<title>Historia - Biaform SA Bia\u0142ystok<\/title>\n<meta name=\"robots\" content=\"index, follow, max-snippet:-1, max-image-preview:large, max-video-preview:-1\" \/>\n<link rel=\"canonical\" href=\"https:\/\/biaform.com.pl\/es\/sobre-empresa\/historia\/\" \/>\n<meta property=\"og:locale\" content=\"es_ES\" \/>\n<meta property=\"og:type\" content=\"article\" \/>\n<meta property=\"og:title\" content=\"Historia - Biaform SA Bia\u0142ystok\" \/>\n<meta property=\"og:url\" content=\"https:\/\/biaform.com.pl\/es\/sobre-empresa\/historia\/\" \/>\n<meta property=\"og:site_name\" content=\"Biaform SA Bia\u0142ystok\" \/>\n<meta property=\"article:modified_time\" content=\"2020-06-28T10:06:52+00:00\" \/>\n<meta name=\"twitter:card\" content=\"summary_large_image\" \/>\n<meta name=\"twitter:label1\" content=\"Tiempo de lectura\" \/>\n\t<meta name=\"twitter:data1\" content=\"3 minutos\" \/>\n<script type=\"application\/ld+json\" class=\"yoast-schema-graph\">{\"@context\":\"https:\\\/\\\/schema.org\",\"@graph\":[{\"@type\":\"WebPage\",\"@id\":\"https:\\\/\\\/biaform.com.pl\\\/es\\\/sobre-empresa\\\/historia\\\/\",\"url\":\"https:\\\/\\\/biaform.com.pl\\\/es\\\/sobre-empresa\\\/historia\\\/\",\"name\":\"Historia - Biaform SA Bia\u0142ystok\",\"isPartOf\":{\"@id\":\"https:\\\/\\\/biaform.com.pl\\\/es\\\/#website\"},\"datePublished\":\"2020-06-28T10:00:39+00:00\",\"dateModified\":\"2020-06-28T10:06:52+00:00\",\"breadcrumb\":{\"@id\":\"https:\\\/\\\/biaform.com.pl\\\/es\\\/sobre-empresa\\\/historia\\\/#breadcrumb\"},\"inLanguage\":\"es\",\"potentialAction\":[{\"@type\":\"ReadAction\",\"target\":[\"https:\\\/\\\/biaform.com.pl\\\/es\\\/sobre-empresa\\\/historia\\\/\"]}]},{\"@type\":\"BreadcrumbList\",\"@id\":\"https:\\\/\\\/biaform.com.pl\\\/es\\\/sobre-empresa\\\/historia\\\/#breadcrumb\",\"itemListElement\":[{\"@type\":\"ListItem\",\"position\":1,\"name\":\"Strona g\u0142\u00f3wna\",\"item\":\"https:\\\/\\\/biaform.com.pl\\\/es\\\/\"},{\"@type\":\"ListItem\",\"position\":2,\"name\":\"Sobre empresa\",\"item\":\"https:\\\/\\\/biaform.com.pl\\\/es\\\/sobre-empresa\\\/\"},{\"@type\":\"ListItem\",\"position\":3,\"name\":\"Historia\"}]},{\"@type\":\"WebSite\",\"@id\":\"https:\\\/\\\/biaform.com.pl\\\/es\\\/#website\",\"url\":\"https:\\\/\\\/biaform.com.pl\\\/es\\\/\",\"name\":\"Biaform SA Bia\u0142ystok\",\"description\":\"\",\"potentialAction\":[{\"@type\":\"SearchAction\",\"target\":{\"@type\":\"EntryPoint\",\"urlTemplate\":\"https:\\\/\\\/biaform.com.pl\\\/es\\\/?s={search_term_string}\"},\"query-input\":{\"@type\":\"PropertyValueSpecification\",\"valueRequired\":true,\"valueName\":\"search_term_string\"}}],\"inLanguage\":\"es\"}]}<\/script>\n<!-- \/ Yoast SEO plugin. -->","yoast_head_json":{"title":"Historia - Biaform SA Bia\u0142ystok","robots":{"index":"index","follow":"follow","max-snippet":"max-snippet:-1","max-image-preview":"max-image-preview:large","max-video-preview":"max-video-preview:-1"},"canonical":"https:\/\/biaform.com.pl\/es\/sobre-empresa\/historia\/","og_locale":"es_ES","og_type":"article","og_title":"Historia - Biaform SA Bia\u0142ystok","og_url":"https:\/\/biaform.com.pl\/es\/sobre-empresa\/historia\/","og_site_name":"Biaform SA Bia\u0142ystok","article_modified_time":"2020-06-28T10:06:52+00:00","twitter_card":"summary_large_image","twitter_misc":{"Tiempo de lectura":"3 minutos"},"schema":{"@context":"https:\/\/schema.org","@graph":[{"@type":"WebPage","@id":"https:\/\/biaform.com.pl\/es\/sobre-empresa\/historia\/","url":"https:\/\/biaform.com.pl\/es\/sobre-empresa\/historia\/","name":"Historia - Biaform SA Bia\u0142ystok","isPartOf":{"@id":"https:\/\/biaform.com.pl\/es\/#website"},"datePublished":"2020-06-28T10:00:39+00:00","dateModified":"2020-06-28T10:06:52+00:00","breadcrumb":{"@id":"https:\/\/biaform.com.pl\/es\/sobre-empresa\/historia\/#breadcrumb"},"inLanguage":"es","potentialAction":[{"@type":"ReadAction","target":["https:\/\/biaform.com.pl\/es\/sobre-empresa\/historia\/"]}]},{"@type":"BreadcrumbList","@id":"https:\/\/biaform.com.pl\/es\/sobre-empresa\/historia\/#breadcrumb","itemListElement":[{"@type":"ListItem","position":1,"name":"Strona g\u0142\u00f3wna","item":"https:\/\/biaform.com.pl\/es\/"},{"@type":"ListItem","position":2,"name":"Sobre empresa","item":"https:\/\/biaform.com.pl\/es\/sobre-empresa\/"},{"@type":"ListItem","position":3,"name":"Historia"}]},{"@type":"WebSite","@id":"https:\/\/biaform.com.pl\/es\/#website","url":"https:\/\/biaform.com.pl\/es\/","name":"Biaform SA Bia\u0142ystok","description":"","potentialAction":[{"@type":"SearchAction","target":{"@type":"EntryPoint","urlTemplate":"https:\/\/biaform.com.pl\/es\/?s={search_term_string}"},"query-input":{"@type":"PropertyValueSpecification","valueRequired":true,"valueName":"search_term_string"}}],"inLanguage":"es"}]}},"_links":{"self":[{"href":"https:\/\/biaform.com.pl\/es\/wp-json\/wp\/v2\/pages\/3111","targetHints":{"allow":["GET"]}}],"collection":[{"href":"https:\/\/biaform.com.pl\/es\/wp-json\/wp\/v2\/pages"}],"about":[{"href":"https:\/\/biaform.com.pl\/es\/wp-json\/wp\/v2\/types\/page"}],"author":[{"embeddable":true,"href":"https:\/\/biaform.com.pl\/es\/wp-json\/wp\/v2\/users\/1"}],"replies":[{"embeddable":true,"href":"https:\/\/biaform.com.pl\/es\/wp-json\/wp\/v2\/comments?post=3111"}],"version-history":[{"count":0,"href":"https:\/\/biaform.com.pl\/es\/wp-json\/wp\/v2\/pages\/3111\/revisions"}],"up":[{"embeddable":true,"href":"https:\/\/biaform.com.pl\/es\/wp-json\/wp\/v2\/pages\/3100"}],"wp:attachment":[{"href":"https:\/\/biaform.com.pl\/es\/wp-json\/wp\/v2\/media?parent=3111"}],"curies":[{"name":"wp","href":"https:\/\/api.w.org\/{rel}","templated":true}]}}