{"id":3254,"date":"2020-06-29T20:49:40","date_gmt":"2020-06-29T18:49:40","guid":{"rendered":"https:\/\/biaform.com.pl\/?page_id=3254"},"modified":"2020-06-30T21:40:43","modified_gmt":"2020-06-30T19:40:43","slug":"contrachapado-crudo-interior","status":"publish","type":"page","link":"https:\/\/biaform.com.pl\/es\/productos\/contrachapado-crudo\/contrachapado-crudo-interior\/","title":{"rendered":"Contrachapado crudo interior"},"content":{"rendered":"<section class=\"l-section wpb_row height_auto width_full\"><div class=\"l-section-h i-cf\"><div class=\"g-cols vc_row type_default valign_top\"><div class=\"vc_col-sm-12 wpb_column vc_column_container\"><div class=\"vc_column-inner\"><div class=\"wpb_wrapper\"><section class=\"l-section wpb_row height_medium color_alternate with_img parallax_ver with_overlay\" id=\"title\"><div class=\"l-section-img\" style=\"background-image: url(https:\/\/biaform.com.pl\/wp-content\/uploads\/2020\/03\/title-bg-2.jpg);background-repeat: no-repeat;\" data-img-width=\"1920\" data-img-height=\"800\"><\/div><div class=\"l-section-overlay\" style=\"background: rgba(0,0,0,0.10)\"><\/div><div class=\"l-section-h i-cf\"><div class=\"g-cols vc_row type_default valign_middle\"><div class=\"vc_col-sm-6 wpb_column vc_column_container\"><div class=\"vc_column-inner\"><div class=\"wpb_wrapper\"><h1 class=\"w-post-elm post_title us_custom_607cd7e8 entry-title color_link_inherit\">Contrachapado crudo interior<\/h1><\/div><\/div><\/div><div class=\"vc_col-sm-6 wpb_column vc_column_container\"><div class=\"vc_column-inner\"><div class=\"wpb_wrapper\"><ol class=\"g-breadcrumbs us_custom_963f34bc separator_icon align_right has_text_color\" itemscope itemtype=\"http:\/\/schema.org\/BreadcrumbList\"><li class=\"g-breadcrumbs-item\" itemprop=\"itemListElement\" itemscope itemtype=\"http:\/\/schema.org\/ListItem\"><a itemprop=\"item\" href=\"https:\/\/biaform.com.pl\/es\/\"><span itemprop=\"name\">Inicio<\/span><\/a><meta itemprop=\"position\" content=\"1\"\/><\/li><li class=\"g-breadcrumbs-separator\"><i class=\"material-icons\">chevron_right<\/i><\/li><li class=\"g-breadcrumbs-item\">P\u00e1ginas<\/li><\/ol><\/div><\/div><\/div><\/div><\/div><\/section>\n<\/div><\/div><\/div><\/div><\/div><\/section><section class=\"l-section wpb_row height_medium\"><div class=\"l-section-h i-cf\"><div class=\"g-cols vc_row type_default valign_top gap-2em\"><style>.g-cols.gap-2em{margin:0 calc(-1.5rem - 2em)}.gap-2em > .vc_column_container {padding:2em}<\/style><div class=\"vc_col-sm-12 wpb_column vc_column_container animate_afb\" style=\"animation-delay:0.2s\"><div class=\"vc_column-inner\"><div class=\"wpb_wrapper\"><div id=\"ultimate-heading-819269e5f527643a8\" class=\"uvc-heading ult-adjust-bottom-margin ultimate-heading-819269e5f527643a8 uvc-2871 \" data-hspacer=\"line_with_icon\" data-hline_width=\"200\" data-hicon_type=\"selector\" data-hborder_style=\"solid\" data-hborder_height=\"3\" data-hborder_color=\"#503201\" data-icon_width=\"32\" data-hfixer=\"20\"  data-halign=\"center\" style=\"text-align:center\"><div class=\"uvc-main-heading ult-responsive\"  data-ultimate-target='.uvc-heading.ultimate-heading-819269e5f527643a8 h2'  data-responsive-json-new='{\"font-size\":\"\",\"line-height\":\"\"}' ><h2 style=\"font-weight:normal;margin-bottom:10px;\">Contrachapado crudo interior<\/h2><\/div><div class=\"uvc-sub-heading ult-responsive\"  data-ultimate-target='.uvc-heading.ultimate-heading-819269e5f527643a8 .uvc-sub-heading '  data-responsive-json-new='{\"font-size\":\"\",\"line-height\":\"\"}'  style=\"font-weight:normal;margin-bottom:10px;\">Descripci\u00f3n del producto<\/div><div class=\"uvc-heading-spacer line_with_icon\" style=\"topheight:32px;\"><div class=\"ult-just-icon-wrapper  \"><div class=\"align-icon\" style=\"text-align:center;\">\n<div class=\"aio-icon none \"  style=\"color:#64bc46;font-size:32px;display:inline-block;\">\n\t<i class=\"Defaults-stack-overflow\"><\/i>\n<\/div><\/div><\/div><\/div><\/div><\/div><\/div><\/div><div class=\"vc_col-sm-12 wpb_column vc_column_container\"><div class=\"vc_column-inner\"><div class=\"wpb_wrapper\"><div class=\"wpb_text_column\" ><div class=\"wpb_wrapper\"><p style=\"text-align: justify;\">La madera contrachapada interior cruda no es resistente a las condiciones clim\u00e1ticas y est\u00e1 destinada para uso en condiciones secas, en habitaciones con humedad generalmente baja. Para su producci\u00f3n se utilizan colas a base de resina de urea-formaldeh\u00eddo.<\/p>\n<\/div><\/div><div class=\"g-cols wpb_row  type_default valign_top vc_inner\"><div class=\"vc_col-sm-6 vc_col-sm-offset-3 vc_col-xs-12 wpb_column vc_column_container animate_afb\" style=\"animation-delay:0.5s\"><div class=\"vc_column-inner\"><div class=\"wpb_wrapper\"><div class=\"w-image align_center\"><a href=\"https:\/\/biaform.com.pl\/wp-content\/uploads\/2020\/04\/sklejka-suchotrwala-surowa.jpg\" ref=\"magnificPopup\" aria-label=\"Enlace\" class=\"w-image-h\"><img decoding=\"async\" width=\"800\" height=\"562\" src=\"https:\/\/biaform.com.pl\/wp-content\/uploads\/2020\/04\/sklejka-suchotrwala-surowa.jpg\" class=\"attachment-full size-full\" alt=\"\" srcset=\"https:\/\/biaform.com.pl\/wp-content\/uploads\/2020\/04\/sklejka-suchotrwala-surowa.jpg 800w, https:\/\/biaform.com.pl\/wp-content\/uploads\/2020\/04\/sklejka-suchotrwala-surowa-300x211.jpg 300w\" sizes=\"(max-width: 800px) 100vw, 800px\" \/><\/a><\/div><\/div><\/div><\/div><\/div><\/div><\/div><\/div><div class=\"vc_col-sm-12 wpb_column vc_column_container\"><div class=\"vc_column-inner\"><div class=\"wpb_wrapper\"><div id=\"ultimate-heading-796169e5f52764e4f\" class=\"uvc-heading ult-adjust-bottom-margin ultimate-heading-796169e5f52764e4f uvc-671 \" data-hspacer=\"line_with_icon\" data-hline_width=\"200\" data-hicon_type=\"selector\" data-hborder_style=\"solid\" data-hborder_height=\"3\" data-hborder_color=\"#503201\" data-icon_width=\"32\" data-hfixer=\"20\"  data-halign=\"center\" style=\"text-align:center\"><div class=\"uvc-main-heading ult-responsive\"  data-ultimate-target='.uvc-heading.ultimate-heading-796169e5f52764e4f h3'  data-responsive-json-new='{\"font-size\":\"\",\"line-height\":\"\"}' ><h3 style=\"font-weight:normal;margin-bottom:10px;\">Datos b\u00e1sicos del producto<\/h3><\/div><div class=\"uvc-heading-spacer line_with_icon\" style=\"topheight:32px;\"><div class=\"ult-just-icon-wrapper  \"><div class=\"align-icon\" style=\"text-align:center;\">\n<div class=\"aio-icon none \"  style=\"color:#64bc46;font-size:32px;display:inline-block;\">\n\t<i class=\"Defaults-angle-double-down\"><\/i>\n<\/div><\/div><\/div><\/div><\/div><div class=\"w-separator size_small\"><\/div><div class=\"wpb_text_column\" ><div class=\"wpb_wrapper\"><p style=\"text-align: justify;\">La madera contrachapada consiste en capas de madera que se cruzan, las fibras de las capas adyacentes corren en \u00e1ngulo recto. La madera contrachapada interior est\u00e1 dise\u00f1ada para usarse en condiciones secas.<\/p>\n<\/div><\/div><div class=\"w-separator size_small\"><\/div><div class=\"wpb_text_column\" ><div class=\"wpb_wrapper\"><table class=\"produkt\">\n<tbody>\n<tr>\n<td style=\"vertical-align: top;\"><strong>Uso<\/strong><\/td>\n<td>\n<ul>\n<li>muebles<\/li>\n<li>carpinter\u00eda<\/li>\n<li>construcci\u00f3n<\/li>\n<li>embalajes<\/li>\n<\/ul>\n<\/td>\n<\/tr>\n<tr>\n<td style=\"vertical-align: top;\"><strong>Materias primas para la producci\u00f3n de contrachapado<\/strong><\/td>\n<td>\n<ul>\n<li>madera: frondosa (aliso, abedul), con\u00edfera (pino)<\/li>\n<li>adhesivos a base de resina de de urea-formaldeh\u00eddo<\/li>\n<\/ul>\n<\/td>\n<\/tr>\n<tr>\n<td style=\"vertical-align: top;\"><strong>Formatos estandar<\/strong><\/td>\n<td>\n<ul>\n<li>1550mmx1550\/2250 mm<\/li>\n<li>otros formatos para determinar con el cliente<\/li>\n<\/ul>\n<\/td>\n<\/tr>\n<tr>\n<td style=\"vertical-align: top;\"><strong>Espesor de contrachapado<\/strong><\/td>\n<td>\n<ul>\n<li>6mm-40mm<\/li>\n<\/ul>\n<\/td>\n<\/tr>\n<tr>\n<td style=\"vertical-align: top;\"><strong>Tolerancia de dimensiones<\/strong><\/td>\n<td>\n<ul>\n<li>seg\u00fan PN-EN 315 u otro acordado con el cliente<\/li>\n<\/ul>\n<\/td>\n<\/tr>\n<tr>\n<td style=\"vertical-align: top;\"><strong>Clases de calidad<\/strong><\/td>\n<td>\n<ul>\n<li>I, II, III, IV seg\u00fan PN-EN 635<\/li>\n<\/ul>\n<\/td>\n<\/tr>\n<tr>\n<td style=\"vertical-align: top;\"><strong>Par\u00e1metros t\u00e9cnicos<\/strong><\/td>\n<td>\n<ul>\n<li>densidad 600-750 [kg\/m\u00b3]<\/li>\n<li>humedad 4-10 [%]<\/li>\n<li>calidad de uni\u00f3n seg\u00fan PN-EN 314-2 clase 1<\/li>\n<li>emisi\u00f3n de formaldeh\u00eddo: E1 seg\u00fan PN-EN 636<\/li>\n<\/ul>\n<\/td>\n<\/tr>\n<tr>\n<td style=\"vertical-align: top;\"><strong>Servicios adicionales<\/strong><\/td>\n<td>\n<ul>\n<li>Mecanizado CNC<\/li>\n<li>corte en formatos m\u00e1s peque\u00f1os<\/li>\n<\/ul>\n<\/td>\n<\/tr>\n<\/tbody>\n<\/table>\n<\/div><\/div><\/div><\/div><\/div><div class=\"vc_col-sm-10 vc_col-md-offset-2 vc_col-md-8 vc_col-sm-offset-1 wpb_column vc_column_container\"><div class=\"vc_column-inner\"><div class=\"wpb_wrapper\"><div class=\"w-actionbox us_custom_f190302b color_secondary controls_right has_text_color\"><div class=\"w-actionbox-text\"><p>Descarga ficha t\u00e9cnica del producto<\/p>\n<\/div><div class=\"w-actionbox-controls\"><a class=\"w-btn us-btn-style_1 icon_atright\" target=\"_blank\" href=\"\/wp-content\/uploads\/2020\/04\/raw-plywood-for-interior-application.pdf\" rel=\"noopener\"><span class=\"w-btn-label\">Descarga PDF<\/span><i class=\"fas fa-angle-double-right\"><\/i><\/a><\/div><\/div><\/div><\/div><\/div><\/div><\/div><\/section><section class=\"l-section wpb_row height_auto width_full\"><div class=\"l-section-h i-cf\"><div class=\"g-cols vc_row type_default valign_top\"><div class=\"vc_col-sm-12 wpb_column vc_column_container\"><div class=\"vc_column-inner\"><div class=\"wpb_wrapper\"><section class=\"l-section wpb_row height_huge with_img parallax_ver with_overlay\" id=\"cta-cont\"><div class=\"l-section-img\" style=\"background-image: url(https:\/\/biaform.com.pl\/wp-content\/uploads\/2020\/03\/biaform-kontakt.jpg);background-position: bottom center;background-repeat: no-repeat;\" data-img-width=\"1600\" data-img-height=\"1067\"><\/div><div class=\"l-section-overlay\" style=\"background: rgba(0,0,0,0.4)\"><\/div><div class=\"l-section-h i-cf\"><div class=\"g-cols vc_row type_default valign_top\"><div class=\"vc_col-sm-6 vc_col-lg-offset-8 vc_col-lg-4 vc_col-md-offset-7 vc_col-md-5 vc_col-sm-offset-6 wpb_column vc_column_container animate_fade\" style=\"animation-delay:0.2s\"><div class=\"vc_column-inner\"><div class=\"wpb_wrapper\"><div class=\"w-actionbox us_custom_2aff76bb color_primary controls_bottom\"><div class=\"w-actionbox-text\"><h3>\u00bfTienes preguntas?<\/h3><p>Ll\u00e1manos o nos escribe. Estaremos encantados de responder tus preguntas.<\/p>\n<\/div><div class=\"w-actionbox-controls\"><a class=\"w-btn us-btn-style_3 icon_atright\" title=\"Contacto\" href=\"https:\/\/biaform.com.pl\/es\/contacto\/\"><span class=\"w-btn-label\">Contacto<\/span><i class=\"fas fa-angle-double-right\"><\/i><\/a><\/div><\/div><\/div><\/div><\/div><\/div><\/div><\/section>\n<\/div><\/div><\/div><\/div><\/div><\/section>\n","protected":false},"excerpt":{"rendered":"Contrachapado crudo interiorIniciochevron_rightP\u00e1ginas Contrachapado crudo interiorDescripci\u00f3n del producto La madera contrachapada interior cruda no es resistente a las condiciones clim\u00e1ticas y est\u00e1 destinada para uso en condiciones secas, en habitaciones con humedad generalmente baja. Para su producci\u00f3n se utilizan colas a base de resina de urea-formaldeh\u00eddo. Datos b\u00e1sicos del producto La madera contrachapada consiste en...","protected":false},"author":1,"featured_media":0,"parent":3225,"menu_order":2,"comment_status":"closed","ping_status":"closed","template":"","meta":{"_acf_changed":false,"footnotes":""},"class_list":["post-3254","page","type-page","status-publish","hentry"],"acf":[],"yoast_head":"<!-- This site is optimized with the Yoast SEO plugin v27.3 - https:\/\/yoast.com\/product\/yoast-seo-wordpress\/ -->\n<title>Contrachapado crudo interior - Biaform SA Bia\u0142ystok<\/title>\n<meta name=\"robots\" content=\"index, follow, max-snippet:-1, max-image-preview:large, max-video-preview:-1\" \/>\n<link rel=\"canonical\" href=\"https:\/\/biaform.com.pl\/es\/productos\/contrachapado-crudo\/contrachapado-crudo-interior\/\" \/>\n<meta property=\"og:locale\" content=\"es_ES\" \/>\n<meta property=\"og:type\" content=\"article\" \/>\n<meta property=\"og:title\" content=\"Contrachapado crudo interior - Biaform SA Bia\u0142ystok\" \/>\n<meta property=\"og:url\" content=\"https:\/\/biaform.com.pl\/es\/productos\/contrachapado-crudo\/contrachapado-crudo-interior\/\" \/>\n<meta property=\"og:site_name\" content=\"Biaform SA Bia\u0142ystok\" \/>\n<meta property=\"article:modified_time\" content=\"2020-06-30T19:40:43+00:00\" \/>\n<meta name=\"twitter:card\" content=\"summary_large_image\" \/>\n<meta name=\"twitter:label1\" content=\"Tiempo de lectura\" \/>\n\t<meta name=\"twitter:data1\" content=\"2 minutos\" \/>\n<script type=\"application\/ld+json\" class=\"yoast-schema-graph\">{\"@context\":\"https:\\\/\\\/schema.org\",\"@graph\":[{\"@type\":\"WebPage\",\"@id\":\"https:\\\/\\\/biaform.com.pl\\\/es\\\/productos\\\/contrachapado-crudo\\\/contrachapado-crudo-interior\\\/\",\"url\":\"https:\\\/\\\/biaform.com.pl\\\/es\\\/productos\\\/contrachapado-crudo\\\/contrachapado-crudo-interior\\\/\",\"name\":\"Contrachapado crudo interior - Biaform SA Bia\u0142ystok\",\"isPartOf\":{\"@id\":\"https:\\\/\\\/biaform.com.pl\\\/es\\\/#website\"},\"datePublished\":\"2020-06-29T18:49:40+00:00\",\"dateModified\":\"2020-06-30T19:40:43+00:00\",\"breadcrumb\":{\"@id\":\"https:\\\/\\\/biaform.com.pl\\\/es\\\/productos\\\/contrachapado-crudo\\\/contrachapado-crudo-interior\\\/#breadcrumb\"},\"inLanguage\":\"es\",\"potentialAction\":[{\"@type\":\"ReadAction\",\"target\":[\"https:\\\/\\\/biaform.com.pl\\\/es\\\/productos\\\/contrachapado-crudo\\\/contrachapado-crudo-interior\\\/\"]}]},{\"@type\":\"BreadcrumbList\",\"@id\":\"https:\\\/\\\/biaform.com.pl\\\/es\\\/productos\\\/contrachapado-crudo\\\/contrachapado-crudo-interior\\\/#breadcrumb\",\"itemListElement\":[{\"@type\":\"ListItem\",\"position\":1,\"name\":\"Strona g\u0142\u00f3wna\",\"item\":\"https:\\\/\\\/biaform.com.pl\\\/es\\\/\"},{\"@type\":\"ListItem\",\"position\":2,\"name\":\"Productos\",\"item\":\"https:\\\/\\\/biaform.com.pl\\\/es\\\/productos\\\/\"},{\"@type\":\"ListItem\",\"position\":3,\"name\":\"Contrachapado crudo\",\"item\":\"https:\\\/\\\/biaform.com.pl\\\/es\\\/productos\\\/contrachapado-crudo\\\/\"},{\"@type\":\"ListItem\",\"position\":4,\"name\":\"Contrachapado crudo interior\"}]},{\"@type\":\"WebSite\",\"@id\":\"https:\\\/\\\/biaform.com.pl\\\/es\\\/#website\",\"url\":\"https:\\\/\\\/biaform.com.pl\\\/es\\\/\",\"name\":\"Biaform SA Bia\u0142ystok\",\"description\":\"\",\"potentialAction\":[{\"@type\":\"SearchAction\",\"target\":{\"@type\":\"EntryPoint\",\"urlTemplate\":\"https:\\\/\\\/biaform.com.pl\\\/es\\\/?s={search_term_string}\"},\"query-input\":{\"@type\":\"PropertyValueSpecification\",\"valueRequired\":true,\"valueName\":\"search_term_string\"}}],\"inLanguage\":\"es\"}]}<\/script>\n<!-- \/ Yoast SEO plugin. -->","yoast_head_json":{"title":"Contrachapado crudo interior - Biaform SA Bia\u0142ystok","robots":{"index":"index","follow":"follow","max-snippet":"max-snippet:-1","max-image-preview":"max-image-preview:large","max-video-preview":"max-video-preview:-1"},"canonical":"https:\/\/biaform.com.pl\/es\/productos\/contrachapado-crudo\/contrachapado-crudo-interior\/","og_locale":"es_ES","og_type":"article","og_title":"Contrachapado crudo interior - Biaform SA Bia\u0142ystok","og_url":"https:\/\/biaform.com.pl\/es\/productos\/contrachapado-crudo\/contrachapado-crudo-interior\/","og_site_name":"Biaform SA Bia\u0142ystok","article_modified_time":"2020-06-30T19:40:43+00:00","twitter_card":"summary_large_image","twitter_misc":{"Tiempo de lectura":"2 minutos"},"schema":{"@context":"https:\/\/schema.org","@graph":[{"@type":"WebPage","@id":"https:\/\/biaform.com.pl\/es\/productos\/contrachapado-crudo\/contrachapado-crudo-interior\/","url":"https:\/\/biaform.com.pl\/es\/productos\/contrachapado-crudo\/contrachapado-crudo-interior\/","name":"Contrachapado crudo interior - Biaform SA Bia\u0142ystok","isPartOf":{"@id":"https:\/\/biaform.com.pl\/es\/#website"},"datePublished":"2020-06-29T18:49:40+00:00","dateModified":"2020-06-30T19:40:43+00:00","breadcrumb":{"@id":"https:\/\/biaform.com.pl\/es\/productos\/contrachapado-crudo\/contrachapado-crudo-interior\/#breadcrumb"},"inLanguage":"es","potentialAction":[{"@type":"ReadAction","target":["https:\/\/biaform.com.pl\/es\/productos\/contrachapado-crudo\/contrachapado-crudo-interior\/"]}]},{"@type":"BreadcrumbList","@id":"https:\/\/biaform.com.pl\/es\/productos\/contrachapado-crudo\/contrachapado-crudo-interior\/#breadcrumb","itemListElement":[{"@type":"ListItem","position":1,"name":"Strona g\u0142\u00f3wna","item":"https:\/\/biaform.com.pl\/es\/"},{"@type":"ListItem","position":2,"name":"Productos","item":"https:\/\/biaform.com.pl\/es\/productos\/"},{"@type":"ListItem","position":3,"name":"Contrachapado crudo","item":"https:\/\/biaform.com.pl\/es\/productos\/contrachapado-crudo\/"},{"@type":"ListItem","position":4,"name":"Contrachapado crudo interior"}]},{"@type":"WebSite","@id":"https:\/\/biaform.com.pl\/es\/#website","url":"https:\/\/biaform.com.pl\/es\/","name":"Biaform SA Bia\u0142ystok","description":"","potentialAction":[{"@type":"SearchAction","target":{"@type":"EntryPoint","urlTemplate":"https:\/\/biaform.com.pl\/es\/?s={search_term_string}"},"query-input":{"@type":"PropertyValueSpecification","valueRequired":true,"valueName":"search_term_string"}}],"inLanguage":"es"}]}},"_links":{"self":[{"href":"https:\/\/biaform.com.pl\/es\/wp-json\/wp\/v2\/pages\/3254","targetHints":{"allow":["GET"]}}],"collection":[{"href":"https:\/\/biaform.com.pl\/es\/wp-json\/wp\/v2\/pages"}],"about":[{"href":"https:\/\/biaform.com.pl\/es\/wp-json\/wp\/v2\/types\/page"}],"author":[{"embeddable":true,"href":"https:\/\/biaform.com.pl\/es\/wp-json\/wp\/v2\/users\/1"}],"replies":[{"embeddable":true,"href":"https:\/\/biaform.com.pl\/es\/wp-json\/wp\/v2\/comments?post=3254"}],"version-history":[{"count":0,"href":"https:\/\/biaform.com.pl\/es\/wp-json\/wp\/v2\/pages\/3254\/revisions"}],"up":[{"embeddable":true,"href":"https:\/\/biaform.com.pl\/es\/wp-json\/wp\/v2\/pages\/3225"}],"wp:attachment":[{"href":"https:\/\/biaform.com.pl\/es\/wp-json\/wp\/v2\/media?parent=3254"}],"curies":[{"name":"wp","href":"https:\/\/api.w.org\/{rel}","templated":true}]}}