{"id":3284,"date":"2020-06-29T21:26:09","date_gmt":"2020-06-29T19:26:09","guid":{"rendered":"https:\/\/biaform.com.pl\/?page_id=3284"},"modified":"2020-06-30T22:30:54","modified_gmt":"2020-06-30T20:30:54","slug":"contrachapado-exterior-con-film-fenolico-contrachapado-de-encofrado","status":"publish","type":"page","link":"https:\/\/biaform.com.pl\/es\/productos\/contrachapado-con-film\/contrachapado-exterior-con-film-fenolico-contrachapado-de-encofrado\/","title":{"rendered":"Contrachapado exterior con film fen\u00f3lico (contrachapado de encofrado)"},"content":{"rendered":"<section class=\"l-section wpb_row height_auto width_full\"><div class=\"l-section-h i-cf\"><div class=\"g-cols vc_row type_default valign_top\"><div class=\"vc_col-sm-12 wpb_column vc_column_container\"><div class=\"vc_column-inner\"><div class=\"wpb_wrapper\"><section class=\"l-section wpb_row height_medium color_alternate with_img parallax_ver with_overlay\" id=\"title\"><div class=\"l-section-img\" style=\"background-image: url(https:\/\/biaform.com.pl\/wp-content\/uploads\/2020\/03\/title-bg-2.jpg);background-repeat: no-repeat;\" data-img-width=\"1920\" data-img-height=\"800\"><\/div><div class=\"l-section-overlay\" style=\"background: rgba(0,0,0,0.10)\"><\/div><div class=\"l-section-h i-cf\"><div class=\"g-cols vc_row type_default valign_middle\"><div class=\"vc_col-sm-6 wpb_column vc_column_container\"><div class=\"vc_column-inner\"><div class=\"wpb_wrapper\"><h1 class=\"w-post-elm post_title us_custom_607cd7e8 entry-title color_link_inherit\">Contrachapado exterior con film fen\u00f3lico (contrachapado de encofrado)<\/h1><\/div><\/div><\/div><div class=\"vc_col-sm-6 wpb_column vc_column_container\"><div class=\"vc_column-inner\"><div class=\"wpb_wrapper\"><ol class=\"g-breadcrumbs us_custom_963f34bc separator_icon align_right has_text_color\" itemscope itemtype=\"http:\/\/schema.org\/BreadcrumbList\"><li class=\"g-breadcrumbs-item\" itemprop=\"itemListElement\" itemscope itemtype=\"http:\/\/schema.org\/ListItem\"><a itemprop=\"item\" href=\"https:\/\/biaform.com.pl\/es\/\"><span itemprop=\"name\">Inicio<\/span><\/a><meta itemprop=\"position\" content=\"1\"\/><\/li><li class=\"g-breadcrumbs-separator\"><i class=\"material-icons\">chevron_right<\/i><\/li><li class=\"g-breadcrumbs-item\">P\u00e1ginas<\/li><\/ol><\/div><\/div><\/div><\/div><\/div><\/section>\n<\/div><\/div><\/div><\/div><\/div><\/section><section class=\"l-section wpb_row height_medium\"><div class=\"l-section-h i-cf\"><div class=\"g-cols vc_row type_default valign_top gap-2em\"><style>.g-cols.gap-2em{margin:0 calc(-1.5rem - 2em)}.gap-2em > .vc_column_container {padding:2em}<\/style><div class=\"vc_col-sm-12 wpb_column vc_column_container animate_afb\" style=\"animation-delay:0.2s\"><div class=\"vc_column-inner\"><div class=\"wpb_wrapper\"><div id=\"ultimate-heading-34969e634b6a33d1\" class=\"uvc-heading ult-adjust-bottom-margin ultimate-heading-34969e634b6a33d1 uvc-1787 \" data-hspacer=\"line_with_icon\" data-hline_width=\"200\" data-hicon_type=\"selector\" data-hborder_style=\"solid\" data-hborder_height=\"3\" data-hborder_color=\"#503201\" data-icon_width=\"32\" data-hfixer=\"20\"  data-halign=\"center\" style=\"text-align:center\"><div class=\"uvc-main-heading ult-responsive\"  data-ultimate-target='.uvc-heading.ultimate-heading-34969e634b6a33d1 h2'  data-responsive-json-new='{\"font-size\":\"\",\"line-height\":\"\"}' ><h2 style=\"font-weight:normal;margin-bottom:10px;\">Contrachapado exterior con film fen\u00f3lico (contrachapado de encofrado)<\/h2><\/div><div class=\"uvc-sub-heading ult-responsive\"  data-ultimate-target='.uvc-heading.ultimate-heading-34969e634b6a33d1 .uvc-sub-heading '  data-responsive-json-new='{\"font-size\":\"\",\"line-height\":\"\"}'  style=\"font-weight:normal;margin-bottom:10px;\">Descripci\u00f3n del producto<\/div><div class=\"uvc-heading-spacer line_with_icon\" style=\"topheight:32px;\"><div class=\"ult-just-icon-wrapper  \"><div class=\"align-icon\" style=\"text-align:center;\">\n<div class=\"aio-icon none \"  style=\"color:#64bc46;font-size:32px;display:inline-block;\">\n\t<i class=\"Defaults-stack-overflow\"><\/i>\n<\/div><\/div><\/div><\/div><\/div><\/div><\/div><\/div><div class=\"vc_col-sm-12 wpb_column vc_column_container\"><div class=\"vc_column-inner\"><div class=\"wpb_wrapper\"><div class=\"wpb_text_column\" ><div class=\"wpb_wrapper\"><p style=\"text-align: justify;\">La madera contrachapada exterior cubierta con pel\u00edcula de fenol se usa sobre todo en la construcci\u00f3n como un elemento de los sistemas de encofrado. Se forma por pegar a las capas exteriores el papel impregnado con resina fen\u00f3lica. La superficie protege el tablero contra la humedad y aumenta la resistencia a la abrasi\u00f3n. Los bordes de tablero est\u00e1n protegidos con pintura acr\u00edlica.<\/p>\n<\/div><\/div><div class=\"g-cols wpb_row  type_default valign_top vc_inner\"><div class=\"vc_col-sm-6 wpb_column vc_column_container animate_afl\" style=\"animation-delay:0.5s\"><div class=\"vc_column-inner\"><div class=\"wpb_wrapper\"><div class=\"w-image align_center\"><a href=\"https:\/\/biaform.com.pl\/wp-content\/uploads\/2020\/04\/sklejka-wodoodporna-pokryta-filmem-fenolowym-z-wykonczeniem-gladkim.jpg\" ref=\"magnificPopup\" aria-label=\"Enlace\" class=\"w-image-h\"><img decoding=\"async\" width=\"800\" height=\"562\" src=\"https:\/\/biaform.com.pl\/wp-content\/uploads\/2020\/04\/sklejka-wodoodporna-pokryta-filmem-fenolowym-z-wykonczeniem-gladkim.jpg\" class=\"attachment-full size-full\" alt=\"\" srcset=\"https:\/\/biaform.com.pl\/wp-content\/uploads\/2020\/04\/sklejka-wodoodporna-pokryta-filmem-fenolowym-z-wykonczeniem-gladkim.jpg 800w, https:\/\/biaform.com.pl\/wp-content\/uploads\/2020\/04\/sklejka-wodoodporna-pokryta-filmem-fenolowym-z-wykonczeniem-gladkim-300x211.jpg 300w\" sizes=\"(max-width: 800px) 100vw, 800px\" \/><\/a><\/div><\/div><\/div><\/div><div class=\"vc_col-sm-6 wpb_column vc_column_container animate_afr\" style=\"animation-delay:0.5s\"><div class=\"vc_column-inner\"><div class=\"wpb_wrapper\"><div class=\"w-image align_center\"><a href=\"https:\/\/biaform.com.pl\/wp-content\/uploads\/2020\/04\/sklejka-wodoodporna-pokryta-filmem-fenolowym-z-wykonczeniem-gladkim-2.jpg\" ref=\"magnificPopup\" aria-label=\"Enlace\" class=\"w-image-h\"><img decoding=\"async\" width=\"800\" height=\"562\" src=\"https:\/\/biaform.com.pl\/wp-content\/uploads\/2020\/04\/sklejka-wodoodporna-pokryta-filmem-fenolowym-z-wykonczeniem-gladkim-2.jpg\" class=\"attachment-full size-full\" alt=\"\" srcset=\"https:\/\/biaform.com.pl\/wp-content\/uploads\/2020\/04\/sklejka-wodoodporna-pokryta-filmem-fenolowym-z-wykonczeniem-gladkim-2.jpg 800w, https:\/\/biaform.com.pl\/wp-content\/uploads\/2020\/04\/sklejka-wodoodporna-pokryta-filmem-fenolowym-z-wykonczeniem-gladkim-2-300x211.jpg 300w\" sizes=\"(max-width: 800px) 100vw, 800px\" \/><\/a><\/div><\/div><\/div><\/div><div class=\"vc_col-sm-6 wpb_column vc_column_container animate_afl\" style=\"animation-delay:0.2s\"><div class=\"vc_column-inner\"><div class=\"wpb_wrapper\"><div class=\"w-image align_center\"><a href=\"https:\/\/biaform.com.pl\/wp-content\/uploads\/2020\/04\/sklejka-wodoodporna-pokryta-filmem-fenolowym-z-wykonczeniem-gladkim-3.jpg\" ref=\"magnificPopup\" aria-label=\"Enlace\" class=\"w-image-h\"><img decoding=\"async\" width=\"800\" height=\"579\" src=\"https:\/\/biaform.com.pl\/wp-content\/uploads\/2020\/04\/sklejka-wodoodporna-pokryta-filmem-fenolowym-z-wykonczeniem-gladkim-3.jpg\" class=\"attachment-full size-full\" alt=\"\" srcset=\"https:\/\/biaform.com.pl\/wp-content\/uploads\/2020\/04\/sklejka-wodoodporna-pokryta-filmem-fenolowym-z-wykonczeniem-gladkim-3.jpg 800w, https:\/\/biaform.com.pl\/wp-content\/uploads\/2020\/04\/sklejka-wodoodporna-pokryta-filmem-fenolowym-z-wykonczeniem-gladkim-3-300x217.jpg 300w\" sizes=\"(max-width: 800px) 100vw, 800px\" \/><\/a><\/div><\/div><\/div><\/div><div class=\"vc_col-sm-6 wpb_column vc_column_container animate_afr\" style=\"animation-delay:0.2s\"><div class=\"vc_column-inner\"><div class=\"wpb_wrapper\"><div class=\"w-image align_center\"><a href=\"https:\/\/biaform.com.pl\/wp-content\/uploads\/2020\/04\/sklejka-wodoodporna-pokryta-filmem-fenolowym-z-wykonczeniem-gladkim-4.jpg\" ref=\"magnificPopup\" aria-label=\"Enlace\" class=\"w-image-h\"><img decoding=\"async\" width=\"800\" height=\"533\" src=\"https:\/\/biaform.com.pl\/wp-content\/uploads\/2020\/04\/sklejka-wodoodporna-pokryta-filmem-fenolowym-z-wykonczeniem-gladkim-4.jpg\" class=\"attachment-full size-full\" alt=\"\" srcset=\"https:\/\/biaform.com.pl\/wp-content\/uploads\/2020\/04\/sklejka-wodoodporna-pokryta-filmem-fenolowym-z-wykonczeniem-gladkim-4.jpg 800w, https:\/\/biaform.com.pl\/wp-content\/uploads\/2020\/04\/sklejka-wodoodporna-pokryta-filmem-fenolowym-z-wykonczeniem-gladkim-4-300x200.jpg 300w\" sizes=\"(max-width: 800px) 100vw, 800px\" \/><\/a><\/div><\/div><\/div><\/div><\/div><\/div><\/div><\/div><div class=\"vc_col-sm-12 wpb_column vc_column_container\"><div class=\"vc_column-inner\"><div class=\"wpb_wrapper\"><div id=\"ultimate-heading-403069e634b6a4869\" class=\"uvc-heading ult-adjust-bottom-margin ultimate-heading-403069e634b6a4869 uvc-8536 \" data-hspacer=\"line_with_icon\" data-hline_width=\"200\" data-hicon_type=\"selector\" data-hborder_style=\"solid\" data-hborder_height=\"3\" data-hborder_color=\"#503201\" data-icon_width=\"32\" data-hfixer=\"20\"  data-halign=\"center\" style=\"text-align:center\"><div class=\"uvc-main-heading ult-responsive\"  data-ultimate-target='.uvc-heading.ultimate-heading-403069e634b6a4869 h3'  data-responsive-json-new='{\"font-size\":\"\",\"line-height\":\"\"}' ><h3 style=\"font-weight:normal;margin-bottom:10px;\">Datos b\u00e1sicos del producto<\/h3><\/div><div class=\"uvc-heading-spacer line_with_icon\" style=\"topheight:32px;\"><div class=\"ult-just-icon-wrapper  \"><div class=\"align-icon\" style=\"text-align:center;\">\n<div class=\"aio-icon none \"  style=\"color:#64bc46;font-size:32px;display:inline-block;\">\n\t<i class=\"Defaults-angle-double-down\"><\/i>\n<\/div><\/div><\/div><\/div><\/div><div class=\"w-separator size_small\"><\/div><div class=\"wpb_text_column\" ><div class=\"wpb_wrapper\"><p style=\"text-align: justify;\">La madera contrachapada consiste en capas de madera que se cruzan, las fibras de las capas adyacentes corren en \u00e1ngulo recto. Contrachapado exterior con film fen\u00f3lico presionado en un o dos lados. La superficie fen\u00f3lica protege el tablero contra la humedad y aumenta la resistencia a los da\u00f1os mec\u00e1nicos.<\/p>\n<\/div><\/div><div class=\"w-separator size_small\"><\/div><div class=\"wpb_text_column\" ><div class=\"wpb_wrapper\"><table class=\"produkt\">\n<tbody>\n<tr>\n<td style=\"vertical-align: top;\"><strong>Uso<\/strong><\/td>\n<td>\n<ul>\n<li>encofrados de uso m\u00faltiple<\/li>\n<li>sistemas modulares de encofrado<\/li>\n<li>medios de transporte<\/li>\n<\/ul>\n<\/td>\n<\/tr>\n<tr>\n<td style=\"vertical-align: top;\"><strong>Materias primas para la producci\u00f3n de contrachapado<\/strong><\/td>\n<td>\n<ul>\n<li>madera: frondosa (aliso, abedul), con\u00edfera (pino)<\/li>\n<li>adhesivos a base de resina de fenil formaldeh\u00eddo<\/li>\n<li>film fen\u00f3lico (gramaje 120g\/m2\u00b2\u00f7220 g\/m2 u otro acordado con el cliente, color: marr\u00f3n oscuro u otro acordado con el cliente)<\/li>\n<\/ul>\n<\/td>\n<\/tr>\n<tr>\n<td style=\"vertical-align: top;\"><strong>Protecci\u00f3n de bordes<\/strong><\/td>\n<td>\n<ul>\n<li>pintura acr\u00edlica en el color marr\u00f3n u otro acordado con el cliente<\/li>\n<\/ul>\n<\/td>\n<\/tr>\n<tr>\n<td style=\"vertical-align: top;\"><strong>Formatos estandar<\/strong><\/td>\n<td>\n<ul>\n<li>1550mmx1550\/2250\/2500\/2700\/3000\/3300 mm<\/li>\n<li>otros formatos para determinar con el cliente<\/li>\n<\/ul>\n<\/td>\n<\/tr>\n<tr>\n<td style=\"vertical-align: top;\"><strong>Espesor de contrachapado<\/strong><\/td>\n<td>\n<ul>\n<li>4mm-40mm<\/li>\n<\/ul>\n<\/td>\n<\/tr>\n<tr>\n<td style=\"vertical-align: top;\"><strong>Tolerancia de dimensiones<\/strong><\/td>\n<td>\n<ul>\n<li>seg\u00fan PN-EN 315 u otro acordado con el cliente<\/li>\n<\/ul>\n<\/td>\n<\/tr>\n<tr>\n<td style=\"vertical-align: top;\"><strong>Par\u00e1metros t\u00e9cnicos<\/strong><\/td>\n<td>\n<ul>\n<li>densidad 600-800 [kg\/m\u00b3]<\/li>\n<li>humedad 4-10 [%]<\/li>\n<li>calidad de uni\u00f3n seg\u00fan PN-EN 314-2 clase 3<\/li>\n<li>emisi\u00f3n de formaldeh\u00eddo: E1 seg\u00fan PN-EN 636<\/li>\n<\/ul>\n<\/td>\n<\/tr>\n<tr>\n<td style=\"vertical-align: top;\"><strong>Servicios adicionales<\/strong><\/td>\n<td>\n<ul>\n<li>mecanizado CNC<\/li>\n<li>corte en formatos m\u00e1s peque\u00f1os<\/li>\n<li>protecci\u00f3n contra la corrosi\u00f3n biol\u00f3gica<\/li>\n<li>logotipo del cliente en el fim<\/li>\n<\/ul>\n<\/td>\n<\/tr>\n<\/tbody>\n<\/table>\n<\/div><\/div><\/div><\/div><\/div><div class=\"vc_col-sm-10 vc_col-md-offset-2 vc_col-md-8 vc_col-sm-offset-1 wpb_column vc_column_container\"><div class=\"vc_column-inner\"><div class=\"wpb_wrapper\"><div class=\"w-actionbox us_custom_f190302b color_secondary controls_right has_text_color\"><div class=\"w-actionbox-text\"><p>Descarga ficha t\u00e9cnica del producto<\/p>\n<\/div><div class=\"w-actionbox-controls\"><a class=\"w-btn us-btn-style_1 icon_atright\" target=\"_blank\" href=\"\/wp-content\/uploads\/2020\/04\/exterior-plywood-coated-with-phenolic-film-both-sides-smooth.pdf\" rel=\"noopener\"><span class=\"w-btn-label\">Descarga PDF<\/span><i class=\"fas fa-angle-double-right\"><\/i><\/a><\/div><\/div><\/div><\/div><\/div><\/div><\/div><\/section><section class=\"l-section wpb_row height_auto width_full\"><div class=\"l-section-h i-cf\"><div class=\"g-cols vc_row type_default valign_top\"><div class=\"vc_col-sm-12 wpb_column vc_column_container\"><div class=\"vc_column-inner\"><div class=\"wpb_wrapper\"><section class=\"l-section wpb_row height_huge with_img parallax_ver with_overlay\" id=\"cta-cont\"><div class=\"l-section-img\" style=\"background-image: url(https:\/\/biaform.com.pl\/wp-content\/uploads\/2020\/03\/biaform-kontakt.jpg);background-position: bottom center;background-repeat: no-repeat;\" data-img-width=\"1600\" data-img-height=\"1067\"><\/div><div class=\"l-section-overlay\" style=\"background: rgba(0,0,0,0.4)\"><\/div><div class=\"l-section-h i-cf\"><div class=\"g-cols vc_row type_default valign_top\"><div class=\"vc_col-sm-6 vc_col-lg-offset-8 vc_col-lg-4 vc_col-md-offset-7 vc_col-md-5 vc_col-sm-offset-6 wpb_column vc_column_container animate_fade\" style=\"animation-delay:0.2s\"><div class=\"vc_column-inner\"><div class=\"wpb_wrapper\"><div class=\"w-actionbox us_custom_2aff76bb color_primary controls_bottom\"><div class=\"w-actionbox-text\"><h3>\u00bfTienes preguntas?<\/h3><p>Ll\u00e1manos o nos escribe. Estaremos encantados de responder tus preguntas.<\/p>\n<\/div><div class=\"w-actionbox-controls\"><a class=\"w-btn us-btn-style_3 icon_atright\" title=\"Contacto\" href=\"https:\/\/biaform.com.pl\/es\/contacto\/\"><span class=\"w-btn-label\">Contacto<\/span><i class=\"fas fa-angle-double-right\"><\/i><\/a><\/div><\/div><\/div><\/div><\/div><\/div><\/div><\/section>\n<\/div><\/div><\/div><\/div><\/div><\/section>\n","protected":false},"excerpt":{"rendered":"Contrachapado exterior con film fen\u00f3lico (contrachapado de encofrado)Iniciochevron_rightP\u00e1ginas Contrachapado exterior con film fen\u00f3lico (contrachapado de encofrado)Descripci\u00f3n del producto La madera contrachapada exterior cubierta con pel\u00edcula de fenol se usa sobre todo en la construcci\u00f3n como un elemento de los sistemas de encofrado. Se forma por pegar a las capas exteriores el papel impregnado con resina...","protected":false},"author":1,"featured_media":0,"parent":3230,"menu_order":3,"comment_status":"closed","ping_status":"closed","template":"","meta":{"_acf_changed":false,"footnotes":""},"class_list":["post-3284","page","type-page","status-publish","hentry"],"acf":[],"yoast_head":"<!-- This site is optimized with the Yoast SEO plugin v27.3 - https:\/\/yoast.com\/product\/yoast-seo-wordpress\/ -->\n<title>Contrachapado exterior con film fen\u00f3lico (contrachapado de encofrado) - Biaform SA Bia\u0142ystok<\/title>\n<meta name=\"robots\" content=\"index, follow, max-snippet:-1, max-image-preview:large, max-video-preview:-1\" \/>\n<link rel=\"canonical\" href=\"https:\/\/biaform.com.pl\/es\/productos\/contrachapado-con-film\/contrachapado-exterior-con-film-fenolico-contrachapado-de-encofrado\/\" \/>\n<meta property=\"og:locale\" content=\"es_ES\" \/>\n<meta property=\"og:type\" content=\"article\" \/>\n<meta property=\"og:title\" content=\"Contrachapado exterior con film fen\u00f3lico (contrachapado de encofrado) - Biaform SA Bia\u0142ystok\" \/>\n<meta property=\"og:url\" content=\"https:\/\/biaform.com.pl\/es\/productos\/contrachapado-con-film\/contrachapado-exterior-con-film-fenolico-contrachapado-de-encofrado\/\" \/>\n<meta property=\"og:site_name\" content=\"Biaform SA Bia\u0142ystok\" \/>\n<meta property=\"article:modified_time\" content=\"2020-06-30T20:30:54+00:00\" \/>\n<meta name=\"twitter:card\" content=\"summary_large_image\" \/>\n<meta name=\"twitter:label1\" content=\"Tiempo de lectura\" \/>\n\t<meta name=\"twitter:data1\" content=\"3 minutos\" \/>\n<script type=\"application\/ld+json\" class=\"yoast-schema-graph\">{\"@context\":\"https:\\\/\\\/schema.org\",\"@graph\":[{\"@type\":\"WebPage\",\"@id\":\"https:\\\/\\\/biaform.com.pl\\\/es\\\/productos\\\/contrachapado-con-film\\\/contrachapado-exterior-con-film-fenolico-contrachapado-de-encofrado\\\/\",\"url\":\"https:\\\/\\\/biaform.com.pl\\\/es\\\/productos\\\/contrachapado-con-film\\\/contrachapado-exterior-con-film-fenolico-contrachapado-de-encofrado\\\/\",\"name\":\"Contrachapado exterior con film fen\u00f3lico (contrachapado de encofrado) - Biaform SA Bia\u0142ystok\",\"isPartOf\":{\"@id\":\"https:\\\/\\\/biaform.com.pl\\\/es\\\/#website\"},\"datePublished\":\"2020-06-29T19:26:09+00:00\",\"dateModified\":\"2020-06-30T20:30:54+00:00\",\"breadcrumb\":{\"@id\":\"https:\\\/\\\/biaform.com.pl\\\/es\\\/productos\\\/contrachapado-con-film\\\/contrachapado-exterior-con-film-fenolico-contrachapado-de-encofrado\\\/#breadcrumb\"},\"inLanguage\":\"es\",\"potentialAction\":[{\"@type\":\"ReadAction\",\"target\":[\"https:\\\/\\\/biaform.com.pl\\\/es\\\/productos\\\/contrachapado-con-film\\\/contrachapado-exterior-con-film-fenolico-contrachapado-de-encofrado\\\/\"]}]},{\"@type\":\"BreadcrumbList\",\"@id\":\"https:\\\/\\\/biaform.com.pl\\\/es\\\/productos\\\/contrachapado-con-film\\\/contrachapado-exterior-con-film-fenolico-contrachapado-de-encofrado\\\/#breadcrumb\",\"itemListElement\":[{\"@type\":\"ListItem\",\"position\":1,\"name\":\"Strona g\u0142\u00f3wna\",\"item\":\"https:\\\/\\\/biaform.com.pl\\\/es\\\/\"},{\"@type\":\"ListItem\",\"position\":2,\"name\":\"Productos\",\"item\":\"https:\\\/\\\/biaform.com.pl\\\/es\\\/productos\\\/\"},{\"@type\":\"ListItem\",\"position\":3,\"name\":\"Contrachapado con film\",\"item\":\"https:\\\/\\\/biaform.com.pl\\\/es\\\/productos\\\/contrachapado-con-film\\\/\"},{\"@type\":\"ListItem\",\"position\":4,\"name\":\"Contrachapado exterior con film fen\u00f3lico (contrachapado de encofrado)\"}]},{\"@type\":\"WebSite\",\"@id\":\"https:\\\/\\\/biaform.com.pl\\\/es\\\/#website\",\"url\":\"https:\\\/\\\/biaform.com.pl\\\/es\\\/\",\"name\":\"Biaform SA Bia\u0142ystok\",\"description\":\"\",\"potentialAction\":[{\"@type\":\"SearchAction\",\"target\":{\"@type\":\"EntryPoint\",\"urlTemplate\":\"https:\\\/\\\/biaform.com.pl\\\/es\\\/?s={search_term_string}\"},\"query-input\":{\"@type\":\"PropertyValueSpecification\",\"valueRequired\":true,\"valueName\":\"search_term_string\"}}],\"inLanguage\":\"es\"}]}<\/script>\n<!-- \/ Yoast SEO plugin. -->","yoast_head_json":{"title":"Contrachapado exterior con film fen\u00f3lico (contrachapado de encofrado) - Biaform SA Bia\u0142ystok","robots":{"index":"index","follow":"follow","max-snippet":"max-snippet:-1","max-image-preview":"max-image-preview:large","max-video-preview":"max-video-preview:-1"},"canonical":"https:\/\/biaform.com.pl\/es\/productos\/contrachapado-con-film\/contrachapado-exterior-con-film-fenolico-contrachapado-de-encofrado\/","og_locale":"es_ES","og_type":"article","og_title":"Contrachapado exterior con film fen\u00f3lico (contrachapado de encofrado) - Biaform SA Bia\u0142ystok","og_url":"https:\/\/biaform.com.pl\/es\/productos\/contrachapado-con-film\/contrachapado-exterior-con-film-fenolico-contrachapado-de-encofrado\/","og_site_name":"Biaform SA Bia\u0142ystok","article_modified_time":"2020-06-30T20:30:54+00:00","twitter_card":"summary_large_image","twitter_misc":{"Tiempo de lectura":"3 minutos"},"schema":{"@context":"https:\/\/schema.org","@graph":[{"@type":"WebPage","@id":"https:\/\/biaform.com.pl\/es\/productos\/contrachapado-con-film\/contrachapado-exterior-con-film-fenolico-contrachapado-de-encofrado\/","url":"https:\/\/biaform.com.pl\/es\/productos\/contrachapado-con-film\/contrachapado-exterior-con-film-fenolico-contrachapado-de-encofrado\/","name":"Contrachapado exterior con film fen\u00f3lico (contrachapado de encofrado) - Biaform SA Bia\u0142ystok","isPartOf":{"@id":"https:\/\/biaform.com.pl\/es\/#website"},"datePublished":"2020-06-29T19:26:09+00:00","dateModified":"2020-06-30T20:30:54+00:00","breadcrumb":{"@id":"https:\/\/biaform.com.pl\/es\/productos\/contrachapado-con-film\/contrachapado-exterior-con-film-fenolico-contrachapado-de-encofrado\/#breadcrumb"},"inLanguage":"es","potentialAction":[{"@type":"ReadAction","target":["https:\/\/biaform.com.pl\/es\/productos\/contrachapado-con-film\/contrachapado-exterior-con-film-fenolico-contrachapado-de-encofrado\/"]}]},{"@type":"BreadcrumbList","@id":"https:\/\/biaform.com.pl\/es\/productos\/contrachapado-con-film\/contrachapado-exterior-con-film-fenolico-contrachapado-de-encofrado\/#breadcrumb","itemListElement":[{"@type":"ListItem","position":1,"name":"Strona g\u0142\u00f3wna","item":"https:\/\/biaform.com.pl\/es\/"},{"@type":"ListItem","position":2,"name":"Productos","item":"https:\/\/biaform.com.pl\/es\/productos\/"},{"@type":"ListItem","position":3,"name":"Contrachapado con film","item":"https:\/\/biaform.com.pl\/es\/productos\/contrachapado-con-film\/"},{"@type":"ListItem","position":4,"name":"Contrachapado exterior con film fen\u00f3lico (contrachapado de encofrado)"}]},{"@type":"WebSite","@id":"https:\/\/biaform.com.pl\/es\/#website","url":"https:\/\/biaform.com.pl\/es\/","name":"Biaform SA Bia\u0142ystok","description":"","potentialAction":[{"@type":"SearchAction","target":{"@type":"EntryPoint","urlTemplate":"https:\/\/biaform.com.pl\/es\/?s={search_term_string}"},"query-input":{"@type":"PropertyValueSpecification","valueRequired":true,"valueName":"search_term_string"}}],"inLanguage":"es"}]}},"_links":{"self":[{"href":"https:\/\/biaform.com.pl\/es\/wp-json\/wp\/v2\/pages\/3284","targetHints":{"allow":["GET"]}}],"collection":[{"href":"https:\/\/biaform.com.pl\/es\/wp-json\/wp\/v2\/pages"}],"about":[{"href":"https:\/\/biaform.com.pl\/es\/wp-json\/wp\/v2\/types\/page"}],"author":[{"embeddable":true,"href":"https:\/\/biaform.com.pl\/es\/wp-json\/wp\/v2\/users\/1"}],"replies":[{"embeddable":true,"href":"https:\/\/biaform.com.pl\/es\/wp-json\/wp\/v2\/comments?post=3284"}],"version-history":[{"count":0,"href":"https:\/\/biaform.com.pl\/es\/wp-json\/wp\/v2\/pages\/3284\/revisions"}],"up":[{"embeddable":true,"href":"https:\/\/biaform.com.pl\/es\/wp-json\/wp\/v2\/pages\/3230"}],"wp:attachment":[{"href":"https:\/\/biaform.com.pl\/es\/wp-json\/wp\/v2\/media?parent=3284"}],"curies":[{"name":"wp","href":"https:\/\/api.w.org\/{rel}","templated":true}]}}