{"id":3865,"date":"2020-07-12T12:05:22","date_gmt":"2020-07-12T10:05:22","guid":{"rendered":"https:\/\/biaform.com.pl\/?page_id=3865"},"modified":"2020-07-12T12:06:43","modified_gmt":"2020-07-12T10:06:43","slug":"histoire","status":"publish","type":"page","link":"https:\/\/biaform.com.pl\/fr\/qui-sommes-nous\/histoire\/","title":{"rendered":"Histoire"},"content":{"rendered":"<section class=\"l-section wpb_row height_auto width_full\"><div class=\"l-section-h i-cf\"><div class=\"g-cols vc_row type_default valign_top\"><div class=\"vc_col-sm-12 wpb_column vc_column_container\"><div class=\"vc_column-inner\"><div class=\"wpb_wrapper\"><section class=\"l-section wpb_row height_medium color_alternate with_img parallax_ver with_overlay\" id=\"title\"><div class=\"l-section-img\" style=\"background-image: url(https:\/\/biaform.com.pl\/wp-content\/uploads\/2020\/03\/title-bg-2.jpg);background-repeat: no-repeat;\" data-img-width=\"1920\" data-img-height=\"800\"><\/div><div class=\"l-section-overlay\" style=\"background: rgba(0,0,0,0.10)\"><\/div><div class=\"l-section-h i-cf\"><div class=\"g-cols vc_row type_default valign_middle\"><div class=\"vc_col-sm-6 wpb_column vc_column_container\"><div class=\"vc_column-inner\"><div class=\"wpb_wrapper\"><h1 class=\"w-post-elm post_title us_custom_607cd7e8 entry-title color_link_inherit\">Histoire<\/h1><\/div><\/div><\/div><div class=\"vc_col-sm-6 wpb_column vc_column_container\"><div class=\"vc_column-inner\"><div class=\"wpb_wrapper\"><ol class=\"g-breadcrumbs us_custom_963f34bc separator_icon align_right has_text_color\" itemscope itemtype=\"http:\/\/schema.org\/BreadcrumbList\"><li class=\"g-breadcrumbs-item\" itemprop=\"itemListElement\" itemscope itemtype=\"http:\/\/schema.org\/ListItem\"><a itemprop=\"item\" href=\"https:\/\/biaform.com.pl\/fr\/\"><span itemprop=\"name\">Accueil<\/span><\/a><meta itemprop=\"position\" content=\"1\"\/><\/li><li class=\"g-breadcrumbs-separator\"><i class=\"material-icons\">chevron_right<\/i><\/li><li class=\"g-breadcrumbs-item\">Pages<\/li><\/ol><\/div><\/div><\/div><\/div><\/div><\/section>\n<\/div><\/div><\/div><\/div><\/div><\/section><section class=\"l-section wpb_row height_medium\"><div class=\"l-section-h i-cf\"><div class=\"g-cols vc_row type_default valign_top gap-2em\"><style>.g-cols.gap-2em{margin:0 calc(-1.5rem - 2em)}.gap-2em > .vc_column_container {padding:2em}<\/style><div class=\"vc_col-sm-12 wpb_column vc_column_container animate_afb\" style=\"animation-delay:0.2s\"><div class=\"vc_column-inner\"><div class=\"wpb_wrapper\"><div id=\"ultimate-heading-342669e5f3599a1a9\" class=\"uvc-heading ult-adjust-bottom-margin ultimate-heading-342669e5f3599a1a9 uvc-2026 \" data-hspacer=\"line_with_icon\" data-hline_width=\"200\" data-hicon_type=\"selector\" data-hborder_style=\"solid\" data-hborder_height=\"3\" data-hborder_color=\"#503201\" data-icon_width=\"32\" data-hfixer=\"20\"  data-halign=\"center\" style=\"text-align:center\"><div class=\"uvc-main-heading ult-responsive\"  data-ultimate-target='.uvc-heading.ultimate-heading-342669e5f3599a1a9 h2'  data-responsive-json-new='{\"font-size\":\"\",\"line-height\":\"\"}' ><h2 style=\"font-weight:normal;margin-bottom:10px;\">Histoire<\/h2><\/div><div class=\"uvc-heading-spacer line_with_icon\" style=\"topheight:32px;\"><div class=\"ult-just-icon-wrapper  \"><div class=\"align-icon\" style=\"text-align:center;\">\n<div class=\"aio-icon none \"  style=\"color:#64bc46;font-size:32px;display:inline-block;\">\n\t<i class=\"Defaults-stack-overflow\"><\/i>\n<\/div><\/div><\/div><\/div><\/div><\/div><\/div><\/div><div class=\"vc_col-sm-12 wpb_column vc_column_container\"><div class=\"vc_column-inner\"><div class=\"wpb_wrapper\"><div class=\"wpb_text_column title-box\" ><div class=\"wpb_wrapper\"><p style=\"text-align: justify;\">La production de contreplaqu\u00e9 a commenc\u00e9 en 1919 dans l&rsquo;ancienne usine de tissus de la famille Hasbach. La proximit\u00e9 de for\u00eats riches en bois et la demande de contreplaqu\u00e9 croissant sur les march\u00e9s mondiaux. Ces facteurs ont facilit\u00e9 l&rsquo;ouverture de l&rsquo;usine. Nous avons obtenu nos premiers succ\u00e8s en 1926 lorsque les produits de notre entreprise \u00e9taient per\u00e7us comme de haute qualit\u00e9 non seulement dans le pays mais aussi \u00e0 l&rsquo;\u00e9tranger. Au cours des ann\u00e9es suivantes, la soci\u00e9t\u00e9 a continu\u00e9 de d\u00e9velopper ses exportations vers l&rsquo;Am\u00e9rique du Nord et l&rsquo;Europe occidentale. Pendant la Seconde Guerre mondiale, l&rsquo;usine a \u00e9t\u00e9 d\u00e9truite. Il a \u00e9t\u00e9 reconstruit apr\u00e8s la guerre et a commenc\u00e9 sa production en 1948. L&rsquo;usine s&rsquo;est adapt\u00e9e aux changements et aux tendances \u00e9conomiques, d\u00e9veloppant avec succ\u00e8s la production. Les changements politiques et \u00e9conomiques dans le pays \u00e0 la fin des ann\u00e9es 80 et 90 ont affect\u00e9 l&rsquo;histoire de l&rsquo;entreprise. En 1994, la soci\u00e9t\u00e9 a \u00e9t\u00e9 transform\u00e9e en soci\u00e9t\u00e9 actionnaire unique du Tr\u00e9sor, puis en 2002, elle a \u00e9t\u00e9 privatis\u00e9e.<\/p>\n<\/div><\/div><div class=\"g-cols wpb_row  type_default valign_top vc_inner\"><div class=\"vc_col-sm-4 wpb_column vc_column_container\"><div class=\"vc_column-inner\"><div class=\"wpb_wrapper\"><div class=\"w-image align_center animate_afl\" style=\"animation-delay:0.4s\"><div class=\"w-image-h\"><img decoding=\"async\" width=\"300\" height=\"217\" src=\"https:\/\/biaform.com.pl\/wp-content\/uploads\/2020\/03\/biaform-historia-1.jpg\" class=\"attachment-full size-full\" alt=\"\" \/><\/div><\/div><\/div><\/div><\/div><div class=\"vc_col-sm-4 wpb_column vc_column_container\"><div class=\"vc_column-inner\"><div class=\"wpb_wrapper\"><div class=\"w-image align_center animate_fade\" style=\"animation-delay:0.1s\"><div class=\"w-image-h\"><img decoding=\"async\" width=\"300\" height=\"217\" src=\"https:\/\/biaform.com.pl\/wp-content\/uploads\/2020\/03\/biaform-historia-2.jpg\" class=\"attachment-full size-full\" alt=\"\" \/><\/div><\/div><\/div><\/div><\/div><div class=\"vc_col-sm-4 wpb_column vc_column_container\"><div class=\"vc_column-inner\"><div class=\"wpb_wrapper\"><div class=\"w-image align_center animate_afr\" style=\"animation-delay:0.4s\"><div class=\"w-image-h\"><img decoding=\"async\" width=\"300\" height=\"219\" src=\"https:\/\/biaform.com.pl\/wp-content\/uploads\/2020\/03\/biaform-historia-3.jpg\" class=\"attachment-full size-full\" alt=\"\" \/><\/div><\/div><\/div><\/div><\/div><\/div><\/div><\/div><\/div><div class=\"vc_col-sm-12 wpb_column vc_column_container\"><div class=\"vc_column-inner\"><div class=\"wpb_wrapper\"><div id=\"ultimate-heading-791569e5f3599af56\" class=\"uvc-heading ult-adjust-bottom-margin ultimate-heading-791569e5f3599af56 uvc-4014 \" data-hspacer=\"line_with_icon\" data-hline_width=\"200\" data-hicon_type=\"selector\" data-hborder_style=\"solid\" data-hborder_height=\"3\" data-hborder_color=\"#503201\" data-icon_width=\"32\" data-hfixer=\"20\"  data-halign=\"center\" style=\"text-align:center\"><div class=\"uvc-main-heading ult-responsive\"  data-ultimate-target='.uvc-heading.ultimate-heading-791569e5f3599af56 h3'  data-responsive-json-new='{\"font-size\":\"\",\"line-height\":\"\"}' ><h3 style=\"font-weight:normal;margin-bottom:10px;\">Biaform aujourd'hui<\/h3><\/div><div class=\"uvc-heading-spacer line_with_icon\" style=\"topheight:32px;\"><div class=\"ult-just-icon-wrapper  \"><div class=\"align-icon\" style=\"text-align:center;\">\n<div class=\"aio-icon none \"  style=\"color:#64bc46;font-size:32px;display:inline-block;\">\n\t<i class=\"Defaults-angle-double-down\"><\/i>\n<\/div><\/div><\/div><\/div><\/div><\/div><\/div><\/div><div class=\"vc_col-sm-12 wpb_column vc_column_container\"><div class=\"vc_column-inner\"><div class=\"wpb_wrapper\"><div class=\"wpb_text_column title-box\" ><div class=\"wpb_wrapper\"><p style=\"text-align: justify;\"><strong>BIAFORM SA<\/strong> est une soci\u00e9t\u00e9 de production et de n\u00e9goce proposant du contreplaqu\u00e9 de feuillus (bouleau \/ aulne). La strat\u00e9gie de l&rsquo;entreprise depuis sa cr\u00e9ation a \u00e9t\u00e9 la production de contreplaqu\u00e9 de qualit\u00e9 sup\u00e9rieure d\u00e9passant les exigences des normes et \u00e9tablissant de nouvelles normes dans l&rsquo;industrie. Aujourd&rsquo;hui, BIAFORM est connu dans le pays et \u00e0 l&rsquo;\u00e9tranger. L&rsquo;offre comporte : le contreplaqu\u00e9 film\u00e9, contreplaqu\u00e9 vernis, contreplaqu\u00e9 lamin\u00e9 plastique, contreplaqu\u00e9 destin\u00e9 \u00e0 la d\u00e9coupe laser. Nous produisons des marchandises uniquement sur commande du client. Les produits BIAFORM sont utilis\u00e9s dans la construction, les services de transport, l&rsquo;ameublement int\u00e9rieur et d&rsquo;autres applications.<\/p>\n<\/div><\/div><div class=\"g-cols wpb_row  type_default valign_top vc_inner\"><div class=\"vc_col-sm-4 wpb_column vc_column_container\"><div class=\"vc_column-inner\"><div class=\"wpb_wrapper\"><div class=\"w-image align_center animate_afl\" style=\"animation-delay:0.4s\"><div class=\"w-image-h\"><img decoding=\"async\" width=\"1200\" height=\"800\" src=\"https:\/\/biaform.com.pl\/wp-content\/uploads\/2020\/04\/biaform-obecnie-1.jpg\" class=\"attachment-full size-full\" alt=\"\" srcset=\"https:\/\/biaform.com.pl\/wp-content\/uploads\/2020\/04\/biaform-obecnie-1.jpg 1200w, https:\/\/biaform.com.pl\/wp-content\/uploads\/2020\/04\/biaform-obecnie-1-300x200.jpg 300w, https:\/\/biaform.com.pl\/wp-content\/uploads\/2020\/04\/biaform-obecnie-1-1024x683.jpg 1024w\" sizes=\"(max-width: 1200px) 100vw, 1200px\" \/><\/div><\/div><\/div><\/div><\/div><div class=\"vc_col-sm-4 wpb_column vc_column_container\"><div class=\"vc_column-inner\"><div class=\"wpb_wrapper\"><div class=\"w-image align_center animate_fade\" style=\"animation-delay:0.1s\"><div class=\"w-image-h\"><img decoding=\"async\" width=\"1200\" height=\"800\" src=\"https:\/\/biaform.com.pl\/wp-content\/uploads\/2020\/04\/biaform-obecnie-2.jpg\" class=\"attachment-full size-full\" alt=\"\" srcset=\"https:\/\/biaform.com.pl\/wp-content\/uploads\/2020\/04\/biaform-obecnie-2.jpg 1200w, https:\/\/biaform.com.pl\/wp-content\/uploads\/2020\/04\/biaform-obecnie-2-300x200.jpg 300w, https:\/\/biaform.com.pl\/wp-content\/uploads\/2020\/04\/biaform-obecnie-2-1024x683.jpg 1024w\" sizes=\"(max-width: 1200px) 100vw, 1200px\" \/><\/div><\/div><\/div><\/div><\/div><div class=\"vc_col-sm-4 wpb_column vc_column_container\"><div class=\"vc_column-inner\"><div class=\"wpb_wrapper\"><div class=\"w-image align_center animate_afr\" style=\"animation-delay:0.4s\"><div class=\"w-image-h\"><img decoding=\"async\" width=\"1200\" height=\"800\" src=\"https:\/\/biaform.com.pl\/wp-content\/uploads\/2020\/04\/biaform-obecnie-3.jpg\" class=\"attachment-full size-full\" alt=\"\" srcset=\"https:\/\/biaform.com.pl\/wp-content\/uploads\/2020\/04\/biaform-obecnie-3.jpg 1200w, https:\/\/biaform.com.pl\/wp-content\/uploads\/2020\/04\/biaform-obecnie-3-300x200.jpg 300w, https:\/\/biaform.com.pl\/wp-content\/uploads\/2020\/04\/biaform-obecnie-3-1024x683.jpg 1024w\" sizes=\"(max-width: 1200px) 100vw, 1200px\" \/><\/div><\/div><\/div><\/div><\/div><\/div><\/div><\/div><\/div><\/div><\/div><\/section><section class=\"l-section wpb_row height_auto width_full\"><div class=\"l-section-h i-cf\"><div class=\"g-cols vc_row type_default valign_top\"><div class=\"vc_col-sm-12 wpb_column vc_column_container\"><div class=\"vc_column-inner\"><div class=\"wpb_wrapper\"><section class=\"l-section wpb_row height_huge with_img parallax_ver with_overlay\" id=\"cta-cont\"><div class=\"l-section-img\" style=\"background-image: url(https:\/\/biaform.com.pl\/wp-content\/uploads\/2020\/03\/biaform-kontakt.jpg);background-position: bottom center;background-repeat: no-repeat;\" data-img-width=\"1600\" data-img-height=\"1067\"><\/div><div class=\"l-section-overlay\" style=\"background: rgba(0,0,0,0.4)\"><\/div><div class=\"l-section-h i-cf\"><div class=\"g-cols vc_row type_default valign_top\"><div class=\"vc_col-sm-6 vc_col-lg-offset-8 vc_col-lg-4 vc_col-md-offset-7 vc_col-md-5 vc_col-sm-offset-6 wpb_column vc_column_container animate_fade\" style=\"animation-delay:0.2s\"><div class=\"vc_column-inner\"><div class=\"wpb_wrapper\"><div class=\"w-actionbox us_custom_2aff76bb color_primary controls_bottom\"><div class=\"w-actionbox-text\"><h3>Avez- vous des questions ?<\/h3><p>Appelez ou \u00e9crivez. Nous r\u00e9pondrons avec plaisir \u00e0 vos questions.<\/p>\n<\/div><div class=\"w-actionbox-controls\"><a class=\"w-btn us-btn-style_3 icon_atright\" title=\"conta\" href=\"\/fr\/contact\/\"><span class=\"w-btn-label\">Contactez-nous<\/span><i class=\"fas fa-angle-double-right\"><\/i><\/a><\/div><\/div><\/div><\/div><\/div><\/div><\/div><\/section>\n<\/div><\/div><\/div><\/div><\/div><\/section>\n","protected":false},"excerpt":{"rendered":"HistoireAccueilchevron_rightPages Histoire La production de contreplaqu\u00e9 a commenc\u00e9 en 1919 dans l&rsquo;ancienne usine de tissus de la famille Hasbach. La proximit\u00e9 de for\u00eats riches en bois et la demande de contreplaqu\u00e9 croissant sur les march\u00e9s mondiaux. Ces facteurs ont facilit\u00e9 l&rsquo;ouverture de l&rsquo;usine. Nous avons obtenu nos premiers succ\u00e8s en 1926 lorsque les produits de...","protected":false},"author":1,"featured_media":0,"parent":3855,"menu_order":1,"comment_status":"closed","ping_status":"closed","template":"","meta":{"_acf_changed":false,"footnotes":""},"class_list":["post-3865","page","type-page","status-publish","hentry"],"acf":[],"yoast_head":"<!-- This site is optimized with the Yoast SEO plugin v27.3 - https:\/\/yoast.com\/product\/yoast-seo-wordpress\/ -->\n<title>Histoire - Biaform SA Bia\u0142ystok<\/title>\n<meta name=\"robots\" content=\"index, follow, max-snippet:-1, max-image-preview:large, max-video-preview:-1\" \/>\n<link rel=\"canonical\" href=\"https:\/\/biaform.com.pl\/fr\/qui-sommes-nous\/histoire\/\" \/>\n<meta property=\"og:locale\" content=\"fr_FR\" \/>\n<meta property=\"og:type\" content=\"article\" \/>\n<meta property=\"og:title\" content=\"Histoire - Biaform SA Bia\u0142ystok\" \/>\n<meta property=\"og:url\" content=\"https:\/\/biaform.com.pl\/fr\/qui-sommes-nous\/histoire\/\" \/>\n<meta property=\"og:site_name\" content=\"Biaform SA Bia\u0142ystok\" \/>\n<meta property=\"article:modified_time\" content=\"2020-07-12T10:06:43+00:00\" \/>\n<meta name=\"twitter:card\" content=\"summary_large_image\" \/>\n<meta name=\"twitter:label1\" content=\"Dur\u00e9e de lecture estim\u00e9e\" \/>\n\t<meta name=\"twitter:data1\" content=\"3 minutes\" \/>\n<script type=\"application\/ld+json\" class=\"yoast-schema-graph\">{\"@context\":\"https:\\\/\\\/schema.org\",\"@graph\":[{\"@type\":\"WebPage\",\"@id\":\"https:\\\/\\\/biaform.com.pl\\\/fr\\\/qui-sommes-nous\\\/histoire\\\/\",\"url\":\"https:\\\/\\\/biaform.com.pl\\\/fr\\\/qui-sommes-nous\\\/histoire\\\/\",\"name\":\"Histoire - Biaform SA Bia\u0142ystok\",\"isPartOf\":{\"@id\":\"https:\\\/\\\/biaform.com.pl\\\/fr\\\/#website\"},\"datePublished\":\"2020-07-12T10:05:22+00:00\",\"dateModified\":\"2020-07-12T10:06:43+00:00\",\"breadcrumb\":{\"@id\":\"https:\\\/\\\/biaform.com.pl\\\/fr\\\/qui-sommes-nous\\\/histoire\\\/#breadcrumb\"},\"inLanguage\":\"fr-FR\",\"potentialAction\":[{\"@type\":\"ReadAction\",\"target\":[\"https:\\\/\\\/biaform.com.pl\\\/fr\\\/qui-sommes-nous\\\/histoire\\\/\"]}]},{\"@type\":\"BreadcrumbList\",\"@id\":\"https:\\\/\\\/biaform.com.pl\\\/fr\\\/qui-sommes-nous\\\/histoire\\\/#breadcrumb\",\"itemListElement\":[{\"@type\":\"ListItem\",\"position\":1,\"name\":\"Strona g\u0142\u00f3wna\",\"item\":\"https:\\\/\\\/biaform.com.pl\\\/fr\\\/\"},{\"@type\":\"ListItem\",\"position\":2,\"name\":\"Qui sommes nous?\",\"item\":\"https:\\\/\\\/biaform.com.pl\\\/fr\\\/qui-sommes-nous\\\/\"},{\"@type\":\"ListItem\",\"position\":3,\"name\":\"Histoire\"}]},{\"@type\":\"WebSite\",\"@id\":\"https:\\\/\\\/biaform.com.pl\\\/fr\\\/#website\",\"url\":\"https:\\\/\\\/biaform.com.pl\\\/fr\\\/\",\"name\":\"Biaform SA Bia\u0142ystok\",\"description\":\"\",\"potentialAction\":[{\"@type\":\"SearchAction\",\"target\":{\"@type\":\"EntryPoint\",\"urlTemplate\":\"https:\\\/\\\/biaform.com.pl\\\/fr\\\/?s={search_term_string}\"},\"query-input\":{\"@type\":\"PropertyValueSpecification\",\"valueRequired\":true,\"valueName\":\"search_term_string\"}}],\"inLanguage\":\"fr-FR\"}]}<\/script>\n<!-- \/ Yoast SEO plugin. -->","yoast_head_json":{"title":"Histoire - Biaform SA Bia\u0142ystok","robots":{"index":"index","follow":"follow","max-snippet":"max-snippet:-1","max-image-preview":"max-image-preview:large","max-video-preview":"max-video-preview:-1"},"canonical":"https:\/\/biaform.com.pl\/fr\/qui-sommes-nous\/histoire\/","og_locale":"fr_FR","og_type":"article","og_title":"Histoire - Biaform SA Bia\u0142ystok","og_url":"https:\/\/biaform.com.pl\/fr\/qui-sommes-nous\/histoire\/","og_site_name":"Biaform SA Bia\u0142ystok","article_modified_time":"2020-07-12T10:06:43+00:00","twitter_card":"summary_large_image","twitter_misc":{"Dur\u00e9e de lecture estim\u00e9e":"3 minutes"},"schema":{"@context":"https:\/\/schema.org","@graph":[{"@type":"WebPage","@id":"https:\/\/biaform.com.pl\/fr\/qui-sommes-nous\/histoire\/","url":"https:\/\/biaform.com.pl\/fr\/qui-sommes-nous\/histoire\/","name":"Histoire - Biaform SA Bia\u0142ystok","isPartOf":{"@id":"https:\/\/biaform.com.pl\/fr\/#website"},"datePublished":"2020-07-12T10:05:22+00:00","dateModified":"2020-07-12T10:06:43+00:00","breadcrumb":{"@id":"https:\/\/biaform.com.pl\/fr\/qui-sommes-nous\/histoire\/#breadcrumb"},"inLanguage":"fr-FR","potentialAction":[{"@type":"ReadAction","target":["https:\/\/biaform.com.pl\/fr\/qui-sommes-nous\/histoire\/"]}]},{"@type":"BreadcrumbList","@id":"https:\/\/biaform.com.pl\/fr\/qui-sommes-nous\/histoire\/#breadcrumb","itemListElement":[{"@type":"ListItem","position":1,"name":"Strona g\u0142\u00f3wna","item":"https:\/\/biaform.com.pl\/fr\/"},{"@type":"ListItem","position":2,"name":"Qui sommes nous?","item":"https:\/\/biaform.com.pl\/fr\/qui-sommes-nous\/"},{"@type":"ListItem","position":3,"name":"Histoire"}]},{"@type":"WebSite","@id":"https:\/\/biaform.com.pl\/fr\/#website","url":"https:\/\/biaform.com.pl\/fr\/","name":"Biaform SA Bia\u0142ystok","description":"","potentialAction":[{"@type":"SearchAction","target":{"@type":"EntryPoint","urlTemplate":"https:\/\/biaform.com.pl\/fr\/?s={search_term_string}"},"query-input":{"@type":"PropertyValueSpecification","valueRequired":true,"valueName":"search_term_string"}}],"inLanguage":"fr-FR"}]}},"_links":{"self":[{"href":"https:\/\/biaform.com.pl\/fr\/wp-json\/wp\/v2\/pages\/3865","targetHints":{"allow":["GET"]}}],"collection":[{"href":"https:\/\/biaform.com.pl\/fr\/wp-json\/wp\/v2\/pages"}],"about":[{"href":"https:\/\/biaform.com.pl\/fr\/wp-json\/wp\/v2\/types\/page"}],"author":[{"embeddable":true,"href":"https:\/\/biaform.com.pl\/fr\/wp-json\/wp\/v2\/users\/1"}],"replies":[{"embeddable":true,"href":"https:\/\/biaform.com.pl\/fr\/wp-json\/wp\/v2\/comments?post=3865"}],"version-history":[{"count":0,"href":"https:\/\/biaform.com.pl\/fr\/wp-json\/wp\/v2\/pages\/3865\/revisions"}],"up":[{"embeddable":true,"href":"https:\/\/biaform.com.pl\/fr\/wp-json\/wp\/v2\/pages\/3855"}],"wp:attachment":[{"href":"https:\/\/biaform.com.pl\/fr\/wp-json\/wp\/v2\/media?parent=3865"}],"curies":[{"name":"wp","href":"https:\/\/api.w.org\/{rel}","templated":true}]}}