{"id":3875,"date":"2020-07-12T12:27:31","date_gmt":"2020-07-12T10:27:31","guid":{"rendered":"https:\/\/biaform.com.pl\/?page_id=3875"},"modified":"2020-07-12T12:28:17","modified_gmt":"2020-07-12T10:28:17","slug":"services","status":"publish","type":"page","link":"https:\/\/biaform.com.pl\/fr\/qui-sommes-nous\/services\/","title":{"rendered":"Services"},"content":{"rendered":"<section class=\"l-section wpb_row height_auto width_full\"><div class=\"l-section-h i-cf\"><div class=\"g-cols vc_row type_default valign_top\"><div class=\"vc_col-sm-12 wpb_column vc_column_container\"><div class=\"vc_column-inner\"><div class=\"wpb_wrapper\"><section class=\"l-section wpb_row height_medium color_alternate with_img parallax_ver with_overlay\" id=\"title\"><div class=\"l-section-img\" style=\"background-image: url(https:\/\/biaform.com.pl\/wp-content\/uploads\/2020\/03\/title-bg-2.jpg);background-repeat: no-repeat;\" data-img-width=\"1920\" data-img-height=\"800\"><\/div><div class=\"l-section-overlay\" style=\"background: rgba(0,0,0,0.10)\"><\/div><div class=\"l-section-h i-cf\"><div class=\"g-cols vc_row type_default valign_middle\"><div class=\"vc_col-sm-6 wpb_column vc_column_container\"><div class=\"vc_column-inner\"><div class=\"wpb_wrapper\"><h1 class=\"w-post-elm post_title us_custom_607cd7e8 entry-title color_link_inherit\">Services<\/h1><\/div><\/div><\/div><div class=\"vc_col-sm-6 wpb_column vc_column_container\"><div class=\"vc_column-inner\"><div class=\"wpb_wrapper\"><ol class=\"g-breadcrumbs us_custom_963f34bc separator_icon align_right has_text_color\" itemscope itemtype=\"http:\/\/schema.org\/BreadcrumbList\"><li class=\"g-breadcrumbs-item\" itemprop=\"itemListElement\" itemscope itemtype=\"http:\/\/schema.org\/ListItem\"><a itemprop=\"item\" href=\"https:\/\/biaform.com.pl\/fr\/\"><span itemprop=\"name\">Accueil<\/span><\/a><meta itemprop=\"position\" content=\"1\"\/><\/li><li class=\"g-breadcrumbs-separator\"><i class=\"material-icons\">chevron_right<\/i><\/li><li class=\"g-breadcrumbs-item\">Pages<\/li><\/ol><\/div><\/div><\/div><\/div><\/div><\/section>\n<\/div><\/div><\/div><\/div><\/div><\/section><section class=\"l-section wpb_row height_medium\"><div class=\"l-section-h i-cf\"><div class=\"g-cols vc_row type_default valign_top gap-2em\"><style>.g-cols.gap-2em{margin:0 calc(-1.5rem - 2em)}.gap-2em > .vc_column_container {padding:2em}<\/style><div class=\"vc_col-sm-12 wpb_column vc_column_container animate_afb\" style=\"animation-delay:0.2s\"><div class=\"vc_column-inner\"><div class=\"wpb_wrapper\"><div id=\"ultimate-heading-691569e5e15014833\" class=\"uvc-heading ult-adjust-bottom-margin ultimate-heading-691569e5e15014833 uvc-1110 \" data-hspacer=\"line_with_icon\" data-hline_width=\"200\" data-hicon_type=\"selector\" data-hborder_style=\"solid\" data-hborder_height=\"3\" data-hborder_color=\"#503201\" data-icon_width=\"32\" data-hfixer=\"20\"  data-halign=\"center\" style=\"text-align:center\"><div class=\"uvc-main-heading ult-responsive\"  data-ultimate-target='.uvc-heading.ultimate-heading-691569e5e15014833 h2'  data-responsive-json-new='{\"font-size\":\"\",\"line-height\":\"\"}' ><h2 style=\"font-weight:normal;margin-bottom:10px;\">Usinage CNC<\/h2><\/div><div class=\"uvc-sub-heading ult-responsive\"  data-ultimate-target='.uvc-heading.ultimate-heading-691569e5e15014833 .uvc-sub-heading '  data-responsive-json-new='{\"font-size\":\"\",\"line-height\":\"\"}'  style=\"font-weight:normal;margin-bottom:10px;\">Service suppl\u00e9mentaire<\/div><div class=\"uvc-heading-spacer line_with_icon\" style=\"topheight:32px;\"><div class=\"ult-just-icon-wrapper  \"><div class=\"align-icon\" style=\"text-align:center;\">\n<div class=\"aio-icon none \"  style=\"color:#64bc46;font-size:32px;display:inline-block;\">\n\t<i class=\"Defaults-stack-overflow\"><\/i>\n<\/div><\/div><\/div><\/div><\/div><\/div><\/div><\/div><div class=\"vc_col-sm-12 wpb_column vc_column_container\"><div class=\"vc_column-inner us_custom_8535c5f4\"><div class=\"wpb_wrapper\"><div class=\"g-cols wpb_row  type_default valign_top vc_inner\"><div class=\"vc_col-sm-6 wpb_column vc_column_container animate_afl\" style=\"animation-delay:0.5s\"><div class=\"vc_column-inner\"><div class=\"wpb_wrapper\"><div class=\"wpb_text_column title-box\" ><div class=\"wpb_wrapper\"><p style=\"text-align: justify;\">Biaform a le plaisir d&rsquo;annoncer que nous offrons un service suppl\u00e9mentaire:<\/p>\n<\/div><\/div><div class=\"uavc-list-icon uavc-list-icon-wrapper ult-adjust-bottom-margin   \"><ul class=\"uavc-list\"><li><div class=\"uavc-list-content\" id=\"list-icon-wrap-3301\">\n<div class=\"uavc-list-icon  \" data-animation=\"\" data-animation-delay=\"03\" style=\"margin-right:10px;\"><div class=\"ult-just-icon-wrapper  \"><div class=\"align-icon\" style=\"text-align:center;\">\n<div class=\"aio-icon none \"  style=\"color:#64bc46;font-size:20px;display:inline-block;\">\n\t<i class=\"Defaults-check\"><\/i>\n<\/div><\/div><\/div>\n<\/div><span  data-ultimate-target='#list-icon-wrap-3301 .uavc-list-desc'  data-responsive-json-new='{\"font-size\":\"\",\"line-height\":\"\"}'  class=\"uavc-list-desc ult-responsive\" style=\"\">fraisage de tout motif sur la surface de la planche<\/span><\/div><\/li><li><div class=\"uavc-list-content\" id=\"list-icon-wrap-1315\">\n<div class=\"uavc-list-icon  \" data-animation=\"\" data-animation-delay=\"03\" style=\"margin-right:10px;\"><div class=\"ult-just-icon-wrapper  \"><div class=\"align-icon\" style=\"text-align:center;\">\n<div class=\"aio-icon none \"  style=\"color:#64bc46;font-size:20px;display:inline-block;\">\n\t<i class=\"Defaults-check\"><\/i>\n<\/div><\/div><\/div>\n<\/div><span  data-ultimate-target='#list-icon-wrap-1315 .uavc-list-desc'  data-responsive-json-new='{\"font-size\":\"\",\"line-height\":\"\"}'  class=\"uavc-list-desc ult-responsive\" style=\"\">percer des trous<\/span><\/div><\/li><li><div class=\"uavc-list-content\" id=\"list-icon-wrap-8249\">\n<div class=\"uavc-list-icon  \" data-animation=\"\" data-animation-delay=\"03\" style=\"margin-right:10px;\"><div class=\"ult-just-icon-wrapper  \"><div class=\"align-icon\" style=\"text-align:center;\">\n<div class=\"aio-icon none \"  style=\"color:#64bc46;font-size:20px;display:inline-block;\">\n\t<i class=\"Defaults-check\"><\/i>\n<\/div><\/div><\/div>\n<\/div><span  data-ultimate-target='#list-icon-wrap-8249 .uavc-list-desc'  data-responsive-json-new='{\"font-size\":\"\",\"line-height\":\"\"}'  class=\"uavc-list-desc ult-responsive\" style=\"\">usinage des c\u00f4t\u00e9s des panneaux, par ex. languette et rainure, chanfreinage des c\u00f4t\u00e9s<\/span><\/div><\/li><li><div class=\"uavc-list-content\" id=\"list-icon-wrap-8354\">\n<div class=\"uavc-list-icon  \" data-animation=\"\" data-animation-delay=\"03\" style=\"margin-right:10px;\"><div class=\"ult-just-icon-wrapper  \"><div class=\"align-icon\" style=\"text-align:center;\">\n<div class=\"aio-icon none \"  style=\"color:#64bc46;font-size:20px;display:inline-block;\">\n\t<i class=\"Defaults-check\"><\/i>\n<\/div><\/div><\/div>\n<\/div><span  data-ultimate-target='#list-icon-wrap-8354 .uavc-list-desc'  data-responsive-json-new='{\"font-size\":\"\",\"line-height\":\"\"}'  class=\"uavc-list-desc ult-responsive\" style=\"\">faire des douilles<\/span><\/div><\/li><\/ul><\/div><\/div><\/div><\/div><div class=\"vc_col-sm-6 wpb_column vc_column_container animate_afr pos-relative\" style=\"animation-delay:0.5s\"><div class=\"vc_column-inner\"><div class=\"wpb_wrapper\"><div class=\"w-slider style_none fit_cover absolute_border\"><div class=\"w-slider-h\"><div class=\"royalSlider\"><div class=\"rsContent\"><a class=\"rsImg\" data-rsw=\"800\" data-rsh=\"579\" href=\"https:\/\/biaform.com.pl\/wp-content\/uploads\/2020\/04\/uslugi-cnc-2.jpg\"><span data-alt=\"\"><\/span><\/a><\/div><div class=\"rsContent\"><a class=\"rsImg\" data-rsw=\"800\" data-rsh=\"533\" href=\"https:\/\/biaform.com.pl\/wp-content\/uploads\/2020\/04\/uslugi-cnc-1.jpg\"><span data-alt=\"\"><\/span><\/a><\/div><div class=\"rsContent\"><a class=\"rsImg\" data-rsw=\"800\" data-rsh=\"534\" href=\"https:\/\/biaform.com.pl\/wp-content\/uploads\/2020\/04\/uslugi-cnc-3.jpg\"><span data-alt=\"\"><\/span><\/a><\/div><\/div><img decoding=\"async\" src=\"https:\/\/biaform.com.pl\/wp-content\/uploads\/2020\/04\/uslugi-cnc-2.jpg\" width=\"800\" height=\"579\" alt loading=\"lazy\"><\/div><div class=\"w-slider-json\" onclick='return {&quot;loop&quot;:true,&quot;fadeInLoadedSlide&quot;:false,&quot;slidesSpacing&quot;:0,&quot;imageScalePadding&quot;:0,&quot;numImagesToPreload&quot;:2,&quot;arrowsNav&quot;:true,&quot;arrowsNavAutoHide&quot;:false,&quot;transitionType&quot;:&quot;fade&quot;,&quot;transitionSpeed&quot;:300,&quot;block&quot;:{&quot;moveEffect&quot;:&quot;none&quot;,&quot;speed&quot;:300},&quot;controlNavigation&quot;:&quot;none&quot;,&quot;autoplay&quot;:{&quot;enabled&quot;:true,&quot;pauseOnHover&quot;:false,&quot;delay&quot;:3000},&quot;imageScaleMode&quot;:&quot;fill&quot;,&quot;autoScaleSlider&quot;:true,&quot;autoScaleSliderWidth&quot;:800,&quot;autoScaleSliderHeight&quot;:579,&quot;fitInViewport&quot;:false}'><\/div><\/div><\/div><\/div><\/div><\/div><\/div><\/div><\/div><div class=\"vc_col-sm-12 wpb_column vc_column_container\"><div class=\"vc_column-inner us_custom_81d82e02\"><div class=\"wpb_wrapper\"><div class=\"w-separator size_small\"><\/div><div class=\"wpb_text_column title-box\" ><div class=\"wpb_wrapper\"><p style=\"text-align: justify;\">Le service est effectu\u00e9 comme convenu avec le client. Le service est effectu\u00e9 sur des fraiseuses modernes fonctionnant sur trois axes avec des outils de coupe rempla\u00e7ables automatiquement.<\/p>\n<p style=\"text-align: justify;\">Nous vous invitons \u00e0 utiliser nos services.<\/p>\n<\/div><\/div><\/div><\/div><\/div><\/div><\/div><\/section><section class=\"l-section wpb_row height_auto width_full\"><div class=\"l-section-h i-cf\"><div class=\"g-cols vc_row type_default valign_top\"><div class=\"vc_col-sm-12 wpb_column vc_column_container\"><div class=\"vc_column-inner\"><div class=\"wpb_wrapper\"><section class=\"l-section wpb_row height_huge with_img parallax_ver with_overlay\" id=\"cta-cont\"><div class=\"l-section-img\" style=\"background-image: url(https:\/\/biaform.com.pl\/wp-content\/uploads\/2020\/03\/biaform-kontakt.jpg);background-position: bottom center;background-repeat: no-repeat;\" data-img-width=\"1600\" data-img-height=\"1067\"><\/div><div class=\"l-section-overlay\" style=\"background: rgba(0,0,0,0.4)\"><\/div><div class=\"l-section-h i-cf\"><div class=\"g-cols vc_row type_default valign_top\"><div class=\"vc_col-sm-6 vc_col-lg-offset-8 vc_col-lg-4 vc_col-md-offset-7 vc_col-md-5 vc_col-sm-offset-6 wpb_column vc_column_container animate_fade\" style=\"animation-delay:0.2s\"><div class=\"vc_column-inner\"><div class=\"wpb_wrapper\"><div class=\"w-actionbox us_custom_2aff76bb color_primary controls_bottom\"><div class=\"w-actionbox-text\"><h3>Avez- vous des questions ?<\/h3><p>Appelez ou \u00e9crivez. Nous r\u00e9pondrons avec plaisir \u00e0 vos questions.<\/p>\n<\/div><div class=\"w-actionbox-controls\"><a class=\"w-btn us-btn-style_3 icon_atright\" title=\"conta\" href=\"\/fr\/contact\/\"><span class=\"w-btn-label\">Contactez-nous<\/span><i class=\"fas fa-angle-double-right\"><\/i><\/a><\/div><\/div><\/div><\/div><\/div><\/div><\/div><\/section>\n<\/div><\/div><\/div><\/div><\/div><\/section>\n","protected":false},"excerpt":{"rendered":"ServicesAccueilchevron_rightPages Usinage CNCService suppl\u00e9mentaire Biaform a le plaisir d&rsquo;annoncer que nous offrons un service suppl\u00e9mentaire: fraisage de tout motif sur la surface de la planche percer des trous usinage des c\u00f4t\u00e9s des panneaux, par ex. languette et rainure, chanfreinage des c\u00f4t\u00e9s faire des douilles Le service est effectu\u00e9 comme convenu avec le client. Le service...","protected":false},"author":1,"featured_media":0,"parent":3855,"menu_order":5,"comment_status":"closed","ping_status":"closed","template":"","meta":{"_acf_changed":false,"footnotes":""},"class_list":["post-3875","page","type-page","status-publish","hentry"],"acf":[],"yoast_head":"<!-- This site is optimized with the Yoast SEO plugin v27.3 - https:\/\/yoast.com\/product\/yoast-seo-wordpress\/ -->\n<title>Services - Biaform SA Bia\u0142ystok<\/title>\n<meta name=\"robots\" content=\"index, follow, max-snippet:-1, max-image-preview:large, max-video-preview:-1\" \/>\n<link rel=\"canonical\" href=\"https:\/\/biaform.com.pl\/fr\/qui-sommes-nous\/services\/\" \/>\n<meta property=\"og:locale\" content=\"fr_FR\" \/>\n<meta property=\"og:type\" content=\"article\" \/>\n<meta property=\"og:title\" content=\"Services - Biaform SA Bia\u0142ystok\" \/>\n<meta property=\"og:url\" content=\"https:\/\/biaform.com.pl\/fr\/qui-sommes-nous\/services\/\" \/>\n<meta property=\"og:site_name\" content=\"Biaform SA Bia\u0142ystok\" \/>\n<meta property=\"article:modified_time\" content=\"2020-07-12T10:28:17+00:00\" \/>\n<meta name=\"twitter:card\" content=\"summary_large_image\" \/>\n<meta name=\"twitter:label1\" content=\"Dur\u00e9e de lecture estim\u00e9e\" \/>\n\t<meta name=\"twitter:data1\" content=\"2 minutes\" \/>\n<script type=\"application\/ld+json\" class=\"yoast-schema-graph\">{\"@context\":\"https:\\\/\\\/schema.org\",\"@graph\":[{\"@type\":\"WebPage\",\"@id\":\"https:\\\/\\\/biaform.com.pl\\\/fr\\\/qui-sommes-nous\\\/services\\\/\",\"url\":\"https:\\\/\\\/biaform.com.pl\\\/fr\\\/qui-sommes-nous\\\/services\\\/\",\"name\":\"Services - Biaform SA Bia\u0142ystok\",\"isPartOf\":{\"@id\":\"https:\\\/\\\/biaform.com.pl\\\/fr\\\/#website\"},\"datePublished\":\"2020-07-12T10:27:31+00:00\",\"dateModified\":\"2020-07-12T10:28:17+00:00\",\"breadcrumb\":{\"@id\":\"https:\\\/\\\/biaform.com.pl\\\/fr\\\/qui-sommes-nous\\\/services\\\/#breadcrumb\"},\"inLanguage\":\"fr-FR\",\"potentialAction\":[{\"@type\":\"ReadAction\",\"target\":[\"https:\\\/\\\/biaform.com.pl\\\/fr\\\/qui-sommes-nous\\\/services\\\/\"]}]},{\"@type\":\"BreadcrumbList\",\"@id\":\"https:\\\/\\\/biaform.com.pl\\\/fr\\\/qui-sommes-nous\\\/services\\\/#breadcrumb\",\"itemListElement\":[{\"@type\":\"ListItem\",\"position\":1,\"name\":\"Strona g\u0142\u00f3wna\",\"item\":\"https:\\\/\\\/biaform.com.pl\\\/fr\\\/\"},{\"@type\":\"ListItem\",\"position\":2,\"name\":\"Qui sommes nous?\",\"item\":\"https:\\\/\\\/biaform.com.pl\\\/fr\\\/qui-sommes-nous\\\/\"},{\"@type\":\"ListItem\",\"position\":3,\"name\":\"Services\"}]},{\"@type\":\"WebSite\",\"@id\":\"https:\\\/\\\/biaform.com.pl\\\/fr\\\/#website\",\"url\":\"https:\\\/\\\/biaform.com.pl\\\/fr\\\/\",\"name\":\"Biaform SA Bia\u0142ystok\",\"description\":\"\",\"potentialAction\":[{\"@type\":\"SearchAction\",\"target\":{\"@type\":\"EntryPoint\",\"urlTemplate\":\"https:\\\/\\\/biaform.com.pl\\\/fr\\\/?s={search_term_string}\"},\"query-input\":{\"@type\":\"PropertyValueSpecification\",\"valueRequired\":true,\"valueName\":\"search_term_string\"}}],\"inLanguage\":\"fr-FR\"}]}<\/script>\n<!-- \/ Yoast SEO plugin. -->","yoast_head_json":{"title":"Services - Biaform SA Bia\u0142ystok","robots":{"index":"index","follow":"follow","max-snippet":"max-snippet:-1","max-image-preview":"max-image-preview:large","max-video-preview":"max-video-preview:-1"},"canonical":"https:\/\/biaform.com.pl\/fr\/qui-sommes-nous\/services\/","og_locale":"fr_FR","og_type":"article","og_title":"Services - Biaform SA Bia\u0142ystok","og_url":"https:\/\/biaform.com.pl\/fr\/qui-sommes-nous\/services\/","og_site_name":"Biaform SA Bia\u0142ystok","article_modified_time":"2020-07-12T10:28:17+00:00","twitter_card":"summary_large_image","twitter_misc":{"Dur\u00e9e de lecture estim\u00e9e":"2 minutes"},"schema":{"@context":"https:\/\/schema.org","@graph":[{"@type":"WebPage","@id":"https:\/\/biaform.com.pl\/fr\/qui-sommes-nous\/services\/","url":"https:\/\/biaform.com.pl\/fr\/qui-sommes-nous\/services\/","name":"Services - Biaform SA Bia\u0142ystok","isPartOf":{"@id":"https:\/\/biaform.com.pl\/fr\/#website"},"datePublished":"2020-07-12T10:27:31+00:00","dateModified":"2020-07-12T10:28:17+00:00","breadcrumb":{"@id":"https:\/\/biaform.com.pl\/fr\/qui-sommes-nous\/services\/#breadcrumb"},"inLanguage":"fr-FR","potentialAction":[{"@type":"ReadAction","target":["https:\/\/biaform.com.pl\/fr\/qui-sommes-nous\/services\/"]}]},{"@type":"BreadcrumbList","@id":"https:\/\/biaform.com.pl\/fr\/qui-sommes-nous\/services\/#breadcrumb","itemListElement":[{"@type":"ListItem","position":1,"name":"Strona g\u0142\u00f3wna","item":"https:\/\/biaform.com.pl\/fr\/"},{"@type":"ListItem","position":2,"name":"Qui sommes nous?","item":"https:\/\/biaform.com.pl\/fr\/qui-sommes-nous\/"},{"@type":"ListItem","position":3,"name":"Services"}]},{"@type":"WebSite","@id":"https:\/\/biaform.com.pl\/fr\/#website","url":"https:\/\/biaform.com.pl\/fr\/","name":"Biaform SA Bia\u0142ystok","description":"","potentialAction":[{"@type":"SearchAction","target":{"@type":"EntryPoint","urlTemplate":"https:\/\/biaform.com.pl\/fr\/?s={search_term_string}"},"query-input":{"@type":"PropertyValueSpecification","valueRequired":true,"valueName":"search_term_string"}}],"inLanguage":"fr-FR"}]}},"_links":{"self":[{"href":"https:\/\/biaform.com.pl\/fr\/wp-json\/wp\/v2\/pages\/3875","targetHints":{"allow":["GET"]}}],"collection":[{"href":"https:\/\/biaform.com.pl\/fr\/wp-json\/wp\/v2\/pages"}],"about":[{"href":"https:\/\/biaform.com.pl\/fr\/wp-json\/wp\/v2\/types\/page"}],"author":[{"embeddable":true,"href":"https:\/\/biaform.com.pl\/fr\/wp-json\/wp\/v2\/users\/1"}],"replies":[{"embeddable":true,"href":"https:\/\/biaform.com.pl\/fr\/wp-json\/wp\/v2\/comments?post=3875"}],"version-history":[{"count":0,"href":"https:\/\/biaform.com.pl\/fr\/wp-json\/wp\/v2\/pages\/3875\/revisions"}],"up":[{"embeddable":true,"href":"https:\/\/biaform.com.pl\/fr\/wp-json\/wp\/v2\/pages\/3855"}],"wp:attachment":[{"href":"https:\/\/biaform.com.pl\/fr\/wp-json\/wp\/v2\/media?parent=3875"}],"curies":[{"name":"wp","href":"https:\/\/api.w.org\/{rel}","templated":true}]}}