{"id":3915,"date":"2020-07-12T21:31:39","date_gmt":"2020-07-12T19:31:39","guid":{"rendered":"https:\/\/biaform.com.pl\/?page_id=3915"},"modified":"2020-07-12T21:40:22","modified_gmt":"2020-07-12T19:40:22","slug":"proprietes-physiques-et-mecaniques-du-contreplaque","status":"publish","type":"page","link":"https:\/\/biaform.com.pl\/fr\/qui-sommes-nous\/proprietes-physiques-et-mecaniques-du-contreplaque\/","title":{"rendered":"Propri\u00e9t\u00e9s physiques et m\u00e9caniques du contreplaqu\u00e9"},"content":{"rendered":"<section class=\"l-section wpb_row height_auto width_full\"><div class=\"l-section-h i-cf\"><div class=\"g-cols vc_row type_default valign_top\"><div class=\"vc_col-sm-12 wpb_column vc_column_container\"><div class=\"vc_column-inner\"><div class=\"wpb_wrapper\"><section class=\"l-section wpb_row height_medium color_alternate with_img parallax_ver with_overlay\" id=\"title\"><div class=\"l-section-img\" style=\"background-image: url(https:\/\/biaform.com.pl\/wp-content\/uploads\/2020\/03\/title-bg-2.jpg);background-repeat: no-repeat;\" data-img-width=\"1920\" data-img-height=\"800\"><\/div><div class=\"l-section-overlay\" style=\"background: rgba(0,0,0,0.10)\"><\/div><div class=\"l-section-h i-cf\"><div class=\"g-cols vc_row type_default valign_middle\"><div class=\"vc_col-sm-6 wpb_column vc_column_container\"><div class=\"vc_column-inner\"><div class=\"wpb_wrapper\"><h1 class=\"w-post-elm post_title us_custom_607cd7e8 entry-title color_link_inherit\">Propri\u00e9t\u00e9s physiques et m\u00e9caniques du contreplaqu\u00e9<\/h1><\/div><\/div><\/div><div class=\"vc_col-sm-6 wpb_column vc_column_container\"><div class=\"vc_column-inner\"><div class=\"wpb_wrapper\"><ol class=\"g-breadcrumbs us_custom_963f34bc separator_icon align_right has_text_color\" itemscope itemtype=\"http:\/\/schema.org\/BreadcrumbList\"><li class=\"g-breadcrumbs-item\" itemprop=\"itemListElement\" itemscope itemtype=\"http:\/\/schema.org\/ListItem\"><a itemprop=\"item\" href=\"https:\/\/biaform.com.pl\/fr\/\"><span itemprop=\"name\">Accueil<\/span><\/a><meta itemprop=\"position\" content=\"1\"\/><\/li><li class=\"g-breadcrumbs-separator\"><i class=\"material-icons\">chevron_right<\/i><\/li><li class=\"g-breadcrumbs-item\">Pages<\/li><\/ol><\/div><\/div><\/div><\/div><\/div><\/section>\n<\/div><\/div><\/div><\/div><\/div><\/section><section class=\"l-section wpb_row height_medium\"><div class=\"l-section-h i-cf\"><div class=\"g-cols vc_row type_default valign_top gap-2em\"><style>.g-cols.gap-2em{margin:0 calc(-1.5rem - 2em)}.gap-2em > .vc_column_container {padding:2em}<\/style><div class=\"vc_col-sm-12 wpb_column vc_column_container animate_afb\" style=\"animation-delay:0.2s\"><div class=\"vc_column-inner\"><div class=\"wpb_wrapper\"><div id=\"ultimate-heading-18069e74bd6da827\" class=\"uvc-heading ult-adjust-bottom-margin ultimate-heading-18069e74bd6da827 uvc-7760 \" data-hspacer=\"line_with_icon\" data-hline_width=\"200\" data-hicon_type=\"selector\" data-hborder_style=\"solid\" data-hborder_height=\"3\" data-hborder_color=\"#503201\" data-icon_width=\"32\" data-hfixer=\"20\"  data-halign=\"center\" style=\"text-align:center\"><div class=\"uvc-main-heading ult-responsive\"  data-ultimate-target='.uvc-heading.ultimate-heading-18069e74bd6da827 h2'  data-responsive-json-new='{\"font-size\":\"\",\"line-height\":\"\"}' ><h2 style=\"font-weight:normal;margin-bottom:10px;\">Propri\u00e9t\u00e9s physiques et m\u00e9caniques du contreplaqu\u00e9<\/h2><\/div><div class=\"uvc-heading-spacer line_with_icon\" style=\"topheight:32px;\"><div class=\"ult-just-icon-wrapper  \"><div class=\"align-icon\" style=\"text-align:center;\">\n<div class=\"aio-icon none \"  style=\"color:#64bc46;font-size:32px;display:inline-block;\">\n\t<i class=\"Defaults-stack-overflow\"><\/i>\n<\/div><\/div><\/div><\/div><\/div><\/div><\/div><\/div><div class=\"vc_col-sm-12 wpb_column vc_column_container\"><div class=\"vc_column-inner\"><div class=\"wpb_wrapper\"><div class=\"wpb_text_column table-wrapp\" ><div class=\"wpb_wrapper\"><table>\n<tbody>\n<tr>\n<td style=\"background-color: #ebebeb; text-align: center;\"><strong>Param\u00e8tres<\/strong><\/td>\n<td style=\"background-color: #ebebeb; text-align: center;\" colspan=\"3\"><strong>Valeurs<\/strong><\/td>\n<td style=\"background-color: #ebebeb; text-align: center;\"><strong>Observations<\/strong><\/td>\n<td style=\"background-color: #ebebeb; text-align: center;\"><strong>Test conforme \u00e0 la norme<\/strong><\/td>\n<\/tr>\n<tr>\n<td style=\"text-align: center;\"><strong>Humidit\u00e9<\/strong><\/td>\n<td style=\"text-align: center;\" colspan=\"3\">3-10%<\/td>\n<td style=\"text-align: center;\"><\/td>\n<td style=\"text-align: center;\">PN-EN 322<\/td>\n<\/tr>\n<tr>\n<td style=\"text-align: center;\"><strong>Densit\u00e9<\/strong><\/td>\n<td style=\"text-align: center;\" colspan=\"3\">550-800 kg\/m<sup>3<\/sup><\/td>\n<td style=\"text-align: center;\"><\/td>\n<td style=\"text-align: center;\">PN-EN 323<\/td>\n<\/tr>\n<tr>\n<td style=\"text-align: center;\" rowspan=\"12\"><strong>Construction<\/strong><\/td>\n<td style=\"text-align: center;\">\u00c9paisseur nominale (t) [mm]<\/td>\n<td style=\"text-align: center;\">Nombre de couches<\/td>\n<td style=\"text-align: center;\">Exemple de construction<\/td>\n<td style=\"text-align: center;\"><\/td>\n<td style=\"text-align: center;\" rowspan=\"12\"><\/td>\n<\/tr>\n<tr>\n<td style=\"text-align: center;\">4<\/td>\n<td style=\"text-align: center;\">3<\/td>\n<td style=\"text-align: center;\">I-I<\/td>\n<td style=\"text-align: center;\" rowspan=\"11\">\u00c9paisseur de placage standard 1,5 mm (des placages de 2,0 mm et 2,5 mm sont \u00e9galement utilis\u00e9s en fonction de l&rsquo;\u00e9paisseur du contreplaqu\u00e9)<\/td>\n<\/tr>\n<tr>\n<td style=\"text-align: center;\">6<\/td>\n<td style=\"text-align: center;\">5<\/td>\n<td style=\"text-align: center;\">I-I-I<\/td>\n<\/tr>\n<tr>\n<td style=\"text-align: center;\">9<\/td>\n<td style=\"text-align: center;\">7<\/td>\n<td style=\"text-align: center;\">I-I-I-I<\/td>\n<\/tr>\n<tr>\n<td style=\"text-align: center;\">12<\/td>\n<td style=\"text-align: center;\">9<\/td>\n<td style=\"text-align: center;\">I-I-I-I-I<\/td>\n<\/tr>\n<tr>\n<td style=\"text-align: center;\">15<\/td>\n<td style=\"text-align: center;\">11<\/td>\n<td style=\"text-align: center;\">I-I-I-I-I-I<\/td>\n<\/tr>\n<tr>\n<td style=\"text-align: center;\">18<\/td>\n<td style=\"text-align: center;\">13<\/td>\n<td style=\"text-align: center;\">I-I-I-I-I-I-I<\/td>\n<\/tr>\n<tr>\n<td style=\"text-align: center;\">21<\/td>\n<td style=\"text-align: center;\">15<\/td>\n<td style=\"text-align: center;\">I-I-I-I-I-I-I-I<\/td>\n<\/tr>\n<tr>\n<td style=\"text-align: center;\">24<\/td>\n<td style=\"text-align: center;\">17<\/td>\n<td style=\"text-align: center;\">I-I-I-I-I-I-I-I-I<\/td>\n<\/tr>\n<tr>\n<td style=\"text-align: center;\">27<\/td>\n<td style=\"text-align: center;\">19<\/td>\n<td style=\"text-align: center;\">I-I-I-I-I-I-I-I-I-I<\/td>\n<\/tr>\n<tr>\n<td style=\"text-align: center;\">30<\/td>\n<td style=\"text-align: center;\">21<\/td>\n<td style=\"text-align: center;\">I-I-I-I-I-I-I-I-I-I-I<\/td>\n<\/tr>\n<tr>\n<td style=\"text-align: center;\">35<\/td>\n<td style=\"text-align: center;\">25<\/td>\n<td style=\"text-align: center; white-space: nowrap;\">I-I-I-I-I-I-I-I-I-I-I-I<\/td>\n<\/tr>\n<tr>\n<td style=\"text-align: center;\"><strong>Tol\u00e9rance sur la longueur et la largeur de la plaque<\/strong><\/td>\n<td style=\"text-align: center;\" colspan=\"3\">\u00b1 3,5 mm<\/td>\n<td style=\"text-align: center;\"><\/td>\n<td style=\"text-align: center;\">PN-EN 315<br \/>\nPN-EN 324-1<\/td>\n<\/tr>\n<tr>\n<td style=\"text-align: center;\"><strong>R\u00e9sistance \u00e0 la flexion<\/strong><\/td>\n<td style=\"text-align: center;\" colspan=\"3\">Min 50 N \/ mm2 le long des fibres Min 30 N \/ mm2 \u00e0 travers les fibres<\/td>\n<td style=\"text-align: center;\">pour contreplaqu\u00e9 \u22659 mm d&rsquo;\u00e9paisseur, construction standard<\/td>\n<td style=\"text-align: center;\">PN-EN 310<\/td>\n<\/tr>\n<\/tbody>\n<\/table>\n<\/div><\/div><\/div><\/div><\/div><div class=\"vc_col-sm-12 wpb_column vc_column_container\"><div class=\"vc_column-inner\"><div class=\"wpb_wrapper\"><div class=\"wpb_text_column table-wrapp\" ><div class=\"wpb_wrapper\"><table>\n<tbody>\n<tr>\n<td style=\"background-color: #ebebeb; text-align: center;\"><strong>Param\u00e8tres<\/strong><\/td>\n<td style=\"background-color: #ebebeb; text-align: center;\" colspan=\"5\"><strong>Valeurs<\/strong><\/td>\n<td style=\"background-color: #ebebeb; text-align: center;\"><strong>Observations<\/strong><\/td>\n<td style=\"background-color: #ebebeb; text-align: center;\"><strong>Test conforme \u00e0 la norme<\/strong><\/td>\n<\/tr>\n<tr>\n<td style=\"text-align: center;\" rowspan=\"6\">Tol\u00e9rance d&rsquo;\u00e9paisseur<\/td>\n<td style=\"text-align: center;\" rowspan=\"2\">\u00c9paisseur nominale (t) [mm]<\/td>\n<td style=\"text-align: center;\" colspan=\"2\"><strong>Panneau non ponc\u00e9<\/strong><\/td>\n<td style=\"text-align: center;\" colspan=\"2\"><strong>Panneau ponc\u00e9<\/strong><\/td>\n<td style=\"text-align: center;\" rowspan=\"6\"><\/td>\n<td style=\"text-align: center;\" rowspan=\"6\">PN-EN 315<br \/>\nPN-EN 324-1<\/td>\n<\/tr>\n<tr>\n<td style=\"text-align: center;\">\u00c9cart par panneau [mm]<\/td>\n<td style=\"text-align: center;\">\u00c9cart par \u00e9paisseur nominale [mm]<\/td>\n<td style=\"text-align: center;\">\u00c9cart par panneau [mm]<\/td>\n<td style=\"text-align: center;\">\u00c9cart par \u00e9paisseur nominale [mm]<\/td>\n<\/tr>\n<tr>\n<td style=\"text-align: center;\">\u2265<br \/>\n\u2264 12<\/td>\n<td style=\"text-align: center;\">1<\/td>\n<td style=\"text-align: center;\" rowspan=\"4\">+(0,8+0,03t)<br \/>\n-(0,4+0,03t)<\/td>\n<td style=\"text-align: center;\" rowspan=\"2\">0,6<\/td>\n<td style=\"text-align: center;\" rowspan=\"2\">+(0,2+0,03t)<br \/>\n-(0,4+0,03t)<\/td>\n<\/tr>\n<tr>\n<td style=\"text-align: center;\">&gt; 12<br \/>\n\u2264 25<\/td>\n<td style=\"text-align: center;\" rowspan=\"3\">1,5<\/td>\n<\/tr>\n<tr>\n<td style=\"text-align: center;\">&gt; 25<br \/>\n\u2264 30<\/td>\n<td style=\"text-align: center;\" rowspan=\"2\">0,8<\/td>\n<td style=\"text-align: center;\">+(0,0+0,05t)<br \/>\n-(0,4+0,05t)<\/td>\n<\/tr>\n<tr>\n<td style=\"text-align: center;\">&gt; 30<\/td>\n<td style=\"text-align: center;\">+(0,0+0,03t)<br \/>\n-(0,4+0,03t)<\/td>\n<\/tr>\n<\/tbody>\n<\/table>\n<\/div><\/div><\/div><\/div><\/div><\/div><\/div><\/section><section class=\"l-section wpb_row height_huge width_full with_img parallax_ver\"><div class=\"l-section-img\" style=\"background-image: url(https:\/\/biaform.com.pl\/wp-content\/uploads\/2020\/04\/wlasciwosci-sklejek.jpg);background-repeat: no-repeat;\" data-img-width=\"1600\" data-img-height=\"1067\"><\/div><div class=\"l-section-h i-cf\"><div class=\"g-cols vc_row type_default valign_top\"><div class=\"vc_col-sm-12 wpb_column vc_column_container\"><div class=\"vc_column-inner\"><div class=\"wpb_wrapper\"><div class=\"w-separator size_huge\"><\/div><\/div><\/div><\/div><\/div><\/div><\/section><section class=\"l-section wpb_row height_medium\"><div class=\"l-section-h i-cf\"><div class=\"g-cols vc_row type_default valign_top gap-2em\"><style>.g-cols.gap-2em{margin:0 calc(-1.5rem - 2em)}.gap-2em > .vc_column_container {padding:2em}<\/style><div class=\"vc_col-sm-12 wpb_column vc_column_container\"><div class=\"vc_column-inner\"><div class=\"wpb_wrapper\"><div class=\"wpb_text_column table-wrapp\" ><div class=\"wpb_wrapper\"><p style=\"text-align: center;\"><strong>Pour les plaques de sol<\/strong><\/p>\n<table>\n<tbody>\n<tr>\n<td style=\"text-align: center;\"><strong>\u00c9paisseur nominale (t) [mm]<\/strong><\/td>\n<td style=\"text-align: center;\">4<\/td>\n<td style=\"text-align: center;\">6<\/td>\n<td style=\"text-align: center;\">9<\/td>\n<td style=\"text-align: center;\">12<\/td>\n<td style=\"text-align: center;\">15<\/td>\n<td style=\"text-align: center;\">18<\/td>\n<td style=\"text-align: center;\">21<\/td>\n<td style=\"text-align: center;\">24<\/td>\n<td style=\"text-align: center;\">27<\/td>\n<td style=\"text-align: center;\">30<\/td>\n<td style=\"text-align: center;\">35<\/td>\n<\/tr>\n<tr>\n<td style=\"text-align: center;\" rowspan=\"2\"><strong>Tol\u00e9rance [mm]<\/strong><\/td>\n<td style=\"text-align: center;\">0,3<\/td>\n<td style=\"text-align: center;\">0,4<\/td>\n<td style=\"text-align: center;\">0,5<\/td>\n<td style=\"text-align: center;\">0,6<\/td>\n<td style=\"text-align: center;\">0,7<\/td>\n<td style=\"text-align: center;\">0,7<\/td>\n<td style=\"text-align: center;\">0,8<\/td>\n<td style=\"text-align: center;\">0,9<\/td>\n<td style=\"text-align: center;\">1,4<\/td>\n<td style=\"text-align: center;\">1,5<\/td>\n<td style=\"text-align: center;\">1,1<\/td>\n<\/tr>\n<tr>\n<td style=\"text-align: center;\">-0,5<\/td>\n<td style=\"text-align: center;\">-0,6<\/td>\n<td style=\"text-align: center;\">-0,7<\/td>\n<td style=\"text-align: center;\">-0,8<\/td>\n<td style=\"text-align: center;\">-0,9<\/td>\n<td style=\"text-align: center;\">-0,9<\/td>\n<td style=\"text-align: center;\">-1<\/td>\n<td style=\"text-align: center;\">-1,1<\/td>\n<td style=\"text-align: center;\">-1,8<\/td>\n<td style=\"text-align: center;\">-1,9<\/td>\n<td style=\"text-align: center;\">-1,5<\/td>\n<\/tr>\n<\/tbody>\n<\/table>\n<\/div><\/div><\/div><\/div><\/div><div class=\"vc_col-sm-12 wpb_column vc_column_container\"><div class=\"vc_column-inner\"><div class=\"wpb_wrapper\"><div class=\"wpb_text_column table-wrapp\" ><div class=\"wpb_wrapper\"><table>\n<tbody>\n<tr>\n<td style=\"background-color: #ebebeb; text-align: center;\"><strong>Propri\u00e9t\u00e9s<\/strong><\/td>\n<td style=\"background-color: #ebebeb; text-align: center;\" colspan=\"2\"><strong>Valeur<\/strong><\/td>\n<td style=\"background-color: #ebebeb; text-align: center;\"><strong>Commentaires<\/strong><\/td>\n<td style=\"background-color: #ebebeb; text-align: center;\"><strong>Test conforme \u00e0 la norme<\/strong><\/td>\n<\/tr>\n<tr>\n<td style=\"text-align: center;\" rowspan=\"5\"><strong>Qualit\u00e9 de collage<\/strong><\/td>\n<td style=\"text-align: center;\">R\u00e9sistance moyenne au cisaillement\u00a0[N\/mm<sup>2<\/sup>]<\/td>\n<td style=\"text-align: center;\">Proportion moyenne de coupe dans le bois\u00a0[%]<\/td>\n<td style=\"text-align: center;\" rowspan=\"5\"><\/td>\n<td style=\"text-align: center;\" rowspan=\"5\">PN-EN 314-2<\/td>\n<\/tr>\n<tr>\n<td style=\"text-align: center;\">0,2 \u2264 fv &lt; 0,4<\/td>\n<td style=\"text-align: center;\">\u226580<\/td>\n<\/tr>\n<tr>\n<td style=\"text-align: center;\">0,4 \u2264 fv &lt; 0,6<\/td>\n<td style=\"text-align: center;\">\u226560<\/td>\n<\/tr>\n<tr>\n<td style=\"text-align: center;\">0,6 \u2264 fv &lt; 1,0<\/td>\n<td style=\"text-align: center;\">\u226540<\/td>\n<\/tr>\n<tr>\n<td style=\"text-align: center;\">1,0 \u2264 fv<\/td>\n<td style=\"text-align: center;\">Aucune exigence<\/td>\n<\/tr>\n<tr>\n<td style=\"text-align: center;\" rowspan=\"2\"><strong>Classe de collage<\/strong><\/td>\n<td style=\"text-align: center;\" colspan=\"2\">Classe 1<\/td>\n<td style=\"text-align: center;\">pour le contreplaqu\u00e9 int\u00e9rieur (une r\u00e9sine ur\u00e9e-formald\u00e9hyde est utilis\u00e9e)<\/td>\n<td style=\"text-align: center;\" rowspan=\"2\">\u00a0PN-EN 314-2<\/td>\n<\/tr>\n<tr>\n<td style=\"text-align: center;\" colspan=\"2\">Classe 3<\/td>\n<td style=\"text-align: center;\">pour contreplaqu\u00e9 \u00e9tanche (r\u00e9sine ph\u00e9nol-formald\u00e9hyde utilis\u00e9e)<\/td>\n<\/tr>\n<tr>\n<td style=\"text-align: center;\"><strong>Emission de formald\u00e9hyde<\/strong><\/td>\n<td style=\"text-align: center;\" colspan=\"2\">Emission \u2264 3,5mg\/m<sup>2<\/sup>h E 1<\/td>\n<td style=\"text-align: center;\"><\/td>\n<td style=\"text-align: center;\">PN-EN 717-2<\/td>\n<\/tr>\n<\/tbody>\n<\/table>\n<\/div><\/div><div class=\"wpb_text_column\" ><div class=\"wpb_wrapper\"><p style=\"text-align: center;\">Les propri\u00e9t\u00e9s physiques et m\u00e9caniques du contreplaqu\u00e9 ne sont donn\u00e9es qu&rsquo;\u00e0 titre indicatif.<\/p>\n<\/div><\/div><\/div><\/div><\/div><\/div><\/div><\/section><section class=\"l-section wpb_row height_auto width_full\"><div class=\"l-section-h i-cf\"><div class=\"g-cols vc_row type_default valign_top\"><div class=\"vc_col-sm-12 wpb_column vc_column_container\"><div class=\"vc_column-inner\"><div class=\"wpb_wrapper\"><section class=\"l-section wpb_row height_huge with_img parallax_ver with_overlay\" id=\"cta-cont\"><div class=\"l-section-img\" style=\"background-image: url(https:\/\/biaform.com.pl\/wp-content\/uploads\/2020\/03\/biaform-kontakt.jpg);background-position: bottom center;background-repeat: no-repeat;\" data-img-width=\"1600\" data-img-height=\"1067\"><\/div><div class=\"l-section-overlay\" style=\"background: rgba(0,0,0,0.4)\"><\/div><div class=\"l-section-h i-cf\"><div class=\"g-cols vc_row type_default valign_top\"><div class=\"vc_col-sm-6 vc_col-lg-offset-8 vc_col-lg-4 vc_col-md-offset-7 vc_col-md-5 vc_col-sm-offset-6 wpb_column vc_column_container animate_fade\" style=\"animation-delay:0.2s\"><div class=\"vc_column-inner\"><div class=\"wpb_wrapper\"><div class=\"w-actionbox us_custom_2aff76bb color_primary controls_bottom\"><div class=\"w-actionbox-text\"><h3>Avez- vous des questions ?<\/h3><p>Appelez ou \u00e9crivez. Nous r\u00e9pondrons avec plaisir \u00e0 vos questions.<\/p>\n<\/div><div class=\"w-actionbox-controls\"><a class=\"w-btn us-btn-style_3 icon_atright\" title=\"conta\" href=\"\/fr\/contact\/\"><span class=\"w-btn-label\">Contactez-nous<\/span><i class=\"fas fa-angle-double-right\"><\/i><\/a><\/div><\/div><\/div><\/div><\/div><\/div><\/div><\/section>\n<\/div><\/div><\/div><\/div><\/div><\/section>\n","protected":false},"excerpt":{"rendered":"Propri\u00e9t\u00e9s physiques et m\u00e9caniques du contreplaqu\u00e9Accueilchevron_rightPages Propri\u00e9t\u00e9s physiques et m\u00e9caniques du contreplaqu\u00e9 Param\u00e8tres Valeurs Observations Test conforme \u00e0 la norme Humidit\u00e9 3-10% PN-EN 322 Densit\u00e9 550-800 kg\/m3 PN-EN 323 Construction \u00c9paisseur nominale (t) [mm] Nombre de couches Exemple de construction 4 3 I-I \u00c9paisseur de placage standard 1,5 mm (des placages de 2,0 mm et...","protected":false},"author":1,"featured_media":0,"parent":3855,"menu_order":6,"comment_status":"closed","ping_status":"closed","template":"","meta":{"_acf_changed":false,"footnotes":""},"class_list":["post-3915","page","type-page","status-publish","hentry"],"acf":[],"yoast_head":"<!-- This site is optimized with the Yoast SEO plugin v27.3 - https:\/\/yoast.com\/product\/yoast-seo-wordpress\/ -->\n<title>Propri\u00e9t\u00e9s physiques et m\u00e9caniques du contreplaqu\u00e9 - Biaform SA Bia\u0142ystok<\/title>\n<meta name=\"robots\" content=\"index, follow, max-snippet:-1, max-image-preview:large, max-video-preview:-1\" \/>\n<link rel=\"canonical\" href=\"https:\/\/biaform.com.pl\/fr\/qui-sommes-nous\/proprietes-physiques-et-mecaniques-du-contreplaque\/\" \/>\n<meta property=\"og:locale\" content=\"fr_FR\" \/>\n<meta property=\"og:type\" content=\"article\" \/>\n<meta property=\"og:title\" content=\"Propri\u00e9t\u00e9s physiques et m\u00e9caniques du contreplaqu\u00e9 - Biaform SA Bia\u0142ystok\" \/>\n<meta property=\"og:url\" content=\"https:\/\/biaform.com.pl\/fr\/qui-sommes-nous\/proprietes-physiques-et-mecaniques-du-contreplaque\/\" \/>\n<meta property=\"og:site_name\" content=\"Biaform SA Bia\u0142ystok\" \/>\n<meta property=\"article:modified_time\" content=\"2020-07-12T19:40:22+00:00\" \/>\n<meta name=\"twitter:card\" content=\"summary_large_image\" \/>\n<meta name=\"twitter:label1\" content=\"Dur\u00e9e de lecture estim\u00e9e\" \/>\n\t<meta name=\"twitter:data1\" content=\"2 minutes\" \/>\n<script type=\"application\/ld+json\" class=\"yoast-schema-graph\">{\"@context\":\"https:\\\/\\\/schema.org\",\"@graph\":[{\"@type\":\"WebPage\",\"@id\":\"https:\\\/\\\/biaform.com.pl\\\/fr\\\/qui-sommes-nous\\\/proprietes-physiques-et-mecaniques-du-contreplaque\\\/\",\"url\":\"https:\\\/\\\/biaform.com.pl\\\/fr\\\/qui-sommes-nous\\\/proprietes-physiques-et-mecaniques-du-contreplaque\\\/\",\"name\":\"Propri\u00e9t\u00e9s physiques et m\u00e9caniques du contreplaqu\u00e9 - Biaform SA Bia\u0142ystok\",\"isPartOf\":{\"@id\":\"https:\\\/\\\/biaform.com.pl\\\/fr\\\/#website\"},\"datePublished\":\"2020-07-12T19:31:39+00:00\",\"dateModified\":\"2020-07-12T19:40:22+00:00\",\"breadcrumb\":{\"@id\":\"https:\\\/\\\/biaform.com.pl\\\/fr\\\/qui-sommes-nous\\\/proprietes-physiques-et-mecaniques-du-contreplaque\\\/#breadcrumb\"},\"inLanguage\":\"fr-FR\",\"potentialAction\":[{\"@type\":\"ReadAction\",\"target\":[\"https:\\\/\\\/biaform.com.pl\\\/fr\\\/qui-sommes-nous\\\/proprietes-physiques-et-mecaniques-du-contreplaque\\\/\"]}]},{\"@type\":\"BreadcrumbList\",\"@id\":\"https:\\\/\\\/biaform.com.pl\\\/fr\\\/qui-sommes-nous\\\/proprietes-physiques-et-mecaniques-du-contreplaque\\\/#breadcrumb\",\"itemListElement\":[{\"@type\":\"ListItem\",\"position\":1,\"name\":\"Strona g\u0142\u00f3wna\",\"item\":\"https:\\\/\\\/biaform.com.pl\\\/fr\\\/\"},{\"@type\":\"ListItem\",\"position\":2,\"name\":\"Qui sommes nous?\",\"item\":\"https:\\\/\\\/biaform.com.pl\\\/fr\\\/qui-sommes-nous\\\/\"},{\"@type\":\"ListItem\",\"position\":3,\"name\":\"Propri\u00e9t\u00e9s physiques et m\u00e9caniques du contreplaqu\u00e9\"}]},{\"@type\":\"WebSite\",\"@id\":\"https:\\\/\\\/biaform.com.pl\\\/fr\\\/#website\",\"url\":\"https:\\\/\\\/biaform.com.pl\\\/fr\\\/\",\"name\":\"Biaform SA Bia\u0142ystok\",\"description\":\"\",\"potentialAction\":[{\"@type\":\"SearchAction\",\"target\":{\"@type\":\"EntryPoint\",\"urlTemplate\":\"https:\\\/\\\/biaform.com.pl\\\/fr\\\/?s={search_term_string}\"},\"query-input\":{\"@type\":\"PropertyValueSpecification\",\"valueRequired\":true,\"valueName\":\"search_term_string\"}}],\"inLanguage\":\"fr-FR\"}]}<\/script>\n<!-- \/ Yoast SEO plugin. -->","yoast_head_json":{"title":"Propri\u00e9t\u00e9s physiques et m\u00e9caniques du contreplaqu\u00e9 - Biaform SA Bia\u0142ystok","robots":{"index":"index","follow":"follow","max-snippet":"max-snippet:-1","max-image-preview":"max-image-preview:large","max-video-preview":"max-video-preview:-1"},"canonical":"https:\/\/biaform.com.pl\/fr\/qui-sommes-nous\/proprietes-physiques-et-mecaniques-du-contreplaque\/","og_locale":"fr_FR","og_type":"article","og_title":"Propri\u00e9t\u00e9s physiques et m\u00e9caniques du contreplaqu\u00e9 - Biaform SA Bia\u0142ystok","og_url":"https:\/\/biaform.com.pl\/fr\/qui-sommes-nous\/proprietes-physiques-et-mecaniques-du-contreplaque\/","og_site_name":"Biaform SA Bia\u0142ystok","article_modified_time":"2020-07-12T19:40:22+00:00","twitter_card":"summary_large_image","twitter_misc":{"Dur\u00e9e de lecture estim\u00e9e":"2 minutes"},"schema":{"@context":"https:\/\/schema.org","@graph":[{"@type":"WebPage","@id":"https:\/\/biaform.com.pl\/fr\/qui-sommes-nous\/proprietes-physiques-et-mecaniques-du-contreplaque\/","url":"https:\/\/biaform.com.pl\/fr\/qui-sommes-nous\/proprietes-physiques-et-mecaniques-du-contreplaque\/","name":"Propri\u00e9t\u00e9s physiques et m\u00e9caniques du contreplaqu\u00e9 - Biaform SA Bia\u0142ystok","isPartOf":{"@id":"https:\/\/biaform.com.pl\/fr\/#website"},"datePublished":"2020-07-12T19:31:39+00:00","dateModified":"2020-07-12T19:40:22+00:00","breadcrumb":{"@id":"https:\/\/biaform.com.pl\/fr\/qui-sommes-nous\/proprietes-physiques-et-mecaniques-du-contreplaque\/#breadcrumb"},"inLanguage":"fr-FR","potentialAction":[{"@type":"ReadAction","target":["https:\/\/biaform.com.pl\/fr\/qui-sommes-nous\/proprietes-physiques-et-mecaniques-du-contreplaque\/"]}]},{"@type":"BreadcrumbList","@id":"https:\/\/biaform.com.pl\/fr\/qui-sommes-nous\/proprietes-physiques-et-mecaniques-du-contreplaque\/#breadcrumb","itemListElement":[{"@type":"ListItem","position":1,"name":"Strona g\u0142\u00f3wna","item":"https:\/\/biaform.com.pl\/fr\/"},{"@type":"ListItem","position":2,"name":"Qui sommes nous?","item":"https:\/\/biaform.com.pl\/fr\/qui-sommes-nous\/"},{"@type":"ListItem","position":3,"name":"Propri\u00e9t\u00e9s physiques et m\u00e9caniques du contreplaqu\u00e9"}]},{"@type":"WebSite","@id":"https:\/\/biaform.com.pl\/fr\/#website","url":"https:\/\/biaform.com.pl\/fr\/","name":"Biaform SA Bia\u0142ystok","description":"","potentialAction":[{"@type":"SearchAction","target":{"@type":"EntryPoint","urlTemplate":"https:\/\/biaform.com.pl\/fr\/?s={search_term_string}"},"query-input":{"@type":"PropertyValueSpecification","valueRequired":true,"valueName":"search_term_string"}}],"inLanguage":"fr-FR"}]}},"_links":{"self":[{"href":"https:\/\/biaform.com.pl\/fr\/wp-json\/wp\/v2\/pages\/3915","targetHints":{"allow":["GET"]}}],"collection":[{"href":"https:\/\/biaform.com.pl\/fr\/wp-json\/wp\/v2\/pages"}],"about":[{"href":"https:\/\/biaform.com.pl\/fr\/wp-json\/wp\/v2\/types\/page"}],"author":[{"embeddable":true,"href":"https:\/\/biaform.com.pl\/fr\/wp-json\/wp\/v2\/users\/1"}],"replies":[{"embeddable":true,"href":"https:\/\/biaform.com.pl\/fr\/wp-json\/wp\/v2\/comments?post=3915"}],"version-history":[{"count":0,"href":"https:\/\/biaform.com.pl\/fr\/wp-json\/wp\/v2\/pages\/3915\/revisions"}],"up":[{"embeddable":true,"href":"https:\/\/biaform.com.pl\/fr\/wp-json\/wp\/v2\/pages\/3855"}],"wp:attachment":[{"href":"https:\/\/biaform.com.pl\/fr\/wp-json\/wp\/v2\/media?parent=3915"}],"curies":[{"name":"wp","href":"https:\/\/api.w.org\/{rel}","templated":true}]}}