{"id":4012,"date":"2020-07-13T22:16:24","date_gmt":"2020-07-13T20:16:24","guid":{"rendered":"https:\/\/biaform.com.pl\/?page_id=4012"},"modified":"2020-07-14T22:47:58","modified_gmt":"2020-07-14T20:47:58","slug":"contreplaque-exterieur-avec-film-phenolique-antiderapant-hexa","status":"publish","type":"page","link":"https:\/\/biaform.com.pl\/fr\/produits\/contreplaque-filme\/contreplaque-exterieur-avec-film-phenolique-antiderapant-hexa\/","title":{"rendered":"Contreplaqu\u00e9 ext\u00e9rieur avec film ph\u00e9nolique antid\u00e9rapant Hexa"},"content":{"rendered":"<section class=\"l-section wpb_row height_auto width_full\"><div class=\"l-section-h i-cf\"><div class=\"g-cols vc_row type_default valign_top\"><div class=\"vc_col-sm-12 wpb_column vc_column_container\"><div class=\"vc_column-inner\"><div class=\"wpb_wrapper\"><section class=\"l-section wpb_row height_medium color_alternate with_img parallax_ver with_overlay\" id=\"title\"><div class=\"l-section-img\" style=\"background-image: url(https:\/\/biaform.com.pl\/wp-content\/uploads\/2020\/03\/title-bg-2.jpg);background-repeat: no-repeat;\" data-img-width=\"1920\" data-img-height=\"800\"><\/div><div class=\"l-section-overlay\" style=\"background: rgba(0,0,0,0.10)\"><\/div><div class=\"l-section-h i-cf\"><div class=\"g-cols vc_row type_default valign_middle\"><div class=\"vc_col-sm-6 wpb_column vc_column_container\"><div class=\"vc_column-inner\"><div class=\"wpb_wrapper\"><h1 class=\"w-post-elm post_title us_custom_607cd7e8 entry-title color_link_inherit\">Contreplaqu\u00e9 ext\u00e9rieur avec film ph\u00e9nolique antid\u00e9rapant Hexa<\/h1><\/div><\/div><\/div><div class=\"vc_col-sm-6 wpb_column vc_column_container\"><div class=\"vc_column-inner\"><div class=\"wpb_wrapper\"><ol class=\"g-breadcrumbs us_custom_963f34bc separator_icon align_right has_text_color\" itemscope itemtype=\"http:\/\/schema.org\/BreadcrumbList\"><li class=\"g-breadcrumbs-item\" itemprop=\"itemListElement\" itemscope itemtype=\"http:\/\/schema.org\/ListItem\"><a itemprop=\"item\" href=\"https:\/\/biaform.com.pl\/fr\/\"><span itemprop=\"name\">Accueil<\/span><\/a><meta itemprop=\"position\" content=\"1\"\/><\/li><li class=\"g-breadcrumbs-separator\"><i class=\"material-icons\">chevron_right<\/i><\/li><li class=\"g-breadcrumbs-item\">Pages<\/li><\/ol><\/div><\/div><\/div><\/div><\/div><\/section>\n<\/div><\/div><\/div><\/div><\/div><\/section><section class=\"l-section wpb_row height_medium\"><div class=\"l-section-h i-cf\"><div class=\"g-cols vc_row type_default valign_top gap-2em\"><style>.g-cols.gap-2em{margin:0 calc(-1.5rem - 2em)}.gap-2em > .vc_column_container {padding:2em}<\/style><div class=\"vc_col-sm-12 wpb_column vc_column_container animate_afb\" style=\"animation-delay:0.2s\"><div class=\"vc_column-inner\"><div class=\"wpb_wrapper\"><div id=\"ultimate-heading-898669e3bca535004\" class=\"uvc-heading ult-adjust-bottom-margin ultimate-heading-898669e3bca535004 uvc-7145 \" data-hspacer=\"line_with_icon\" data-hline_width=\"200\" data-hicon_type=\"selector\" data-hborder_style=\"solid\" data-hborder_height=\"3\" data-hborder_color=\"#503201\" data-icon_width=\"32\" data-hfixer=\"20\"  data-halign=\"center\" style=\"text-align:center\"><div class=\"uvc-main-heading ult-responsive\"  data-ultimate-target='.uvc-heading.ultimate-heading-898669e3bca535004 h2'  data-responsive-json-new='{\"font-size\":\"\",\"line-height\":\"\"}' ><h2 style=\"font-weight:normal;margin-bottom:10px;\">Contreplaqu\u00e9 ext\u00e9rieur avec film ph\u00e9nolique antid\u00e9rapant Hexa<\/h2><\/div><div class=\"uvc-sub-heading ult-responsive\"  data-ultimate-target='.uvc-heading.ultimate-heading-898669e3bca535004 .uvc-sub-heading '  data-responsive-json-new='{\"font-size\":\"\",\"line-height\":\"\"}'  style=\"font-weight:normal;margin-bottom:10px;\">Description du produit<\/div><div class=\"uvc-heading-spacer line_with_icon\" style=\"topheight:32px;\"><div class=\"ult-just-icon-wrapper  \"><div class=\"align-icon\" style=\"text-align:center;\">\n<div class=\"aio-icon none \"  style=\"color:#64bc46;font-size:32px;display:inline-block;\">\n\t<i class=\"Defaults-stack-overflow\"><\/i>\n<\/div><\/div><\/div><\/div><\/div><\/div><\/div><\/div><div class=\"vc_col-sm-12 wpb_column vc_column_container\"><div class=\"vc_column-inner\"><div class=\"wpb_wrapper\"><div class=\"wpb_text_column\" ><div class=\"wpb_wrapper\"><p style=\"text-align: justify;\">Contreplaqu\u00e9 ext\u00e9rieur recouvert d&rsquo;un film de ph\u00e9nol ou m\u00e9lamine \u00e0 motif hexagonal (sur un ou deux c\u00f4t\u00e9s). Le produit a des propri\u00e9t\u00e9s antid\u00e9rapantes et des effets visuels int\u00e9ressants. La surface prot\u00e8ge la planche de l&rsquo;humidit\u00e9 et augmente la r\u00e9sistance \u00e0 l&rsquo;abrasion. Le contreplaqu\u00e9 a un adh\u00e9sif imperm\u00e9able, tandis que le bois est hygroscopique et gonfle et r\u00e9tr\u00e9cit.<\/p>\n<\/div><\/div><div class=\"g-cols wpb_row  type_default valign_top vc_inner\"><div class=\"vc_col-sm-6 vc_col-sm-offset-3 vc_col-xs-12 wpb_column vc_column_container animate_afb\" style=\"animation-delay:0.5s\"><div class=\"vc_column-inner\"><div class=\"wpb_wrapper\"><div class=\"w-image align_center\"><a href=\"https:\/\/biaform.com.pl\/wp-content\/uploads\/2020\/04\/sklejka-wodoodporna-pokryta-folia-fenolowa-melaminowa-z-wykonczeniem-antypozlizgowym.jpg\" ref=\"magnificPopup\" aria-label=\"Lien\" class=\"w-image-h\"><img decoding=\"async\" width=\"800\" height=\"562\" src=\"https:\/\/biaform.com.pl\/wp-content\/uploads\/2020\/04\/sklejka-wodoodporna-pokryta-folia-fenolowa-melaminowa-z-wykonczeniem-antypozlizgowym.jpg\" class=\"attachment-full size-full\" alt=\"\" srcset=\"https:\/\/biaform.com.pl\/wp-content\/uploads\/2020\/04\/sklejka-wodoodporna-pokryta-folia-fenolowa-melaminowa-z-wykonczeniem-antypozlizgowym.jpg 800w, https:\/\/biaform.com.pl\/wp-content\/uploads\/2020\/04\/sklejka-wodoodporna-pokryta-folia-fenolowa-melaminowa-z-wykonczeniem-antypozlizgowym-300x211.jpg 300w\" sizes=\"(max-width: 800px) 100vw, 800px\" \/><\/a><\/div><\/div><\/div><\/div><\/div><\/div><\/div><\/div><div class=\"vc_col-sm-12 wpb_column vc_column_container\"><div class=\"vc_column-inner\"><div class=\"wpb_wrapper\"><div id=\"ultimate-heading-870669e3bca53595b\" class=\"uvc-heading ult-adjust-bottom-margin ultimate-heading-870669e3bca53595b uvc-1709 \" data-hspacer=\"line_with_icon\" data-hline_width=\"200\" data-hicon_type=\"selector\" data-hborder_style=\"solid\" data-hborder_height=\"3\" data-hborder_color=\"#503201\" data-icon_width=\"32\" data-hfixer=\"20\"  data-halign=\"center\" style=\"text-align:center\"><div class=\"uvc-main-heading ult-responsive\"  data-ultimate-target='.uvc-heading.ultimate-heading-870669e3bca53595b h3'  data-responsive-json-new='{\"font-size\":\"\",\"line-height\":\"\"}' ><h3 style=\"font-weight:normal;margin-bottom:10px;\">Donn\u00e9es produit de base<\/h3><\/div><div class=\"uvc-heading-spacer line_with_icon\" style=\"topheight:32px;\"><div class=\"ult-just-icon-wrapper  \"><div class=\"align-icon\" style=\"text-align:center;\">\n<div class=\"aio-icon none \"  style=\"color:#64bc46;font-size:32px;display:inline-block;\">\n\t<i class=\"Defaults-angle-double-down\"><\/i>\n<\/div><\/div><\/div><\/div><\/div><div class=\"w-separator size_small\"><\/div><div class=\"wpb_text_column\" ><div class=\"wpb_wrapper\"><table class=\"produkt\">\n<tbody>\n<tr>\n<td style=\"vertical-align: top;\"><strong>Applications<\/strong><\/td>\n<td>\n<ul>\n<li>moyens de transport<\/li>\n<li>terrain de jeu<\/li>\n<li>estrade<\/li>\n<li>\u00e9chafaudage<\/li>\n<li>sc\u00e8nes<\/li>\n<\/ul>\n<\/td>\n<\/tr>\n<tr>\n<td style=\"vertical-align: top;\"><strong>Mati\u00e8res pour la production contreplaqu\u00e9<\/strong><\/td>\n<td>\n<ul>\n<li>bois: feuillus (aulne, bouleau), conif\u00e8res (\u00e9pic\u00e9a, pin)<\/li>\n<li>adh\u00e9sif \u00e9tanche \u00e0 base de r\u00e9sine ph\u00e9nol-formald\u00e9hyde<\/li>\n<li>feuille de ph\u00e9nol ou de m\u00e9lamine:<br \/>\n&#8211; grammage: 80\/220 g \/ m\u00b2 ou autre convenu avec le client<br \/>\n&#8211; ouleur: marron, gris ou autre convenu avec le client<\/li>\n<li>motif hexagonal (un ou deux c\u00f4t\u00e9s)<\/li>\n<\/ul>\n<\/td>\n<\/tr>\n<tr>\n<td style=\"vertical-align: top;\"><strong>Protection des bords \u00e9troits<\/strong><\/td>\n<td>\n<ul>\n<li>peinture acrylique marron dans la couleur convenue avec le client<\/li>\n<\/ul>\n<\/td>\n<\/tr>\n<tr>\n<td style=\"vertical-align: top;\"><strong>Formats standard disponibles<\/strong><\/td>\n<td>\n<ul>\n<li>1550mmx1550\/2250\/2500\/2700\/3000\/3300 mm<\/li>\n<li>autres formats \u00e0 convenir avec le client<\/li>\n<\/ul>\n<\/td>\n<\/tr>\n<tr>\n<td style=\"vertical-align: top;\"><strong>\u00c9paisseur du contreplaqu\u00e9<\/strong><\/td>\n<td>\n<ul>\n<li>9mm-40mm<\/li>\n<\/ul>\n<\/td>\n<\/tr>\n<tr>\n<td style=\"vertical-align: top;\"><strong>Tol\u00e9rances dimensionnelles<\/strong><\/td>\n<td>\n<ul>\n<li>selon PN-EN 315 ou autre convenu avec le client<\/li>\n<\/ul>\n<\/td>\n<\/tr>\n<tr>\n<td style=\"vertical-align: top;\"><strong>Sp\u00e9cifications techniques<\/strong><\/td>\n<td>\n<ul>\n<li>densit\u00e9 600-800 [kg\/m\u00b3]<\/li>\n<li>humidit\u00e9 4-12 [%]<\/li>\n<li>qualit\u00e9 de collage selon PN-EN 314-2 classe 3<\/li>\n<li>\u00e9mission de formald\u00e9hyde: E1 selon PN-EN 636<\/li>\n<\/ul>\n<\/td>\n<\/tr>\n<tr>\n<td style=\"vertical-align: top;\"><strong>Des services suppl\u00e9mentaires<\/strong><\/td>\n<td>\n<ul>\n<li>usinage CNC<\/li>\n<li>protection du contreplaqu\u00e9 contre la corrosion biologique par l&rsquo;ajout de fongicide<\/li>\n<li>couper dans des formats plus petits<\/li>\n<li>placer le logo du client sur la feuille<\/li>\n<\/ul>\n<\/td>\n<\/tr>\n<\/tbody>\n<\/table>\n<\/div><\/div><\/div><\/div><\/div><div class=\"vc_col-sm-10 vc_col-md-offset-2 vc_col-md-8 vc_col-sm-offset-1 wpb_column vc_column_container\"><div class=\"vc_column-inner\"><div class=\"wpb_wrapper\"><div class=\"w-actionbox us_custom_f190302b color_secondary controls_right has_text_color\"><div class=\"w-actionbox-text\"><p>T\u00e9l\u00e9charger la fiche technique du produit<\/p>\n<\/div><div class=\"w-actionbox-controls\"><a class=\"w-btn us-btn-style_1 icon_atright\" target=\"_blank\" href=\"\/wp-content\/uploads\/2020\/04\/exterior-plywood-covered-phenolic-foil-with-anti-slip-finish-hexa.pdf\" rel=\"noopener\"><span class=\"w-btn-label\">T\u00e9l\u00e9charger le PDF<\/span><i class=\"fas fa-angle-double-right\"><\/i><\/a><\/div><\/div><\/div><\/div><\/div><\/div><\/div><\/section><section class=\"l-section wpb_row height_auto width_full\"><div class=\"l-section-h i-cf\"><div class=\"g-cols vc_row type_default valign_top\"><div class=\"vc_col-sm-12 wpb_column vc_column_container\"><div class=\"vc_column-inner\"><div class=\"wpb_wrapper\"><section class=\"l-section wpb_row height_huge with_img parallax_ver with_overlay\" id=\"cta-cont\"><div class=\"l-section-img\" style=\"background-image: url(https:\/\/biaform.com.pl\/wp-content\/uploads\/2020\/03\/biaform-kontakt.jpg);background-position: bottom center;background-repeat: no-repeat;\" data-img-width=\"1600\" data-img-height=\"1067\"><\/div><div class=\"l-section-overlay\" style=\"background: rgba(0,0,0,0.4)\"><\/div><div class=\"l-section-h i-cf\"><div class=\"g-cols vc_row type_default valign_top\"><div class=\"vc_col-sm-6 vc_col-lg-offset-8 vc_col-lg-4 vc_col-md-offset-7 vc_col-md-5 vc_col-sm-offset-6 wpb_column vc_column_container animate_fade\" style=\"animation-delay:0.2s\"><div class=\"vc_column-inner\"><div class=\"wpb_wrapper\"><div class=\"w-actionbox us_custom_2aff76bb color_primary controls_bottom\"><div class=\"w-actionbox-text\"><h3>Avez- vous des questions ?<\/h3><p>Appelez ou \u00e9crivez. Nous r\u00e9pondrons avec plaisir \u00e0 vos questions.<\/p>\n<\/div><div class=\"w-actionbox-controls\"><a class=\"w-btn us-btn-style_3 icon_atright\" title=\"conta\" href=\"\/fr\/contact\/\"><span class=\"w-btn-label\">Contactez-nous<\/span><i class=\"fas fa-angle-double-right\"><\/i><\/a><\/div><\/div><\/div><\/div><\/div><\/div><\/div><\/section>\n<\/div><\/div><\/div><\/div><\/div><\/section>\n","protected":false},"excerpt":{"rendered":"Contreplaqu\u00e9 ext\u00e9rieur avec film ph\u00e9nolique antid\u00e9rapant HexaAccueilchevron_rightPages Contreplaqu\u00e9 ext\u00e9rieur avec film ph\u00e9nolique antid\u00e9rapant HexaDescription du produit Contreplaqu\u00e9 ext\u00e9rieur recouvert d&rsquo;un film de ph\u00e9nol ou m\u00e9lamine \u00e0 motif hexagonal (sur un ou deux c\u00f4t\u00e9s). Le produit a des propri\u00e9t\u00e9s antid\u00e9rapantes et des effets visuels int\u00e9ressants. La surface prot\u00e8ge la planche de l&rsquo;humidit\u00e9 et augmente la r\u00e9sistance...","protected":false},"author":1,"featured_media":0,"parent":3969,"menu_order":5,"comment_status":"closed","ping_status":"closed","template":"","meta":{"_acf_changed":false,"footnotes":""},"class_list":["post-4012","page","type-page","status-publish","hentry"],"acf":[],"yoast_head":"<!-- This site is optimized with the Yoast SEO plugin v27.3 - https:\/\/yoast.com\/product\/yoast-seo-wordpress\/ -->\n<title>Contreplaqu\u00e9 ext\u00e9rieur avec film ph\u00e9nolique antid\u00e9rapant Hexa - Biaform SA Bia\u0142ystok<\/title>\n<meta name=\"robots\" content=\"index, follow, max-snippet:-1, max-image-preview:large, max-video-preview:-1\" \/>\n<link rel=\"canonical\" href=\"https:\/\/biaform.com.pl\/fr\/produits\/contreplaque-filme\/contreplaque-exterieur-avec-film-phenolique-antiderapant-hexa\/\" \/>\n<meta property=\"og:locale\" content=\"fr_FR\" \/>\n<meta property=\"og:type\" content=\"article\" \/>\n<meta property=\"og:title\" content=\"Contreplaqu\u00e9 ext\u00e9rieur avec film ph\u00e9nolique antid\u00e9rapant Hexa - Biaform SA Bia\u0142ystok\" \/>\n<meta property=\"og:url\" content=\"https:\/\/biaform.com.pl\/fr\/produits\/contreplaque-filme\/contreplaque-exterieur-avec-film-phenolique-antiderapant-hexa\/\" \/>\n<meta property=\"og:site_name\" content=\"Biaform SA Bia\u0142ystok\" \/>\n<meta property=\"article:modified_time\" content=\"2020-07-14T20:47:58+00:00\" \/>\n<meta name=\"twitter:card\" content=\"summary_large_image\" \/>\n<meta name=\"twitter:label1\" content=\"Dur\u00e9e de lecture estim\u00e9e\" \/>\n\t<meta name=\"twitter:data1\" content=\"3 minutes\" \/>\n<script type=\"application\/ld+json\" class=\"yoast-schema-graph\">{\"@context\":\"https:\\\/\\\/schema.org\",\"@graph\":[{\"@type\":\"WebPage\",\"@id\":\"https:\\\/\\\/biaform.com.pl\\\/fr\\\/produits\\\/contreplaque-filme\\\/contreplaque-exterieur-avec-film-phenolique-antiderapant-hexa\\\/\",\"url\":\"https:\\\/\\\/biaform.com.pl\\\/fr\\\/produits\\\/contreplaque-filme\\\/contreplaque-exterieur-avec-film-phenolique-antiderapant-hexa\\\/\",\"name\":\"Contreplaqu\u00e9 ext\u00e9rieur avec film ph\u00e9nolique antid\u00e9rapant Hexa - Biaform SA Bia\u0142ystok\",\"isPartOf\":{\"@id\":\"https:\\\/\\\/biaform.com.pl\\\/fr\\\/#website\"},\"datePublished\":\"2020-07-13T20:16:24+00:00\",\"dateModified\":\"2020-07-14T20:47:58+00:00\",\"breadcrumb\":{\"@id\":\"https:\\\/\\\/biaform.com.pl\\\/fr\\\/produits\\\/contreplaque-filme\\\/contreplaque-exterieur-avec-film-phenolique-antiderapant-hexa\\\/#breadcrumb\"},\"inLanguage\":\"fr-FR\",\"potentialAction\":[{\"@type\":\"ReadAction\",\"target\":[\"https:\\\/\\\/biaform.com.pl\\\/fr\\\/produits\\\/contreplaque-filme\\\/contreplaque-exterieur-avec-film-phenolique-antiderapant-hexa\\\/\"]}]},{\"@type\":\"BreadcrumbList\",\"@id\":\"https:\\\/\\\/biaform.com.pl\\\/fr\\\/produits\\\/contreplaque-filme\\\/contreplaque-exterieur-avec-film-phenolique-antiderapant-hexa\\\/#breadcrumb\",\"itemListElement\":[{\"@type\":\"ListItem\",\"position\":1,\"name\":\"Strona g\u0142\u00f3wna\",\"item\":\"https:\\\/\\\/biaform.com.pl\\\/fr\\\/\"},{\"@type\":\"ListItem\",\"position\":2,\"name\":\"Produits\",\"item\":\"https:\\\/\\\/biaform.com.pl\\\/fr\\\/produits\\\/\"},{\"@type\":\"ListItem\",\"position\":3,\"name\":\"Contreplaqu\u00e9 film\u00e9\",\"item\":\"https:\\\/\\\/biaform.com.pl\\\/fr\\\/produits\\\/contreplaque-filme\\\/\"},{\"@type\":\"ListItem\",\"position\":4,\"name\":\"Contreplaqu\u00e9 ext\u00e9rieur avec film ph\u00e9nolique antid\u00e9rapant Hexa\"}]},{\"@type\":\"WebSite\",\"@id\":\"https:\\\/\\\/biaform.com.pl\\\/fr\\\/#website\",\"url\":\"https:\\\/\\\/biaform.com.pl\\\/fr\\\/\",\"name\":\"Biaform SA Bia\u0142ystok\",\"description\":\"\",\"potentialAction\":[{\"@type\":\"SearchAction\",\"target\":{\"@type\":\"EntryPoint\",\"urlTemplate\":\"https:\\\/\\\/biaform.com.pl\\\/fr\\\/?s={search_term_string}\"},\"query-input\":{\"@type\":\"PropertyValueSpecification\",\"valueRequired\":true,\"valueName\":\"search_term_string\"}}],\"inLanguage\":\"fr-FR\"}]}<\/script>\n<!-- \/ Yoast SEO plugin. -->","yoast_head_json":{"title":"Contreplaqu\u00e9 ext\u00e9rieur avec film ph\u00e9nolique antid\u00e9rapant Hexa - Biaform SA Bia\u0142ystok","robots":{"index":"index","follow":"follow","max-snippet":"max-snippet:-1","max-image-preview":"max-image-preview:large","max-video-preview":"max-video-preview:-1"},"canonical":"https:\/\/biaform.com.pl\/fr\/produits\/contreplaque-filme\/contreplaque-exterieur-avec-film-phenolique-antiderapant-hexa\/","og_locale":"fr_FR","og_type":"article","og_title":"Contreplaqu\u00e9 ext\u00e9rieur avec film ph\u00e9nolique antid\u00e9rapant Hexa - Biaform SA Bia\u0142ystok","og_url":"https:\/\/biaform.com.pl\/fr\/produits\/contreplaque-filme\/contreplaque-exterieur-avec-film-phenolique-antiderapant-hexa\/","og_site_name":"Biaform SA Bia\u0142ystok","article_modified_time":"2020-07-14T20:47:58+00:00","twitter_card":"summary_large_image","twitter_misc":{"Dur\u00e9e de lecture estim\u00e9e":"3 minutes"},"schema":{"@context":"https:\/\/schema.org","@graph":[{"@type":"WebPage","@id":"https:\/\/biaform.com.pl\/fr\/produits\/contreplaque-filme\/contreplaque-exterieur-avec-film-phenolique-antiderapant-hexa\/","url":"https:\/\/biaform.com.pl\/fr\/produits\/contreplaque-filme\/contreplaque-exterieur-avec-film-phenolique-antiderapant-hexa\/","name":"Contreplaqu\u00e9 ext\u00e9rieur avec film ph\u00e9nolique antid\u00e9rapant Hexa - Biaform SA Bia\u0142ystok","isPartOf":{"@id":"https:\/\/biaform.com.pl\/fr\/#website"},"datePublished":"2020-07-13T20:16:24+00:00","dateModified":"2020-07-14T20:47:58+00:00","breadcrumb":{"@id":"https:\/\/biaform.com.pl\/fr\/produits\/contreplaque-filme\/contreplaque-exterieur-avec-film-phenolique-antiderapant-hexa\/#breadcrumb"},"inLanguage":"fr-FR","potentialAction":[{"@type":"ReadAction","target":["https:\/\/biaform.com.pl\/fr\/produits\/contreplaque-filme\/contreplaque-exterieur-avec-film-phenolique-antiderapant-hexa\/"]}]},{"@type":"BreadcrumbList","@id":"https:\/\/biaform.com.pl\/fr\/produits\/contreplaque-filme\/contreplaque-exterieur-avec-film-phenolique-antiderapant-hexa\/#breadcrumb","itemListElement":[{"@type":"ListItem","position":1,"name":"Strona g\u0142\u00f3wna","item":"https:\/\/biaform.com.pl\/fr\/"},{"@type":"ListItem","position":2,"name":"Produits","item":"https:\/\/biaform.com.pl\/fr\/produits\/"},{"@type":"ListItem","position":3,"name":"Contreplaqu\u00e9 film\u00e9","item":"https:\/\/biaform.com.pl\/fr\/produits\/contreplaque-filme\/"},{"@type":"ListItem","position":4,"name":"Contreplaqu\u00e9 ext\u00e9rieur avec film ph\u00e9nolique antid\u00e9rapant Hexa"}]},{"@type":"WebSite","@id":"https:\/\/biaform.com.pl\/fr\/#website","url":"https:\/\/biaform.com.pl\/fr\/","name":"Biaform SA Bia\u0142ystok","description":"","potentialAction":[{"@type":"SearchAction","target":{"@type":"EntryPoint","urlTemplate":"https:\/\/biaform.com.pl\/fr\/?s={search_term_string}"},"query-input":{"@type":"PropertyValueSpecification","valueRequired":true,"valueName":"search_term_string"}}],"inLanguage":"fr-FR"}]}},"_links":{"self":[{"href":"https:\/\/biaform.com.pl\/fr\/wp-json\/wp\/v2\/pages\/4012","targetHints":{"allow":["GET"]}}],"collection":[{"href":"https:\/\/biaform.com.pl\/fr\/wp-json\/wp\/v2\/pages"}],"about":[{"href":"https:\/\/biaform.com.pl\/fr\/wp-json\/wp\/v2\/types\/page"}],"author":[{"embeddable":true,"href":"https:\/\/biaform.com.pl\/fr\/wp-json\/wp\/v2\/users\/1"}],"replies":[{"embeddable":true,"href":"https:\/\/biaform.com.pl\/fr\/wp-json\/wp\/v2\/comments?post=4012"}],"version-history":[{"count":0,"href":"https:\/\/biaform.com.pl\/fr\/wp-json\/wp\/v2\/pages\/4012\/revisions"}],"up":[{"embeddable":true,"href":"https:\/\/biaform.com.pl\/fr\/wp-json\/wp\/v2\/pages\/3969"}],"wp:attachment":[{"href":"https:\/\/biaform.com.pl\/fr\/wp-json\/wp\/v2\/media?parent=4012"}],"curies":[{"name":"wp","href":"https:\/\/api.w.org\/{rel}","templated":true}]}}