{"id":4042,"date":"2020-07-13T22:51:21","date_gmt":"2020-07-13T20:51:21","guid":{"rendered":"https:\/\/biaform.com.pl\/?page_id=4042"},"modified":"2020-07-14T23:15:16","modified_gmt":"2020-07-14T21:15:16","slug":"contreplaque-exterieur-huile","status":"publish","type":"page","link":"https:\/\/biaform.com.pl\/fr\/produits\/contreplaque-special\/contreplaque-exterieur-huile\/","title":{"rendered":"Contreplaqu\u00e9 ext\u00e9rieur huil\u00e9"},"content":{"rendered":"<section class=\"l-section wpb_row height_auto width_full\"><div class=\"l-section-h i-cf\"><div class=\"g-cols vc_row type_default valign_top\"><div class=\"vc_col-sm-12 wpb_column vc_column_container\"><div class=\"vc_column-inner\"><div class=\"wpb_wrapper\"><section class=\"l-section wpb_row height_medium color_alternate with_img parallax_ver with_overlay\" id=\"title\"><div class=\"l-section-img\" style=\"background-image: url(https:\/\/biaform.com.pl\/wp-content\/uploads\/2020\/03\/title-bg-2.jpg);background-repeat: no-repeat;\" data-img-width=\"1920\" data-img-height=\"800\"><\/div><div class=\"l-section-overlay\" style=\"background: rgba(0,0,0,0.10)\"><\/div><div class=\"l-section-h i-cf\"><div class=\"g-cols vc_row type_default valign_middle\"><div class=\"vc_col-sm-6 wpb_column vc_column_container\"><div class=\"vc_column-inner\"><div class=\"wpb_wrapper\"><h1 class=\"w-post-elm post_title us_custom_607cd7e8 entry-title color_link_inherit\">Contreplaqu\u00e9 ext\u00e9rieur huil\u00e9<\/h1><\/div><\/div><\/div><div class=\"vc_col-sm-6 wpb_column vc_column_container\"><div class=\"vc_column-inner\"><div class=\"wpb_wrapper\"><ol class=\"g-breadcrumbs us_custom_963f34bc separator_icon align_right has_text_color\" itemscope itemtype=\"http:\/\/schema.org\/BreadcrumbList\"><li class=\"g-breadcrumbs-item\" itemprop=\"itemListElement\" itemscope itemtype=\"http:\/\/schema.org\/ListItem\"><a itemprop=\"item\" href=\"https:\/\/biaform.com.pl\/fr\/\"><span itemprop=\"name\">Accueil<\/span><\/a><meta itemprop=\"position\" content=\"1\"\/><\/li><li class=\"g-breadcrumbs-separator\"><i class=\"material-icons\">chevron_right<\/i><\/li><li class=\"g-breadcrumbs-item\">Pages<\/li><\/ol><\/div><\/div><\/div><\/div><\/div><\/section>\n<\/div><\/div><\/div><\/div><\/div><\/section><section class=\"l-section wpb_row height_medium\"><div class=\"l-section-h i-cf\"><div class=\"g-cols vc_row type_default valign_top gap-2em\"><style>.g-cols.gap-2em{margin:0 calc(-1.5rem - 2em)}.gap-2em > .vc_column_container {padding:2em}<\/style><div class=\"vc_col-sm-12 wpb_column vc_column_container animate_afb\" style=\"animation-delay:0.2s\"><div class=\"vc_column-inner\"><div class=\"wpb_wrapper\"><div id=\"ultimate-heading-159669e305c33fecc\" class=\"uvc-heading ult-adjust-bottom-margin ultimate-heading-159669e305c33fecc uvc-6922 \" data-hspacer=\"line_with_icon\" data-hline_width=\"200\" data-hicon_type=\"selector\" data-hborder_style=\"solid\" data-hborder_height=\"3\" data-hborder_color=\"#503201\" data-icon_width=\"32\" data-hfixer=\"20\"  data-halign=\"center\" style=\"text-align:center\"><div class=\"uvc-main-heading ult-responsive\"  data-ultimate-target='.uvc-heading.ultimate-heading-159669e305c33fecc h2'  data-responsive-json-new='{\"font-size\":\"\",\"line-height\":\"\"}' ><h2 style=\"font-weight:normal;margin-bottom:10px;\">Contreplaqu\u00e9 \u00e9tanche huil\u00e9<\/h2><\/div><div class=\"uvc-sub-heading ult-responsive\"  data-ultimate-target='.uvc-heading.ultimate-heading-159669e305c33fecc .uvc-sub-heading '  data-responsive-json-new='{\"font-size\":\"\",\"line-height\":\"\"}'  style=\"font-weight:normal;margin-bottom:10px;\">Description du produit<\/div><div class=\"uvc-heading-spacer line_with_icon\" style=\"topheight:32px;\"><div class=\"ult-just-icon-wrapper  \"><div class=\"align-icon\" style=\"text-align:center;\">\n<div class=\"aio-icon none \"  style=\"color:#64bc46;font-size:32px;display:inline-block;\">\n\t<i class=\"Defaults-stack-overflow\"><\/i>\n<\/div><\/div><\/div><\/div><\/div><\/div><\/div><\/div><div class=\"vc_col-sm-12 wpb_column vc_column_container\"><div class=\"vc_column-inner\"><div class=\"wpb_wrapper\"><div class=\"wpb_text_column\" ><div class=\"wpb_wrapper\"><p style=\"text-align: justify;\">Contreplaqu\u00e9 ext\u00e9rieur recouvert d&rsquo;huile sur deux c\u00f4t\u00e9s, qui prot\u00e8ge la surface de l&rsquo;humidit\u00e9.<\/p>\n<\/div><\/div><div class=\"g-cols wpb_row  type_default valign_top vc_inner\"><div class=\"vc_col-sm-6 vc_col-sm-offset-3 vc_col-xs-12 wpb_column vc_column_container animate_afb\" style=\"animation-delay:0.5s\"><div class=\"vc_column-inner\"><div class=\"wpb_wrapper\"><div class=\"w-image align_center\"><a href=\"https:\/\/biaform.com.pl\/wp-content\/uploads\/2020\/04\/sklejka-wodoodporna-olejowana.jpg\" ref=\"magnificPopup\" aria-label=\"Lien\" class=\"w-image-h\"><img decoding=\"async\" width=\"800\" height=\"562\" src=\"https:\/\/biaform.com.pl\/wp-content\/uploads\/2020\/04\/sklejka-wodoodporna-olejowana.jpg\" class=\"attachment-full size-full\" alt=\"\" srcset=\"https:\/\/biaform.com.pl\/wp-content\/uploads\/2020\/04\/sklejka-wodoodporna-olejowana.jpg 800w, https:\/\/biaform.com.pl\/wp-content\/uploads\/2020\/04\/sklejka-wodoodporna-olejowana-300x211.jpg 300w\" sizes=\"(max-width: 800px) 100vw, 800px\" \/><\/a><\/div><\/div><\/div><\/div><\/div><\/div><\/div><\/div><div class=\"vc_col-sm-12 wpb_column vc_column_container\"><div class=\"vc_column-inner\"><div class=\"wpb_wrapper\"><div id=\"ultimate-heading-564469e305c340c76\" class=\"uvc-heading ult-adjust-bottom-margin ultimate-heading-564469e305c340c76 uvc-7907 \" data-hspacer=\"line_with_icon\" data-hline_width=\"200\" data-hicon_type=\"selector\" data-hborder_style=\"solid\" data-hborder_height=\"3\" data-hborder_color=\"#503201\" data-icon_width=\"32\" data-hfixer=\"20\"  data-halign=\"center\" style=\"text-align:center\"><div class=\"uvc-main-heading ult-responsive\"  data-ultimate-target='.uvc-heading.ultimate-heading-564469e305c340c76 h3'  data-responsive-json-new='{\"font-size\":\"\",\"line-height\":\"\"}' ><h3 style=\"font-weight:normal;margin-bottom:10px;\">Donn\u00e9es produit de base<\/h3><\/div><div class=\"uvc-heading-spacer line_with_icon\" style=\"topheight:32px;\"><div class=\"ult-just-icon-wrapper  \"><div class=\"align-icon\" style=\"text-align:center;\">\n<div class=\"aio-icon none \"  style=\"color:#64bc46;font-size:32px;display:inline-block;\">\n\t<i class=\"Defaults-angle-double-down\"><\/i>\n<\/div><\/div><\/div><\/div><\/div><div class=\"w-separator size_small\"><\/div><div class=\"wpb_text_column\" ><div class=\"wpb_wrapper\"><p style=\"text-align: justify;\">Le contreplaqu\u00e9 est constitu\u00e9 de couches de bois qui se croisent, les fibres des couches adjacentes s&rsquo;\u00e9tendent \u00e0 angle droit. Panneau ext\u00e9rieur recouvert d&rsquo;huile.<\/p>\n<\/div><\/div><div class=\"w-separator size_small\"><\/div><div class=\"wpb_text_column\" ><div class=\"wpb_wrapper\"><table class=\"produkt\">\n<tbody>\n<tr>\n<td style=\"vertical-align: top;\"><strong>Applications<\/strong><\/td>\n<td>\n<ul>\n<li>coffrage<\/li>\n<\/ul>\n<\/td>\n<\/tr>\n<tr>\n<td style=\"vertical-align: top;\"><strong>Mati\u00e8res pour la production du contreplaqu\u00e9<\/strong><\/td>\n<td>\n<ul>\n<li>bois: feuillus (aulne, bouleau), conif\u00e8res (\u00e9pic\u00e9a, pin)<\/li>\n<li>adh\u00e9sif \u00e9tanche \u00e0 base de r\u00e9sine ph\u00e9nol-formald\u00e9hyde<\/li>\n<\/ul>\n<\/td>\n<\/tr>\n<tr>\n<td style=\"vertical-align: top;\"><strong>Formats standard disponibles<\/strong><\/td>\n<td>\n<ul>\n<li>750mmx1500<\/li>\n<li>autres formats \u00e0 convenir avec le client<\/li>\n<\/ul>\n<\/td>\n<\/tr>\n<tr>\n<td style=\"vertical-align: top;\"><strong>\u00c9paisseur du contreplaqu\u00e9<\/strong><\/td>\n<td>\n<ul>\n<li>6mm-40mm<\/li>\n<li>autres &#8211; \u00e0 convenir avec le client<\/li>\n<\/ul>\n<\/td>\n<\/tr>\n<tr>\n<td style=\"vertical-align: top;\"><strong>Tol\u00e9rances dimensionnelles<\/strong><\/td>\n<td>\n<ul>\n<li>selon PN-EN 315 ou autre convenu avec le client<\/li>\n<\/ul>\n<\/td>\n<\/tr>\n<tr>\n<td style=\"vertical-align: top;\"><strong>Classes de qualit\u00e9<\/strong><\/td>\n<td>\n<ul>\n<li>I, II, III, IV selon PN-EN 635<\/li>\n<\/ul>\n<\/td>\n<\/tr>\n<tr>\n<td style=\"vertical-align: top;\"><strong>Sp\u00e9cifications techniques<\/strong><\/td>\n<td>\n<ul>\n<li>densit\u00e9 600-800 [kg\/m\u00b3]<\/li>\n<li>humidit\u00e9 4-10 [%]<\/li>\n<li>qualit\u00e9 de collage selon PN-EN 314-2 classe 3 (WBP)<\/li>\n<li>\u00e9mission de formald\u00e9hyde E1 selon PN-EN 636<\/li>\n<\/ul>\n<\/td>\n<\/tr>\n<tr>\n<td style=\"vertical-align: top;\"><strong>Des services suppl\u00e9mentaires<\/strong><\/td>\n<td>\n<ul>\n<li>usinage CNC<\/li>\n<li>couper dans des formats plus petits<\/li>\n<\/ul>\n<\/td>\n<\/tr>\n<\/tbody>\n<\/table>\n<\/div><\/div><\/div><\/div><\/div><div class=\"vc_col-sm-10 vc_col-md-offset-2 vc_col-md-8 vc_col-sm-offset-1 wpb_column vc_column_container\"><div class=\"vc_column-inner\"><div class=\"wpb_wrapper\"><div class=\"w-actionbox us_custom_f190302b color_secondary controls_right has_text_color\"><div class=\"w-actionbox-text\"><p>T\u00e9l\u00e9charger la fiche technique du produit<\/p>\n<\/div><div class=\"w-actionbox-controls\"><a class=\"w-btn us-btn-style_1 icon_atright\" target=\"_blank\" href=\"\/wp-content\/uploads\/2020\/04\/exterior-oiled-raw-plywood.pdf\" rel=\"noopener\"><span class=\"w-btn-label\">T\u00e9l\u00e9charger le PDF<\/span><i class=\"fas fa-angle-double-right\"><\/i><\/a><\/div><\/div><\/div><\/div><\/div><\/div><\/div><\/section><section class=\"l-section wpb_row height_auto width_full\"><div class=\"l-section-h i-cf\"><div class=\"g-cols vc_row type_default valign_top\"><div class=\"vc_col-sm-12 wpb_column vc_column_container\"><div class=\"vc_column-inner\"><div class=\"wpb_wrapper\"><section class=\"l-section wpb_row height_huge with_img parallax_ver with_overlay\" id=\"cta-cont\"><div class=\"l-section-img\" style=\"background-image: url(https:\/\/biaform.com.pl\/wp-content\/uploads\/2020\/03\/biaform-kontakt.jpg);background-position: bottom center;background-repeat: no-repeat;\" data-img-width=\"1600\" data-img-height=\"1067\"><\/div><div class=\"l-section-overlay\" style=\"background: rgba(0,0,0,0.4)\"><\/div><div class=\"l-section-h i-cf\"><div class=\"g-cols vc_row type_default valign_top\"><div class=\"vc_col-sm-6 vc_col-lg-offset-8 vc_col-lg-4 vc_col-md-offset-7 vc_col-md-5 vc_col-sm-offset-6 wpb_column vc_column_container animate_fade\" style=\"animation-delay:0.2s\"><div class=\"vc_column-inner\"><div class=\"wpb_wrapper\"><div class=\"w-actionbox us_custom_2aff76bb color_primary controls_bottom\"><div class=\"w-actionbox-text\"><h3>Avez- vous des questions ?<\/h3><p>Appelez ou \u00e9crivez. Nous r\u00e9pondrons avec plaisir \u00e0 vos questions.<\/p>\n<\/div><div class=\"w-actionbox-controls\"><a class=\"w-btn us-btn-style_3 icon_atright\" title=\"conta\" href=\"\/fr\/contact\/\"><span class=\"w-btn-label\">Contactez-nous<\/span><i class=\"fas fa-angle-double-right\"><\/i><\/a><\/div><\/div><\/div><\/div><\/div><\/div><\/div><\/section>\n<\/div><\/div><\/div><\/div><\/div><\/section>\n","protected":false},"excerpt":{"rendered":"Contreplaqu\u00e9 ext\u00e9rieur huil\u00e9Accueilchevron_rightPages Contreplaqu\u00e9 \u00e9tanche huil\u00e9Description du produit Contreplaqu\u00e9 ext\u00e9rieur recouvert d&rsquo;huile sur deux c\u00f4t\u00e9s, qui prot\u00e8ge la surface de l&rsquo;humidit\u00e9. Donn\u00e9es produit de base Le contreplaqu\u00e9 est constitu\u00e9 de couches de bois qui se croisent, les fibres des couches adjacentes s&rsquo;\u00e9tendent \u00e0 angle droit. Panneau ext\u00e9rieur recouvert d&rsquo;huile. Applications coffrage Mati\u00e8res pour la production...","protected":false},"author":1,"featured_media":0,"parent":3970,"menu_order":4,"comment_status":"closed","ping_status":"closed","template":"","meta":{"_acf_changed":false,"footnotes":""},"class_list":["post-4042","page","type-page","status-publish","hentry"],"acf":[],"yoast_head":"<!-- This site is optimized with the Yoast SEO plugin v27.3 - https:\/\/yoast.com\/product\/yoast-seo-wordpress\/ -->\n<title>Contreplaqu\u00e9 ext\u00e9rieur huil\u00e9 - Biaform SA Bia\u0142ystok<\/title>\n<meta name=\"robots\" content=\"index, follow, max-snippet:-1, max-image-preview:large, max-video-preview:-1\" \/>\n<link rel=\"canonical\" href=\"https:\/\/biaform.com.pl\/fr\/produits\/contreplaque-special\/contreplaque-exterieur-huile\/\" \/>\n<meta property=\"og:locale\" content=\"fr_FR\" \/>\n<meta property=\"og:type\" content=\"article\" \/>\n<meta property=\"og:title\" content=\"Contreplaqu\u00e9 ext\u00e9rieur huil\u00e9 - Biaform SA Bia\u0142ystok\" \/>\n<meta property=\"og:url\" content=\"https:\/\/biaform.com.pl\/fr\/produits\/contreplaque-special\/contreplaque-exterieur-huile\/\" \/>\n<meta property=\"og:site_name\" content=\"Biaform SA Bia\u0142ystok\" \/>\n<meta property=\"article:modified_time\" content=\"2020-07-14T21:15:16+00:00\" \/>\n<meta name=\"twitter:card\" content=\"summary_large_image\" \/>\n<meta name=\"twitter:label1\" content=\"Dur\u00e9e de lecture estim\u00e9e\" \/>\n\t<meta name=\"twitter:data1\" content=\"2 minutes\" \/>\n<script type=\"application\/ld+json\" class=\"yoast-schema-graph\">{\"@context\":\"https:\\\/\\\/schema.org\",\"@graph\":[{\"@type\":\"WebPage\",\"@id\":\"https:\\\/\\\/biaform.com.pl\\\/fr\\\/produits\\\/contreplaque-special\\\/contreplaque-exterieur-huile\\\/\",\"url\":\"https:\\\/\\\/biaform.com.pl\\\/fr\\\/produits\\\/contreplaque-special\\\/contreplaque-exterieur-huile\\\/\",\"name\":\"Contreplaqu\u00e9 ext\u00e9rieur huil\u00e9 - Biaform SA Bia\u0142ystok\",\"isPartOf\":{\"@id\":\"https:\\\/\\\/biaform.com.pl\\\/fr\\\/#website\"},\"datePublished\":\"2020-07-13T20:51:21+00:00\",\"dateModified\":\"2020-07-14T21:15:16+00:00\",\"breadcrumb\":{\"@id\":\"https:\\\/\\\/biaform.com.pl\\\/fr\\\/produits\\\/contreplaque-special\\\/contreplaque-exterieur-huile\\\/#breadcrumb\"},\"inLanguage\":\"fr-FR\",\"potentialAction\":[{\"@type\":\"ReadAction\",\"target\":[\"https:\\\/\\\/biaform.com.pl\\\/fr\\\/produits\\\/contreplaque-special\\\/contreplaque-exterieur-huile\\\/\"]}]},{\"@type\":\"BreadcrumbList\",\"@id\":\"https:\\\/\\\/biaform.com.pl\\\/fr\\\/produits\\\/contreplaque-special\\\/contreplaque-exterieur-huile\\\/#breadcrumb\",\"itemListElement\":[{\"@type\":\"ListItem\",\"position\":1,\"name\":\"Strona g\u0142\u00f3wna\",\"item\":\"https:\\\/\\\/biaform.com.pl\\\/fr\\\/\"},{\"@type\":\"ListItem\",\"position\":2,\"name\":\"Produits\",\"item\":\"https:\\\/\\\/biaform.com.pl\\\/fr\\\/produits\\\/\"},{\"@type\":\"ListItem\",\"position\":3,\"name\":\"Contreplaqu\u00e9 special\",\"item\":\"https:\\\/\\\/biaform.com.pl\\\/fr\\\/produits\\\/contreplaque-special\\\/\"},{\"@type\":\"ListItem\",\"position\":4,\"name\":\"Contreplaqu\u00e9 ext\u00e9rieur huil\u00e9\"}]},{\"@type\":\"WebSite\",\"@id\":\"https:\\\/\\\/biaform.com.pl\\\/fr\\\/#website\",\"url\":\"https:\\\/\\\/biaform.com.pl\\\/fr\\\/\",\"name\":\"Biaform SA Bia\u0142ystok\",\"description\":\"\",\"potentialAction\":[{\"@type\":\"SearchAction\",\"target\":{\"@type\":\"EntryPoint\",\"urlTemplate\":\"https:\\\/\\\/biaform.com.pl\\\/fr\\\/?s={search_term_string}\"},\"query-input\":{\"@type\":\"PropertyValueSpecification\",\"valueRequired\":true,\"valueName\":\"search_term_string\"}}],\"inLanguage\":\"fr-FR\"}]}<\/script>\n<!-- \/ Yoast SEO plugin. -->","yoast_head_json":{"title":"Contreplaqu\u00e9 ext\u00e9rieur huil\u00e9 - Biaform SA Bia\u0142ystok","robots":{"index":"index","follow":"follow","max-snippet":"max-snippet:-1","max-image-preview":"max-image-preview:large","max-video-preview":"max-video-preview:-1"},"canonical":"https:\/\/biaform.com.pl\/fr\/produits\/contreplaque-special\/contreplaque-exterieur-huile\/","og_locale":"fr_FR","og_type":"article","og_title":"Contreplaqu\u00e9 ext\u00e9rieur huil\u00e9 - Biaform SA Bia\u0142ystok","og_url":"https:\/\/biaform.com.pl\/fr\/produits\/contreplaque-special\/contreplaque-exterieur-huile\/","og_site_name":"Biaform SA Bia\u0142ystok","article_modified_time":"2020-07-14T21:15:16+00:00","twitter_card":"summary_large_image","twitter_misc":{"Dur\u00e9e de lecture estim\u00e9e":"2 minutes"},"schema":{"@context":"https:\/\/schema.org","@graph":[{"@type":"WebPage","@id":"https:\/\/biaform.com.pl\/fr\/produits\/contreplaque-special\/contreplaque-exterieur-huile\/","url":"https:\/\/biaform.com.pl\/fr\/produits\/contreplaque-special\/contreplaque-exterieur-huile\/","name":"Contreplaqu\u00e9 ext\u00e9rieur huil\u00e9 - Biaform SA Bia\u0142ystok","isPartOf":{"@id":"https:\/\/biaform.com.pl\/fr\/#website"},"datePublished":"2020-07-13T20:51:21+00:00","dateModified":"2020-07-14T21:15:16+00:00","breadcrumb":{"@id":"https:\/\/biaform.com.pl\/fr\/produits\/contreplaque-special\/contreplaque-exterieur-huile\/#breadcrumb"},"inLanguage":"fr-FR","potentialAction":[{"@type":"ReadAction","target":["https:\/\/biaform.com.pl\/fr\/produits\/contreplaque-special\/contreplaque-exterieur-huile\/"]}]},{"@type":"BreadcrumbList","@id":"https:\/\/biaform.com.pl\/fr\/produits\/contreplaque-special\/contreplaque-exterieur-huile\/#breadcrumb","itemListElement":[{"@type":"ListItem","position":1,"name":"Strona g\u0142\u00f3wna","item":"https:\/\/biaform.com.pl\/fr\/"},{"@type":"ListItem","position":2,"name":"Produits","item":"https:\/\/biaform.com.pl\/fr\/produits\/"},{"@type":"ListItem","position":3,"name":"Contreplaqu\u00e9 special","item":"https:\/\/biaform.com.pl\/fr\/produits\/contreplaque-special\/"},{"@type":"ListItem","position":4,"name":"Contreplaqu\u00e9 ext\u00e9rieur huil\u00e9"}]},{"@type":"WebSite","@id":"https:\/\/biaform.com.pl\/fr\/#website","url":"https:\/\/biaform.com.pl\/fr\/","name":"Biaform SA Bia\u0142ystok","description":"","potentialAction":[{"@type":"SearchAction","target":{"@type":"EntryPoint","urlTemplate":"https:\/\/biaform.com.pl\/fr\/?s={search_term_string}"},"query-input":{"@type":"PropertyValueSpecification","valueRequired":true,"valueName":"search_term_string"}}],"inLanguage":"fr-FR"}]}},"_links":{"self":[{"href":"https:\/\/biaform.com.pl\/fr\/wp-json\/wp\/v2\/pages\/4042","targetHints":{"allow":["GET"]}}],"collection":[{"href":"https:\/\/biaform.com.pl\/fr\/wp-json\/wp\/v2\/pages"}],"about":[{"href":"https:\/\/biaform.com.pl\/fr\/wp-json\/wp\/v2\/types\/page"}],"author":[{"embeddable":true,"href":"https:\/\/biaform.com.pl\/fr\/wp-json\/wp\/v2\/users\/1"}],"replies":[{"embeddable":true,"href":"https:\/\/biaform.com.pl\/fr\/wp-json\/wp\/v2\/comments?post=4042"}],"version-history":[{"count":0,"href":"https:\/\/biaform.com.pl\/fr\/wp-json\/wp\/v2\/pages\/4042\/revisions"}],"up":[{"embeddable":true,"href":"https:\/\/biaform.com.pl\/fr\/wp-json\/wp\/v2\/pages\/3970"}],"wp:attachment":[{"href":"https:\/\/biaform.com.pl\/fr\/wp-json\/wp\/v2\/media?parent=4042"}],"curies":[{"name":"wp","href":"https:\/\/api.w.org\/{rel}","templated":true}]}}