{"id":2777,"date":"2020-06-21T22:12:22","date_gmt":"2020-06-21T20:12:22","guid":{"rendered":"https:\/\/biaform.com.pl\/?page_id=2777"},"modified":"2020-06-21T22:15:26","modified_gmt":"2020-06-21T20:15:26","slug":"chi-siamo","status":"publish","type":"page","link":"https:\/\/biaform.com.pl\/it\/chi-siamo\/","title":{"rendered":"Chi Siamo"},"content":{"rendered":"<section class=\"l-section wpb_row height_auto width_full\"><div class=\"l-section-h i-cf\"><div class=\"g-cols vc_row type_default valign_top\"><div class=\"vc_col-sm-12 wpb_column vc_column_container\"><div class=\"vc_column-inner\"><div class=\"wpb_wrapper\"><section class=\"l-section wpb_row height_medium color_alternate with_img parallax_ver with_overlay\" id=\"title\"><div class=\"l-section-img\" style=\"background-image: url(https:\/\/biaform.com.pl\/wp-content\/uploads\/2020\/03\/title-bg-2.jpg);background-repeat: no-repeat;\" data-img-width=\"1920\" data-img-height=\"800\"><\/div><div class=\"l-section-overlay\" style=\"background: rgba(0,0,0,0.10)\"><\/div><div class=\"l-section-h i-cf\"><div class=\"g-cols vc_row type_default valign_middle\"><div class=\"vc_col-sm-6 wpb_column vc_column_container\"><div class=\"vc_column-inner\"><div class=\"wpb_wrapper\"><h1 class=\"w-post-elm post_title us_custom_607cd7e8 entry-title color_link_inherit\">Chi Siamo<\/h1><\/div><\/div><\/div><div class=\"vc_col-sm-6 wpb_column vc_column_container\"><div class=\"vc_column-inner\"><div class=\"wpb_wrapper\"><ol class=\"g-breadcrumbs us_custom_963f34bc separator_icon align_right has_text_color\" itemscope itemtype=\"http:\/\/schema.org\/BreadcrumbList\"><li class=\"g-breadcrumbs-item\" itemprop=\"itemListElement\" itemscope itemtype=\"http:\/\/schema.org\/ListItem\"><a itemprop=\"item\" href=\"https:\/\/biaform.com.pl\/it\/\"><span itemprop=\"name\">Home<\/span><\/a><meta itemprop=\"position\" content=\"1\"\/><\/li><li class=\"g-breadcrumbs-separator\"><i class=\"material-icons\">chevron_right<\/i><\/li><li class=\"g-breadcrumbs-item\">Pagine<\/li><\/ol><\/div><\/div><\/div><\/div><\/div><\/section>\n<\/div><\/div><\/div><\/div><\/div><\/section><section class=\"l-section wpb_row height_medium\"><div class=\"l-section-h i-cf\"><div class=\"g-cols vc_row type_default valign_top gap-2em\"><style>.g-cols.gap-2em{margin:0 calc(-1.5rem - 2em)}.gap-2em > .vc_column_container {padding:2em}<\/style><div class=\"vc_col-sm-12 wpb_column vc_column_container animate_afb\" style=\"animation-delay:0.2s\"><div class=\"vc_column-inner\"><div class=\"wpb_wrapper\"><div id=\"ultimate-heading-594869e3a6d5de7c9\" class=\"uvc-heading ult-adjust-bottom-margin ultimate-heading-594869e3a6d5de7c9 uvc-7259 \" data-hspacer=\"line_with_icon\" data-hline_width=\"200\" data-hicon_type=\"selector\" data-hborder_style=\"solid\" data-hborder_height=\"3\" data-hborder_color=\"#503201\" data-icon_width=\"32\" data-hfixer=\"20\"  data-halign=\"center\" style=\"text-align:center\"><div class=\"uvc-main-heading ult-responsive\"  data-ultimate-target='.uvc-heading.ultimate-heading-594869e3a6d5de7c9 h2'  data-responsive-json-new='{\"font-size\":\"\",\"line-height\":\"\"}' ><h2 style=\"font-weight:normal;margin-bottom:10px;\">Biaform S.A.<\/h2><\/div><div class=\"uvc-sub-heading ult-responsive\"  data-ultimate-target='.uvc-heading.ultimate-heading-594869e3a6d5de7c9 .uvc-sub-heading '  data-responsive-json-new='{\"font-size\":\"\",\"line-height\":\"\"}'  style=\"font-weight:normal;margin-bottom:10px;\">Scopri di pi\u00f9<\/div><div class=\"uvc-heading-spacer line_with_icon\" style=\"topheight:32px;\"><div class=\"ult-just-icon-wrapper  \"><div class=\"align-icon\" style=\"text-align:center;\">\n<div class=\"aio-icon none \"  style=\"color:#64bc46;font-size:32px;display:inline-block;\">\n\t<i class=\"Defaults-stack-overflow\"><\/i>\n<\/div><\/div><\/div><\/div><\/div><\/div><\/div><\/div><div class=\"vc_col-sm-12 wpb_column vc_column_container\"><div class=\"vc_column-inner\"><div class=\"wpb_wrapper\"><div class=\"wpb_text_column title-box\" ><div class=\"wpb_wrapper\"><p style=\"text-align: justify;\"><strong>BIAFORM S.A.<\/strong> \u00e8 una societ\u00e0 di produzione e commercio che offre legno compensato di latifoglie (betulla \/ ontano) e conifere. La strategia dell&#8217;azienda sin dal suo inizio \u00e8 stata la produzione di compensato di alta qualit\u00e0 che superasse i requisiti degli standard e stabilisse nuovi standard nel settore. Oggi, BIAFORM \u00e8 anche conosciuta in Polonia e all&#8217;estero per il mantenimento di elevati standard di produzione. Gli ingegneri BIAFORM sviluppano costantemente cambiamenti tecnologici nei prodotti per soddisfare tutte le esigenze dei nostri clienti. La base dell&#8217;alta qualit\u00e0 del prodotto \u00e8 costituita da personale qualificato ed esperto, nonch\u00e9 stessi fornitori collaudati di legno e altri componenti. Nel 1978, la fabbrica \u00e8 stata la prima nel paese ad avviare la produzione di compensato coperto con film fenolico, e nel 1996 ha introdotto nella produzione in serie di compensato il formato 3100 x 1550 mm pi\u00f9 grande del paese (attualmente il formato pi\u00f9 grande offerto \u00e8 3300 x 1550 mm). BIAFORM \u00e8 stato anche la prima in Polonia a introdurre la verniciatura del compensato e la produzione di compensato verniciato destinato al taglio laser.<\/p>\n<p style=\"text-align: justify;\">Nel 2006 \u00e8 stato commissionato un nuovo capannone di produzione con una pressa macchinario a ciclo breve. Nel 2007, BIAFORM \u00e8 stata la prima nel paese a iniziare a produrre compensato coperto in plastica. I prodotti BIAFORM sono utilizzati nell&#8217;edilizia, nell&#8217;industria dei trasporti, nell&#8217;arredamento interno e in altri settori.<\/p>\n<\/div><\/div><\/div><\/div><\/div><\/div><\/div><\/section><section class=\"l-section wpb_row us_custom_3fa329f0 height_auto width_full with_shape\" id=\"ofirmie-img\"><div class=\"l-section-shape type_wave pos_top\" style=\"color:var(--color-content-bg);\"><svg xmlns=\"http:\/\/www.w3.org\/2000\/svg\" viewBox=\"0 4 64 4\" preserveAspectRatio=\"none\" width=\"100%\" height=\"100%\">\r\n\t<path fill=\"currentColor\" d=\"M64 6 C32 0 32 12 0 6 L0 8 L64 8 Z\"\/>\r\n<\/svg><\/div><div class=\"l-section-shape type_wave pos_bottom\" style=\"color:var(--color-content-bg);\"><svg xmlns=\"http:\/\/www.w3.org\/2000\/svg\" viewBox=\"0 4 64 4\" preserveAspectRatio=\"none\" width=\"100%\" height=\"100%\">\r\n\t<path fill=\"currentColor\" d=\"M64 6 C32 0 32 12 0 6 L0 8 L64 8 Z\"\/>\r\n<\/svg><\/div><div class=\"l-section-h i-cf\"><div class=\"g-cols vc_row type_default valign_top\"><div class=\"vc_col-sm-12 wpb_column vc_column_container\"><div class=\"vc_column-inner\"><div class=\"wpb_wrapper\"><div class=\"w-grid us_custom_28607978 type_grid layout_1267 cols_3 no_gap\" id=\"us_grid_1\" data-filterable=\"true\"><style id=\"us_grid_1_css\">@media (max-width:479px){#us_grid_1 .w-grid-item{width:100.0000%}}<\/style><style>.layout_1267 .w-grid-item-h{}.layout_1267 .usg_post_image_1{margin-bottom:0.5rem!important}.layout_1267 .usg_post_title_1{font-size:1rem!important}<\/style><div class=\"w-grid-list\" >\t<article class=\"w-grid-item post-2780 attachment type-attachment status-inherit hentry\" data-id=\"2780\">\r\n\t\t<div class=\"w-grid-item-h\">\r\n\t\t\t\t\t\t<div class=\"w-post-elm post_image usg_post_image_1 stretched\"><a href=\"https:\/\/biaform.com.pl\/it\/chi-siamo\/biaform-o-firmie-1-2\/\" aria-label=\"biaform-o-firmie-1\"><img decoding=\"async\" width=\"1600\" height=\"1067\" src=\"https:\/\/biaform.com.pl\/wp-content\/uploads\/2020\/04\/biaform-o-firmie-1-2.jpg\" class=\"attachment-full size-full\" alt=\"\" srcset=\"https:\/\/biaform.com.pl\/wp-content\/uploads\/2020\/04\/biaform-o-firmie-1-2.jpg 1600w, https:\/\/biaform.com.pl\/wp-content\/uploads\/2020\/04\/biaform-o-firmie-1-2-300x200.jpg 300w, https:\/\/biaform.com.pl\/wp-content\/uploads\/2020\/04\/biaform-o-firmie-1-2-1024x683.jpg 1024w, https:\/\/biaform.com.pl\/wp-content\/uploads\/2020\/04\/biaform-o-firmie-1-2-1536x1024.jpg 1536w\" sizes=\"(max-width: 1600px) 100vw, 1600px\" \/><\/a><\/div><h2 class=\"w-post-elm post_title usg_post_title_1 entry-title color_link_inherit\"><a href=\"https:\/\/biaform.com.pl\/it\/chi-siamo\/biaform-o-firmie-1-2\/\">biaform-o-firmie-1<\/a><\/h2>\t\t<\/div>\r\n\t<\/article>\r\n\t<article class=\"w-grid-item post-2781 attachment type-attachment status-inherit hentry\" data-id=\"2781\">\r\n\t\t<div class=\"w-grid-item-h\">\r\n\t\t\t\t\t\t<div class=\"w-post-elm post_image usg_post_image_1 stretched\"><a href=\"https:\/\/biaform.com.pl\/it\/chi-siamo\/biaform-o-firmie-2-2\/\" aria-label=\"biaform-o-firmie-2\"><img decoding=\"async\" width=\"1600\" height=\"1067\" src=\"https:\/\/biaform.com.pl\/wp-content\/uploads\/2020\/04\/biaform-o-firmie-2-2.jpg\" class=\"attachment-full size-full\" alt=\"\" srcset=\"https:\/\/biaform.com.pl\/wp-content\/uploads\/2020\/04\/biaform-o-firmie-2-2.jpg 1600w, https:\/\/biaform.com.pl\/wp-content\/uploads\/2020\/04\/biaform-o-firmie-2-2-300x200.jpg 300w, https:\/\/biaform.com.pl\/wp-content\/uploads\/2020\/04\/biaform-o-firmie-2-2-1024x683.jpg 1024w, https:\/\/biaform.com.pl\/wp-content\/uploads\/2020\/04\/biaform-o-firmie-2-2-1536x1024.jpg 1536w\" sizes=\"(max-width: 1600px) 100vw, 1600px\" \/><\/a><\/div><h2 class=\"w-post-elm post_title usg_post_title_1 entry-title color_link_inherit\"><a href=\"https:\/\/biaform.com.pl\/it\/chi-siamo\/biaform-o-firmie-2-2\/\">biaform-o-firmie-2<\/a><\/h2>\t\t<\/div>\r\n\t<\/article>\r\n\t<article class=\"w-grid-item post-2782 attachment type-attachment status-inherit hentry\" data-id=\"2782\">\r\n\t\t<div class=\"w-grid-item-h\">\r\n\t\t\t\t\t\t<div class=\"w-post-elm post_image usg_post_image_1 stretched\"><a href=\"https:\/\/biaform.com.pl\/it\/chi-siamo\/biaform-o-firmie-3-2\/\" aria-label=\"biaform-o-firmie-3\"><img decoding=\"async\" width=\"1600\" height=\"1067\" src=\"https:\/\/biaform.com.pl\/wp-content\/uploads\/2020\/04\/biaform-o-firmie-3-2.jpg\" class=\"attachment-full size-full\" alt=\"\" srcset=\"https:\/\/biaform.com.pl\/wp-content\/uploads\/2020\/04\/biaform-o-firmie-3-2.jpg 1600w, https:\/\/biaform.com.pl\/wp-content\/uploads\/2020\/04\/biaform-o-firmie-3-2-300x200.jpg 300w, https:\/\/biaform.com.pl\/wp-content\/uploads\/2020\/04\/biaform-o-firmie-3-2-1024x683.jpg 1024w, https:\/\/biaform.com.pl\/wp-content\/uploads\/2020\/04\/biaform-o-firmie-3-2-1536x1024.jpg 1536w\" sizes=\"(max-width: 1600px) 100vw, 1600px\" \/><\/a><\/div><h2 class=\"w-post-elm post_title usg_post_title_1 entry-title color_link_inherit\"><a href=\"https:\/\/biaform.com.pl\/it\/chi-siamo\/biaform-o-firmie-3-2\/\">biaform-o-firmie-3<\/a><\/h2>\t\t<\/div>\r\n\t<\/article>\r\n\t<article class=\"w-grid-item post-2783 attachment type-attachment status-inherit hentry\" data-id=\"2783\">\r\n\t\t<div class=\"w-grid-item-h\">\r\n\t\t\t\t\t\t<div class=\"w-post-elm post_image usg_post_image_1 stretched\"><a href=\"https:\/\/biaform.com.pl\/it\/chi-siamo\/biaform-o-firmie-4-2\/\" aria-label=\"biaform-o-firmie-4\"><img decoding=\"async\" width=\"1600\" height=\"1067\" src=\"https:\/\/biaform.com.pl\/wp-content\/uploads\/2020\/04\/biaform-o-firmie-4-2.jpg\" class=\"attachment-full size-full\" alt=\"\" srcset=\"https:\/\/biaform.com.pl\/wp-content\/uploads\/2020\/04\/biaform-o-firmie-4-2.jpg 1600w, https:\/\/biaform.com.pl\/wp-content\/uploads\/2020\/04\/biaform-o-firmie-4-2-300x200.jpg 300w, https:\/\/biaform.com.pl\/wp-content\/uploads\/2020\/04\/biaform-o-firmie-4-2-1024x683.jpg 1024w, https:\/\/biaform.com.pl\/wp-content\/uploads\/2020\/04\/biaform-o-firmie-4-2-1536x1024.jpg 1536w\" sizes=\"(max-width: 1600px) 100vw, 1600px\" \/><\/a><\/div><h2 class=\"w-post-elm post_title usg_post_title_1 entry-title color_link_inherit\"><a href=\"https:\/\/biaform.com.pl\/it\/chi-siamo\/biaform-o-firmie-4-2\/\">biaform-o-firmie-4<\/a><\/h2>\t\t<\/div>\r\n\t<\/article>\r\n\t<article class=\"w-grid-item post-2784 attachment type-attachment status-inherit hentry\" data-id=\"2784\">\r\n\t\t<div class=\"w-grid-item-h\">\r\n\t\t\t\t\t\t<div class=\"w-post-elm post_image usg_post_image_1 stretched\"><a href=\"https:\/\/biaform.com.pl\/it\/chi-siamo\/biaform-o-firmie-5-2\/\" aria-label=\"biaform-o-firmie-5\"><img decoding=\"async\" width=\"1600\" height=\"1067\" src=\"https:\/\/biaform.com.pl\/wp-content\/uploads\/2020\/04\/biaform-o-firmie-5-2.jpg\" class=\"attachment-full size-full\" alt=\"\" srcset=\"https:\/\/biaform.com.pl\/wp-content\/uploads\/2020\/04\/biaform-o-firmie-5-2.jpg 1600w, https:\/\/biaform.com.pl\/wp-content\/uploads\/2020\/04\/biaform-o-firmie-5-2-300x200.jpg 300w, https:\/\/biaform.com.pl\/wp-content\/uploads\/2020\/04\/biaform-o-firmie-5-2-1024x683.jpg 1024w, https:\/\/biaform.com.pl\/wp-content\/uploads\/2020\/04\/biaform-o-firmie-5-2-1536x1024.jpg 1536w\" sizes=\"(max-width: 1600px) 100vw, 1600px\" \/><\/a><\/div><h2 class=\"w-post-elm post_title usg_post_title_1 entry-title color_link_inherit\"><a href=\"https:\/\/biaform.com.pl\/it\/chi-siamo\/biaform-o-firmie-5-2\/\">biaform-o-firmie-5<\/a><\/h2>\t\t<\/div>\r\n\t<\/article>\r\n\t<article class=\"w-grid-item post-2785 attachment type-attachment status-inherit hentry\" data-id=\"2785\">\r\n\t\t<div class=\"w-grid-item-h\">\r\n\t\t\t\t\t\t<div class=\"w-post-elm post_image usg_post_image_1 stretched\"><a href=\"https:\/\/biaform.com.pl\/it\/chi-siamo\/biaform-o-firmie-6-2\/\" aria-label=\"biaform-o-firmie-6\"><img decoding=\"async\" width=\"1600\" height=\"1067\" src=\"https:\/\/biaform.com.pl\/wp-content\/uploads\/2020\/04\/biaform-o-firmie-6-2.jpg\" class=\"attachment-full size-full\" alt=\"\" srcset=\"https:\/\/biaform.com.pl\/wp-content\/uploads\/2020\/04\/biaform-o-firmie-6-2.jpg 1600w, https:\/\/biaform.com.pl\/wp-content\/uploads\/2020\/04\/biaform-o-firmie-6-2-300x200.jpg 300w, https:\/\/biaform.com.pl\/wp-content\/uploads\/2020\/04\/biaform-o-firmie-6-2-1024x683.jpg 1024w, https:\/\/biaform.com.pl\/wp-content\/uploads\/2020\/04\/biaform-o-firmie-6-2-1536x1024.jpg 1536w\" sizes=\"(max-width: 1600px) 100vw, 1600px\" \/><\/a><\/div><h2 class=\"w-post-elm post_title usg_post_title_1 entry-title color_link_inherit\"><a href=\"https:\/\/biaform.com.pl\/it\/chi-siamo\/biaform-o-firmie-6-2\/\">biaform-o-firmie-6<\/a><\/h2>\t\t<\/div>\r\n\t<\/article>\r\n<\/div><div class=\"w-grid-preloader\"><div class=\"g-preloader type_1\">\r\n\t<div><\/div>\r\n<\/div>\r\n<\/div>\t<div class=\"w-grid-json hidden\" onclick='return {&quot;action&quot;:&quot;us_ajax_grid&quot;,&quot;ajax_url&quot;:&quot;https:\\\/\\\/biaform.com.pl\\\/wp-admin\\\/admin-ajax.php&quot;,&quot;infinite_scroll&quot;:0,&quot;max_num_pages&quot;:1,&quot;pagination&quot;:&quot;none&quot;,&quot;permalink_url&quot;:&quot;https:\\\/\\\/biaform.com.pl\\\/it\\\/wp-json\\\/wp\\\/v2\\\/pages\\\/2777\\\/&quot;,&quot;template_vars&quot;:{&quot;columns&quot;:&quot;3&quot;,&quot;exclude_items&quot;:&quot;none&quot;,&quot;img_size&quot;:&quot;full&quot;,&quot;ignore_items_size&quot;:false,&quot;items_layout&quot;:&quot;1267&quot;,&quot;items_offset&quot;:&quot;1&quot;,&quot;load_animation&quot;:&quot;none&quot;,&quot;overriding_link&quot;:&quot;none&quot;,&quot;post_id&quot;:2777,&quot;query_args&quot;:{&quot;post_type&quot;:[&quot;attachment&quot;],&quot;post__in&quot;:[&quot;1847&quot;,&quot;1850&quot;,&quot;1853&quot;,&quot;1856&quot;,&quot;1859&quot;,&quot;1862&quot;],&quot;post_status&quot;:&quot;inherit&quot;,&quot;post_mime_type&quot;:&quot;image&quot;,&quot;posts_per_page&quot;:&quot;6&quot;},&quot;orderby_query_args&quot;:{&quot;orderby&quot;:{&quot;post__in&quot;:&quot;ASC&quot;},&quot;order&quot;:&quot;ASC&quot;},&quot;type&quot;:&quot;grid&quot;,&quot;us_grid_ajax_index&quot;:1,&quot;us_grid_filter_params&quot;:null,&quot;us_grid_index&quot;:1,&quot;_us_grid_post_type&quot;:&quot;attachment&quot;,&quot;lang&quot;:&quot;it&quot;}}'><\/div>\r\n\t<\/div><\/div><\/div><\/div><\/div><\/div><\/section><section class=\"l-section wpb_row height_auto width_full\"><div class=\"l-section-h i-cf\"><div class=\"g-cols vc_row type_default valign_top\"><div class=\"vc_col-sm-12 wpb_column vc_column_container\"><div class=\"vc_column-inner\"><div class=\"wpb_wrapper\"><section class=\"l-section wpb_row height_huge with_img parallax_ver with_overlay\" id=\"cta-cont\"><div class=\"l-section-img\" style=\"background-image: url(https:\/\/biaform.com.pl\/wp-content\/uploads\/2020\/03\/biaform-kontakt.jpg);background-position: bottom center;background-repeat: no-repeat;\" data-img-width=\"1600\" data-img-height=\"1067\"><\/div><div class=\"l-section-overlay\" style=\"background: rgba(0,0,0,0.4)\"><\/div><div class=\"l-section-h i-cf\"><div class=\"g-cols vc_row type_default valign_top\"><div class=\"vc_col-sm-6 vc_col-lg-offset-8 vc_col-lg-4 vc_col-md-offset-7 vc_col-md-5 vc_col-sm-offset-6 wpb_column vc_column_container animate_fade\" style=\"animation-delay:0.2s\"><div class=\"vc_column-inner\"><div class=\"wpb_wrapper\"><div class=\"w-actionbox us_custom_2aff76bb color_primary controls_bottom\"><div class=\"w-actionbox-text\"><h3>Hai le domande?<\/h3><p>Chiamaci o scrivici. Risponderemo con piacere.<\/p>\n<\/div><div class=\"w-actionbox-controls\"><a class=\"w-btn us-btn-style_3 icon_atright\" title=\"Contatti\" href=\"\/it\/contatti\/\"><span class=\"w-btn-label\">Contattaci<\/span><i class=\"fas fa-angle-double-right\"><\/i><\/a><\/div><\/div><\/div><\/div><\/div><\/div><\/div><\/section>\n<\/div><\/div><\/div><\/div><\/div><\/section>\n","protected":false},"excerpt":{"rendered":"","protected":false},"author":1,"featured_media":0,"parent":0,"menu_order":2,"comment_status":"closed","ping_status":"closed","template":"","meta":{"_acf_changed":false,"footnotes":""},"class_list":["post-2777","page","type-page","status-publish","hentry"],"acf":[],"yoast_head":"<!-- This site is optimized with the Yoast SEO plugin v27.3 - https:\/\/yoast.com\/product\/yoast-seo-wordpress\/ -->\n<title>Chi Siamo - Biaform SA Bia\u0142ystok<\/title>\n<meta name=\"robots\" content=\"index, follow, max-snippet:-1, max-image-preview:large, max-video-preview:-1\" \/>\n<link rel=\"canonical\" href=\"https:\/\/biaform.com.pl\/it\/chi-siamo\/\" \/>\n<meta property=\"og:locale\" content=\"it_IT\" \/>\n<meta property=\"og:type\" content=\"article\" \/>\n<meta property=\"og:title\" content=\"Chi Siamo - Biaform SA Bia\u0142ystok\" \/>\n<meta property=\"og:url\" content=\"https:\/\/biaform.com.pl\/it\/chi-siamo\/\" \/>\n<meta property=\"og:site_name\" content=\"Biaform SA Bia\u0142ystok\" \/>\n<meta property=\"article:modified_time\" content=\"2020-06-21T20:15:26+00:00\" \/>\n<meta name=\"twitter:card\" content=\"summary_large_image\" \/>\n<meta name=\"twitter:label1\" content=\"Tempo di lettura stimato\" \/>\n\t<meta name=\"twitter:data1\" content=\"2 minuti\" \/>\n<script type=\"application\/ld+json\" class=\"yoast-schema-graph\">{\"@context\":\"https:\\\/\\\/schema.org\",\"@graph\":[{\"@type\":\"WebPage\",\"@id\":\"https:\\\/\\\/biaform.com.pl\\\/it\\\/chi-siamo\\\/\",\"url\":\"https:\\\/\\\/biaform.com.pl\\\/it\\\/chi-siamo\\\/\",\"name\":\"Chi Siamo - Biaform SA Bia\u0142ystok\",\"isPartOf\":{\"@id\":\"https:\\\/\\\/biaform.com.pl\\\/it\\\/#website\"},\"datePublished\":\"2020-06-21T20:12:22+00:00\",\"dateModified\":\"2020-06-21T20:15:26+00:00\",\"breadcrumb\":{\"@id\":\"https:\\\/\\\/biaform.com.pl\\\/it\\\/chi-siamo\\\/#breadcrumb\"},\"inLanguage\":\"it-IT\",\"potentialAction\":[{\"@type\":\"ReadAction\",\"target\":[\"https:\\\/\\\/biaform.com.pl\\\/it\\\/chi-siamo\\\/\"]}]},{\"@type\":\"BreadcrumbList\",\"@id\":\"https:\\\/\\\/biaform.com.pl\\\/it\\\/chi-siamo\\\/#breadcrumb\",\"itemListElement\":[{\"@type\":\"ListItem\",\"position\":1,\"name\":\"Strona g\u0142\u00f3wna\",\"item\":\"https:\\\/\\\/biaform.com.pl\\\/it\\\/\"},{\"@type\":\"ListItem\",\"position\":2,\"name\":\"Chi Siamo\"}]},{\"@type\":\"WebSite\",\"@id\":\"https:\\\/\\\/biaform.com.pl\\\/it\\\/#website\",\"url\":\"https:\\\/\\\/biaform.com.pl\\\/it\\\/\",\"name\":\"Biaform SA Bia\u0142ystok\",\"description\":\"\",\"potentialAction\":[{\"@type\":\"SearchAction\",\"target\":{\"@type\":\"EntryPoint\",\"urlTemplate\":\"https:\\\/\\\/biaform.com.pl\\\/it\\\/?s={search_term_string}\"},\"query-input\":{\"@type\":\"PropertyValueSpecification\",\"valueRequired\":true,\"valueName\":\"search_term_string\"}}],\"inLanguage\":\"it-IT\"}]}<\/script>\n<!-- \/ Yoast SEO plugin. -->","yoast_head_json":{"title":"Chi Siamo - Biaform SA Bia\u0142ystok","robots":{"index":"index","follow":"follow","max-snippet":"max-snippet:-1","max-image-preview":"max-image-preview:large","max-video-preview":"max-video-preview:-1"},"canonical":"https:\/\/biaform.com.pl\/it\/chi-siamo\/","og_locale":"it_IT","og_type":"article","og_title":"Chi Siamo - Biaform SA Bia\u0142ystok","og_url":"https:\/\/biaform.com.pl\/it\/chi-siamo\/","og_site_name":"Biaform SA Bia\u0142ystok","article_modified_time":"2020-06-21T20:15:26+00:00","twitter_card":"summary_large_image","twitter_misc":{"Tempo di lettura stimato":"2 minuti"},"schema":{"@context":"https:\/\/schema.org","@graph":[{"@type":"WebPage","@id":"https:\/\/biaform.com.pl\/it\/chi-siamo\/","url":"https:\/\/biaform.com.pl\/it\/chi-siamo\/","name":"Chi Siamo - Biaform SA Bia\u0142ystok","isPartOf":{"@id":"https:\/\/biaform.com.pl\/it\/#website"},"datePublished":"2020-06-21T20:12:22+00:00","dateModified":"2020-06-21T20:15:26+00:00","breadcrumb":{"@id":"https:\/\/biaform.com.pl\/it\/chi-siamo\/#breadcrumb"},"inLanguage":"it-IT","potentialAction":[{"@type":"ReadAction","target":["https:\/\/biaform.com.pl\/it\/chi-siamo\/"]}]},{"@type":"BreadcrumbList","@id":"https:\/\/biaform.com.pl\/it\/chi-siamo\/#breadcrumb","itemListElement":[{"@type":"ListItem","position":1,"name":"Strona g\u0142\u00f3wna","item":"https:\/\/biaform.com.pl\/it\/"},{"@type":"ListItem","position":2,"name":"Chi Siamo"}]},{"@type":"WebSite","@id":"https:\/\/biaform.com.pl\/it\/#website","url":"https:\/\/biaform.com.pl\/it\/","name":"Biaform SA Bia\u0142ystok","description":"","potentialAction":[{"@type":"SearchAction","target":{"@type":"EntryPoint","urlTemplate":"https:\/\/biaform.com.pl\/it\/?s={search_term_string}"},"query-input":{"@type":"PropertyValueSpecification","valueRequired":true,"valueName":"search_term_string"}}],"inLanguage":"it-IT"}]}},"_links":{"self":[{"href":"https:\/\/biaform.com.pl\/it\/wp-json\/wp\/v2\/pages\/2777","targetHints":{"allow":["GET"]}}],"collection":[{"href":"https:\/\/biaform.com.pl\/it\/wp-json\/wp\/v2\/pages"}],"about":[{"href":"https:\/\/biaform.com.pl\/it\/wp-json\/wp\/v2\/types\/page"}],"author":[{"embeddable":true,"href":"https:\/\/biaform.com.pl\/it\/wp-json\/wp\/v2\/users\/1"}],"replies":[{"embeddable":true,"href":"https:\/\/biaform.com.pl\/it\/wp-json\/wp\/v2\/comments?post=2777"}],"version-history":[{"count":0,"href":"https:\/\/biaform.com.pl\/it\/wp-json\/wp\/v2\/pages\/2777\/revisions"}],"wp:attachment":[{"href":"https:\/\/biaform.com.pl\/it\/wp-json\/wp\/v2\/media?parent=2777"}],"curies":[{"name":"wp","href":"https:\/\/api.w.org\/{rel}","templated":true}]}}