{"id":2847,"date":"2020-06-22T00:13:53","date_gmt":"2020-06-21T22:13:53","guid":{"rendered":"https:\/\/biaform.com.pl\/?page_id=2847"},"modified":"2020-06-22T00:48:41","modified_gmt":"2020-06-21T22:48:41","slug":"classe-della-qualita","status":"publish","type":"page","link":"https:\/\/biaform.com.pl\/it\/chi-siamo\/classe-della-qualita\/","title":{"rendered":"Classe della qualit\u00e0"},"content":{"rendered":"<section class=\"l-section wpb_row height_auto width_full\"><div class=\"l-section-h i-cf\"><div class=\"g-cols vc_row type_default valign_top\"><div class=\"vc_col-sm-12 wpb_column vc_column_container\"><div class=\"vc_column-inner\"><div class=\"wpb_wrapper\"><section class=\"l-section wpb_row height_medium color_alternate with_img parallax_ver with_overlay\" id=\"title\"><div class=\"l-section-img\" style=\"background-image: url(https:\/\/biaform.com.pl\/wp-content\/uploads\/2020\/03\/title-bg-2.jpg);background-repeat: no-repeat;\" data-img-width=\"1920\" data-img-height=\"800\"><\/div><div class=\"l-section-overlay\" style=\"background: rgba(0,0,0,0.10)\"><\/div><div class=\"l-section-h i-cf\"><div class=\"g-cols vc_row type_default valign_middle\"><div class=\"vc_col-sm-6 wpb_column vc_column_container\"><div class=\"vc_column-inner\"><div class=\"wpb_wrapper\"><h1 class=\"w-post-elm post_title us_custom_607cd7e8 entry-title color_link_inherit\">Classe della qualit\u00e0<\/h1><\/div><\/div><\/div><div class=\"vc_col-sm-6 wpb_column vc_column_container\"><div class=\"vc_column-inner\"><div class=\"wpb_wrapper\"><ol class=\"g-breadcrumbs us_custom_963f34bc separator_icon align_right has_text_color\" itemscope itemtype=\"http:\/\/schema.org\/BreadcrumbList\"><li class=\"g-breadcrumbs-item\" itemprop=\"itemListElement\" itemscope itemtype=\"http:\/\/schema.org\/ListItem\"><a itemprop=\"item\" href=\"https:\/\/biaform.com.pl\/it\/\"><span itemprop=\"name\">Home<\/span><\/a><meta itemprop=\"position\" content=\"1\"\/><\/li><li class=\"g-breadcrumbs-separator\"><i class=\"material-icons\">chevron_right<\/i><\/li><li class=\"g-breadcrumbs-item\">Pagine<\/li><\/ol><\/div><\/div><\/div><\/div><\/div><\/section>\n<\/div><\/div><\/div><\/div><\/div><\/section><section class=\"l-section wpb_row height_medium table2\"><div class=\"l-section-h i-cf\"><div class=\"g-cols vc_row type_default valign_top gap-2em\"><style>.g-cols.gap-2em{margin:0 calc(-1.5rem - 2em)}.gap-2em > .vc_column_container {padding:2em}<\/style><div class=\"vc_col-sm-12 wpb_column vc_column_container animate_afb\" style=\"animation-delay:0.2s\"><div class=\"vc_column-inner\"><div class=\"wpb_wrapper\"><div id=\"ultimate-heading-32069e4b77cb8a1c\" class=\"uvc-heading ult-adjust-bottom-margin ultimate-heading-32069e4b77cb8a1c uvc-1032 \" data-hspacer=\"line_with_icon\" data-hline_width=\"200\" data-hicon_type=\"selector\" data-hborder_style=\"solid\" data-hborder_height=\"3\" data-hborder_color=\"#503201\" data-icon_width=\"32\" data-hfixer=\"20\"  data-halign=\"center\" style=\"text-align:center\"><div class=\"uvc-main-heading ult-responsive\"  data-ultimate-target='.uvc-heading.ultimate-heading-32069e4b77cb8a1c h2'  data-responsive-json-new='{\"font-size\":\"\",\"line-height\":\"\"}' ><h2 style=\"font-weight:normal;margin-bottom:10px;\">Classe della qualit\u00e0<\/h2><\/div><div class=\"uvc-sub-heading ult-responsive\"  data-ultimate-target='.uvc-heading.ultimate-heading-32069e4b77cb8a1c .uvc-sub-heading '  data-responsive-json-new='{\"font-size\":\"\",\"line-height\":\"\"}'  style=\"font-weight:normal;margin-bottom:10px;\">Classi di qualit\u00e0 in compensato.<\/div><div class=\"uvc-heading-spacer line_with_icon\" style=\"topheight:32px;\"><div class=\"ult-just-icon-wrapper  \"><div class=\"align-icon\" style=\"text-align:center;\">\n<div class=\"aio-icon none \"  style=\"color:#64bc46;font-size:32px;display:inline-block;\">\n\t<i class=\"Defaults-stack-overflow\"><\/i>\n<\/div><\/div><\/div><\/div><\/div><\/div><\/div><\/div><div class=\"vc_col-sm-12 wpb_column vc_column_container\"><div class=\"vc_column-inner\"><div class=\"wpb_wrapper\"><div class=\"w-tabs layout_hor style_timeline switch_click icon_chevron iconpos_right title_atleft\"><div class=\"w-tabs-list hidden items_4\"><div class=\"w-tabs-list-h\"><a class=\"w-tabs-item active defined-active\" aria-controls=\"content-1585514421694-b1c266aa-b7c4\" href=\"javascript:void(0);\"><span class=\"w-tabs-item-title\">I CLASSE<\/span><\/a><a class=\"w-tabs-item\" aria-controls=\"content-1585514421767-64ff7cd2-5f4f\" href=\"javascript:void(0);\"><span class=\"w-tabs-item-title\">II CLASSE<\/span><\/a><a class=\"w-tabs-item\" aria-controls=\"content-1585514421853-bb363750-d8aa\" href=\"javascript:void(0);\"><span class=\"w-tabs-item-title\">III CLASSE<\/span><\/a><a class=\"w-tabs-item\" aria-controls=\"content-1585514681766-cf5845cd-718b\" href=\"javascript:void(0);\"><span class=\"w-tabs-item-title\">IV CLASSE<\/span><\/a><\/div><\/div><div class=\"w-tabs-sections\"><div class=\"w-tabs-sections-h\"><div class=\"w-tabs-section active\" id=\"1585514421694-b1c266aa-b7c4\"><button aria-controls=\"content-1585514421694-b1c266aa-b7c4\" class=\"w-tabs-section-header active\"><div class=\"w-tabs-section-header-h\"><div class=\"w-tabs-section-title\">I CLASSE<\/div><div class=\"w-tabs-section-control\"><\/div><\/div><\/button><div class=\"w-tabs-section-content\" id=\"content-1585514421694-b1c266aa-b7c4\" aria-expanded=\"true\"><div class=\"w-tabs-section-content-h i-cf\"><div class=\"wpb_text_column\" ><div class=\"wpb_wrapper\"><p>A causa dell&#8217;aspetto superficiale &#8211; legno duro<\/p>\n<\/div><\/div><div class=\"wpb_text_column\" ><div class=\"wpb_wrapper\"><table>\n<tbody>\n<tr>\n<td style=\"background-color: #ebebeb; border-bottom: 1px solid #ddd;\" colspan=\"2\"><strong>Difetti accettabili*<\/strong><\/td>\n<\/tr>\n<tr>\n<td style=\"background-color: #ebebeb; width: 33%;\"><strong>Caratteristica<\/strong><\/td>\n<td style=\"background-color: #ebebeb;\"><strong>Descrizione<\/strong><\/td>\n<\/tr>\n<tr>\n<td>Piccolo nodo di legno<\/td>\n<td>3 pz\/m2 a 3mm<\/td>\n<\/tr>\n<tr>\n<td>Nodo di legno naturale<\/td>\n<td>diametro unitario fino a 15 mm (la somma dei diametri non supera i 30 mm \/ m2), piccole crepe del nodo di legno<\/td>\n<\/tr>\n<tr>\n<td>Nodi rotti e fori nel nodo<\/td>\n<td>fino a 6 mm di diametro dell&#8217;unit\u00e0 se pieno e fino a 2 pezzi \/ m2<\/td>\n<\/tr>\n<tr>\n<td>Le crepe aperte<\/td>\n<td>pi\u00f9 piccolo di 1\/10 della lunghezza del pannello, fino a 3 mm di larghezza dell&#8217;unit\u00e0, fino a 3 pezzi \/ m di larghezza del pannello, se ben riempito<\/td>\n<\/tr>\n<tr>\n<td>Le crepe chiuse<\/td>\n<td>consentito<\/td>\n<\/tr>\n<tr>\n<td>Danni alle costruzioni in legno<\/td>\n<td>molto leggero<\/td>\n<\/tr>\n<tr>\n<td>Scolorimento che non danneggia il legno<\/td>\n<td>leggera variazione di colore<\/td>\n<\/tr>\n<tr>\n<td>Riparazioni (patch, zeppe)<\/td>\n<td>3 pezzi \/ m2 ben riempiti<\/td>\n<\/tr>\n<tr>\n<td>Danneggi nei bordi<\/td>\n<td>fino a 2 mm dal bordo<\/td>\n<\/tr>\n<\/tbody>\n<\/table>\n<\/div><\/div><div class=\"wpb_text_column\" ><div class=\"wpb_wrapper\"><p>* Difetti pi\u00f9 comuni, altro &#8211; vedere la descrizione dettagliata in EN 635 -1-2-3<\/p>\n<\/div><\/div><\/div><\/div><\/div><div class=\"w-tabs-section\" id=\"1585514421767-64ff7cd2-5f4f\"><button aria-controls=\"content-1585514421767-64ff7cd2-5f4f\" class=\"w-tabs-section-header\"><div class=\"w-tabs-section-header-h\"><div class=\"w-tabs-section-title\">II CLASSE<\/div><div class=\"w-tabs-section-control\"><\/div><\/div><\/button><div class=\"w-tabs-section-content\" id=\"content-1585514421767-64ff7cd2-5f4f\" aria-expanded=\"false\"><div class=\"w-tabs-section-content-h i-cf\"><div class=\"wpb_text_column\" ><div class=\"wpb_wrapper\"><p>A causa dell&#8217;aspetto superficiale &#8211; legno duro<\/p>\n<\/div><\/div><div class=\"wpb_text_column\" ><div class=\"wpb_wrapper\"><table>\n<tbody>\n<tr>\n<td style=\"background-color: #ebebeb; border-bottom: 1px solid #ddd;\" colspan=\"2\"><strong>Difetti accettabili*<\/strong><\/td>\n<\/tr>\n<tr>\n<td style=\"background-color: #ebebeb; width: 33%;\"><strong>Caratteristica<\/strong><\/td>\n<td style=\"background-color: #ebebeb;\"><strong>Descrizione<\/strong><\/td>\n<\/tr>\n<tr>\n<td>Piccolo nodo di legno<\/td>\n<td>consentito<\/td>\n<\/tr>\n<tr>\n<td>Nodo di legno naturale<\/td>\n<td>diametro dell&#8217;unit\u00e0 fino a 35 mm, lievi incrinature del nodo<\/td>\n<\/tr>\n<tr>\n<td>Nodi e fori del nodo rotti e non coltivati<\/td>\n<td>fino a 5 mm di diametro dell&#8217;unit\u00e0 se non riparato, 10 mm se riempito e fino a 3 pezzi \/ m2<\/td>\n<\/tr>\n<tr>\n<td>Le crepe aperte<\/td>\n<td>pi\u00f9 piccolo di 1\/5 di lunghezza del pannello, fino a 5 mm di larghezza dell&#8217;unit\u00e0, fino a 3 pezzi \/ m di larghezza del pannello, se ben riempito<\/td>\n<\/tr>\n<tr>\n<td>Le crepe chiuse<\/td>\n<td>consentito<\/td>\n<\/tr>\n<tr>\n<td>Danni alle costruzioni in legno<\/td>\n<td>leggere<\/td>\n<\/tr>\n<tr>\n<td>Scolorimento che non danneggia il legno<\/td>\n<td>leggera variazione di colore<\/td>\n<\/tr>\n<tr>\n<td>Riparazioni (patch, zeppe)<\/td>\n<td>6pz\/m2<\/td>\n<\/tr>\n<tr>\n<td>Danneggi nei bordi<\/td>\n<td>fino a 5 mm dal bordo<\/td>\n<\/tr>\n<tr>\n<td>Corteccia cresciuta sul tronco<\/td>\n<td>fino a 5 mm di larghezza se riempito correttamente<\/td>\n<\/tr>\n<tr>\n<td>Giunti aperti<\/td>\n<td>fino a 3 mm di larghezza, 1 pezzo \/ m di larghezza con giunti riempiti se la larghezza \u00e8 superiore a 1 mm<\/td>\n<\/tr>\n<tr>\n<td>Colla visibile sulla superficie<\/td>\n<td>sono ammesse macchie minori e sporadiche<\/td>\n<\/tr>\n<tr>\n<td>Rientranza, spremere, gonfiore in legno<\/td>\n<td>leggere<\/td>\n<\/tr>\n<tr>\n<td>Sovrapposizione di legno<\/td>\n<td>fino a 1 pezzo \/ m2 e fino a 100 mm di lunghezza<\/td>\n<\/tr>\n<tr>\n<td>Ruvidezza<\/td>\n<td>leggere<\/td>\n<\/tr>\n<\/tbody>\n<\/table>\n<\/div><\/div><div class=\"wpb_text_column\" ><div class=\"wpb_wrapper\"><p>* Difetti pi\u00f9 comuni, altro &#8211; vedere la descrizione dettagliata in EN 635 -1-2-3<\/p>\n<\/div><\/div><\/div><\/div><\/div><div class=\"w-tabs-section\" id=\"1585514421853-bb363750-d8aa\"><button aria-controls=\"content-1585514421853-bb363750-d8aa\" class=\"w-tabs-section-header\"><div class=\"w-tabs-section-header-h\"><div class=\"w-tabs-section-title\">III CLASSE<\/div><div class=\"w-tabs-section-control\"><\/div><\/div><\/button><div class=\"w-tabs-section-content\" id=\"content-1585514421853-bb363750-d8aa\" aria-expanded=\"false\"><div class=\"w-tabs-section-content-h i-cf\"><div class=\"wpb_text_column\" ><div class=\"wpb_wrapper\"><p>A causa dell&#8217;aspetto superficiale &#8211; legno duro<\/p>\n<\/div><\/div><div class=\"wpb_text_column\" ><div class=\"wpb_wrapper\"><table>\n<tbody>\n<tr>\n<td style=\"background-color: #ebebeb; border-bottom: 1px solid #ddd;\" colspan=\"2\"><strong>Difetti accettabili*<\/strong><\/td>\n<\/tr>\n<tr>\n<td style=\"background-color: #ebebeb; width: 33%;\"><strong>Caratteristica<\/strong><\/td>\n<td style=\"background-color: #ebebeb;\"><strong>Descrizione<\/strong><\/td>\n<\/tr>\n<tr>\n<td>Piccolo nodo di legno<\/td>\n<td>consentito<\/td>\n<\/tr>\n<tr>\n<td>Nodo di legno naturale<\/td>\n<td>diametro dell&#8217;unit\u00e0 fino a 50 mm<\/td>\n<\/tr>\n<tr>\n<td>Nodi e fori del nodo rotti e non coltivati<\/td>\n<td>fino a 40 mm di diametro dell&#8217;unit\u00e0<\/td>\n<\/tr>\n<tr>\n<td>Le crepe aperte<\/td>\n<td>pi\u00f9 piccolo di 1\/3 della lunghezza del pannello, fino a 20 mm di larghezza dell&#8217;unit\u00e0, fino a 3 pezzi \/ m di larghezza del pannello, se non riparati o senza limiti se sono ben riempiti<\/td>\n<\/tr>\n<tr>\n<td>Le crepe chiuse<\/td>\n<td>consentito<\/td>\n<\/tr>\n<tr>\n<td>Danni alle costruzioni in legno<\/td>\n<td>consentito<\/td>\n<\/tr>\n<tr>\n<td>Scolorimento che non danneggia il legno<\/td>\n<td>consentito<\/td>\n<\/tr>\n<tr>\n<td>Riparazioni (patch, zeppe)<\/td>\n<td>senza limiti<\/td>\n<\/tr>\n<tr>\n<td>Danneggi nei bordi<\/td>\n<td>fino a 5 mm dal bordo<\/td>\n<\/tr>\n<tr>\n<td>Corteccia cresciuta sul tronco<\/td>\n<td>fino a 25 mm di larghezza<\/td>\n<\/tr>\n<tr>\n<td>Giunti aperti<\/td>\n<td>fino a 5 mm di larghezza, 2 pezzi \/ m di larghezza con giunti non riempiti<\/td>\n<\/tr>\n<tr>\n<td>Colla visibile sulla superficie<\/td>\n<td>accettabile fino al 5% della superficie del pannello<\/td>\n<\/tr>\n<tr>\n<td>Levigatura eccessiva<\/td>\n<td>accettabile fino all&#8217;1% della superficie della scheda<\/td>\n<\/tr>\n<tr>\n<td>Rientranza, spremere, gonfiore in legno<\/td>\n<td>consentito<\/td>\n<\/tr>\n<tr>\n<td>Sovrapposizione di legno<\/td>\n<td>fino a 2 pezzi \/ m2<\/td>\n<\/tr>\n<tr>\n<td>Ruvidezza<\/td>\n<td>consentito<\/td>\n<\/tr>\n<\/tbody>\n<\/table>\n<\/div><\/div><div class=\"wpb_text_column\" ><div class=\"wpb_wrapper\"><p>* Difetti pi\u00f9 comuni, altro &#8211; vedere la descrizione dettagliata in EN 635 -1-2-3<\/p>\n<\/div><\/div><\/div><\/div><\/div><div class=\"w-tabs-section\" id=\"1585514681766-cf5845cd-718b\"><button aria-controls=\"content-1585514681766-cf5845cd-718b\" class=\"w-tabs-section-header\"><div class=\"w-tabs-section-header-h\"><div class=\"w-tabs-section-title\">IV CLASSE<\/div><div class=\"w-tabs-section-control\"><\/div><\/div><\/button><div class=\"w-tabs-section-content\" id=\"content-1585514681766-cf5845cd-718b\" aria-expanded=\"false\"><div class=\"w-tabs-section-content-h i-cf\"><div class=\"wpb_text_column\" ><div class=\"wpb_wrapper\"><p>A causa dell&#8217;aspetto superficiale &#8211; legno duro<\/p>\n<\/div><\/div><div class=\"wpb_text_column\" ><div class=\"wpb_wrapper\"><table>\n<tbody>\n<tr>\n<td style=\"background-color: #ebebeb; border-bottom: 1px solid #ddd;\" colspan=\"2\"><strong>Difetti accettabili*<\/strong><\/td>\n<\/tr>\n<tr>\n<td style=\"background-color: #ebebeb; width: 33%;\"><strong>Caratteristica<\/strong><\/td>\n<td style=\"background-color: #ebebeb;\"><strong>Descrizione<\/strong><\/td>\n<\/tr>\n<tr>\n<td>Piccolo nodo di legno<\/td>\n<td>consentito<\/td>\n<\/tr>\n<tr>\n<td>Nodo di legno naturale<\/td>\n<td>consentito<\/td>\n<\/tr>\n<tr>\n<td>Nodi e fori del nodo rotti e non coltivati<\/td>\n<td>consentito<\/td>\n<\/tr>\n<tr>\n<td>Le crepe aperte<\/td>\n<td>consentito<\/td>\n<\/tr>\n<tr>\n<td>Le crepe chiuse<\/td>\n<td>consentito<\/td>\n<\/tr>\n<tr>\n<td>Danni alle costruzioni in legno<\/td>\n<td>consentito<\/td>\n<\/tr>\n<tr>\n<td>Scolorimento che non danneggia il legno<\/td>\n<td>consentito<\/td>\n<\/tr>\n<tr>\n<td>Riparazioni (patch, zeppe)<\/td>\n<td>senza limiti<\/td>\n<\/tr>\n<tr>\n<td>Danneggi nei bordi<\/td>\n<td>consentito<\/td>\n<\/tr>\n<tr>\n<td>Corteccia cresciuta sul tronco<\/td>\n<td>consentito<\/td>\n<\/tr>\n<tr>\n<td>Giunti aperti<\/td>\n<td>consentito<\/td>\n<\/tr>\n<tr>\n<td>Colla visibile sulla superficie<\/td>\n<td>consentito<\/td>\n<\/tr>\n<tr>\n<td>Levigatura eccessiva<\/td>\n<td>consentito<\/td>\n<\/tr>\n<tr>\n<td>Rientranza, spremere, gonfiore in legno<\/td>\n<td>consentito<\/td>\n<\/tr>\n<tr>\n<td>Sovrapposizione di legno<\/td>\n<td>consentito<\/td>\n<\/tr>\n<tr>\n<td>Ruvidezza<\/td>\n<td>consentito<\/td>\n<\/tr>\n<\/tbody>\n<\/table>\n<\/div><\/div><div class=\"wpb_text_column\" ><div class=\"wpb_wrapper\"><p>* Difetti pi\u00f9 comuni, altro &#8211; vedere la descrizione dettagliata in EN 635 -1-2-3<\/p>\n<\/div><\/div><\/div><\/div><\/div><\/div><\/div><\/div><\/div><\/div><\/div><\/div><\/div><\/section><section class=\"l-section wpb_row height_auto width_full\"><div class=\"l-section-h i-cf\"><div class=\"g-cols vc_row type_default valign_top\"><div class=\"vc_col-sm-12 wpb_column vc_column_container\"><div class=\"vc_column-inner\"><div class=\"wpb_wrapper\"><section class=\"l-section wpb_row height_huge with_img parallax_ver with_overlay\" id=\"cta-cont\"><div class=\"l-section-img\" style=\"background-image: url(https:\/\/biaform.com.pl\/wp-content\/uploads\/2020\/03\/biaform-kontakt.jpg);background-position: bottom center;background-repeat: no-repeat;\" data-img-width=\"1600\" data-img-height=\"1067\"><\/div><div class=\"l-section-overlay\" style=\"background: rgba(0,0,0,0.4)\"><\/div><div class=\"l-section-h i-cf\"><div class=\"g-cols vc_row type_default valign_top\"><div class=\"vc_col-sm-6 vc_col-lg-offset-8 vc_col-lg-4 vc_col-md-offset-7 vc_col-md-5 vc_col-sm-offset-6 wpb_column vc_column_container animate_fade\" style=\"animation-delay:0.2s\"><div class=\"vc_column-inner\"><div class=\"wpb_wrapper\"><div class=\"w-actionbox us_custom_2aff76bb color_primary controls_bottom\"><div class=\"w-actionbox-text\"><h3>Hai le domande?<\/h3><p>Chiamaci o scrivici. Risponderemo con piacere.<\/p>\n<\/div><div class=\"w-actionbox-controls\"><a class=\"w-btn us-btn-style_3 icon_atright\" title=\"Contatti\" href=\"\/it\/contatti\/\"><span class=\"w-btn-label\">Contattaci<\/span><i class=\"fas fa-angle-double-right\"><\/i><\/a><\/div><\/div><\/div><\/div><\/div><\/div><\/div><\/section>\n<\/div><\/div><\/div><\/div><\/div><\/section>\n","protected":false},"excerpt":{"rendered":"Classe della qualit\u00e0Homechevron_rightPagine Classe della qualit\u00e0Classi di qualit\u00e0 in compensato. I CLASSEII CLASSEIII CLASSEIV CLASSEI CLASSEA causa dell&#8217;aspetto superficiale &#8211; legno duro Difetti accettabili* Caratteristica Descrizione Piccolo nodo di legno 3 pz\/m2 a 3mm Nodo di legno naturale diametro unitario fino a 15 mm (la somma dei diametri non supera i 30 mm \/ m2),...","protected":false},"author":1,"featured_media":0,"parent":2777,"menu_order":4,"comment_status":"closed","ping_status":"closed","template":"","meta":{"_acf_changed":false,"footnotes":""},"class_list":["post-2847","page","type-page","status-publish","hentry"],"acf":[],"yoast_head":"<!-- This site is optimized with the Yoast SEO plugin v27.3 - https:\/\/yoast.com\/product\/yoast-seo-wordpress\/ -->\n<title>Classe della qualit\u00e0 - Biaform SA Bia\u0142ystok<\/title>\n<meta name=\"robots\" content=\"index, follow, max-snippet:-1, max-image-preview:large, max-video-preview:-1\" \/>\n<link rel=\"canonical\" href=\"https:\/\/biaform.com.pl\/it\/chi-siamo\/classe-della-qualita\/\" \/>\n<meta property=\"og:locale\" content=\"it_IT\" \/>\n<meta property=\"og:type\" content=\"article\" \/>\n<meta property=\"og:title\" content=\"Classe della qualit\u00e0 - Biaform SA Bia\u0142ystok\" \/>\n<meta property=\"og:url\" content=\"https:\/\/biaform.com.pl\/it\/chi-siamo\/classe-della-qualita\/\" \/>\n<meta property=\"og:site_name\" content=\"Biaform SA Bia\u0142ystok\" \/>\n<meta property=\"article:modified_time\" content=\"2020-06-21T22:48:41+00:00\" \/>\n<meta name=\"twitter:card\" content=\"summary_large_image\" \/>\n<meta name=\"twitter:label1\" content=\"Tempo di lettura stimato\" \/>\n\t<meta name=\"twitter:data1\" content=\"4 minuti\" \/>\n<script type=\"application\/ld+json\" class=\"yoast-schema-graph\">{\"@context\":\"https:\\\/\\\/schema.org\",\"@graph\":[{\"@type\":\"WebPage\",\"@id\":\"https:\\\/\\\/biaform.com.pl\\\/it\\\/chi-siamo\\\/classe-della-qualita\\\/\",\"url\":\"https:\\\/\\\/biaform.com.pl\\\/it\\\/chi-siamo\\\/classe-della-qualita\\\/\",\"name\":\"Classe della qualit\u00e0 - Biaform SA Bia\u0142ystok\",\"isPartOf\":{\"@id\":\"https:\\\/\\\/biaform.com.pl\\\/it\\\/#website\"},\"datePublished\":\"2020-06-21T22:13:53+00:00\",\"dateModified\":\"2020-06-21T22:48:41+00:00\",\"breadcrumb\":{\"@id\":\"https:\\\/\\\/biaform.com.pl\\\/it\\\/chi-siamo\\\/classe-della-qualita\\\/#breadcrumb\"},\"inLanguage\":\"it-IT\",\"potentialAction\":[{\"@type\":\"ReadAction\",\"target\":[\"https:\\\/\\\/biaform.com.pl\\\/it\\\/chi-siamo\\\/classe-della-qualita\\\/\"]}]},{\"@type\":\"BreadcrumbList\",\"@id\":\"https:\\\/\\\/biaform.com.pl\\\/it\\\/chi-siamo\\\/classe-della-qualita\\\/#breadcrumb\",\"itemListElement\":[{\"@type\":\"ListItem\",\"position\":1,\"name\":\"Strona g\u0142\u00f3wna\",\"item\":\"https:\\\/\\\/biaform.com.pl\\\/it\\\/\"},{\"@type\":\"ListItem\",\"position\":2,\"name\":\"Chi Siamo\",\"item\":\"https:\\\/\\\/biaform.com.pl\\\/it\\\/chi-siamo\\\/\"},{\"@type\":\"ListItem\",\"position\":3,\"name\":\"Classe della qualit\u00e0\"}]},{\"@type\":\"WebSite\",\"@id\":\"https:\\\/\\\/biaform.com.pl\\\/it\\\/#website\",\"url\":\"https:\\\/\\\/biaform.com.pl\\\/it\\\/\",\"name\":\"Biaform SA Bia\u0142ystok\",\"description\":\"\",\"potentialAction\":[{\"@type\":\"SearchAction\",\"target\":{\"@type\":\"EntryPoint\",\"urlTemplate\":\"https:\\\/\\\/biaform.com.pl\\\/it\\\/?s={search_term_string}\"},\"query-input\":{\"@type\":\"PropertyValueSpecification\",\"valueRequired\":true,\"valueName\":\"search_term_string\"}}],\"inLanguage\":\"it-IT\"}]}<\/script>\n<!-- \/ Yoast SEO plugin. -->","yoast_head_json":{"title":"Classe della qualit\u00e0 - Biaform SA Bia\u0142ystok","robots":{"index":"index","follow":"follow","max-snippet":"max-snippet:-1","max-image-preview":"max-image-preview:large","max-video-preview":"max-video-preview:-1"},"canonical":"https:\/\/biaform.com.pl\/it\/chi-siamo\/classe-della-qualita\/","og_locale":"it_IT","og_type":"article","og_title":"Classe della qualit\u00e0 - Biaform SA Bia\u0142ystok","og_url":"https:\/\/biaform.com.pl\/it\/chi-siamo\/classe-della-qualita\/","og_site_name":"Biaform SA Bia\u0142ystok","article_modified_time":"2020-06-21T22:48:41+00:00","twitter_card":"summary_large_image","twitter_misc":{"Tempo di lettura stimato":"4 minuti"},"schema":{"@context":"https:\/\/schema.org","@graph":[{"@type":"WebPage","@id":"https:\/\/biaform.com.pl\/it\/chi-siamo\/classe-della-qualita\/","url":"https:\/\/biaform.com.pl\/it\/chi-siamo\/classe-della-qualita\/","name":"Classe della qualit\u00e0 - Biaform SA Bia\u0142ystok","isPartOf":{"@id":"https:\/\/biaform.com.pl\/it\/#website"},"datePublished":"2020-06-21T22:13:53+00:00","dateModified":"2020-06-21T22:48:41+00:00","breadcrumb":{"@id":"https:\/\/biaform.com.pl\/it\/chi-siamo\/classe-della-qualita\/#breadcrumb"},"inLanguage":"it-IT","potentialAction":[{"@type":"ReadAction","target":["https:\/\/biaform.com.pl\/it\/chi-siamo\/classe-della-qualita\/"]}]},{"@type":"BreadcrumbList","@id":"https:\/\/biaform.com.pl\/it\/chi-siamo\/classe-della-qualita\/#breadcrumb","itemListElement":[{"@type":"ListItem","position":1,"name":"Strona g\u0142\u00f3wna","item":"https:\/\/biaform.com.pl\/it\/"},{"@type":"ListItem","position":2,"name":"Chi Siamo","item":"https:\/\/biaform.com.pl\/it\/chi-siamo\/"},{"@type":"ListItem","position":3,"name":"Classe della qualit\u00e0"}]},{"@type":"WebSite","@id":"https:\/\/biaform.com.pl\/it\/#website","url":"https:\/\/biaform.com.pl\/it\/","name":"Biaform SA Bia\u0142ystok","description":"","potentialAction":[{"@type":"SearchAction","target":{"@type":"EntryPoint","urlTemplate":"https:\/\/biaform.com.pl\/it\/?s={search_term_string}"},"query-input":{"@type":"PropertyValueSpecification","valueRequired":true,"valueName":"search_term_string"}}],"inLanguage":"it-IT"}]}},"_links":{"self":[{"href":"https:\/\/biaform.com.pl\/it\/wp-json\/wp\/v2\/pages\/2847","targetHints":{"allow":["GET"]}}],"collection":[{"href":"https:\/\/biaform.com.pl\/it\/wp-json\/wp\/v2\/pages"}],"about":[{"href":"https:\/\/biaform.com.pl\/it\/wp-json\/wp\/v2\/types\/page"}],"author":[{"embeddable":true,"href":"https:\/\/biaform.com.pl\/it\/wp-json\/wp\/v2\/users\/1"}],"replies":[{"embeddable":true,"href":"https:\/\/biaform.com.pl\/it\/wp-json\/wp\/v2\/comments?post=2847"}],"version-history":[{"count":0,"href":"https:\/\/biaform.com.pl\/it\/wp-json\/wp\/v2\/pages\/2847\/revisions"}],"up":[{"embeddable":true,"href":"https:\/\/biaform.com.pl\/it\/wp-json\/wp\/v2\/pages\/2777"}],"wp:attachment":[{"href":"https:\/\/biaform.com.pl\/it\/wp-json\/wp\/v2\/media?parent=2847"}],"curies":[{"name":"wp","href":"https:\/\/api.w.org\/{rel}","templated":true}]}}