{"id":2879,"date":"2020-06-22T19:00:50","date_gmt":"2020-06-22T17:00:50","guid":{"rendered":"https:\/\/biaform.com.pl\/?page_id=2879"},"modified":"2020-06-22T19:27:48","modified_gmt":"2020-06-22T17:27:48","slug":"proprieta-fisiche-e-meccaniche-del-compensato","status":"publish","type":"page","link":"https:\/\/biaform.com.pl\/it\/chi-siamo\/proprieta-fisiche-e-meccaniche-del-compensato\/","title":{"rendered":"Propriet\u00e0 fisiche e meccaniche del compensato"},"content":{"rendered":"<section class=\"l-section wpb_row height_auto width_full\"><div class=\"l-section-h i-cf\"><div class=\"g-cols vc_row type_default valign_top\"><div class=\"vc_col-sm-12 wpb_column vc_column_container\"><div class=\"vc_column-inner\"><div class=\"wpb_wrapper\"><section class=\"l-section wpb_row height_medium color_alternate with_img parallax_ver with_overlay\" id=\"title\"><div class=\"l-section-img\" style=\"background-image: url(https:\/\/biaform.com.pl\/wp-content\/uploads\/2020\/03\/title-bg-2.jpg);background-repeat: no-repeat;\" data-img-width=\"1920\" data-img-height=\"800\"><\/div><div class=\"l-section-overlay\" style=\"background: rgba(0,0,0,0.10)\"><\/div><div class=\"l-section-h i-cf\"><div class=\"g-cols vc_row type_default valign_middle\"><div class=\"vc_col-sm-6 wpb_column vc_column_container\"><div class=\"vc_column-inner\"><div class=\"wpb_wrapper\"><h1 class=\"w-post-elm post_title us_custom_607cd7e8 entry-title color_link_inherit\">Propriet\u00e0 fisiche e meccaniche del compensato<\/h1><\/div><\/div><\/div><div class=\"vc_col-sm-6 wpb_column vc_column_container\"><div class=\"vc_column-inner\"><div class=\"wpb_wrapper\"><ol class=\"g-breadcrumbs us_custom_963f34bc separator_icon align_right has_text_color\" itemscope itemtype=\"http:\/\/schema.org\/BreadcrumbList\"><li class=\"g-breadcrumbs-item\" itemprop=\"itemListElement\" itemscope itemtype=\"http:\/\/schema.org\/ListItem\"><a itemprop=\"item\" href=\"https:\/\/biaform.com.pl\/it\/\"><span itemprop=\"name\">Home<\/span><\/a><meta itemprop=\"position\" content=\"1\"\/><\/li><li class=\"g-breadcrumbs-separator\"><i class=\"material-icons\">chevron_right<\/i><\/li><li class=\"g-breadcrumbs-item\">Pagine<\/li><\/ol><\/div><\/div><\/div><\/div><\/div><\/section>\n<\/div><\/div><\/div><\/div><\/div><\/section><section class=\"l-section wpb_row height_medium\"><div class=\"l-section-h i-cf\"><div class=\"g-cols vc_row type_default valign_top gap-2em\"><style>.g-cols.gap-2em{margin:0 calc(-1.5rem - 2em)}.gap-2em > .vc_column_container {padding:2em}<\/style><div class=\"vc_col-sm-12 wpb_column vc_column_container animate_afb\" style=\"animation-delay:0.2s\"><div class=\"vc_column-inner\"><div class=\"wpb_wrapper\"><div id=\"ultimate-heading-40069e7465baa4b5\" class=\"uvc-heading ult-adjust-bottom-margin ultimate-heading-40069e7465baa4b5 uvc-8211 \" data-hspacer=\"line_with_icon\" data-hline_width=\"200\" data-hicon_type=\"selector\" data-hborder_style=\"solid\" data-hborder_height=\"3\" data-hborder_color=\"#503201\" data-icon_width=\"32\" data-hfixer=\"20\"  data-halign=\"center\" style=\"text-align:center\"><div class=\"uvc-main-heading ult-responsive\"  data-ultimate-target='.uvc-heading.ultimate-heading-40069e7465baa4b5 h2'  data-responsive-json-new='{\"font-size\":\"\",\"line-height\":\"\"}' ><h2 style=\"font-weight:normal;margin-bottom:10px;\">Propriet\u00e0 fisiche e meccaniche del compensato<\/h2><\/div><div class=\"uvc-heading-spacer line_with_icon\" style=\"topheight:32px;\"><div class=\"ult-just-icon-wrapper  \"><div class=\"align-icon\" style=\"text-align:center;\">\n<div class=\"aio-icon none \"  style=\"color:#64bc46;font-size:32px;display:inline-block;\">\n\t<i class=\"Defaults-stack-overflow\"><\/i>\n<\/div><\/div><\/div><\/div><\/div><\/div><\/div><\/div><div class=\"vc_col-sm-12 wpb_column vc_column_container\"><div class=\"vc_column-inner\"><div class=\"wpb_wrapper\"><div class=\"wpb_text_column table-wrapp\" ><div class=\"wpb_wrapper\"><table>\n<tbody>\n<tr>\n<td style=\"background-color: #ebebeb; text-align: center;\"><strong>Caratteristiche<\/strong><\/td>\n<td style=\"background-color: #ebebeb; text-align: center;\" colspan=\"3\"><strong>Valore<\/strong><\/td>\n<td style=\"background-color: #ebebeb; text-align: center;\"><strong>Note<\/strong><\/td>\n<td style=\"background-color: #ebebeb; text-align: center;\"><strong>Test secondo lo standard<\/strong><\/td>\n<\/tr>\n<tr>\n<td style=\"text-align: center;\"><strong>Umidit\u00e0<\/strong><\/td>\n<td style=\"text-align: center;\" colspan=\"3\">3-10%<\/td>\n<td style=\"text-align: center;\"><\/td>\n<td style=\"text-align: center;\">PN-EN 322<\/td>\n<\/tr>\n<tr>\n<td style=\"text-align: center;\"><strong>Densit\u00e0<\/strong><\/td>\n<td style=\"text-align: center;\" colspan=\"3\">550-800 kg\/m<sup>3<\/sup><\/td>\n<td style=\"text-align: center;\"><\/td>\n<td style=\"text-align: center;\">PN-EN 323<\/td>\n<\/tr>\n<tr>\n<td style=\"text-align: center;\" rowspan=\"12\"><strong>Costruzione<\/strong><\/td>\n<td style=\"text-align: center;\">Spessore (t) [mm]<\/td>\n<td style=\"text-align: center;\">Numero di strati<\/td>\n<td style=\"text-align: center;\">Costruzione per esempio<\/td>\n<td style=\"text-align: center;\"><\/td>\n<td style=\"text-align: center;\" rowspan=\"12\"><\/td>\n<\/tr>\n<tr>\n<td style=\"text-align: center;\">4<\/td>\n<td style=\"text-align: center;\">3<\/td>\n<td style=\"text-align: center;\">I-I<\/td>\n<td style=\"text-align: center;\" rowspan=\"11\">Spessore del foglio standard: 1,5 mm (a seconda dello spessore delle piallacciature in compensato 2,0 mm e 2,5 mm)<\/td>\n<\/tr>\n<tr>\n<td style=\"text-align: center;\">6<\/td>\n<td style=\"text-align: center;\">5<\/td>\n<td style=\"text-align: center;\">I-I-I<\/td>\n<\/tr>\n<tr>\n<td style=\"text-align: center;\">9<\/td>\n<td style=\"text-align: center;\">7<\/td>\n<td style=\"text-align: center;\">I-I-I-I<\/td>\n<\/tr>\n<tr>\n<td style=\"text-align: center;\">12<\/td>\n<td style=\"text-align: center;\">9<\/td>\n<td style=\"text-align: center;\">I-I-I-I-I<\/td>\n<\/tr>\n<tr>\n<td style=\"text-align: center;\">15<\/td>\n<td style=\"text-align: center;\">11<\/td>\n<td style=\"text-align: center;\">I-I-I-I-I-I<\/td>\n<\/tr>\n<tr>\n<td style=\"text-align: center;\">18<\/td>\n<td style=\"text-align: center;\">13<\/td>\n<td style=\"text-align: center;\">I-I-I-I-I-I-I<\/td>\n<\/tr>\n<tr>\n<td style=\"text-align: center;\">21<\/td>\n<td style=\"text-align: center;\">15<\/td>\n<td style=\"text-align: center;\">I-I-I-I-I-I-I-I<\/td>\n<\/tr>\n<tr>\n<td style=\"text-align: center;\">24<\/td>\n<td style=\"text-align: center;\">17<\/td>\n<td style=\"text-align: center;\">I-I-I-I-I-I-I-I-I<\/td>\n<\/tr>\n<tr>\n<td style=\"text-align: center;\">27<\/td>\n<td style=\"text-align: center;\">19<\/td>\n<td style=\"text-align: center;\">I-I-I-I-I-I-I-I-I-I<\/td>\n<\/tr>\n<tr>\n<td style=\"text-align: center;\">30<\/td>\n<td style=\"text-align: center;\">21<\/td>\n<td style=\"text-align: center;\">I-I-I-I-I-I-I-I-I-I-I<\/td>\n<\/tr>\n<tr>\n<td style=\"text-align: center;\">35<\/td>\n<td style=\"text-align: center;\">25<\/td>\n<td style=\"text-align: center; white-space: nowrap;\">I-I-I-I-I-I-I-I-I-I-I-I<\/td>\n<\/tr>\n<tr>\n<td style=\"text-align: center;\"><strong>Tolleranza di lunghezza e larghezza della scheda<\/strong><\/td>\n<td style=\"text-align: center;\" colspan=\"3\">\u00b1 3,5 mm<\/td>\n<td style=\"text-align: center;\"><\/td>\n<td style=\"text-align: center;\">PN-EN 315<br \/>\nPN-EN 324-1<\/td>\n<\/tr>\n<tr>\n<td style=\"text-align: center;\"><strong>Resistenza alla flessione<\/strong><\/td>\n<td style=\"text-align: center;\" colspan=\"3\">Min. 50 N \/ mm\u00b2 lungo le fibre min. 30 N \/ mm\u00b2 attraverso le fibre<\/td>\n<td style=\"text-align: center;\">per compensato di spessore \u22659 mm, costruzione standard<\/td>\n<td style=\"text-align: center;\">PN-EN 310<\/td>\n<\/tr>\n<\/tbody>\n<\/table>\n<\/div><\/div><\/div><\/div><\/div><div class=\"vc_col-sm-12 wpb_column vc_column_container\"><div class=\"vc_column-inner\"><div class=\"wpb_wrapper\"><div class=\"wpb_text_column table-wrapp\" ><div class=\"wpb_wrapper\"><table>\n<tbody>\n<tr>\n<td style=\"background-color: #ebebeb; text-align: center;\"><strong>Caratteristiche<\/strong><\/td>\n<td style=\"background-color: #ebebeb; text-align: center;\" colspan=\"5\"><strong>Valore<\/strong><\/td>\n<td style=\"background-color: #ebebeb; text-align: center;\"><strong>Note<\/strong><\/td>\n<td style=\"background-color: #ebebeb; text-align: center;\"><strong>Test secondo lo standard<\/strong><\/td>\n<\/tr>\n<tr>\n<td style=\"text-align: center;\" rowspan=\"6\">Tolleranza dello spessore<\/td>\n<td style=\"text-align: center;\" rowspan=\"2\">Spessore (t) [mm]<\/td>\n<td style=\"text-align: center;\" colspan=\"2\"><strong>Pannelli non levigati<\/strong><\/td>\n<td style=\"text-align: center;\" colspan=\"2\"><strong>Pannelli levigati<\/strong><\/td>\n<td style=\"text-align: center;\" rowspan=\"6\"><\/td>\n<td style=\"text-align: center;\" rowspan=\"6\">PN-EN 315<br \/>\nPN-EN 324-1<\/td>\n<\/tr>\n<tr>\n<td style=\"text-align: center;\">Deviazione di spessore in un pannello [mm]<\/td>\n<td style=\"text-align: center;\">Deviazione dallo spessore nominale [mm]<\/td>\n<td style=\"text-align: center;\">Deviazione di spessore in un pannello [mm]<\/td>\n<td style=\"text-align: center;\">Deviazione dallo spessore nominale [mm]<\/td>\n<\/tr>\n<tr>\n<td style=\"text-align: center;\">\u2265<br \/>\n\u2264 12<\/td>\n<td style=\"text-align: center;\">1<\/td>\n<td style=\"text-align: center;\" rowspan=\"4\">+(0,8+0,03t)<br \/>\n-(0,4+0,03t)<\/td>\n<td style=\"text-align: center;\" rowspan=\"2\">0,6<\/td>\n<td style=\"text-align: center;\" rowspan=\"2\">+(0,2+0,03t)<br \/>\n-(0,4+0,03t)<\/td>\n<\/tr>\n<tr>\n<td style=\"text-align: center;\">&gt; 12<br \/>\n\u2264 25<\/td>\n<td style=\"text-align: center;\" rowspan=\"3\">1,5<\/td>\n<\/tr>\n<tr>\n<td style=\"text-align: center;\">&gt; 25<br \/>\n\u2264 30<\/td>\n<td style=\"text-align: center;\" rowspan=\"2\">0,8<\/td>\n<td style=\"text-align: center;\">+(0,0+0,05t)<br \/>\n-(0,4+0,05t)<\/td>\n<\/tr>\n<tr>\n<td style=\"text-align: center;\">&gt; 30<\/td>\n<td style=\"text-align: center;\">+(0,0+0,03t)<br \/>\n-(0,4+0,03t)<\/td>\n<\/tr>\n<\/tbody>\n<\/table>\n<\/div><\/div><\/div><\/div><\/div><\/div><\/div><\/section><section class=\"l-section wpb_row height_huge width_full with_img parallax_ver\"><div class=\"l-section-img\" style=\"background-image: url(https:\/\/biaform.com.pl\/wp-content\/uploads\/2020\/04\/wlasciwosci-sklejek.jpg);background-repeat: no-repeat;\" data-img-width=\"1600\" data-img-height=\"1067\"><\/div><div class=\"l-section-h i-cf\"><div class=\"g-cols vc_row type_default valign_top\"><div class=\"vc_col-sm-12 wpb_column vc_column_container\"><div class=\"vc_column-inner\"><div class=\"wpb_wrapper\"><div class=\"w-separator size_huge\"><\/div><\/div><\/div><\/div><\/div><\/div><\/section><section class=\"l-section wpb_row height_medium\"><div class=\"l-section-h i-cf\"><div class=\"g-cols vc_row type_default valign_top gap-2em\"><style>.g-cols.gap-2em{margin:0 calc(-1.5rem - 2em)}.gap-2em > .vc_column_container {padding:2em}<\/style><div class=\"vc_col-sm-12 wpb_column vc_column_container\"><div class=\"vc_column-inner\"><div class=\"wpb_wrapper\"><div class=\"wpb_text_column table-wrapp\" ><div class=\"wpb_wrapper\"><p style=\"text-align: center;\"><strong>Per pannelli levigati <\/strong><\/p>\n<table>\n<tbody>\n<tr>\n<td style=\"text-align: center;\"><strong>Spessore (t) [mm]<\/strong><\/td>\n<td style=\"text-align: center;\">4<\/td>\n<td style=\"text-align: center;\">6<\/td>\n<td style=\"text-align: center;\">9<\/td>\n<td style=\"text-align: center;\">12<\/td>\n<td style=\"text-align: center;\">15<\/td>\n<td style=\"text-align: center;\">18<\/td>\n<td style=\"text-align: center;\">21<\/td>\n<td style=\"text-align: center;\">24<\/td>\n<td style=\"text-align: center;\">27<\/td>\n<td style=\"text-align: center;\">30<\/td>\n<td style=\"text-align: center;\">35<\/td>\n<\/tr>\n<tr>\n<td style=\"text-align: center;\" rowspan=\"2\"><strong>Tolleranza [mm]<\/strong><\/td>\n<td style=\"text-align: center;\">0,3<\/td>\n<td style=\"text-align: center;\">0,4<\/td>\n<td style=\"text-align: center;\">0,5<\/td>\n<td style=\"text-align: center;\">0,6<\/td>\n<td style=\"text-align: center;\">0,7<\/td>\n<td style=\"text-align: center;\">0,7<\/td>\n<td style=\"text-align: center;\">0,8<\/td>\n<td style=\"text-align: center;\">0,9<\/td>\n<td style=\"text-align: center;\">1,4<\/td>\n<td style=\"text-align: center;\">1,5<\/td>\n<td style=\"text-align: center;\">1,1<\/td>\n<\/tr>\n<tr>\n<td style=\"text-align: center;\">-0,5<\/td>\n<td style=\"text-align: center;\">-0,6<\/td>\n<td style=\"text-align: center;\">-0,7<\/td>\n<td style=\"text-align: center;\">-0,8<\/td>\n<td style=\"text-align: center;\">-0,9<\/td>\n<td style=\"text-align: center;\">-0,9<\/td>\n<td style=\"text-align: center;\">-1<\/td>\n<td style=\"text-align: center;\">-1,1<\/td>\n<td style=\"text-align: center;\">-1,8<\/td>\n<td style=\"text-align: center;\">-1,9<\/td>\n<td style=\"text-align: center;\">-1,5<\/td>\n<\/tr>\n<\/tbody>\n<\/table>\n<\/div><\/div><\/div><\/div><\/div><div class=\"vc_col-sm-12 wpb_column vc_column_container\"><div class=\"vc_column-inner\"><div class=\"wpb_wrapper\"><div class=\"wpb_text_column table-wrapp\" ><div class=\"wpb_wrapper\"><table>\n<tbody>\n<tr>\n<td style=\"background-color: #ebebeb; text-align: center;\"><strong>Caratteristiche<\/strong><\/td>\n<td style=\"background-color: #ebebeb; text-align: center;\" colspan=\"2\"><strong>Valore<\/strong><\/td>\n<td style=\"background-color: #ebebeb; text-align: center;\"><strong>Note<\/strong><\/td>\n<td style=\"background-color: #ebebeb; text-align: center;\"><strong>Test secondo lo standard<\/strong><\/td>\n<\/tr>\n<tr>\n<td style=\"text-align: center;\" rowspan=\"5\"><strong>La qualit\u00e0 di incollaggio<\/strong><\/td>\n<td style=\"text-align: center;\">\u015arednia wytrzyma\u0142o\u015b\u0107 na \u015bcinanie\u00a0fv\u00a0[N\/mm<sup>2<\/sup>]<\/td>\n<td style=\"text-align: center;\">\u015aredni udzia\u0142 \u015bci\u0119cia w drewnie\u00a0[%]<\/td>\n<td style=\"text-align: center;\" rowspan=\"5\"><\/td>\n<td style=\"text-align: center;\" rowspan=\"5\">PN-EN 314-2<\/td>\n<\/tr>\n<tr>\n<td style=\"text-align: center;\">0,2 \u2264 fv &lt; 0,4<\/td>\n<td style=\"text-align: center;\">\u226580<\/td>\n<\/tr>\n<tr>\n<td style=\"text-align: center;\">0,4 \u2264 fv &lt; 0,6<\/td>\n<td style=\"text-align: center;\">\u226560<\/td>\n<\/tr>\n<tr>\n<td style=\"text-align: center;\">0,6 \u2264 fv &lt; 1,0<\/td>\n<td style=\"text-align: center;\">\u226540<\/td>\n<\/tr>\n<tr>\n<td style=\"text-align: center;\">1,0 \u2264 fv<\/td>\n<td style=\"text-align: center;\">Brak wymaga\u0144<\/td>\n<\/tr>\n<tr>\n<td style=\"text-align: center;\" rowspan=\"2\"><strong>La classe di incollaggio<\/strong><\/td>\n<td style=\"text-align: center;\" colspan=\"2\">Classe 1<\/td>\n<td style=\"text-align: center;\">dla sklejek suchotrwa\u0142ych (zastosowana \u017cywica mocznikow-formaldehydowa)<\/td>\n<td style=\"text-align: center;\" rowspan=\"2\">PN-EN 314-2<\/td>\n<\/tr>\n<tr>\n<td style=\"text-align: center;\" colspan=\"2\">Classe 3<\/td>\n<td style=\"text-align: center;\">dla sklejek wodoodpornych (zastosowana \u017cywica fenolowo-formaldehydowa)<\/td>\n<\/tr>\n<tr>\n<td style=\"text-align: center;\"><strong>Emissione del formaldeide<\/strong><\/td>\n<td style=\"text-align: center;\" colspan=\"2\">Emissione\u00a0\u2264 3,5mg\/m<sup>2<\/sup>h E 1<\/td>\n<td style=\"text-align: center;\"><\/td>\n<td style=\"text-align: center;\">PN-EN 717-2<\/td>\n<\/tr>\n<\/tbody>\n<\/table>\n<\/div><\/div><div class=\"wpb_text_column\" ><div class=\"wpb_wrapper\"><p style=\"text-align: center;\">Le propriet\u00e0 fisiche e meccaniche del compensato sono solo a scopo illustrativo.<\/p>\n<\/div><\/div><\/div><\/div><\/div><\/div><\/div><\/section><section class=\"l-section wpb_row height_auto width_full\"><div class=\"l-section-h i-cf\"><div class=\"g-cols vc_row type_default valign_top\"><div class=\"vc_col-sm-12 wpb_column vc_column_container\"><div class=\"vc_column-inner\"><div class=\"wpb_wrapper\"><section class=\"l-section wpb_row height_huge with_img parallax_ver with_overlay\" id=\"cta-cont\"><div class=\"l-section-img\" style=\"background-image: url(https:\/\/biaform.com.pl\/wp-content\/uploads\/2020\/03\/biaform-kontakt.jpg);background-position: bottom center;background-repeat: no-repeat;\" data-img-width=\"1600\" data-img-height=\"1067\"><\/div><div class=\"l-section-overlay\" style=\"background: rgba(0,0,0,0.4)\"><\/div><div class=\"l-section-h i-cf\"><div class=\"g-cols vc_row type_default valign_top\"><div class=\"vc_col-sm-6 vc_col-lg-offset-8 vc_col-lg-4 vc_col-md-offset-7 vc_col-md-5 vc_col-sm-offset-6 wpb_column vc_column_container animate_fade\" style=\"animation-delay:0.2s\"><div class=\"vc_column-inner\"><div class=\"wpb_wrapper\"><div class=\"w-actionbox us_custom_2aff76bb color_primary controls_bottom\"><div class=\"w-actionbox-text\"><h3>Hai le domande?<\/h3><p>Chiamaci o scrivici. Risponderemo con piacere.<\/p>\n<\/div><div class=\"w-actionbox-controls\"><a class=\"w-btn us-btn-style_3 icon_atright\" title=\"Contatti\" href=\"\/it\/contatti\/\"><span class=\"w-btn-label\">Contattaci<\/span><i class=\"fas fa-angle-double-right\"><\/i><\/a><\/div><\/div><\/div><\/div><\/div><\/div><\/div><\/section>\n<\/div><\/div><\/div><\/div><\/div><\/section>\n","protected":false},"excerpt":{"rendered":"Propriet\u00e0 fisiche e meccaniche del compensatoHomechevron_rightPagine Propriet\u00e0 fisiche e meccaniche del compensato Caratteristiche Valore Note Test secondo lo standard Umidit\u00e0 3-10% PN-EN 322 Densit\u00e0 550-800 kg\/m3 PN-EN 323 Costruzione Spessore (t) [mm] Numero di strati Costruzione per esempio 4 3 I-I Spessore del foglio standard: 1,5 mm (a seconda dello spessore delle piallacciature in compensato...","protected":false},"author":1,"featured_media":0,"parent":2777,"menu_order":6,"comment_status":"closed","ping_status":"closed","template":"","meta":{"_acf_changed":false,"footnotes":""},"class_list":["post-2879","page","type-page","status-publish","hentry"],"acf":[],"yoast_head":"<!-- This site is optimized with the Yoast SEO plugin v27.3 - https:\/\/yoast.com\/product\/yoast-seo-wordpress\/ -->\n<title>Propriet\u00e0 fisiche e meccaniche del compensato - Biaform SA Bia\u0142ystok<\/title>\n<meta name=\"robots\" content=\"index, follow, max-snippet:-1, max-image-preview:large, max-video-preview:-1\" \/>\n<link rel=\"canonical\" href=\"https:\/\/biaform.com.pl\/it\/chi-siamo\/proprieta-fisiche-e-meccaniche-del-compensato\/\" \/>\n<meta property=\"og:locale\" content=\"it_IT\" \/>\n<meta property=\"og:type\" content=\"article\" \/>\n<meta property=\"og:title\" content=\"Propriet\u00e0 fisiche e meccaniche del compensato - Biaform SA Bia\u0142ystok\" \/>\n<meta property=\"og:url\" content=\"https:\/\/biaform.com.pl\/it\/chi-siamo\/proprieta-fisiche-e-meccaniche-del-compensato\/\" \/>\n<meta property=\"og:site_name\" content=\"Biaform SA Bia\u0142ystok\" \/>\n<meta property=\"article:modified_time\" content=\"2020-06-22T17:27:48+00:00\" \/>\n<meta name=\"twitter:card\" content=\"summary_large_image\" \/>\n<meta name=\"twitter:label1\" content=\"Tempo di lettura stimato\" \/>\n\t<meta name=\"twitter:data1\" content=\"2 minuti\" \/>\n<script type=\"application\/ld+json\" class=\"yoast-schema-graph\">{\"@context\":\"https:\\\/\\\/schema.org\",\"@graph\":[{\"@type\":\"WebPage\",\"@id\":\"https:\\\/\\\/biaform.com.pl\\\/it\\\/chi-siamo\\\/proprieta-fisiche-e-meccaniche-del-compensato\\\/\",\"url\":\"https:\\\/\\\/biaform.com.pl\\\/it\\\/chi-siamo\\\/proprieta-fisiche-e-meccaniche-del-compensato\\\/\",\"name\":\"Propriet\u00e0 fisiche e meccaniche del compensato - Biaform SA Bia\u0142ystok\",\"isPartOf\":{\"@id\":\"https:\\\/\\\/biaform.com.pl\\\/it\\\/#website\"},\"datePublished\":\"2020-06-22T17:00:50+00:00\",\"dateModified\":\"2020-06-22T17:27:48+00:00\",\"breadcrumb\":{\"@id\":\"https:\\\/\\\/biaform.com.pl\\\/it\\\/chi-siamo\\\/proprieta-fisiche-e-meccaniche-del-compensato\\\/#breadcrumb\"},\"inLanguage\":\"it-IT\",\"potentialAction\":[{\"@type\":\"ReadAction\",\"target\":[\"https:\\\/\\\/biaform.com.pl\\\/it\\\/chi-siamo\\\/proprieta-fisiche-e-meccaniche-del-compensato\\\/\"]}]},{\"@type\":\"BreadcrumbList\",\"@id\":\"https:\\\/\\\/biaform.com.pl\\\/it\\\/chi-siamo\\\/proprieta-fisiche-e-meccaniche-del-compensato\\\/#breadcrumb\",\"itemListElement\":[{\"@type\":\"ListItem\",\"position\":1,\"name\":\"Strona g\u0142\u00f3wna\",\"item\":\"https:\\\/\\\/biaform.com.pl\\\/it\\\/\"},{\"@type\":\"ListItem\",\"position\":2,\"name\":\"Chi Siamo\",\"item\":\"https:\\\/\\\/biaform.com.pl\\\/it\\\/chi-siamo\\\/\"},{\"@type\":\"ListItem\",\"position\":3,\"name\":\"Propriet\u00e0 fisiche e meccaniche del compensato\"}]},{\"@type\":\"WebSite\",\"@id\":\"https:\\\/\\\/biaform.com.pl\\\/it\\\/#website\",\"url\":\"https:\\\/\\\/biaform.com.pl\\\/it\\\/\",\"name\":\"Biaform SA Bia\u0142ystok\",\"description\":\"\",\"potentialAction\":[{\"@type\":\"SearchAction\",\"target\":{\"@type\":\"EntryPoint\",\"urlTemplate\":\"https:\\\/\\\/biaform.com.pl\\\/it\\\/?s={search_term_string}\"},\"query-input\":{\"@type\":\"PropertyValueSpecification\",\"valueRequired\":true,\"valueName\":\"search_term_string\"}}],\"inLanguage\":\"it-IT\"}]}<\/script>\n<!-- \/ Yoast SEO plugin. -->","yoast_head_json":{"title":"Propriet\u00e0 fisiche e meccaniche del compensato - Biaform SA Bia\u0142ystok","robots":{"index":"index","follow":"follow","max-snippet":"max-snippet:-1","max-image-preview":"max-image-preview:large","max-video-preview":"max-video-preview:-1"},"canonical":"https:\/\/biaform.com.pl\/it\/chi-siamo\/proprieta-fisiche-e-meccaniche-del-compensato\/","og_locale":"it_IT","og_type":"article","og_title":"Propriet\u00e0 fisiche e meccaniche del compensato - Biaform SA Bia\u0142ystok","og_url":"https:\/\/biaform.com.pl\/it\/chi-siamo\/proprieta-fisiche-e-meccaniche-del-compensato\/","og_site_name":"Biaform SA Bia\u0142ystok","article_modified_time":"2020-06-22T17:27:48+00:00","twitter_card":"summary_large_image","twitter_misc":{"Tempo di lettura stimato":"2 minuti"},"schema":{"@context":"https:\/\/schema.org","@graph":[{"@type":"WebPage","@id":"https:\/\/biaform.com.pl\/it\/chi-siamo\/proprieta-fisiche-e-meccaniche-del-compensato\/","url":"https:\/\/biaform.com.pl\/it\/chi-siamo\/proprieta-fisiche-e-meccaniche-del-compensato\/","name":"Propriet\u00e0 fisiche e meccaniche del compensato - Biaform SA Bia\u0142ystok","isPartOf":{"@id":"https:\/\/biaform.com.pl\/it\/#website"},"datePublished":"2020-06-22T17:00:50+00:00","dateModified":"2020-06-22T17:27:48+00:00","breadcrumb":{"@id":"https:\/\/biaform.com.pl\/it\/chi-siamo\/proprieta-fisiche-e-meccaniche-del-compensato\/#breadcrumb"},"inLanguage":"it-IT","potentialAction":[{"@type":"ReadAction","target":["https:\/\/biaform.com.pl\/it\/chi-siamo\/proprieta-fisiche-e-meccaniche-del-compensato\/"]}]},{"@type":"BreadcrumbList","@id":"https:\/\/biaform.com.pl\/it\/chi-siamo\/proprieta-fisiche-e-meccaniche-del-compensato\/#breadcrumb","itemListElement":[{"@type":"ListItem","position":1,"name":"Strona g\u0142\u00f3wna","item":"https:\/\/biaform.com.pl\/it\/"},{"@type":"ListItem","position":2,"name":"Chi Siamo","item":"https:\/\/biaform.com.pl\/it\/chi-siamo\/"},{"@type":"ListItem","position":3,"name":"Propriet\u00e0 fisiche e meccaniche del compensato"}]},{"@type":"WebSite","@id":"https:\/\/biaform.com.pl\/it\/#website","url":"https:\/\/biaform.com.pl\/it\/","name":"Biaform SA Bia\u0142ystok","description":"","potentialAction":[{"@type":"SearchAction","target":{"@type":"EntryPoint","urlTemplate":"https:\/\/biaform.com.pl\/it\/?s={search_term_string}"},"query-input":{"@type":"PropertyValueSpecification","valueRequired":true,"valueName":"search_term_string"}}],"inLanguage":"it-IT"}]}},"_links":{"self":[{"href":"https:\/\/biaform.com.pl\/it\/wp-json\/wp\/v2\/pages\/2879","targetHints":{"allow":["GET"]}}],"collection":[{"href":"https:\/\/biaform.com.pl\/it\/wp-json\/wp\/v2\/pages"}],"about":[{"href":"https:\/\/biaform.com.pl\/it\/wp-json\/wp\/v2\/types\/page"}],"author":[{"embeddable":true,"href":"https:\/\/biaform.com.pl\/it\/wp-json\/wp\/v2\/users\/1"}],"replies":[{"embeddable":true,"href":"https:\/\/biaform.com.pl\/it\/wp-json\/wp\/v2\/comments?post=2879"}],"version-history":[{"count":0,"href":"https:\/\/biaform.com.pl\/it\/wp-json\/wp\/v2\/pages\/2879\/revisions"}],"up":[{"embeddable":true,"href":"https:\/\/biaform.com.pl\/it\/wp-json\/wp\/v2\/pages\/2777"}],"wp:attachment":[{"href":"https:\/\/biaform.com.pl\/it\/wp-json\/wp\/v2\/media?parent=2879"}],"curies":[{"name":"wp","href":"https:\/\/api.w.org\/{rel}","templated":true}]}}