{"id":2922,"date":"2020-06-22T20:30:00","date_gmt":"2020-06-22T18:30:00","guid":{"rendered":"https:\/\/biaform.com.pl\/?page_id=2922"},"modified":"2020-06-22T21:30:38","modified_gmt":"2020-06-22T19:30:38","slug":"compensato-con-film","status":"publish","type":"page","link":"https:\/\/biaform.com.pl\/it\/prodotti\/compensato-con-film\/","title":{"rendered":"Compensato con film"},"content":{"rendered":"<section class=\"l-section wpb_row height_auto width_full\"><div class=\"l-section-h i-cf\"><div class=\"g-cols vc_row type_default valign_top\"><div class=\"vc_col-sm-12 wpb_column vc_column_container\"><div class=\"vc_column-inner\"><div class=\"wpb_wrapper\"><section class=\"l-section wpb_row height_medium color_alternate with_img parallax_ver with_overlay\" id=\"title\"><div class=\"l-section-img\" style=\"background-image: url(https:\/\/biaform.com.pl\/wp-content\/uploads\/2020\/03\/title-bg-2.jpg);background-repeat: no-repeat;\" data-img-width=\"1920\" data-img-height=\"800\"><\/div><div class=\"l-section-overlay\" style=\"background: rgba(0,0,0,0.10)\"><\/div><div class=\"l-section-h i-cf\"><div class=\"g-cols vc_row type_default valign_middle\"><div class=\"vc_col-sm-6 wpb_column vc_column_container\"><div class=\"vc_column-inner\"><div class=\"wpb_wrapper\"><h1 class=\"w-post-elm post_title us_custom_607cd7e8 entry-title color_link_inherit\">Compensato con film<\/h1><\/div><\/div><\/div><div class=\"vc_col-sm-6 wpb_column vc_column_container\"><div class=\"vc_column-inner\"><div class=\"wpb_wrapper\"><ol class=\"g-breadcrumbs us_custom_963f34bc separator_icon align_right has_text_color\" itemscope itemtype=\"http:\/\/schema.org\/BreadcrumbList\"><li class=\"g-breadcrumbs-item\" itemprop=\"itemListElement\" itemscope itemtype=\"http:\/\/schema.org\/ListItem\"><a itemprop=\"item\" href=\"https:\/\/biaform.com.pl\/it\/\"><span itemprop=\"name\">Home<\/span><\/a><meta itemprop=\"position\" content=\"1\"\/><\/li><li class=\"g-breadcrumbs-separator\"><i class=\"material-icons\">chevron_right<\/i><\/li><li class=\"g-breadcrumbs-item\">Pagine<\/li><\/ol><\/div><\/div><\/div><\/div><\/div><\/section>\n<\/div><\/div><\/div><\/div><\/div><\/section><section class=\"l-section wpb_row us_custom_ecd3b896 height_medium oferta\"><div class=\"l-section-h i-cf\"><div class=\"g-cols vc_row type_default valign_top\"><div class=\"vc_col-sm-12 wpb_column vc_column_container animate_afb\" style=\"animation-delay:0.2s\"><div class=\"vc_column-inner\"><div class=\"wpb_wrapper\"><div id=\"ultimate-heading-128769e5f384530ed\" class=\"uvc-heading ult-adjust-bottom-margin ultimate-heading-128769e5f384530ed uvc-1369 \" data-hspacer=\"line_with_icon\" data-hline_width=\"200\" data-hicon_type=\"selector\" data-hborder_style=\"solid\" data-hborder_height=\"3\" data-hborder_color=\"#503201\" data-icon_width=\"32\" data-hfixer=\"20\"  data-halign=\"center\" style=\"text-align:center\"><div class=\"uvc-main-heading ult-responsive\"  data-ultimate-target='.uvc-heading.ultimate-heading-128769e5f384530ed h2'  data-responsive-json-new='{\"font-size\":\"\",\"line-height\":\"\"}' ><h2 style=\"font-weight:normal;margin-bottom:10px;\">Compensato con film<\/h2><\/div><div class=\"uvc-sub-heading ult-responsive\"  data-ultimate-target='.uvc-heading.ultimate-heading-128769e5f384530ed .uvc-sub-heading '  data-responsive-json-new='{\"font-size\":\"\",\"line-height\":\"\"}'  style=\"font-weight:normal;margin-bottom:10px;\">Scopri la nostra offerta<\/div><div class=\"uvc-heading-spacer line_with_icon\" style=\"topheight:32px;\"><div class=\"ult-just-icon-wrapper  \"><div class=\"align-icon\" style=\"text-align:center;\">\n<div class=\"aio-icon none \"  style=\"color:#64bc46;font-size:32px;display:inline-block;\">\n\t<i class=\"Defaults-stack-overflow\"><\/i>\n<\/div><\/div><\/div><\/div><\/div><div class=\"w-separator size_large\"><\/div><\/div><\/div><\/div><div class=\"vc_col-sm-6 vc_col-lg-3 vc_col-md-4 wpb_column vc_column_container animate_afr\" style=\"animation-delay:0.3s\"><div class=\"vc_column-inner\"><div class=\"wpb_wrapper\"><div class=\"w-flipbox animation_cardflip direction_w\"><div class=\"w-flipbox-h easing_ease\" style=\"transition-duration:0.5s;\"><div class=\"w-flipbox-hh\"><div class=\"w-flipbox-front \" style=\"background-image:url(https:\/\/biaform.com.pl\/wp-content\/uploads\/2020\/04\/sklejka-wodoodporna-pokryta-filmem-melaminowym.jpg);\"><div class=\"w-flipbox-front-h\"><\/div><\/div><div class=\"w-flipbox-back \" style=\"display:none;background:#e8e8e8;\"><div class=\"w-flipbox-back-h\"><a title=\"Compensato exterior rivestito con film melaminico con finitura liscia\" href=\"\/it\/prodotti\/compensato-con-film\/compensato-exterior-rivestito-con-film-melaminico-con-finitura-liscia\/\" class=\"w-btn us-btn-style_1\"><span>Scopri di pi\u00f9<\/span><\/a><\/div><\/div><\/div><\/div><\/div><div class=\"w-separator size_custom\" style=\"height:.5rem\"><\/div><div class=\"wpb_text_column\" ><div class=\"wpb_wrapper\"><h3 style=\"text-align: center;\"><a href=\"\/it\/prodotti\/compensato-con-film\/compensato-exterior-rivestito-con-film-melaminico-con-finitura-liscia\/\">Compensato exterior rivestito con film melaminico con finitura liscia<\/a><\/h3>\n<\/div><\/div><div class=\"w-separator size_small\"><\/div><\/div><\/div><\/div><div class=\"vc_col-sm-6 vc_col-lg-3 vc_col-md-4 wpb_column vc_column_container animate_afr\" style=\"animation-delay:0.6s\"><div class=\"vc_column-inner\"><div class=\"wpb_wrapper\"><div class=\"w-flipbox animation_cardflip direction_w\"><div class=\"w-flipbox-h easing_ease\" style=\"transition-duration:0.5s;\"><div class=\"w-flipbox-hh\"><div class=\"w-flipbox-front \" style=\"background-image:url(https:\/\/biaform.com.pl\/wp-content\/uploads\/2020\/04\/sklejka-suchotwala-pokryta-filmem-melaminowym-z-wykonczeniem-gladkim.jpg);\"><div class=\"w-flipbox-front-h\"><\/div><\/div><div class=\"w-flipbox-back \" style=\"display:none;background:#e8e8e8;\"><div class=\"w-flipbox-back-h\"><a title=\"Compensato interior rivestito con film melaminico con finitura liscia\" href=\"\/it\/prodotti\/compensato-con-film\/compensato-interior-rivestito-con-film-melaminico-con-finitura-liscia\/\" class=\"w-btn us-btn-style_1\"><span>Scopri di pi\u00f9<\/span><\/a><\/div><\/div><\/div><\/div><\/div><div class=\"w-separator size_custom\" style=\"height:.5rem\"><\/div><div class=\"wpb_text_column\" ><div class=\"wpb_wrapper\"><h3 style=\"text-align: center;\"><a href=\"\/it\/prodotti\/compensato-con-film\/compensato-interior-rivestito-con-film-melaminico-con-finitura-liscia\/\">Compensato interior rivestito con film melaminico con finitura liscia<\/a><\/h3>\n<\/div><\/div><div class=\"w-separator size_small\"><\/div><\/div><\/div><\/div><div class=\"vc_col-sm-6 vc_col-lg-3 vc_col-md-offset-0 vc_col-md-4 vc_col-sm-offset-0 wpb_column vc_column_container animate_afr\" style=\"animation-delay:0.9s\"><div class=\"vc_column-inner\"><div class=\"wpb_wrapper\"><div class=\"w-flipbox animation_cardflip direction_w\"><div class=\"w-flipbox-h easing_ease\" style=\"transition-duration:0.5s;\"><div class=\"w-flipbox-hh\"><div class=\"w-flipbox-front \" style=\"background-image:url(https:\/\/biaform.com.pl\/wp-content\/uploads\/2020\/04\/sklejka-wodoodporna-pokryta-filmem-fenolowym-z-wykonczeniem-gladkim.jpg);\"><div class=\"w-flipbox-front-h\"><\/div><\/div><div class=\"w-flipbox-back \" style=\"display:none;background:#e8e8e8;\"><div class=\"w-flipbox-back-h\"><a title=\"Compensato exterior rivestito con film fenolico con finitura liscia\" href=\"\/it\/prodotti\/compensato-con-film\/compensato-exterior-rivestito-con-film-fenolico-con-finitura-liscia\/\" class=\"w-btn us-btn-style_1\"><span>Scopri di pi\u00f9<\/span><\/a><\/div><\/div><\/div><\/div><\/div><div class=\"w-separator size_custom\" style=\"height:.5rem\"><\/div><div class=\"wpb_text_column\" ><div class=\"wpb_wrapper\"><h3 style=\"text-align: center;\"><a href=\"\/it\/prodotti\/compensato-con-film\/compensato-exterior-rivestito-con-film-fenolico-con-finitura-liscia\/\">Compensato exterior rivestito con film fenolico con finitura liscia<\/a><\/h3>\n<\/div><\/div><div class=\"w-separator size_small\"><\/div><\/div><\/div><\/div><div class=\"vc_col-sm-6 vc_col-lg-offset-0 vc_col-lg-3 vc_col-md-offset-0 vc_col-md-4 wpb_column vc_column_container animate_afr\" style=\"animation-delay:1.2s\"><div class=\"vc_column-inner\"><div class=\"wpb_wrapper\"><div class=\"w-flipbox animation_cardflip direction_w\"><div class=\"w-flipbox-h easing_ease\" style=\"transition-duration:0.5s;\"><div class=\"w-flipbox-hh\"><div class=\"w-flipbox-front \" style=\"background-image:url(https:\/\/biaform.com.pl\/wp-content\/uploads\/2020\/04\/sklejka-wodoodporna-pokryta-filmem-fenolowym-z-wykonczeniem-antypozlizgowym.jpg);\"><div class=\"w-flipbox-front-h\"><\/div><\/div><div class=\"w-flipbox-back \" style=\"display:none;background:#e8e8e8;\"><div class=\"w-flipbox-back-h\"><a title=\"Compensato exterior rivestito con film fenolico con finitura antiscivolo\" href=\"\/it\/prodotti\/compensato-con-film\/compensato-exterior-rivestito-con-film-fenolico-con-finitura-antiscivolo\/\" class=\"w-btn us-btn-style_1\"><span>Scopri di pi\u00f9<\/span><\/a><\/div><\/div><\/div><\/div><\/div><div class=\"w-separator size_custom\" style=\"height:.5rem\"><\/div><div class=\"wpb_text_column\" ><div class=\"wpb_wrapper\"><h3 style=\"text-align: center;\"><a href=\"\/it\/prodotti\/compensato-con-film\/compensato-exterior-rivestito-con-film-fenolico-con-finitura-antiscivolo\/\">Compensato exterior rivestito con film fenolico con finitura antiscivolo<\/a><\/h3>\n<\/div><\/div><div class=\"w-separator size_small\"><\/div><\/div><\/div><\/div><div class=\"vc_col-sm-6 vc_col-lg-offset-3 vc_col-lg-3 vc_col-md-4 wpb_column vc_column_container animate_afr\" style=\"animation-delay:0.3s\"><div class=\"vc_column-inner\"><div class=\"wpb_wrapper\"><div class=\"w-flipbox animation_cardflip direction_w\"><div class=\"w-flipbox-h easing_ease\" style=\"transition-duration:0.5s;\"><div class=\"w-flipbox-hh\"><div class=\"w-flipbox-front \" style=\"background-image:url(https:\/\/biaform.com.pl\/wp-content\/uploads\/2020\/04\/sklejka-wodoodporna-pokryta-folia-fenolowa-melaminowa-z-wykonczeniem-antypozlizgowym.jpg);\"><div class=\"w-flipbox-front-h\"><\/div><\/div><div class=\"w-flipbox-back \" style=\"display:none;background:#e8e8e8;\"><div class=\"w-flipbox-back-h\"><a title=\"Compensato exterior rivestito con film fenolico con finitura antiscivolo Hexa\" href=\"\/it\/prodotti\/compensato-con-film\/compensato-exterior-rivestito-con-film-fenolico-con-finitura-antiscivolo-hexa\/\" class=\"w-btn us-btn-style_1\"><span>Scopri di pi\u00f9<\/span><\/a><\/div><\/div><\/div><\/div><\/div><div class=\"w-separator size_custom\" style=\"height:.5rem\"><\/div><div class=\"wpb_text_column\" ><div class=\"wpb_wrapper\"><h3 style=\"text-align: center;\"><a href=\"\/it\/prodotti\/compensato-con-film\/compensato-exterior-rivestito-con-film-fenolico-con-finitura-antiscivolo-hexa\/\">Compensato exterior rivestito con film fenolico con finitura antiscivolo Hexa<\/a><\/h3>\n<\/div><\/div><div class=\"w-separator size_small\"><\/div><\/div><\/div><\/div><div class=\"vc_col-sm-6 vc_col-lg-3 vc_col-md-4 wpb_column vc_column_container animate_afr\" style=\"animation-delay:0.6s\"><div class=\"vc_column-inner\"><div class=\"wpb_wrapper\"><div class=\"w-flipbox animation_cardflip direction_w\"><div class=\"w-flipbox-h easing_ease\" style=\"transition-duration:0.5s;\"><div class=\"w-flipbox-hh\"><div class=\"w-flipbox-front \" style=\"background-image:url(https:\/\/biaform.com.pl\/wp-content\/uploads\/2020\/04\/sklejka-wodoodporna-pokryta-filmem-z-wykonczeniem-antyposlizgowym-granit.jpg);\"><div class=\"w-flipbox-front-h\"><\/div><\/div><div class=\"w-flipbox-back \" style=\"display:none;background:#e8e8e8;\"><div class=\"w-flipbox-back-h\"><a title=\"Compensato exterior rivestito con film fenolico con finitura antiscivolo Granit\" href=\"\/it\/prodotti\/compensato-con-film\/compensato-exterior-rivestito-con-film-fenolico-con-finitura-antiscivolo-granit\/\" class=\"w-btn us-btn-style_1\"><span>Scopri di pi\u00f9<\/span><\/a><\/div><\/div><\/div><\/div><\/div><div class=\"w-separator size_custom\" style=\"height:.5rem\"><\/div><div class=\"wpb_text_column\" ><div class=\"wpb_wrapper\"><h3 style=\"text-align: center;\"><a href=\"\/it\/prodotti\/compensato-con-film\/compensato-exterior-rivestito-con-film-fenolico-con-finitura-antiscivolo-granit\/\">Compensato exterior rivestito con film fenolico con finitura antiscivolo Granit<\/a><\/h3>\n<\/div><\/div><div class=\"w-separator size_small\"><\/div><\/div><\/div><\/div><\/div><\/div><\/section><section class=\"l-section wpb_row height_auto width_full\"><div class=\"l-section-h i-cf\"><div class=\"g-cols vc_row type_default valign_top\"><div class=\"vc_col-sm-12 wpb_column vc_column_container\"><div class=\"vc_column-inner\"><div class=\"wpb_wrapper\"><section class=\"l-section wpb_row height_huge with_img parallax_ver with_overlay\" id=\"cta-cont\"><div class=\"l-section-img\" style=\"background-image: url(https:\/\/biaform.com.pl\/wp-content\/uploads\/2020\/03\/biaform-kontakt.jpg);background-position: bottom center;background-repeat: no-repeat;\" data-img-width=\"1600\" data-img-height=\"1067\"><\/div><div class=\"l-section-overlay\" style=\"background: rgba(0,0,0,0.4)\"><\/div><div class=\"l-section-h i-cf\"><div class=\"g-cols vc_row type_default valign_top\"><div class=\"vc_col-sm-6 vc_col-lg-offset-8 vc_col-lg-4 vc_col-md-offset-7 vc_col-md-5 vc_col-sm-offset-6 wpb_column vc_column_container animate_fade\" style=\"animation-delay:0.2s\"><div class=\"vc_column-inner\"><div class=\"wpb_wrapper\"><div class=\"w-actionbox us_custom_2aff76bb color_primary controls_bottom\"><div class=\"w-actionbox-text\"><h3>Hai le domande?<\/h3><p>Chiamaci o scrivici. Risponderemo con piacere.<\/p>\n<\/div><div class=\"w-actionbox-controls\"><a class=\"w-btn us-btn-style_3 icon_atright\" title=\"Contatti\" href=\"\/it\/contatti\/\"><span class=\"w-btn-label\">Contattaci<\/span><i class=\"fas fa-angle-double-right\"><\/i><\/a><\/div><\/div><\/div><\/div><\/div><\/div><\/div><\/section>\n<\/div><\/div><\/div><\/div><\/div><\/section>\n","protected":false},"excerpt":{"rendered":"Compensato con filmHomechevron_rightPagine Compensato con filmScopri la nostra offerta Scopri di pi\u00f9Compensato exterior rivestito con film melaminico con finitura liscia Scopri di pi\u00f9Compensato interior rivestito con film melaminico con finitura liscia Scopri di pi\u00f9Compensato exterior rivestito con film fenolico con finitura liscia Scopri di pi\u00f9Compensato exterior rivestito con film fenolico con finitura antiscivolo Scopri di...","protected":false},"author":1,"featured_media":0,"parent":2909,"menu_order":2,"comment_status":"closed","ping_status":"closed","template":"","meta":{"_acf_changed":false,"footnotes":""},"class_list":["post-2922","page","type-page","status-publish","hentry"],"acf":[],"yoast_head":"<!-- This site is optimized with the Yoast SEO plugin v27.3 - https:\/\/yoast.com\/product\/yoast-seo-wordpress\/ -->\n<title>Compensato con film - Biaform SA Bia\u0142ystok<\/title>\n<meta name=\"robots\" content=\"index, follow, max-snippet:-1, max-image-preview:large, max-video-preview:-1\" \/>\n<link rel=\"canonical\" href=\"https:\/\/biaform.com.pl\/it\/prodotti\/compensato-con-film\/\" \/>\n<meta property=\"og:locale\" content=\"it_IT\" \/>\n<meta property=\"og:type\" content=\"article\" \/>\n<meta property=\"og:title\" content=\"Compensato con film - Biaform SA Bia\u0142ystok\" \/>\n<meta property=\"og:url\" content=\"https:\/\/biaform.com.pl\/it\/prodotti\/compensato-con-film\/\" \/>\n<meta property=\"og:site_name\" content=\"Biaform SA Bia\u0142ystok\" \/>\n<meta property=\"article:modified_time\" content=\"2020-06-22T19:30:38+00:00\" \/>\n<meta name=\"twitter:card\" content=\"summary_large_image\" \/>\n<meta name=\"twitter:label1\" content=\"Tempo di lettura stimato\" \/>\n\t<meta name=\"twitter:data1\" content=\"3 minuti\" \/>\n<script type=\"application\/ld+json\" class=\"yoast-schema-graph\">{\"@context\":\"https:\\\/\\\/schema.org\",\"@graph\":[{\"@type\":\"WebPage\",\"@id\":\"https:\\\/\\\/biaform.com.pl\\\/it\\\/prodotti\\\/compensato-con-film\\\/\",\"url\":\"https:\\\/\\\/biaform.com.pl\\\/it\\\/prodotti\\\/compensato-con-film\\\/\",\"name\":\"Compensato con film - Biaform SA Bia\u0142ystok\",\"isPartOf\":{\"@id\":\"https:\\\/\\\/biaform.com.pl\\\/it\\\/#website\"},\"datePublished\":\"2020-06-22T18:30:00+00:00\",\"dateModified\":\"2020-06-22T19:30:38+00:00\",\"breadcrumb\":{\"@id\":\"https:\\\/\\\/biaform.com.pl\\\/it\\\/prodotti\\\/compensato-con-film\\\/#breadcrumb\"},\"inLanguage\":\"it-IT\",\"potentialAction\":[{\"@type\":\"ReadAction\",\"target\":[\"https:\\\/\\\/biaform.com.pl\\\/it\\\/prodotti\\\/compensato-con-film\\\/\"]}]},{\"@type\":\"BreadcrumbList\",\"@id\":\"https:\\\/\\\/biaform.com.pl\\\/it\\\/prodotti\\\/compensato-con-film\\\/#breadcrumb\",\"itemListElement\":[{\"@type\":\"ListItem\",\"position\":1,\"name\":\"Strona g\u0142\u00f3wna\",\"item\":\"https:\\\/\\\/biaform.com.pl\\\/it\\\/\"},{\"@type\":\"ListItem\",\"position\":2,\"name\":\"Prodotti\",\"item\":\"https:\\\/\\\/biaform.com.pl\\\/it\\\/prodotti\\\/\"},{\"@type\":\"ListItem\",\"position\":3,\"name\":\"Compensato con film\"}]},{\"@type\":\"WebSite\",\"@id\":\"https:\\\/\\\/biaform.com.pl\\\/it\\\/#website\",\"url\":\"https:\\\/\\\/biaform.com.pl\\\/it\\\/\",\"name\":\"Biaform SA Bia\u0142ystok\",\"description\":\"\",\"potentialAction\":[{\"@type\":\"SearchAction\",\"target\":{\"@type\":\"EntryPoint\",\"urlTemplate\":\"https:\\\/\\\/biaform.com.pl\\\/it\\\/?s={search_term_string}\"},\"query-input\":{\"@type\":\"PropertyValueSpecification\",\"valueRequired\":true,\"valueName\":\"search_term_string\"}}],\"inLanguage\":\"it-IT\"}]}<\/script>\n<!-- \/ Yoast SEO plugin. -->","yoast_head_json":{"title":"Compensato con film - Biaform SA Bia\u0142ystok","robots":{"index":"index","follow":"follow","max-snippet":"max-snippet:-1","max-image-preview":"max-image-preview:large","max-video-preview":"max-video-preview:-1"},"canonical":"https:\/\/biaform.com.pl\/it\/prodotti\/compensato-con-film\/","og_locale":"it_IT","og_type":"article","og_title":"Compensato con film - Biaform SA Bia\u0142ystok","og_url":"https:\/\/biaform.com.pl\/it\/prodotti\/compensato-con-film\/","og_site_name":"Biaform SA Bia\u0142ystok","article_modified_time":"2020-06-22T19:30:38+00:00","twitter_card":"summary_large_image","twitter_misc":{"Tempo di lettura stimato":"3 minuti"},"schema":{"@context":"https:\/\/schema.org","@graph":[{"@type":"WebPage","@id":"https:\/\/biaform.com.pl\/it\/prodotti\/compensato-con-film\/","url":"https:\/\/biaform.com.pl\/it\/prodotti\/compensato-con-film\/","name":"Compensato con film - Biaform SA Bia\u0142ystok","isPartOf":{"@id":"https:\/\/biaform.com.pl\/it\/#website"},"datePublished":"2020-06-22T18:30:00+00:00","dateModified":"2020-06-22T19:30:38+00:00","breadcrumb":{"@id":"https:\/\/biaform.com.pl\/it\/prodotti\/compensato-con-film\/#breadcrumb"},"inLanguage":"it-IT","potentialAction":[{"@type":"ReadAction","target":["https:\/\/biaform.com.pl\/it\/prodotti\/compensato-con-film\/"]}]},{"@type":"BreadcrumbList","@id":"https:\/\/biaform.com.pl\/it\/prodotti\/compensato-con-film\/#breadcrumb","itemListElement":[{"@type":"ListItem","position":1,"name":"Strona g\u0142\u00f3wna","item":"https:\/\/biaform.com.pl\/it\/"},{"@type":"ListItem","position":2,"name":"Prodotti","item":"https:\/\/biaform.com.pl\/it\/prodotti\/"},{"@type":"ListItem","position":3,"name":"Compensato con film"}]},{"@type":"WebSite","@id":"https:\/\/biaform.com.pl\/it\/#website","url":"https:\/\/biaform.com.pl\/it\/","name":"Biaform SA Bia\u0142ystok","description":"","potentialAction":[{"@type":"SearchAction","target":{"@type":"EntryPoint","urlTemplate":"https:\/\/biaform.com.pl\/it\/?s={search_term_string}"},"query-input":{"@type":"PropertyValueSpecification","valueRequired":true,"valueName":"search_term_string"}}],"inLanguage":"it-IT"}]}},"_links":{"self":[{"href":"https:\/\/biaform.com.pl\/it\/wp-json\/wp\/v2\/pages\/2922","targetHints":{"allow":["GET"]}}],"collection":[{"href":"https:\/\/biaform.com.pl\/it\/wp-json\/wp\/v2\/pages"}],"about":[{"href":"https:\/\/biaform.com.pl\/it\/wp-json\/wp\/v2\/types\/page"}],"author":[{"embeddable":true,"href":"https:\/\/biaform.com.pl\/it\/wp-json\/wp\/v2\/users\/1"}],"replies":[{"embeddable":true,"href":"https:\/\/biaform.com.pl\/it\/wp-json\/wp\/v2\/comments?post=2922"}],"version-history":[{"count":0,"href":"https:\/\/biaform.com.pl\/it\/wp-json\/wp\/v2\/pages\/2922\/revisions"}],"up":[{"embeddable":true,"href":"https:\/\/biaform.com.pl\/it\/wp-json\/wp\/v2\/pages\/2909"}],"wp:attachment":[{"href":"https:\/\/biaform.com.pl\/it\/wp-json\/wp\/v2\/media?parent=2922"}],"curies":[{"name":"wp","href":"https:\/\/api.w.org\/{rel}","templated":true}]}}