{"id":2950,"date":"2020-06-22T21:11:52","date_gmt":"2020-06-22T19:11:52","guid":{"rendered":"https:\/\/biaform.com.pl\/?page_id=2950"},"modified":"2020-06-23T20:00:25","modified_gmt":"2020-06-23T18:00:25","slug":"compensato-interior-rivestito-con-film-melaminico-con-finitura-liscia","status":"publish","type":"page","link":"https:\/\/biaform.com.pl\/it\/prodotti\/compensato-con-film\/compensato-interior-rivestito-con-film-melaminico-con-finitura-liscia\/","title":{"rendered":"Compensato interior rivestito con film melaminico con finitura liscia"},"content":{"rendered":"<section class=\"l-section wpb_row height_auto width_full\"><div class=\"l-section-h i-cf\"><div class=\"g-cols vc_row type_default valign_top\"><div class=\"vc_col-sm-12 wpb_column vc_column_container\"><div class=\"vc_column-inner\"><div class=\"wpb_wrapper\"><section class=\"l-section wpb_row height_medium color_alternate with_img parallax_ver with_overlay\" id=\"title\"><div class=\"l-section-img\" style=\"background-image: url(https:\/\/biaform.com.pl\/wp-content\/uploads\/2020\/03\/title-bg-2.jpg);background-repeat: no-repeat;\" data-img-width=\"1920\" data-img-height=\"800\"><\/div><div class=\"l-section-overlay\" style=\"background: rgba(0,0,0,0.10)\"><\/div><div class=\"l-section-h i-cf\"><div class=\"g-cols vc_row type_default valign_middle\"><div class=\"vc_col-sm-6 wpb_column vc_column_container\"><div class=\"vc_column-inner\"><div class=\"wpb_wrapper\"><h1 class=\"w-post-elm post_title us_custom_607cd7e8 entry-title color_link_inherit\">Compensato interior rivestito con film melaminico con finitura liscia<\/h1><\/div><\/div><\/div><div class=\"vc_col-sm-6 wpb_column vc_column_container\"><div class=\"vc_column-inner\"><div class=\"wpb_wrapper\"><ol class=\"g-breadcrumbs us_custom_963f34bc separator_icon align_right has_text_color\" itemscope itemtype=\"http:\/\/schema.org\/BreadcrumbList\"><li class=\"g-breadcrumbs-item\" itemprop=\"itemListElement\" itemscope itemtype=\"http:\/\/schema.org\/ListItem\"><a itemprop=\"item\" href=\"https:\/\/biaform.com.pl\/it\/\"><span itemprop=\"name\">Home<\/span><\/a><meta itemprop=\"position\" content=\"1\"\/><\/li><li class=\"g-breadcrumbs-separator\"><i class=\"material-icons\">chevron_right<\/i><\/li><li class=\"g-breadcrumbs-item\">Pagine<\/li><\/ol><\/div><\/div><\/div><\/div><\/div><\/section>\n<\/div><\/div><\/div><\/div><\/div><\/section><section class=\"l-section wpb_row height_medium\"><div class=\"l-section-h i-cf\"><div class=\"g-cols vc_row type_default valign_top gap-2em\"><style>.g-cols.gap-2em{margin:0 calc(-1.5rem - 2em)}.gap-2em > .vc_column_container {padding:2em}<\/style><div class=\"vc_col-sm-12 wpb_column vc_column_container animate_afb\" style=\"animation-delay:0.2s\"><div class=\"vc_column-inner\"><div class=\"wpb_wrapper\"><div id=\"ultimate-heading-961869e6072178339\" class=\"uvc-heading ult-adjust-bottom-margin ultimate-heading-961869e6072178339 uvc-2418 \" data-hspacer=\"line_with_icon\" data-hline_width=\"200\" data-hicon_type=\"selector\" data-hborder_style=\"solid\" data-hborder_height=\"3\" data-hborder_color=\"#503201\" data-icon_width=\"32\" data-hfixer=\"20\"  data-halign=\"center\" style=\"text-align:center\"><div class=\"uvc-main-heading ult-responsive\"  data-ultimate-target='.uvc-heading.ultimate-heading-961869e6072178339 h2'  data-responsive-json-new='{\"font-size\":\"\",\"line-height\":\"\"}' ><h2 style=\"font-weight:normal;margin-bottom:10px;\">Compensato interior rivestito con film melaminico con finitura liscia<\/h2><\/div><div class=\"uvc-sub-heading ult-responsive\"  data-ultimate-target='.uvc-heading.ultimate-heading-961869e6072178339 .uvc-sub-heading '  data-responsive-json-new='{\"font-size\":\"\",\"line-height\":\"\"}'  style=\"font-weight:normal;margin-bottom:10px;\">Descrizione del prodotto<\/div><div class=\"uvc-heading-spacer line_with_icon\" style=\"topheight:32px;\"><div class=\"ult-just-icon-wrapper  \"><div class=\"align-icon\" style=\"text-align:center;\">\n<div class=\"aio-icon none \"  style=\"color:#64bc46;font-size:32px;display:inline-block;\">\n\t<i class=\"Defaults-stack-overflow\"><\/i>\n<\/div><\/div><\/div><\/div><\/div><\/div><\/div><\/div><div class=\"vc_col-sm-12 wpb_column vc_column_container\"><div class=\"vc_column-inner\"><div class=\"wpb_wrapper\"><div class=\"wpb_text_column\" ><div class=\"wpb_wrapper\"><p style=\"text-align: justify;\">Il compensato interior rivestito con film melaminico viene creato stirando sulle sue superfici piane carta speciale impregnata con resina melaminica. La superficie risultante ha un&#8217;elevata resistenza all&#8217;abrasione ed \u00e8 protetta dall&#8217;umidit\u00e0 dell&#8217;aria. Prodotto per l&#8217;uso in condizioni asciutte.<\/p>\n<\/div><\/div><div class=\"g-cols wpb_row  type_default valign_top vc_inner\"><div class=\"vc_col-sm-6 vc_col-sm-offset-3 vc_col-xs-12 wpb_column vc_column_container animate_afb\" style=\"animation-delay:0.5s\"><div class=\"vc_column-inner\"><div class=\"wpb_wrapper\"><div class=\"w-image align_center\"><a href=\"https:\/\/biaform.com.pl\/wp-content\/uploads\/2020\/04\/sklejka-suchotwala-pokryta-filmem-melaminowym-z-wykonczeniem-gladkim.jpg\" ref=\"magnificPopup\" aria-label=\"Link\" class=\"w-image-h\"><img decoding=\"async\" width=\"800\" height=\"562\" src=\"https:\/\/biaform.com.pl\/wp-content\/uploads\/2020\/04\/sklejka-suchotwala-pokryta-filmem-melaminowym-z-wykonczeniem-gladkim.jpg\" class=\"attachment-full size-full\" alt=\"Sklejka suchotrwa\u0142a pokryta filmem melaminowym z wyko\u0144czeniem g\u0142adkim\" srcset=\"https:\/\/biaform.com.pl\/wp-content\/uploads\/2020\/04\/sklejka-suchotwala-pokryta-filmem-melaminowym-z-wykonczeniem-gladkim.jpg 800w, https:\/\/biaform.com.pl\/wp-content\/uploads\/2020\/04\/sklejka-suchotwala-pokryta-filmem-melaminowym-z-wykonczeniem-gladkim-300x211.jpg 300w\" sizes=\"(max-width: 800px) 100vw, 800px\" \/><\/a><\/div><\/div><\/div><\/div><\/div><\/div><\/div><\/div><div class=\"vc_col-sm-12 wpb_column vc_column_container\"><div class=\"vc_column-inner\"><div class=\"wpb_wrapper\"><div id=\"ultimate-heading-504969e607217902c\" class=\"uvc-heading ult-adjust-bottom-margin ultimate-heading-504969e607217902c uvc-522 \" data-hspacer=\"line_with_icon\" data-hline_width=\"200\" data-hicon_type=\"selector\" data-hborder_style=\"solid\" data-hborder_height=\"3\" data-hborder_color=\"#503201\" data-icon_width=\"32\" data-hfixer=\"20\"  data-halign=\"center\" style=\"text-align:center\"><div class=\"uvc-main-heading ult-responsive\"  data-ultimate-target='.uvc-heading.ultimate-heading-504969e607217902c h3'  data-responsive-json-new='{\"font-size\":\"\",\"line-height\":\"\"}' ><h3 style=\"font-weight:normal;margin-bottom:10px;\">Dati di base del prodotto<\/h3><\/div><div class=\"uvc-heading-spacer line_with_icon\" style=\"topheight:32px;\"><div class=\"ult-just-icon-wrapper  \"><div class=\"align-icon\" style=\"text-align:center;\">\n<div class=\"aio-icon none \"  style=\"color:#64bc46;font-size:32px;display:inline-block;\">\n\t<i class=\"Defaults-angle-double-down\"><\/i>\n<\/div><\/div><\/div><\/div><\/div><div class=\"w-separator size_small\"><\/div><div class=\"wpb_text_column\" ><div class=\"wpb_wrapper\"><p style=\"text-align: justify;\">Un materiale composito incollato da strati di legno che si intersecano in cui le fibre degli strati adiacenti scorrono ad angolo retto. Compensato interior con foglio di melammina pressato su uno o entrambi i lati. La superficie del foglio protegge il foglio dall&#8217;umidit\u00e0 dell&#8217;aria e aumenta la resistenza ai danni meccanici e all&#8217;abrasione.<\/p>\n<\/div><\/div><div class=\"w-separator size_small\"><\/div><div class=\"wpb_text_column\" ><div class=\"wpb_wrapper\"><table class=\"produkt\">\n<tbody>\n<tr>\n<td style=\"vertical-align: top;\"><strong>Dove usiamo<\/strong><\/td>\n<td>\n<ul>\n<li>mobili<\/li>\n<li>edilizia<\/li>\n<li>produzione delle fustelle<\/li>\n<\/ul>\n<\/td>\n<\/tr>\n<tr>\n<td style=\"vertical-align: top;\"><strong>Materie prime per compensato<\/strong><\/td>\n<td>\n<ul>\n<li>legno: legno duro (ontano, betulla)<\/li>\n<li>adesivo interior a base di resina fenolo-formaldeide<\/li>\n<li>foglio di melamina\n<ul>\n<li>grammatura 105g\/m2 (colore bianco)<\/li>\n<li>grammatura 120g\/m2 (colore trasparente)<\/li>\n<li>grammatura 190g\/m2 (colore grigio)<\/li>\n<\/ul>\n<\/li>\n<li>altro concordato con il cliente, colori da concordare con il cliente<\/li>\n<\/ul>\n<\/td>\n<\/tr>\n<tr>\n<td style=\"vertical-align: top;\"><strong>Protezione dei bordi stretti<\/strong><\/td>\n<td>\n<ul>\n<li>mancanza<\/li>\n<li>vernice acrilica in colore concordato con il cliente<\/li>\n<\/ul>\n<\/td>\n<\/tr>\n<tr>\n<td style=\"vertical-align: top;\"><strong>Formati standard disponibili<\/strong><\/td>\n<td>\n<ul>\n<li>1550mmx2250\/2500\/2700\/3000\/3300 mm<\/li>\n<li>altri formati da concordare con il cliente<\/li>\n<\/ul>\n<\/td>\n<\/tr>\n<tr>\n<td style=\"vertical-align: top;\"><strong>Lo spessore di compensato<\/strong><\/td>\n<td>\n<ul>\n<li>9mm-30mm<\/li>\n<\/ul>\n<\/td>\n<\/tr>\n<tr>\n<td style=\"vertical-align: top;\"><strong>Tolleranze dimensionali<\/strong><\/td>\n<td>\n<ul>\n<li>secondo PN-EN 315 o altro concordato con il cliente<\/li>\n<\/ul>\n<\/td>\n<\/tr>\n<tr>\n<td style=\"vertical-align: top;\"><strong>Parametri tecnici<\/strong><\/td>\n<td>\n<ul>\n<li>densit\u00e0 600-800 [kg\/m\u00b3]<\/li>\n<li>umidit\u00e0 4-10 [%]<\/li>\n<li>la qualit\u00e0 di incollaggio secondo EN 314-2 Classe 1<\/li>\n<li>emissione di formaldeide: E1 secondo PN-EN 636<\/li>\n<\/ul>\n<\/td>\n<\/tr>\n<tr>\n<td style=\"vertical-align: top;\"><strong>Servizi aggiuntivi<\/strong><\/td>\n<td>\n<ul>\n<li>lavorazione CNC<\/li>\n<li>taglio in formati pi\u00f9 piccoli<\/li>\n<\/ul>\n<\/td>\n<\/tr>\n<\/tbody>\n<\/table>\n<\/div><\/div><\/div><\/div><\/div><div class=\"vc_col-sm-10 vc_col-md-offset-2 vc_col-md-8 vc_col-sm-offset-1 wpb_column vc_column_container\"><div class=\"vc_column-inner\"><div class=\"wpb_wrapper\"><\/div><\/div><\/div><\/div><\/div><\/section><section class=\"l-section wpb_row height_auto width_full\"><div class=\"l-section-h i-cf\"><div class=\"g-cols vc_row type_default valign_top\"><div class=\"vc_col-sm-12 wpb_column vc_column_container\"><div class=\"vc_column-inner\"><div class=\"wpb_wrapper\"><section class=\"l-section wpb_row height_huge with_img parallax_ver with_overlay\" id=\"cta-cont\"><div class=\"l-section-img\" style=\"background-image: url(https:\/\/biaform.com.pl\/wp-content\/uploads\/2020\/03\/biaform-kontakt.jpg);background-position: bottom center;background-repeat: no-repeat;\" data-img-width=\"1600\" data-img-height=\"1067\"><\/div><div class=\"l-section-overlay\" style=\"background: rgba(0,0,0,0.4)\"><\/div><div class=\"l-section-h i-cf\"><div class=\"g-cols vc_row type_default valign_top\"><div class=\"vc_col-sm-6 vc_col-lg-offset-8 vc_col-lg-4 vc_col-md-offset-7 vc_col-md-5 vc_col-sm-offset-6 wpb_column vc_column_container animate_fade\" style=\"animation-delay:0.2s\"><div class=\"vc_column-inner\"><div class=\"wpb_wrapper\"><div class=\"w-actionbox us_custom_2aff76bb color_primary controls_bottom\"><div class=\"w-actionbox-text\"><h3>Hai le domande?<\/h3><p>Chiamaci o scrivici. Risponderemo con piacere.<\/p>\n<\/div><div class=\"w-actionbox-controls\"><a class=\"w-btn us-btn-style_3 icon_atright\" title=\"Contatti\" href=\"\/it\/contatti\/\"><span class=\"w-btn-label\">Contattaci<\/span><i class=\"fas fa-angle-double-right\"><\/i><\/a><\/div><\/div><\/div><\/div><\/div><\/div><\/div><\/section>\n<\/div><\/div><\/div><\/div><\/div><\/section>\n","protected":false},"excerpt":{"rendered":"Compensato interior rivestito con film melaminico con finitura lisciaHomechevron_rightPagine Compensato interior rivestito con film melaminico con finitura lisciaDescrizione del prodotto Il compensato interior rivestito con film melaminico viene creato stirando sulle sue superfici piane carta speciale impregnata con resina melaminica. La superficie risultante ha un&#8217;elevata resistenza all&#8217;abrasione ed \u00e8 protetta dall&#8217;umidit\u00e0 dell&#8217;aria. Prodotto per l&#8217;uso...","protected":false},"author":1,"featured_media":0,"parent":2922,"menu_order":2,"comment_status":"closed","ping_status":"closed","template":"","meta":{"_acf_changed":false,"footnotes":""},"class_list":["post-2950","page","type-page","status-publish","hentry"],"acf":[],"yoast_head":"<!-- This site is optimized with the Yoast SEO plugin v27.3 - https:\/\/yoast.com\/product\/yoast-seo-wordpress\/ -->\n<title>Compensato interior rivestito con film melaminico con finitura liscia - Biaform SA Bia\u0142ystok<\/title>\n<meta name=\"robots\" content=\"index, follow, max-snippet:-1, max-image-preview:large, max-video-preview:-1\" \/>\n<link rel=\"canonical\" href=\"https:\/\/biaform.com.pl\/it\/prodotti\/compensato-con-film\/compensato-interior-rivestito-con-film-melaminico-con-finitura-liscia\/\" \/>\n<meta property=\"og:locale\" content=\"it_IT\" \/>\n<meta property=\"og:type\" content=\"article\" \/>\n<meta property=\"og:title\" content=\"Compensato interior rivestito con film melaminico con finitura liscia - Biaform SA Bia\u0142ystok\" \/>\n<meta property=\"og:url\" content=\"https:\/\/biaform.com.pl\/it\/prodotti\/compensato-con-film\/compensato-interior-rivestito-con-film-melaminico-con-finitura-liscia\/\" \/>\n<meta property=\"og:site_name\" content=\"Biaform SA Bia\u0142ystok\" \/>\n<meta property=\"article:modified_time\" content=\"2020-06-23T18:00:25+00:00\" \/>\n<meta name=\"twitter:card\" content=\"summary_large_image\" \/>\n<meta name=\"twitter:label1\" content=\"Tempo di lettura stimato\" \/>\n\t<meta name=\"twitter:data1\" content=\"3 minuti\" \/>\n<script type=\"application\/ld+json\" class=\"yoast-schema-graph\">{\"@context\":\"https:\\\/\\\/schema.org\",\"@graph\":[{\"@type\":\"WebPage\",\"@id\":\"https:\\\/\\\/biaform.com.pl\\\/it\\\/prodotti\\\/compensato-con-film\\\/compensato-interior-rivestito-con-film-melaminico-con-finitura-liscia\\\/\",\"url\":\"https:\\\/\\\/biaform.com.pl\\\/it\\\/prodotti\\\/compensato-con-film\\\/compensato-interior-rivestito-con-film-melaminico-con-finitura-liscia\\\/\",\"name\":\"Compensato interior rivestito con film melaminico con finitura liscia - Biaform SA Bia\u0142ystok\",\"isPartOf\":{\"@id\":\"https:\\\/\\\/biaform.com.pl\\\/it\\\/#website\"},\"datePublished\":\"2020-06-22T19:11:52+00:00\",\"dateModified\":\"2020-06-23T18:00:25+00:00\",\"breadcrumb\":{\"@id\":\"https:\\\/\\\/biaform.com.pl\\\/it\\\/prodotti\\\/compensato-con-film\\\/compensato-interior-rivestito-con-film-melaminico-con-finitura-liscia\\\/#breadcrumb\"},\"inLanguage\":\"it-IT\",\"potentialAction\":[{\"@type\":\"ReadAction\",\"target\":[\"https:\\\/\\\/biaform.com.pl\\\/it\\\/prodotti\\\/compensato-con-film\\\/compensato-interior-rivestito-con-film-melaminico-con-finitura-liscia\\\/\"]}]},{\"@type\":\"BreadcrumbList\",\"@id\":\"https:\\\/\\\/biaform.com.pl\\\/it\\\/prodotti\\\/compensato-con-film\\\/compensato-interior-rivestito-con-film-melaminico-con-finitura-liscia\\\/#breadcrumb\",\"itemListElement\":[{\"@type\":\"ListItem\",\"position\":1,\"name\":\"Strona g\u0142\u00f3wna\",\"item\":\"https:\\\/\\\/biaform.com.pl\\\/it\\\/\"},{\"@type\":\"ListItem\",\"position\":2,\"name\":\"Prodotti\",\"item\":\"https:\\\/\\\/biaform.com.pl\\\/it\\\/prodotti\\\/\"},{\"@type\":\"ListItem\",\"position\":3,\"name\":\"Compensato con film\",\"item\":\"https:\\\/\\\/biaform.com.pl\\\/it\\\/prodotti\\\/compensato-con-film\\\/\"},{\"@type\":\"ListItem\",\"position\":4,\"name\":\"Compensato interior rivestito con film melaminico con finitura liscia\"}]},{\"@type\":\"WebSite\",\"@id\":\"https:\\\/\\\/biaform.com.pl\\\/it\\\/#website\",\"url\":\"https:\\\/\\\/biaform.com.pl\\\/it\\\/\",\"name\":\"Biaform SA Bia\u0142ystok\",\"description\":\"\",\"potentialAction\":[{\"@type\":\"SearchAction\",\"target\":{\"@type\":\"EntryPoint\",\"urlTemplate\":\"https:\\\/\\\/biaform.com.pl\\\/it\\\/?s={search_term_string}\"},\"query-input\":{\"@type\":\"PropertyValueSpecification\",\"valueRequired\":true,\"valueName\":\"search_term_string\"}}],\"inLanguage\":\"it-IT\"}]}<\/script>\n<!-- \/ Yoast SEO plugin. -->","yoast_head_json":{"title":"Compensato interior rivestito con film melaminico con finitura liscia - Biaform SA Bia\u0142ystok","robots":{"index":"index","follow":"follow","max-snippet":"max-snippet:-1","max-image-preview":"max-image-preview:large","max-video-preview":"max-video-preview:-1"},"canonical":"https:\/\/biaform.com.pl\/it\/prodotti\/compensato-con-film\/compensato-interior-rivestito-con-film-melaminico-con-finitura-liscia\/","og_locale":"it_IT","og_type":"article","og_title":"Compensato interior rivestito con film melaminico con finitura liscia - Biaform SA Bia\u0142ystok","og_url":"https:\/\/biaform.com.pl\/it\/prodotti\/compensato-con-film\/compensato-interior-rivestito-con-film-melaminico-con-finitura-liscia\/","og_site_name":"Biaform SA Bia\u0142ystok","article_modified_time":"2020-06-23T18:00:25+00:00","twitter_card":"summary_large_image","twitter_misc":{"Tempo di lettura stimato":"3 minuti"},"schema":{"@context":"https:\/\/schema.org","@graph":[{"@type":"WebPage","@id":"https:\/\/biaform.com.pl\/it\/prodotti\/compensato-con-film\/compensato-interior-rivestito-con-film-melaminico-con-finitura-liscia\/","url":"https:\/\/biaform.com.pl\/it\/prodotti\/compensato-con-film\/compensato-interior-rivestito-con-film-melaminico-con-finitura-liscia\/","name":"Compensato interior rivestito con film melaminico con finitura liscia - Biaform SA Bia\u0142ystok","isPartOf":{"@id":"https:\/\/biaform.com.pl\/it\/#website"},"datePublished":"2020-06-22T19:11:52+00:00","dateModified":"2020-06-23T18:00:25+00:00","breadcrumb":{"@id":"https:\/\/biaform.com.pl\/it\/prodotti\/compensato-con-film\/compensato-interior-rivestito-con-film-melaminico-con-finitura-liscia\/#breadcrumb"},"inLanguage":"it-IT","potentialAction":[{"@type":"ReadAction","target":["https:\/\/biaform.com.pl\/it\/prodotti\/compensato-con-film\/compensato-interior-rivestito-con-film-melaminico-con-finitura-liscia\/"]}]},{"@type":"BreadcrumbList","@id":"https:\/\/biaform.com.pl\/it\/prodotti\/compensato-con-film\/compensato-interior-rivestito-con-film-melaminico-con-finitura-liscia\/#breadcrumb","itemListElement":[{"@type":"ListItem","position":1,"name":"Strona g\u0142\u00f3wna","item":"https:\/\/biaform.com.pl\/it\/"},{"@type":"ListItem","position":2,"name":"Prodotti","item":"https:\/\/biaform.com.pl\/it\/prodotti\/"},{"@type":"ListItem","position":3,"name":"Compensato con film","item":"https:\/\/biaform.com.pl\/it\/prodotti\/compensato-con-film\/"},{"@type":"ListItem","position":4,"name":"Compensato interior rivestito con film melaminico con finitura liscia"}]},{"@type":"WebSite","@id":"https:\/\/biaform.com.pl\/it\/#website","url":"https:\/\/biaform.com.pl\/it\/","name":"Biaform SA Bia\u0142ystok","description":"","potentialAction":[{"@type":"SearchAction","target":{"@type":"EntryPoint","urlTemplate":"https:\/\/biaform.com.pl\/it\/?s={search_term_string}"},"query-input":{"@type":"PropertyValueSpecification","valueRequired":true,"valueName":"search_term_string"}}],"inLanguage":"it-IT"}]}},"_links":{"self":[{"href":"https:\/\/biaform.com.pl\/it\/wp-json\/wp\/v2\/pages\/2950","targetHints":{"allow":["GET"]}}],"collection":[{"href":"https:\/\/biaform.com.pl\/it\/wp-json\/wp\/v2\/pages"}],"about":[{"href":"https:\/\/biaform.com.pl\/it\/wp-json\/wp\/v2\/types\/page"}],"author":[{"embeddable":true,"href":"https:\/\/biaform.com.pl\/it\/wp-json\/wp\/v2\/users\/1"}],"replies":[{"embeddable":true,"href":"https:\/\/biaform.com.pl\/it\/wp-json\/wp\/v2\/comments?post=2950"}],"version-history":[{"count":0,"href":"https:\/\/biaform.com.pl\/it\/wp-json\/wp\/v2\/pages\/2950\/revisions"}],"up":[{"embeddable":true,"href":"https:\/\/biaform.com.pl\/it\/wp-json\/wp\/v2\/pages\/2922"}],"wp:attachment":[{"href":"https:\/\/biaform.com.pl\/it\/wp-json\/wp\/v2\/media?parent=2950"}],"curies":[{"name":"wp","href":"https:\/\/api.w.org\/{rel}","templated":true}]}}