{"id":3510,"date":"2020-07-06T20:33:36","date_gmt":"2020-07-06T18:33:36","guid":{"rendered":"https:\/\/biaform.com.pl\/?page_id=3510"},"modified":"2020-07-06T20:33:37","modified_gmt":"2020-07-06T18:33:37","slug":"sobre-empresa","status":"publish","type":"page","link":"https:\/\/biaform.com.pl\/pt-pt\/sobre-empresa\/","title":{"rendered":"Sobre empresa"},"content":{"rendered":"<section class=\"l-section wpb_row height_auto width_full\"><div class=\"l-section-h i-cf\"><div class=\"g-cols vc_row type_default valign_top\"><div class=\"vc_col-sm-12 wpb_column vc_column_container\"><div class=\"vc_column-inner\"><div class=\"wpb_wrapper\"><section class=\"l-section wpb_row height_medium color_alternate with_img parallax_ver with_overlay\" id=\"title\"><div class=\"l-section-img\" style=\"background-image: url(https:\/\/biaform.com.pl\/wp-content\/uploads\/2020\/03\/title-bg-2.jpg);background-repeat: no-repeat;\" data-img-width=\"1920\" data-img-height=\"800\"><\/div><div class=\"l-section-overlay\" style=\"background: rgba(0,0,0,0.10)\"><\/div><div class=\"l-section-h i-cf\"><div class=\"g-cols vc_row type_default valign_middle\"><div class=\"vc_col-sm-6 wpb_column vc_column_container\"><div class=\"vc_column-inner\"><div class=\"wpb_wrapper\"><h1 class=\"w-post-elm post_title us_custom_607cd7e8 entry-title color_link_inherit\">Sobre empresa<\/h1><\/div><\/div><\/div><div class=\"vc_col-sm-6 wpb_column vc_column_container\"><div class=\"vc_column-inner\"><div class=\"wpb_wrapper\"><ol class=\"g-breadcrumbs us_custom_963f34bc separator_icon align_right has_text_color\" itemscope itemtype=\"http:\/\/schema.org\/BreadcrumbList\"><li class=\"g-breadcrumbs-item\" itemprop=\"itemListElement\" itemscope itemtype=\"http:\/\/schema.org\/ListItem\"><a itemprop=\"item\" href=\"https:\/\/biaform.com.pl\/pt-pt\/\"><span itemprop=\"name\">In\u00edcio<\/span><\/a><meta itemprop=\"position\" content=\"1\"\/><\/li><li class=\"g-breadcrumbs-separator\"><i class=\"material-icons\">chevron_right<\/i><\/li><li class=\"g-breadcrumbs-item\">P\u00e1ginas<\/li><\/ol><\/div><\/div><\/div><\/div><\/div><\/section>\n<\/div><\/div><\/div><\/div><\/div><\/section><section class=\"l-section wpb_row height_medium\"><div class=\"l-section-h i-cf\"><div class=\"g-cols vc_row type_default valign_top gap-2em\"><style>.g-cols.gap-2em{margin:0 calc(-1.5rem - 2em)}.gap-2em > .vc_column_container {padding:2em}<\/style><div class=\"vc_col-sm-12 wpb_column vc_column_container animate_afb\" style=\"animation-delay:0.2s\"><div class=\"vc_column-inner\"><div class=\"wpb_wrapper\"><div id=\"ultimate-heading-250269e4b9fc55448\" class=\"uvc-heading ult-adjust-bottom-margin ultimate-heading-250269e4b9fc55448 uvc-2243 \" data-hspacer=\"line_with_icon\" data-hline_width=\"200\" data-hicon_type=\"selector\" data-hborder_style=\"solid\" data-hborder_height=\"3\" data-hborder_color=\"#503201\" data-icon_width=\"32\" data-hfixer=\"20\"  data-halign=\"center\" style=\"text-align:center\"><div class=\"uvc-main-heading ult-responsive\"  data-ultimate-target='.uvc-heading.ultimate-heading-250269e4b9fc55448 h2'  data-responsive-json-new='{\"font-size\":\"\",\"line-height\":\"\"}' ><h2 style=\"font-weight:normal;margin-bottom:10px;\">Biaform S.A.<\/h2><\/div><div class=\"uvc-sub-heading ult-responsive\"  data-ultimate-target='.uvc-heading.ultimate-heading-250269e4b9fc55448 .uvc-sub-heading '  data-responsive-json-new='{\"font-size\":\"\",\"line-height\":\"\"}'  style=\"font-weight:normal;margin-bottom:10px;\">Mais informa\u00e7\u00f5es sobre nossa empresa<\/div><div class=\"uvc-heading-spacer line_with_icon\" style=\"topheight:32px;\"><div class=\"ult-just-icon-wrapper  \"><div class=\"align-icon\" style=\"text-align:center;\">\n<div class=\"aio-icon none \"  style=\"color:#64bc46;font-size:32px;display:inline-block;\">\n\t<i class=\"Defaults-stack-overflow\"><\/i>\n<\/div><\/div><\/div><\/div><\/div><\/div><\/div><\/div><div class=\"vc_col-sm-12 wpb_column vc_column_container\"><div class=\"vc_column-inner\"><div class=\"wpb_wrapper\"><div class=\"wpb_text_column title-box\" ><div class=\"wpb_wrapper\"><p style=\"text-align: justify;\">A <strong>BIAFORM SA<\/strong> \u00e9 a empresa que produz e comercializa madeira contraplacada (b\u00e9tula \/ amieiro \/ con\u00edfera). A estrat\u00e9gia da empresa desde a sua cria\u00e7\u00e3o tem sido a produ\u00e7\u00e3o de contraplacado de alta qualidade que estabelece novos padr\u00f5es no setor. Hoje, a BIAFORM \u00e9 conhecida na Polonia e no exterior por manter alta qualidade de produ\u00e7\u00e3o. Os engenheiros da BIAFORM desenvolvem constantemente produtos para atender \u00e0s necessidades de nossos clientes.<\/p>\n<p style=\"text-align: justify;\">A base da alta qualidade do produto \u00e9 uma equipe altamente qualificada e fornecedores de componentes comprovados. Em 1978, a f\u00e1brica foi a primeira no pa\u00eds a iniciar a produ\u00e7\u00e3o de madeira contraplacada revestida com papel de fenol e, em 1996, introduziu a produ\u00e7\u00e3o de madeira contraplacada no maior formato de 3100 x 1550 mm do pa\u00eds (atualmente o maior formato oferecido \u00e9 3300 x 1550 mm). A BIAFORM tamb\u00e9m foi a primeira na Polonia a introduzir o envernizamento de contraplacado e a sua produ\u00e7\u00e3o para corte a laser.<\/p>\n<p>Em 2006, a nova sala de produ\u00e7\u00e3o foi lan\u00e7ada juntamente com a prensa de ciclo curto. Em 2007, a BIAFORM foi a primeira no pa\u00eds a come\u00e7ar a produzir madeira contraplacada revestida com pl\u00e1stico. Os produtos da BIAFORM s\u00e3o utilizados na constru\u00e7\u00e3o, na ind\u00fastria de transportes, em m\u00f3veis de interior e em outros campos.<\/p>\n<\/div><\/div><\/div><\/div><\/div><\/div><\/div><\/section><section class=\"l-section wpb_row us_custom_3fa329f0 height_auto width_full with_shape\" id=\"ofirmie-img\"><div class=\"l-section-shape type_wave pos_top\" style=\"color:var(--color-content-bg);\"><svg xmlns=\"http:\/\/www.w3.org\/2000\/svg\" viewBox=\"0 4 64 4\" preserveAspectRatio=\"none\" width=\"100%\" height=\"100%\">\r\n\t<path fill=\"currentColor\" d=\"M64 6 C32 0 32 12 0 6 L0 8 L64 8 Z\"\/>\r\n<\/svg><\/div><div class=\"l-section-shape type_wave pos_bottom\" style=\"color:var(--color-content-bg);\"><svg xmlns=\"http:\/\/www.w3.org\/2000\/svg\" viewBox=\"0 4 64 4\" preserveAspectRatio=\"none\" width=\"100%\" height=\"100%\">\r\n\t<path fill=\"currentColor\" d=\"M64 6 C32 0 32 12 0 6 L0 8 L64 8 Z\"\/>\r\n<\/svg><\/div><div class=\"l-section-h i-cf\"><div class=\"g-cols vc_row type_default valign_top\"><div class=\"vc_col-sm-12 wpb_column vc_column_container\"><div class=\"vc_column-inner\"><div class=\"wpb_wrapper\"><div class=\"w-grid us_custom_28607978 type_grid layout_1267 cols_3 no_gap\" id=\"us_grid_1\" data-filterable=\"true\"><style id=\"us_grid_1_css\">@media (max-width:479px){#us_grid_1 .w-grid-item{width:100.0000%}}<\/style><style>.layout_1267 .w-grid-item-h{}.layout_1267 .usg_post_image_1{margin-bottom:0.5rem!important}.layout_1267 .usg_post_title_1{font-size:1rem!important}<\/style><div class=\"w-grid-list\" >\t<article class=\"w-grid-item post-3513 attachment type-attachment status-inherit hentry\" data-id=\"3513\">\r\n\t\t<div class=\"w-grid-item-h\">\r\n\t\t\t\t\t\t<div class=\"w-post-elm post_image usg_post_image_1 stretched\"><a href=\"https:\/\/biaform.com.pl\/pt-pt\/sobre-empresa\/biaform-o-firmie-1-2\/\" aria-label=\"biaform-o-firmie-1\"><img decoding=\"async\" width=\"1600\" height=\"1067\" src=\"https:\/\/biaform.com.pl\/wp-content\/uploads\/2020\/04\/biaform-o-firmie-1-2.jpg\" class=\"attachment-full size-full\" alt=\"\" srcset=\"https:\/\/biaform.com.pl\/wp-content\/uploads\/2020\/04\/biaform-o-firmie-1-2.jpg 1600w, https:\/\/biaform.com.pl\/wp-content\/uploads\/2020\/04\/biaform-o-firmie-1-2-300x200.jpg 300w, https:\/\/biaform.com.pl\/wp-content\/uploads\/2020\/04\/biaform-o-firmie-1-2-1024x683.jpg 1024w, https:\/\/biaform.com.pl\/wp-content\/uploads\/2020\/04\/biaform-o-firmie-1-2-1536x1024.jpg 1536w\" sizes=\"(max-width: 1600px) 100vw, 1600px\" \/><\/a><\/div><h2 class=\"w-post-elm post_title usg_post_title_1 entry-title color_link_inherit\"><a href=\"https:\/\/biaform.com.pl\/pt-pt\/sobre-empresa\/biaform-o-firmie-1-2\/\">biaform-o-firmie-1<\/a><\/h2>\t\t<\/div>\r\n\t<\/article>\r\n\t<article class=\"w-grid-item post-3514 attachment type-attachment status-inherit hentry\" data-id=\"3514\">\r\n\t\t<div class=\"w-grid-item-h\">\r\n\t\t\t\t\t\t<div class=\"w-post-elm post_image usg_post_image_1 stretched\"><a href=\"https:\/\/biaform.com.pl\/pt-pt\/sobre-empresa\/biaform-o-firmie-2-2\/\" aria-label=\"biaform-o-firmie-2\"><img decoding=\"async\" width=\"1600\" height=\"1067\" src=\"https:\/\/biaform.com.pl\/wp-content\/uploads\/2020\/04\/biaform-o-firmie-2-2.jpg\" class=\"attachment-full size-full\" alt=\"\" srcset=\"https:\/\/biaform.com.pl\/wp-content\/uploads\/2020\/04\/biaform-o-firmie-2-2.jpg 1600w, https:\/\/biaform.com.pl\/wp-content\/uploads\/2020\/04\/biaform-o-firmie-2-2-300x200.jpg 300w, https:\/\/biaform.com.pl\/wp-content\/uploads\/2020\/04\/biaform-o-firmie-2-2-1024x683.jpg 1024w, https:\/\/biaform.com.pl\/wp-content\/uploads\/2020\/04\/biaform-o-firmie-2-2-1536x1024.jpg 1536w\" sizes=\"(max-width: 1600px) 100vw, 1600px\" \/><\/a><\/div><h2 class=\"w-post-elm post_title usg_post_title_1 entry-title color_link_inherit\"><a href=\"https:\/\/biaform.com.pl\/pt-pt\/sobre-empresa\/biaform-o-firmie-2-2\/\">biaform-o-firmie-2<\/a><\/h2>\t\t<\/div>\r\n\t<\/article>\r\n\t<article class=\"w-grid-item post-3515 attachment type-attachment status-inherit hentry\" data-id=\"3515\">\r\n\t\t<div class=\"w-grid-item-h\">\r\n\t\t\t\t\t\t<div class=\"w-post-elm post_image usg_post_image_1 stretched\"><a href=\"https:\/\/biaform.com.pl\/pt-pt\/sobre-empresa\/biaform-o-firmie-3-2\/\" aria-label=\"biaform-o-firmie-3\"><img decoding=\"async\" width=\"1600\" height=\"1067\" src=\"https:\/\/biaform.com.pl\/wp-content\/uploads\/2020\/04\/biaform-o-firmie-3-2.jpg\" class=\"attachment-full size-full\" alt=\"\" srcset=\"https:\/\/biaform.com.pl\/wp-content\/uploads\/2020\/04\/biaform-o-firmie-3-2.jpg 1600w, https:\/\/biaform.com.pl\/wp-content\/uploads\/2020\/04\/biaform-o-firmie-3-2-300x200.jpg 300w, https:\/\/biaform.com.pl\/wp-content\/uploads\/2020\/04\/biaform-o-firmie-3-2-1024x683.jpg 1024w, https:\/\/biaform.com.pl\/wp-content\/uploads\/2020\/04\/biaform-o-firmie-3-2-1536x1024.jpg 1536w\" sizes=\"(max-width: 1600px) 100vw, 1600px\" \/><\/a><\/div><h2 class=\"w-post-elm post_title usg_post_title_1 entry-title color_link_inherit\"><a href=\"https:\/\/biaform.com.pl\/pt-pt\/sobre-empresa\/biaform-o-firmie-3-2\/\">biaform-o-firmie-3<\/a><\/h2>\t\t<\/div>\r\n\t<\/article>\r\n\t<article class=\"w-grid-item post-3516 attachment type-attachment status-inherit hentry\" data-id=\"3516\">\r\n\t\t<div class=\"w-grid-item-h\">\r\n\t\t\t\t\t\t<div class=\"w-post-elm post_image usg_post_image_1 stretched\"><a href=\"https:\/\/biaform.com.pl\/pt-pt\/sobre-empresa\/biaform-o-firmie-4-2\/\" aria-label=\"biaform-o-firmie-4\"><img decoding=\"async\" width=\"1600\" height=\"1067\" src=\"https:\/\/biaform.com.pl\/wp-content\/uploads\/2020\/04\/biaform-o-firmie-4-2.jpg\" class=\"attachment-full size-full\" alt=\"\" srcset=\"https:\/\/biaform.com.pl\/wp-content\/uploads\/2020\/04\/biaform-o-firmie-4-2.jpg 1600w, https:\/\/biaform.com.pl\/wp-content\/uploads\/2020\/04\/biaform-o-firmie-4-2-300x200.jpg 300w, https:\/\/biaform.com.pl\/wp-content\/uploads\/2020\/04\/biaform-o-firmie-4-2-1024x683.jpg 1024w, https:\/\/biaform.com.pl\/wp-content\/uploads\/2020\/04\/biaform-o-firmie-4-2-1536x1024.jpg 1536w\" sizes=\"(max-width: 1600px) 100vw, 1600px\" \/><\/a><\/div><h2 class=\"w-post-elm post_title usg_post_title_1 entry-title color_link_inherit\"><a href=\"https:\/\/biaform.com.pl\/pt-pt\/sobre-empresa\/biaform-o-firmie-4-2\/\">biaform-o-firmie-4<\/a><\/h2>\t\t<\/div>\r\n\t<\/article>\r\n\t<article class=\"w-grid-item post-3517 attachment type-attachment status-inherit hentry\" data-id=\"3517\">\r\n\t\t<div class=\"w-grid-item-h\">\r\n\t\t\t\t\t\t<div class=\"w-post-elm post_image usg_post_image_1 stretched\"><a href=\"https:\/\/biaform.com.pl\/pt-pt\/sobre-empresa\/biaform-o-firmie-5-2\/\" aria-label=\"biaform-o-firmie-5\"><img decoding=\"async\" width=\"1600\" height=\"1067\" src=\"https:\/\/biaform.com.pl\/wp-content\/uploads\/2020\/04\/biaform-o-firmie-5-2.jpg\" class=\"attachment-full size-full\" alt=\"\" srcset=\"https:\/\/biaform.com.pl\/wp-content\/uploads\/2020\/04\/biaform-o-firmie-5-2.jpg 1600w, https:\/\/biaform.com.pl\/wp-content\/uploads\/2020\/04\/biaform-o-firmie-5-2-300x200.jpg 300w, https:\/\/biaform.com.pl\/wp-content\/uploads\/2020\/04\/biaform-o-firmie-5-2-1024x683.jpg 1024w, https:\/\/biaform.com.pl\/wp-content\/uploads\/2020\/04\/biaform-o-firmie-5-2-1536x1024.jpg 1536w\" sizes=\"(max-width: 1600px) 100vw, 1600px\" \/><\/a><\/div><h2 class=\"w-post-elm post_title usg_post_title_1 entry-title color_link_inherit\"><a href=\"https:\/\/biaform.com.pl\/pt-pt\/sobre-empresa\/biaform-o-firmie-5-2\/\">biaform-o-firmie-5<\/a><\/h2>\t\t<\/div>\r\n\t<\/article>\r\n\t<article class=\"w-grid-item post-3518 attachment type-attachment status-inherit hentry\" data-id=\"3518\">\r\n\t\t<div class=\"w-grid-item-h\">\r\n\t\t\t\t\t\t<div class=\"w-post-elm post_image usg_post_image_1 stretched\"><a href=\"https:\/\/biaform.com.pl\/pt-pt\/sobre-empresa\/biaform-o-firmie-6-2\/\" aria-label=\"biaform-o-firmie-6\"><img decoding=\"async\" width=\"1600\" height=\"1067\" src=\"https:\/\/biaform.com.pl\/wp-content\/uploads\/2020\/04\/biaform-o-firmie-6-2.jpg\" class=\"attachment-full size-full\" alt=\"\" srcset=\"https:\/\/biaform.com.pl\/wp-content\/uploads\/2020\/04\/biaform-o-firmie-6-2.jpg 1600w, https:\/\/biaform.com.pl\/wp-content\/uploads\/2020\/04\/biaform-o-firmie-6-2-300x200.jpg 300w, https:\/\/biaform.com.pl\/wp-content\/uploads\/2020\/04\/biaform-o-firmie-6-2-1024x683.jpg 1024w, https:\/\/biaform.com.pl\/wp-content\/uploads\/2020\/04\/biaform-o-firmie-6-2-1536x1024.jpg 1536w\" sizes=\"(max-width: 1600px) 100vw, 1600px\" \/><\/a><\/div><h2 class=\"w-post-elm post_title usg_post_title_1 entry-title color_link_inherit\"><a href=\"https:\/\/biaform.com.pl\/pt-pt\/sobre-empresa\/biaform-o-firmie-6-2\/\">biaform-o-firmie-6<\/a><\/h2>\t\t<\/div>\r\n\t<\/article>\r\n<\/div><div class=\"w-grid-preloader\"><div class=\"g-preloader type_1\">\r\n\t<div><\/div>\r\n<\/div>\r\n<\/div>\t<div class=\"w-grid-json hidden\" onclick='return {&quot;action&quot;:&quot;us_ajax_grid&quot;,&quot;ajax_url&quot;:&quot;https:\\\/\\\/biaform.com.pl\\\/wp-admin\\\/admin-ajax.php&quot;,&quot;infinite_scroll&quot;:0,&quot;max_num_pages&quot;:1,&quot;pagination&quot;:&quot;none&quot;,&quot;permalink_url&quot;:&quot;https:\\\/\\\/biaform.com.pl\\\/pt-pt\\\/wp-json\\\/wp\\\/v2\\\/pages\\\/3510\\\/&quot;,&quot;template_vars&quot;:{&quot;columns&quot;:&quot;3&quot;,&quot;exclude_items&quot;:&quot;none&quot;,&quot;img_size&quot;:&quot;full&quot;,&quot;ignore_items_size&quot;:false,&quot;items_layout&quot;:&quot;1267&quot;,&quot;items_offset&quot;:&quot;1&quot;,&quot;load_animation&quot;:&quot;none&quot;,&quot;overriding_link&quot;:&quot;none&quot;,&quot;post_id&quot;:3510,&quot;query_args&quot;:{&quot;post_type&quot;:[&quot;attachment&quot;],&quot;post__in&quot;:[&quot;1847&quot;,&quot;1850&quot;,&quot;1853&quot;,&quot;1856&quot;,&quot;1859&quot;,&quot;1862&quot;],&quot;post_status&quot;:&quot;inherit&quot;,&quot;post_mime_type&quot;:&quot;image&quot;,&quot;posts_per_page&quot;:&quot;6&quot;},&quot;orderby_query_args&quot;:{&quot;orderby&quot;:{&quot;post__in&quot;:&quot;ASC&quot;},&quot;order&quot;:&quot;ASC&quot;},&quot;type&quot;:&quot;grid&quot;,&quot;us_grid_ajax_index&quot;:1,&quot;us_grid_filter_params&quot;:null,&quot;us_grid_index&quot;:1,&quot;_us_grid_post_type&quot;:&quot;attachment&quot;,&quot;lang&quot;:&quot;pt-pt&quot;}}'><\/div>\r\n\t<\/div><\/div><\/div><\/div><\/div><\/div><\/section><section class=\"l-section wpb_row height_auto width_full\"><div class=\"l-section-h i-cf\"><div class=\"g-cols vc_row type_default valign_top\"><div class=\"vc_col-sm-12 wpb_column vc_column_container\"><div class=\"vc_column-inner\"><div class=\"wpb_wrapper\"><section class=\"l-section wpb_row height_huge with_img parallax_ver with_overlay\" id=\"cta-cont\"><div class=\"l-section-img\" style=\"background-image: url(https:\/\/biaform.com.pl\/wp-content\/uploads\/2020\/03\/biaform-kontakt.jpg);background-position: bottom center;background-repeat: no-repeat;\" data-img-width=\"1600\" data-img-height=\"1067\"><\/div><div class=\"l-section-overlay\" style=\"background: rgba(0,0,0,0.4)\"><\/div><div class=\"l-section-h i-cf\"><div class=\"g-cols vc_row type_default valign_top\"><div class=\"vc_col-sm-6 vc_col-lg-offset-8 vc_col-lg-4 vc_col-md-offset-7 vc_col-md-5 vc_col-sm-offset-6 wpb_column vc_column_container animate_fade\" style=\"animation-delay:0.2s\"><div class=\"vc_column-inner\"><div class=\"wpb_wrapper\"><div class=\"w-actionbox us_custom_2aff76bb color_primary controls_bottom\"><div class=\"w-actionbox-text\"><h3>Tem perguntas?<\/h3><p>Ligue-nos ou escreva-nos. Teremos o maior prazer em responder \u00e0s suas perguntas.<\/p>\n<\/div><div class=\"w-actionbox-controls\"><a class=\"w-btn us-btn-style_3 icon_atright\" title=\"Contato\" href=\"\/pt-pt\/contato\/\"><span class=\"w-btn-label\">Contato<\/span><i class=\"fas fa-angle-double-right\"><\/i><\/a><\/div><\/div><\/div><\/div><\/div><\/div><\/div><\/section>\n<\/div><\/div><\/div><\/div><\/div><\/section>\n","protected":false},"excerpt":{"rendered":"","protected":false},"author":1,"featured_media":0,"parent":0,"menu_order":2,"comment_status":"closed","ping_status":"closed","template":"","meta":{"_acf_changed":false,"footnotes":""},"class_list":["post-3510","page","type-page","status-publish","hentry"],"acf":[],"yoast_head":"<!-- This site is optimized with the Yoast SEO plugin v27.3 - https:\/\/yoast.com\/product\/yoast-seo-wordpress\/ -->\n<title>Sobre empresa - Biaform SA Bia\u0142ystok<\/title>\n<meta name=\"robots\" content=\"index, follow, max-snippet:-1, max-image-preview:large, max-video-preview:-1\" \/>\n<link rel=\"canonical\" href=\"https:\/\/biaform.com.pl\/pt-pt\/sobre-empresa\/\" \/>\n<meta property=\"og:locale\" content=\"pt_PT\" \/>\n<meta property=\"og:type\" content=\"article\" \/>\n<meta property=\"og:title\" content=\"Sobre empresa - Biaform SA Bia\u0142ystok\" \/>\n<meta property=\"og:url\" content=\"https:\/\/biaform.com.pl\/pt-pt\/sobre-empresa\/\" \/>\n<meta property=\"og:site_name\" content=\"Biaform SA Bia\u0142ystok\" \/>\n<meta property=\"article:modified_time\" content=\"2020-07-06T18:33:37+00:00\" \/>\n<meta name=\"twitter:card\" content=\"summary_large_image\" \/>\n<meta name=\"twitter:label1\" content=\"Tempo estimado de leitura\" \/>\n\t<meta name=\"twitter:data1\" content=\"2 minutos\" \/>\n<script type=\"application\/ld+json\" class=\"yoast-schema-graph\">{\"@context\":\"https:\\\/\\\/schema.org\",\"@graph\":[{\"@type\":\"WebPage\",\"@id\":\"https:\\\/\\\/biaform.com.pl\\\/pt-pt\\\/sobre-empresa\\\/\",\"url\":\"https:\\\/\\\/biaform.com.pl\\\/pt-pt\\\/sobre-empresa\\\/\",\"name\":\"Sobre empresa - Biaform SA Bia\u0142ystok\",\"isPartOf\":{\"@id\":\"https:\\\/\\\/biaform.com.pl\\\/pt-pt\\\/#website\"},\"datePublished\":\"2020-07-06T18:33:36+00:00\",\"dateModified\":\"2020-07-06T18:33:37+00:00\",\"breadcrumb\":{\"@id\":\"https:\\\/\\\/biaform.com.pl\\\/pt-pt\\\/sobre-empresa\\\/#breadcrumb\"},\"inLanguage\":\"pt-PT\",\"potentialAction\":[{\"@type\":\"ReadAction\",\"target\":[\"https:\\\/\\\/biaform.com.pl\\\/pt-pt\\\/sobre-empresa\\\/\"]}]},{\"@type\":\"BreadcrumbList\",\"@id\":\"https:\\\/\\\/biaform.com.pl\\\/pt-pt\\\/sobre-empresa\\\/#breadcrumb\",\"itemListElement\":[{\"@type\":\"ListItem\",\"position\":1,\"name\":\"Strona g\u0142\u00f3wna\",\"item\":\"https:\\\/\\\/biaform.com.pl\\\/pt-pt\\\/\"},{\"@type\":\"ListItem\",\"position\":2,\"name\":\"Sobre empresa\"}]},{\"@type\":\"WebSite\",\"@id\":\"https:\\\/\\\/biaform.com.pl\\\/pt-pt\\\/#website\",\"url\":\"https:\\\/\\\/biaform.com.pl\\\/pt-pt\\\/\",\"name\":\"Biaform SA Bia\u0142ystok\",\"description\":\"\",\"potentialAction\":[{\"@type\":\"SearchAction\",\"target\":{\"@type\":\"EntryPoint\",\"urlTemplate\":\"https:\\\/\\\/biaform.com.pl\\\/pt-pt\\\/?s={search_term_string}\"},\"query-input\":{\"@type\":\"PropertyValueSpecification\",\"valueRequired\":true,\"valueName\":\"search_term_string\"}}],\"inLanguage\":\"pt-PT\"}]}<\/script>\n<!-- \/ Yoast SEO plugin. -->","yoast_head_json":{"title":"Sobre empresa - Biaform SA Bia\u0142ystok","robots":{"index":"index","follow":"follow","max-snippet":"max-snippet:-1","max-image-preview":"max-image-preview:large","max-video-preview":"max-video-preview:-1"},"canonical":"https:\/\/biaform.com.pl\/pt-pt\/sobre-empresa\/","og_locale":"pt_PT","og_type":"article","og_title":"Sobre empresa - Biaform SA Bia\u0142ystok","og_url":"https:\/\/biaform.com.pl\/pt-pt\/sobre-empresa\/","og_site_name":"Biaform SA Bia\u0142ystok","article_modified_time":"2020-07-06T18:33:37+00:00","twitter_card":"summary_large_image","twitter_misc":{"Tempo estimado de leitura":"2 minutos"},"schema":{"@context":"https:\/\/schema.org","@graph":[{"@type":"WebPage","@id":"https:\/\/biaform.com.pl\/pt-pt\/sobre-empresa\/","url":"https:\/\/biaform.com.pl\/pt-pt\/sobre-empresa\/","name":"Sobre empresa - Biaform SA Bia\u0142ystok","isPartOf":{"@id":"https:\/\/biaform.com.pl\/pt-pt\/#website"},"datePublished":"2020-07-06T18:33:36+00:00","dateModified":"2020-07-06T18:33:37+00:00","breadcrumb":{"@id":"https:\/\/biaform.com.pl\/pt-pt\/sobre-empresa\/#breadcrumb"},"inLanguage":"pt-PT","potentialAction":[{"@type":"ReadAction","target":["https:\/\/biaform.com.pl\/pt-pt\/sobre-empresa\/"]}]},{"@type":"BreadcrumbList","@id":"https:\/\/biaform.com.pl\/pt-pt\/sobre-empresa\/#breadcrumb","itemListElement":[{"@type":"ListItem","position":1,"name":"Strona g\u0142\u00f3wna","item":"https:\/\/biaform.com.pl\/pt-pt\/"},{"@type":"ListItem","position":2,"name":"Sobre empresa"}]},{"@type":"WebSite","@id":"https:\/\/biaform.com.pl\/pt-pt\/#website","url":"https:\/\/biaform.com.pl\/pt-pt\/","name":"Biaform SA Bia\u0142ystok","description":"","potentialAction":[{"@type":"SearchAction","target":{"@type":"EntryPoint","urlTemplate":"https:\/\/biaform.com.pl\/pt-pt\/?s={search_term_string}"},"query-input":{"@type":"PropertyValueSpecification","valueRequired":true,"valueName":"search_term_string"}}],"inLanguage":"pt-PT"}]}},"_links":{"self":[{"href":"https:\/\/biaform.com.pl\/pt-pt\/wp-json\/wp\/v2\/pages\/3510","targetHints":{"allow":["GET"]}}],"collection":[{"href":"https:\/\/biaform.com.pl\/pt-pt\/wp-json\/wp\/v2\/pages"}],"about":[{"href":"https:\/\/biaform.com.pl\/pt-pt\/wp-json\/wp\/v2\/types\/page"}],"author":[{"embeddable":true,"href":"https:\/\/biaform.com.pl\/pt-pt\/wp-json\/wp\/v2\/users\/1"}],"replies":[{"embeddable":true,"href":"https:\/\/biaform.com.pl\/pt-pt\/wp-json\/wp\/v2\/comments?post=3510"}],"version-history":[{"count":0,"href":"https:\/\/biaform.com.pl\/pt-pt\/wp-json\/wp\/v2\/pages\/3510\/revisions"}],"wp:attachment":[{"href":"https:\/\/biaform.com.pl\/pt-pt\/wp-json\/wp\/v2\/media?parent=3510"}],"curies":[{"name":"wp","href":"https:\/\/api.w.org\/{rel}","templated":true}]}}