{"id":3543,"date":"2020-07-06T21:28:43","date_gmt":"2020-07-06T19:28:43","guid":{"rendered":"https:\/\/biaform.com.pl\/?page_id=3543"},"modified":"2020-07-06T22:24:25","modified_gmt":"2020-07-06T20:24:25","slug":"classes-de-qualidade","status":"publish","type":"page","link":"https:\/\/biaform.com.pl\/pt-pt\/sobre-empresa\/classes-de-qualidade\/","title":{"rendered":"Classes de qualidade"},"content":{"rendered":"<section class=\"l-section wpb_row height_auto width_full\"><div class=\"l-section-h i-cf\"><div class=\"g-cols vc_row type_default valign_top\"><div class=\"vc_col-sm-12 wpb_column vc_column_container\"><div class=\"vc_column-inner\"><div class=\"wpb_wrapper\"><section class=\"l-section wpb_row height_medium color_alternate with_img parallax_ver with_overlay\" id=\"title\"><div class=\"l-section-img\" style=\"background-image: url(https:\/\/biaform.com.pl\/wp-content\/uploads\/2020\/03\/title-bg-2.jpg);background-repeat: no-repeat;\" data-img-width=\"1920\" data-img-height=\"800\"><\/div><div class=\"l-section-overlay\" style=\"background: rgba(0,0,0,0.10)\"><\/div><div class=\"l-section-h i-cf\"><div class=\"g-cols vc_row type_default valign_middle\"><div class=\"vc_col-sm-6 wpb_column vc_column_container\"><div class=\"vc_column-inner\"><div class=\"wpb_wrapper\"><h1 class=\"w-post-elm post_title us_custom_607cd7e8 entry-title color_link_inherit\">Classes de qualidade<\/h1><\/div><\/div><\/div><div class=\"vc_col-sm-6 wpb_column vc_column_container\"><div class=\"vc_column-inner\"><div class=\"wpb_wrapper\"><ol class=\"g-breadcrumbs us_custom_963f34bc separator_icon align_right has_text_color\" itemscope itemtype=\"http:\/\/schema.org\/BreadcrumbList\"><li class=\"g-breadcrumbs-item\" itemprop=\"itemListElement\" itemscope itemtype=\"http:\/\/schema.org\/ListItem\"><a itemprop=\"item\" href=\"https:\/\/biaform.com.pl\/pt-pt\/\"><span itemprop=\"name\">In\u00edcio<\/span><\/a><meta itemprop=\"position\" content=\"1\"\/><\/li><li class=\"g-breadcrumbs-separator\"><i class=\"material-icons\">chevron_right<\/i><\/li><li class=\"g-breadcrumbs-item\">P\u00e1ginas<\/li><\/ol><\/div><\/div><\/div><\/div><\/div><\/section>\n<\/div><\/div><\/div><\/div><\/div><\/section><section class=\"l-section wpb_row height_medium table2\"><div class=\"l-section-h i-cf\"><div class=\"g-cols vc_row type_default valign_top gap-2em\"><style>.g-cols.gap-2em{margin:0 calc(-1.5rem - 2em)}.gap-2em > .vc_column_container {padding:2em}<\/style><div class=\"vc_col-sm-12 wpb_column vc_column_container animate_afb\" style=\"animation-delay:0.2s\"><div class=\"vc_column-inner\"><div class=\"wpb_wrapper\"><div id=\"ultimate-heading-646069e2d4d2e91b7\" class=\"uvc-heading ult-adjust-bottom-margin ultimate-heading-646069e2d4d2e91b7 uvc-3503 \" data-hspacer=\"line_with_icon\" data-hline_width=\"200\" data-hicon_type=\"selector\" data-hborder_style=\"solid\" data-hborder_height=\"3\" data-hborder_color=\"#503201\" data-icon_width=\"32\" data-hfixer=\"20\"  data-halign=\"center\" style=\"text-align:center\"><div class=\"uvc-main-heading ult-responsive\"  data-ultimate-target='.uvc-heading.ultimate-heading-646069e2d4d2e91b7 h2'  data-responsive-json-new='{\"font-size\":\"\",\"line-height\":\"\"}' ><h2 style=\"font-weight:normal;margin-bottom:10px;\">Classes de qualidade<\/h2><\/div><div class=\"uvc-sub-heading ult-responsive\"  data-ultimate-target='.uvc-heading.ultimate-heading-646069e2d4d2e91b7 .uvc-sub-heading '  data-responsive-json-new='{\"font-size\":\"\",\"line-height\":\"\"}'  style=\"font-weight:normal;margin-bottom:10px;\">Classes de qualidade de madeira contraplacada<\/div><div class=\"uvc-heading-spacer line_with_icon\" style=\"topheight:32px;\"><div class=\"ult-just-icon-wrapper  \"><div class=\"align-icon\" style=\"text-align:center;\">\n<div class=\"aio-icon none \"  style=\"color:#64bc46;font-size:32px;display:inline-block;\">\n\t<i class=\"Defaults-stack-overflow\"><\/i>\n<\/div><\/div><\/div><\/div><\/div><\/div><\/div><\/div><div class=\"vc_col-sm-12 wpb_column vc_column_container\"><div class=\"vc_column-inner\"><div class=\"wpb_wrapper\"><div class=\"w-tabs layout_hor style_timeline switch_click icon_chevron iconpos_right title_atleft\"><div class=\"w-tabs-list hidden items_4\"><div class=\"w-tabs-list-h\"><a class=\"w-tabs-item active defined-active\" aria-controls=\"content-1585514421694-b1c266aa-b7c4\" href=\"javascript:void(0);\"><span class=\"w-tabs-item-title\">I CLASSE<\/span><\/a><a class=\"w-tabs-item\" aria-controls=\"content-1585514421767-64ff7cd2-5f4f\" href=\"javascript:void(0);\"><span class=\"w-tabs-item-title\">II CLASSE<\/span><\/a><a class=\"w-tabs-item\" aria-controls=\"content-1585514421853-bb363750-d8aa\" href=\"javascript:void(0);\"><span class=\"w-tabs-item-title\">III CLASSE<\/span><\/a><a class=\"w-tabs-item\" aria-controls=\"content-1585514681766-cf5845cd-718b\" href=\"javascript:void(0);\"><span class=\"w-tabs-item-title\">IV CLASSE<\/span><\/a><\/div><\/div><div class=\"w-tabs-sections\"><div class=\"w-tabs-sections-h\"><div class=\"w-tabs-section active\" id=\"1585514421694-b1c266aa-b7c4\"><button aria-controls=\"content-1585514421694-b1c266aa-b7c4\" class=\"w-tabs-section-header active\"><div class=\"w-tabs-section-header-h\"><div class=\"w-tabs-section-title\">I CLASSE<\/div><div class=\"w-tabs-section-control\"><\/div><\/div><\/button><div class=\"w-tabs-section-content\" id=\"content-1585514421694-b1c266aa-b7c4\" aria-expanded=\"true\"><div class=\"w-tabs-section-content-h i-cf\"><div class=\"wpb_text_column\" ><div class=\"wpb_wrapper\"><p>Devido \u00e0 apar\u00eancia da superf\u00edcie<\/p>\n<\/div><\/div><div class=\"wpb_text_column\" ><div class=\"wpb_wrapper\"><table>\n<tbody>\n<tr>\n<td style=\"background-color: #ebebeb; border-bottom: 1px solid #ddd;\" colspan=\"2\"><strong>Defeitos aceit\u00e1veis*<\/strong><\/td>\n<\/tr>\n<tr>\n<td style=\"background-color: #ebebeb; width: 33%;\"><strong>Caracter\u00edstica<\/strong><\/td>\n<td style=\"background-color: #ebebeb;\"><strong>Descri\u00e7\u00e3o<\/strong><\/td>\n<\/tr>\n<tr>\n<td>N\u00f3s saud\u00e1veis (pin knots)<\/td>\n<td>3 pe\u00e7as \/ m2 at\u00e9 3 mm<\/td>\n<\/tr>\n<tr>\n<td>N\u00f3s saud\u00e1veis fundidos<\/td>\n<td>at\u00e9 15 mm de di\u00e2metro (a soma dos di\u00e2metros n\u00e3o excede 30 mm \/ m2), pequenas trincas nos n\u00f3s<\/td>\n<\/tr>\n<tr>\n<td>N\u00f3s quebrados e sem fus\u00e3o<\/td>\n<td>at\u00e9 6 mm de di\u00e2metro da unidade, se estiver cheio, e at\u00e9 2 pe\u00e7as \/ m2<\/td>\n<\/tr>\n<tr>\n<td>Rachaduras abertas<\/td>\n<td>menor que 1\/10 do comprimento do painel, largura da unidade de at\u00e9 3 mm, largura do painel de at\u00e9 3 pe\u00e7as \/ m, se bem preenchido<\/td>\n<\/tr>\n<tr>\n<td>Rachaduras fechadas<\/td>\n<td>permitidas<\/td>\n<\/tr>\n<tr>\n<td>Defeitos de constru\u00e7\u00e3o de madeira<\/td>\n<td>muito leves<\/td>\n<\/tr>\n<tr>\n<td>Descolora\u00e7\u00e3o que n\u00e3o danifica a madeira<\/td>\n<td>ligeira varia\u00e7\u00e3o de cor<\/td>\n<\/tr>\n<tr>\n<td>Reparos (patches, cunhas)<\/td>\n<td>3 pe\u00e7as \/ m2 bem cheias<\/td>\n<\/tr>\n<tr>\n<td>Defeitos na borda da placa<\/td>\n<td>at\u00e9 2 mm da borda<\/td>\n<\/tr>\n<\/tbody>\n<\/table>\n<\/div><\/div><div class=\"wpb_text_column\" ><div class=\"wpb_wrapper\"><p>* Defeitos mais comuns, para outros, veja a descri\u00e7\u00e3o detalhada da norma EN 635 -1-2-3<\/p>\n<\/div><\/div><\/div><\/div><\/div><div class=\"w-tabs-section\" id=\"1585514421767-64ff7cd2-5f4f\"><button aria-controls=\"content-1585514421767-64ff7cd2-5f4f\" class=\"w-tabs-section-header\"><div class=\"w-tabs-section-header-h\"><div class=\"w-tabs-section-title\">II CLASSE<\/div><div class=\"w-tabs-section-control\"><\/div><\/div><\/button><div class=\"w-tabs-section-content\" id=\"content-1585514421767-64ff7cd2-5f4f\" aria-expanded=\"false\"><div class=\"w-tabs-section-content-h i-cf\"><div class=\"wpb_text_column\" ><div class=\"wpb_wrapper\"><p>Devido \u00e0 apar\u00eancia da superf\u00edcie<\/p>\n<\/div><\/div><div class=\"wpb_text_column\" ><div class=\"wpb_wrapper\"><table>\n<tbody>\n<tr>\n<td style=\"background-color: #ebebeb; border-bottom: 1px solid #ddd;\" colspan=\"2\"><strong>Defeitos aceit\u00e1veis*<\/strong><\/td>\n<\/tr>\n<tr>\n<td style=\"background-color: #ebebeb; width: 33%;\"><strong>Caracter\u00edstica<\/strong><\/td>\n<td style=\"background-color: #ebebeb;\"><strong>Descri\u00e7\u00e3o<\/strong><\/td>\n<\/tr>\n<tr>\n<td>N\u00f3s saud\u00e1veis (pin knots)<\/td>\n<td>permitidos<\/td>\n<\/tr>\n<tr>\n<td>N\u00f3s saud\u00e1veis fundidos<\/td>\n<td>di\u00e2metro da unidade de at\u00e9 35mm, pequenas rachaduras no n\u00f3<\/td>\n<\/tr>\n<tr>\n<td>N\u00f3s quebrados e n\u00e3o cultivados e orif\u00edcios de n\u00f3s<\/td>\n<td>at\u00e9 5 mm de di\u00e2metro da unidade, se n\u00e3o for reparado, 10 mm se preenchido e at\u00e9 3 pe\u00e7as \/ m2<\/td>\n<\/tr>\n<tr>\n<td>Rachaduras abertas<\/td>\n<td>tamanho menor que 1\/5 do painel, largura da unidade de at\u00e9 5 mm, largura do painel de at\u00e9 3 pe\u00e7as \/ m, se bem preenchido<\/td>\n<\/tr>\n<tr>\n<td>Rachaduras fechadas<\/td>\n<td>permitidas<\/td>\n<\/tr>\n<tr>\n<td>Defeitos de constru\u00e7\u00e3o em madeira<\/td>\n<td>leves<\/td>\n<\/tr>\n<tr>\n<td>Descolora\u00e7\u00e3o que n\u00e3o danifica a madeira<\/td>\n<td>ligeira varia\u00e7\u00e3o de cor<\/td>\n<\/tr>\n<tr>\n<td>Reparos (patches, cunhas)<\/td>\n<td>6 pe\u00e7as \/ m2<\/td>\n<\/tr>\n<tr>\n<td>Defeitos na borda da placa<\/td>\n<td>at\u00e9 5 mm da borda<\/td>\n<\/tr>\n<tr>\n<td>Casca crescida no tronco<\/td>\n<td>at\u00e9 5 mm de largura, se preenchido corretamente<\/td>\n<\/tr>\n<tr>\n<td>Juntas abertas<\/td>\n<td>at\u00e9 3 mm de largura, 1 pe\u00e7a \/ m de largura com juntas cheias, se a largura for maior que 1 mm<\/td>\n<\/tr>\n<tr>\n<td>Cola vis\u00edvel na superf\u00edcie<\/td>\n<td>pequenas manchas espor\u00e1dicas permitidas<\/td>\n<\/tr>\n<tr>\n<td>Pontas, calos e incha\u00e7os<\/td>\n<td>leves<\/td>\n<\/tr>\n<tr>\n<td>Sobreposi\u00e7\u00e3o de madeira<\/td>\n<td>at\u00e9 1 pe\u00e7a \/ m2 e at\u00e9 100 mm de comprimento<\/td>\n<\/tr>\n<tr>\n<td>Aspereza<\/td>\n<td>leves<\/td>\n<\/tr>\n<\/tbody>\n<\/table>\n<\/div><\/div><div class=\"wpb_text_column\" ><div class=\"wpb_wrapper\"><p>* Defeitos mais comuns, para outros, veja a descri\u00e7\u00e3o detalhada da norma EN 635 -1-2-3<\/p>\n<\/div><\/div><\/div><\/div><\/div><div class=\"w-tabs-section\" id=\"1585514421853-bb363750-d8aa\"><button aria-controls=\"content-1585514421853-bb363750-d8aa\" class=\"w-tabs-section-header\"><div class=\"w-tabs-section-header-h\"><div class=\"w-tabs-section-title\">III CLASSE<\/div><div class=\"w-tabs-section-control\"><\/div><\/div><\/button><div class=\"w-tabs-section-content\" id=\"content-1585514421853-bb363750-d8aa\" aria-expanded=\"false\"><div class=\"w-tabs-section-content-h i-cf\"><div class=\"wpb_text_column\" ><div class=\"wpb_wrapper\"><p>Devido \u00e0 apar\u00eancia da superf\u00edcie<\/p>\n<\/div><\/div><div class=\"wpb_text_column\" ><div class=\"wpb_wrapper\"><table>\n<tbody>\n<tr>\n<td style=\"background-color: #ebebeb; border-bottom: 1px solid #ddd;\" colspan=\"2\"><strong>Defeitos aceit\u00e1veis*<\/strong><\/td>\n<\/tr>\n<tr>\n<td style=\"background-color: #ebebeb; width: 33%;\"><strong>Caracter\u00edstica<\/strong><\/td>\n<td style=\"background-color: #ebebeb;\"><strong>Descri\u00e7\u00e3o<\/strong><\/td>\n<\/tr>\n<tr>\n<td>N\u00f3s saud\u00e1veis (pin knots)<\/td>\n<td>permitidos<\/td>\n<\/tr>\n<tr>\n<td>N\u00f3s saud\u00e1veis fundidos<\/td>\n<td>di\u00e2metro da unidade at\u00e9 50mm<\/td>\n<\/tr>\n<tr>\n<td>N\u00f3s quebrados e n\u00e3o cultivados e orif\u00edcios de n\u00f3s<\/td>\n<td>di\u00e2metro unit\u00e1rio de at\u00e9 40 mm<\/td>\n<\/tr>\n<tr>\n<td>Rachaduras abertas<\/td>\n<td>menor que 1\/3 do comprimento do painel, at\u00e9 20 mm de largura unit\u00e1ria, at\u00e9 3 pe\u00e7as \/ m de largura do painel, se n\u00e3o for reparado ou sem limites, se estiver bem cheio<\/td>\n<\/tr>\n<tr>\n<td>Rachaduras fechadas<\/td>\n<td>permitidas<\/td>\n<\/tr>\n<tr>\n<td>Defeitos de constru\u00e7\u00e3o em madeira<\/td>\n<td>permitidos<\/td>\n<\/tr>\n<tr>\n<td>Descolora\u00e7\u00e3o que n\u00e3o danifica a madeira<\/td>\n<td>permitida<\/td>\n<\/tr>\n<tr>\n<td>Reparos (patches, cunhas)<\/td>\n<td>ilimitado<\/td>\n<\/tr>\n<tr>\n<td>Defeitos na borda da placa<\/td>\n<td>at\u00e9 5 mm da borda<\/td>\n<\/tr>\n<tr>\n<td>Casca crescida no tronco<\/td>\n<td>at\u00e9 25 mm de largura<\/td>\n<\/tr>\n<tr>\n<td>Juntas abertas<\/td>\n<td>at\u00e9 5 mm de largura, 2 pe\u00e7as \/ m de largura com juntas n\u00e3o preenchidas<\/td>\n<\/tr>\n<tr>\n<td>Cola vis\u00edvel na superf\u00edcie<\/td>\n<td>aceit\u00e1vel at\u00e9 5% da superf\u00edcie da placa<\/td>\n<\/tr>\n<tr>\n<td>Lixamento excessivo<\/td>\n<td>aceit\u00e1vel at\u00e9 1% da superf\u00edcie da placa<\/td>\n<\/tr>\n<tr>\n<td>Pontas, calos e incha\u00e7os<\/td>\n<td>permitidos<\/td>\n<\/tr>\n<tr>\n<td>Sobreposi\u00e7\u00e3o de madeira<\/td>\n<td>at\u00e9 2 pe\u00e7as \/ m2<\/td>\n<\/tr>\n<tr>\n<td>Aspereza<\/td>\n<td>permitida<\/td>\n<\/tr>\n<\/tbody>\n<\/table>\n<\/div><\/div><div class=\"wpb_text_column\" ><div class=\"wpb_wrapper\"><p>* Defeitos mais comuns, para outros, veja a descri\u00e7\u00e3o detalhada da norma EN 635 -1-2-3<\/p>\n<\/div><\/div><\/div><\/div><\/div><div class=\"w-tabs-section\" id=\"1585514681766-cf5845cd-718b\"><button aria-controls=\"content-1585514681766-cf5845cd-718b\" class=\"w-tabs-section-header\"><div class=\"w-tabs-section-header-h\"><div class=\"w-tabs-section-title\">IV CLASSE<\/div><div class=\"w-tabs-section-control\"><\/div><\/div><\/button><div class=\"w-tabs-section-content\" id=\"content-1585514681766-cf5845cd-718b\" aria-expanded=\"false\"><div class=\"w-tabs-section-content-h i-cf\"><div class=\"wpb_text_column\" ><div class=\"wpb_wrapper\"><p>Devido \u00e0 apar\u00eancia da superf\u00edcie<\/p>\n<\/div><\/div><div class=\"wpb_text_column\" ><div class=\"wpb_wrapper\"><table>\n<tbody>\n<tr>\n<td style=\"background-color: #ebebeb; border-bottom: 1px solid #ddd;\" colspan=\"2\"><strong>Defeitos aceit\u00e1veis*<\/strong><\/td>\n<\/tr>\n<tr>\n<td style=\"background-color: #ebebeb; width: 33%;\"><strong>Caracter\u00edstica<\/strong><\/td>\n<td style=\"background-color: #ebebeb;\"><strong>Descri\u00e7\u00e3o<\/strong><\/td>\n<\/tr>\n<tr>\n<td>N\u00f3s saud\u00e1veis (pin knots)<\/td>\n<td>permitidos<\/td>\n<\/tr>\n<tr>\n<td>N\u00f3s saud\u00e1veis fundidos<\/td>\n<td>permitidos<\/td>\n<\/tr>\n<tr>\n<td>N\u00f3s quebrados e n\u00e3o cultivados e orif\u00edcios de n\u00f3s<\/td>\n<td>permitidos<\/td>\n<\/tr>\n<tr>\n<td>Rachaduras abertas<\/td>\n<td>permitidas<\/td>\n<\/tr>\n<tr>\n<td>Rachaduras fechadas<\/td>\n<td>permitidas<\/td>\n<\/tr>\n<tr>\n<td>Defeitos de constru\u00e7\u00e3o em madeira<\/td>\n<td>permitidos<\/td>\n<\/tr>\n<tr>\n<td>Descolora\u00e7\u00e3o que n\u00e3o danifica a madeira<\/td>\n<td>permitida<\/td>\n<\/tr>\n<tr>\n<td>Reparos (patches, cunhas)<\/td>\n<td>ilimitado<\/td>\n<\/tr>\n<tr>\n<td>Defeitos na borda da placa<\/td>\n<td>permitidos<\/td>\n<\/tr>\n<tr>\n<td>Casca crescida no tronco<\/td>\n<td>permitida<\/td>\n<\/tr>\n<tr>\n<td>Juntas abertas<\/td>\n<td>permitidas<\/td>\n<\/tr>\n<tr>\n<td>Cola vis\u00edvel na superf\u00edcie<\/td>\n<td>permitido<\/td>\n<\/tr>\n<tr>\n<td>Lixamento excessivo<\/td>\n<td>permitido<\/td>\n<\/tr>\n<tr>\n<td>Pontas, calos e incha\u00e7os<\/td>\n<td>permitidos<\/td>\n<\/tr>\n<tr>\n<td>Sobreposi\u00e7\u00e3o de madeira<\/td>\n<td>permitida<\/td>\n<\/tr>\n<tr>\n<td>Aspereza<\/td>\n<td>permitida<\/td>\n<\/tr>\n<\/tbody>\n<\/table>\n<\/div><\/div><div class=\"wpb_text_column\" ><div class=\"wpb_wrapper\"><p>* Defeitos mais comuns, para outros, veja a descri\u00e7\u00e3o detalhada da norma EN 635 -1-2-3<\/p>\n<\/div><\/div><\/div><\/div><\/div><\/div><\/div><\/div><\/div><\/div><\/div><\/div><\/div><\/section><section class=\"l-section wpb_row height_auto width_full\"><div class=\"l-section-h i-cf\"><div class=\"g-cols vc_row type_default valign_top\"><div class=\"vc_col-sm-12 wpb_column vc_column_container\"><div class=\"vc_column-inner\"><div class=\"wpb_wrapper\"><section class=\"l-section wpb_row height_huge with_img parallax_ver with_overlay\" id=\"cta-cont\"><div class=\"l-section-img\" style=\"background-image: url(https:\/\/biaform.com.pl\/wp-content\/uploads\/2020\/03\/biaform-kontakt.jpg);background-position: bottom center;background-repeat: no-repeat;\" data-img-width=\"1600\" data-img-height=\"1067\"><\/div><div class=\"l-section-overlay\" style=\"background: rgba(0,0,0,0.4)\"><\/div><div class=\"l-section-h i-cf\"><div class=\"g-cols vc_row type_default valign_top\"><div class=\"vc_col-sm-6 vc_col-lg-offset-8 vc_col-lg-4 vc_col-md-offset-7 vc_col-md-5 vc_col-sm-offset-6 wpb_column vc_column_container animate_fade\" style=\"animation-delay:0.2s\"><div class=\"vc_column-inner\"><div class=\"wpb_wrapper\"><div class=\"w-actionbox us_custom_2aff76bb color_primary controls_bottom\"><div class=\"w-actionbox-text\"><h3>Tem perguntas?<\/h3><p>Ligue-nos ou escreva-nos. Teremos o maior prazer em responder \u00e0s suas perguntas.<\/p>\n<\/div><div class=\"w-actionbox-controls\"><a class=\"w-btn us-btn-style_3 icon_atright\" title=\"Contato\" href=\"\/pt-pt\/contato\/\"><span class=\"w-btn-label\">Contato<\/span><i class=\"fas fa-angle-double-right\"><\/i><\/a><\/div><\/div><\/div><\/div><\/div><\/div><\/div><\/section>\n<\/div><\/div><\/div><\/div><\/div><\/section>\n","protected":false},"excerpt":{"rendered":"Classes de qualidadeIn\u00edciochevron_rightP\u00e1ginas Classes de qualidadeClasses de qualidade de madeira contraplacada I CLASSEII CLASSEIII CLASSEIV CLASSEI CLASSEDevido \u00e0 apar\u00eancia da superf\u00edcie Defeitos aceit\u00e1veis* Caracter\u00edstica Descri\u00e7\u00e3o N\u00f3s saud\u00e1veis (pin knots) 3 pe\u00e7as \/ m2 at\u00e9 3 mm N\u00f3s saud\u00e1veis fundidos at\u00e9 15 mm de di\u00e2metro (a soma dos di\u00e2metros n\u00e3o excede 30 mm \/ m2), pequenas...","protected":false},"author":1,"featured_media":0,"parent":3510,"menu_order":4,"comment_status":"closed","ping_status":"closed","template":"","meta":{"_acf_changed":false,"footnotes":""},"class_list":["post-3543","page","type-page","status-publish","hentry"],"acf":[],"yoast_head":"<!-- This site is optimized with the Yoast SEO plugin v27.3 - https:\/\/yoast.com\/product\/yoast-seo-wordpress\/ -->\n<title>Classes de qualidade - Biaform SA Bia\u0142ystok<\/title>\n<meta name=\"robots\" content=\"index, follow, max-snippet:-1, max-image-preview:large, max-video-preview:-1\" \/>\n<link rel=\"canonical\" href=\"https:\/\/biaform.com.pl\/pt-pt\/sobre-empresa\/classes-de-qualidade\/\" \/>\n<meta property=\"og:locale\" content=\"pt_PT\" \/>\n<meta property=\"og:type\" content=\"article\" \/>\n<meta property=\"og:title\" content=\"Classes de qualidade - Biaform SA Bia\u0142ystok\" \/>\n<meta property=\"og:url\" content=\"https:\/\/biaform.com.pl\/pt-pt\/sobre-empresa\/classes-de-qualidade\/\" \/>\n<meta property=\"og:site_name\" content=\"Biaform SA Bia\u0142ystok\" \/>\n<meta property=\"article:modified_time\" content=\"2020-07-06T20:24:25+00:00\" \/>\n<meta name=\"twitter:card\" content=\"summary_large_image\" \/>\n<meta name=\"twitter:label1\" content=\"Tempo estimado de leitura\" \/>\n\t<meta name=\"twitter:data1\" content=\"5 minutos\" \/>\n<script type=\"application\/ld+json\" class=\"yoast-schema-graph\">{\"@context\":\"https:\\\/\\\/schema.org\",\"@graph\":[{\"@type\":\"WebPage\",\"@id\":\"https:\\\/\\\/biaform.com.pl\\\/pt-pt\\\/sobre-empresa\\\/classes-de-qualidade\\\/\",\"url\":\"https:\\\/\\\/biaform.com.pl\\\/pt-pt\\\/sobre-empresa\\\/classes-de-qualidade\\\/\",\"name\":\"Classes de qualidade - Biaform SA Bia\u0142ystok\",\"isPartOf\":{\"@id\":\"https:\\\/\\\/biaform.com.pl\\\/pt-pt\\\/#website\"},\"datePublished\":\"2020-07-06T19:28:43+00:00\",\"dateModified\":\"2020-07-06T20:24:25+00:00\",\"breadcrumb\":{\"@id\":\"https:\\\/\\\/biaform.com.pl\\\/pt-pt\\\/sobre-empresa\\\/classes-de-qualidade\\\/#breadcrumb\"},\"inLanguage\":\"pt-PT\",\"potentialAction\":[{\"@type\":\"ReadAction\",\"target\":[\"https:\\\/\\\/biaform.com.pl\\\/pt-pt\\\/sobre-empresa\\\/classes-de-qualidade\\\/\"]}]},{\"@type\":\"BreadcrumbList\",\"@id\":\"https:\\\/\\\/biaform.com.pl\\\/pt-pt\\\/sobre-empresa\\\/classes-de-qualidade\\\/#breadcrumb\",\"itemListElement\":[{\"@type\":\"ListItem\",\"position\":1,\"name\":\"Strona g\u0142\u00f3wna\",\"item\":\"https:\\\/\\\/biaform.com.pl\\\/pt-pt\\\/\"},{\"@type\":\"ListItem\",\"position\":2,\"name\":\"Sobre empresa\",\"item\":\"https:\\\/\\\/biaform.com.pl\\\/pt-pt\\\/sobre-empresa\\\/\"},{\"@type\":\"ListItem\",\"position\":3,\"name\":\"Classes de qualidade\"}]},{\"@type\":\"WebSite\",\"@id\":\"https:\\\/\\\/biaform.com.pl\\\/pt-pt\\\/#website\",\"url\":\"https:\\\/\\\/biaform.com.pl\\\/pt-pt\\\/\",\"name\":\"Biaform SA Bia\u0142ystok\",\"description\":\"\",\"potentialAction\":[{\"@type\":\"SearchAction\",\"target\":{\"@type\":\"EntryPoint\",\"urlTemplate\":\"https:\\\/\\\/biaform.com.pl\\\/pt-pt\\\/?s={search_term_string}\"},\"query-input\":{\"@type\":\"PropertyValueSpecification\",\"valueRequired\":true,\"valueName\":\"search_term_string\"}}],\"inLanguage\":\"pt-PT\"}]}<\/script>\n<!-- \/ Yoast SEO plugin. -->","yoast_head_json":{"title":"Classes de qualidade - Biaform SA Bia\u0142ystok","robots":{"index":"index","follow":"follow","max-snippet":"max-snippet:-1","max-image-preview":"max-image-preview:large","max-video-preview":"max-video-preview:-1"},"canonical":"https:\/\/biaform.com.pl\/pt-pt\/sobre-empresa\/classes-de-qualidade\/","og_locale":"pt_PT","og_type":"article","og_title":"Classes de qualidade - Biaform SA Bia\u0142ystok","og_url":"https:\/\/biaform.com.pl\/pt-pt\/sobre-empresa\/classes-de-qualidade\/","og_site_name":"Biaform SA Bia\u0142ystok","article_modified_time":"2020-07-06T20:24:25+00:00","twitter_card":"summary_large_image","twitter_misc":{"Tempo estimado de leitura":"5 minutos"},"schema":{"@context":"https:\/\/schema.org","@graph":[{"@type":"WebPage","@id":"https:\/\/biaform.com.pl\/pt-pt\/sobre-empresa\/classes-de-qualidade\/","url":"https:\/\/biaform.com.pl\/pt-pt\/sobre-empresa\/classes-de-qualidade\/","name":"Classes de qualidade - Biaform SA Bia\u0142ystok","isPartOf":{"@id":"https:\/\/biaform.com.pl\/pt-pt\/#website"},"datePublished":"2020-07-06T19:28:43+00:00","dateModified":"2020-07-06T20:24:25+00:00","breadcrumb":{"@id":"https:\/\/biaform.com.pl\/pt-pt\/sobre-empresa\/classes-de-qualidade\/#breadcrumb"},"inLanguage":"pt-PT","potentialAction":[{"@type":"ReadAction","target":["https:\/\/biaform.com.pl\/pt-pt\/sobre-empresa\/classes-de-qualidade\/"]}]},{"@type":"BreadcrumbList","@id":"https:\/\/biaform.com.pl\/pt-pt\/sobre-empresa\/classes-de-qualidade\/#breadcrumb","itemListElement":[{"@type":"ListItem","position":1,"name":"Strona g\u0142\u00f3wna","item":"https:\/\/biaform.com.pl\/pt-pt\/"},{"@type":"ListItem","position":2,"name":"Sobre empresa","item":"https:\/\/biaform.com.pl\/pt-pt\/sobre-empresa\/"},{"@type":"ListItem","position":3,"name":"Classes de qualidade"}]},{"@type":"WebSite","@id":"https:\/\/biaform.com.pl\/pt-pt\/#website","url":"https:\/\/biaform.com.pl\/pt-pt\/","name":"Biaform SA Bia\u0142ystok","description":"","potentialAction":[{"@type":"SearchAction","target":{"@type":"EntryPoint","urlTemplate":"https:\/\/biaform.com.pl\/pt-pt\/?s={search_term_string}"},"query-input":{"@type":"PropertyValueSpecification","valueRequired":true,"valueName":"search_term_string"}}],"inLanguage":"pt-PT"}]}},"_links":{"self":[{"href":"https:\/\/biaform.com.pl\/pt-pt\/wp-json\/wp\/v2\/pages\/3543","targetHints":{"allow":["GET"]}}],"collection":[{"href":"https:\/\/biaform.com.pl\/pt-pt\/wp-json\/wp\/v2\/pages"}],"about":[{"href":"https:\/\/biaform.com.pl\/pt-pt\/wp-json\/wp\/v2\/types\/page"}],"author":[{"embeddable":true,"href":"https:\/\/biaform.com.pl\/pt-pt\/wp-json\/wp\/v2\/users\/1"}],"replies":[{"embeddable":true,"href":"https:\/\/biaform.com.pl\/pt-pt\/wp-json\/wp\/v2\/comments?post=3543"}],"version-history":[{"count":0,"href":"https:\/\/biaform.com.pl\/pt-pt\/wp-json\/wp\/v2\/pages\/3543\/revisions"}],"up":[{"embeddable":true,"href":"https:\/\/biaform.com.pl\/pt-pt\/wp-json\/wp\/v2\/pages\/3510"}],"wp:attachment":[{"href":"https:\/\/biaform.com.pl\/pt-pt\/wp-json\/wp\/v2\/media?parent=3543"}],"curies":[{"name":"wp","href":"https:\/\/api.w.org\/{rel}","templated":true}]}}