{"id":3573,"date":"2020-07-07T18:20:06","date_gmt":"2020-07-07T16:20:06","guid":{"rendered":"https:\/\/biaform.com.pl\/?page_id=3573"},"modified":"2020-07-07T18:39:42","modified_gmt":"2020-07-07T16:39:42","slug":"propriedades-fisicas-e-mecanicas-do-compensado","status":"publish","type":"page","link":"https:\/\/biaform.com.pl\/pt-pt\/sobre-empresa\/propriedades-fisicas-e-mecanicas-do-compensado\/","title":{"rendered":"Propriedades f\u00edsicas e mec\u00e2nicas do compensado"},"content":{"rendered":"<section class=\"l-section wpb_row height_auto width_full\"><div class=\"l-section-h i-cf\"><div class=\"g-cols vc_row type_default valign_top\"><div class=\"vc_col-sm-12 wpb_column vc_column_container\"><div class=\"vc_column-inner\"><div class=\"wpb_wrapper\"><section class=\"l-section wpb_row height_medium color_alternate with_img parallax_ver with_overlay\" id=\"title\"><div class=\"l-section-img\" style=\"background-image: url(https:\/\/biaform.com.pl\/wp-content\/uploads\/2020\/03\/title-bg-2.jpg);background-repeat: no-repeat;\" data-img-width=\"1920\" data-img-height=\"800\"><\/div><div class=\"l-section-overlay\" style=\"background: rgba(0,0,0,0.10)\"><\/div><div class=\"l-section-h i-cf\"><div class=\"g-cols vc_row type_default valign_middle\"><div class=\"vc_col-sm-6 wpb_column vc_column_container\"><div class=\"vc_column-inner\"><div class=\"wpb_wrapper\"><h1 class=\"w-post-elm post_title us_custom_607cd7e8 entry-title color_link_inherit\">Propriedades f\u00edsicas e mec\u00e2nicas do compensado<\/h1><\/div><\/div><\/div><div class=\"vc_col-sm-6 wpb_column vc_column_container\"><div class=\"vc_column-inner\"><div class=\"wpb_wrapper\"><ol class=\"g-breadcrumbs us_custom_963f34bc separator_icon align_right has_text_color\" itemscope itemtype=\"http:\/\/schema.org\/BreadcrumbList\"><li class=\"g-breadcrumbs-item\" itemprop=\"itemListElement\" itemscope itemtype=\"http:\/\/schema.org\/ListItem\"><a itemprop=\"item\" href=\"https:\/\/biaform.com.pl\/pt-pt\/\"><span itemprop=\"name\">In\u00edcio<\/span><\/a><meta itemprop=\"position\" content=\"1\"\/><\/li><li class=\"g-breadcrumbs-separator\"><i class=\"material-icons\">chevron_right<\/i><\/li><li class=\"g-breadcrumbs-item\">P\u00e1ginas<\/li><\/ol><\/div><\/div><\/div><\/div><\/div><\/section>\n<\/div><\/div><\/div><\/div><\/div><\/section><section class=\"l-section wpb_row height_medium\"><div class=\"l-section-h i-cf\"><div class=\"g-cols vc_row type_default valign_top gap-2em\"><style>.g-cols.gap-2em{margin:0 calc(-1.5rem - 2em)}.gap-2em > .vc_column_container {padding:2em}<\/style><div class=\"vc_col-sm-12 wpb_column vc_column_container animate_afb\" style=\"animation-delay:0.2s\"><div class=\"vc_column-inner\"><div class=\"wpb_wrapper\"><div id=\"ultimate-heading-349969e4be490577a\" class=\"uvc-heading ult-adjust-bottom-margin ultimate-heading-349969e4be490577a uvc-5139 \" data-hspacer=\"line_with_icon\" data-hline_width=\"200\" data-hicon_type=\"selector\" data-hborder_style=\"solid\" data-hborder_height=\"3\" data-hborder_color=\"#503201\" data-icon_width=\"32\" data-hfixer=\"20\"  data-halign=\"center\" style=\"text-align:center\"><div class=\"uvc-main-heading ult-responsive\"  data-ultimate-target='.uvc-heading.ultimate-heading-349969e4be490577a h2'  data-responsive-json-new='{\"font-size\":\"\",\"line-height\":\"\"}' ><h2 style=\"font-weight:normal;margin-bottom:10px;\">Propriedades f\u00edsicas e mec\u00e2nicas de contraplacado<\/h2><\/div><div class=\"uvc-heading-spacer line_with_icon\" style=\"topheight:32px;\"><div class=\"ult-just-icon-wrapper  \"><div class=\"align-icon\" style=\"text-align:center;\">\n<div class=\"aio-icon none \"  style=\"color:#64bc46;font-size:32px;display:inline-block;\">\n\t<i class=\"Defaults-stack-overflow\"><\/i>\n<\/div><\/div><\/div><\/div><\/div><\/div><\/div><\/div><div class=\"vc_col-sm-12 wpb_column vc_column_container\"><div class=\"vc_column-inner\"><div class=\"wpb_wrapper\"><div class=\"wpb_text_column table-wrapp\" ><div class=\"wpb_wrapper\"><table>\n<tbody>\n<tr>\n<td style=\"background-color: #ebebeb; text-align: center;\"><strong>Caracteristicas<\/strong><\/td>\n<td style=\"background-color: #ebebeb; text-align: center;\" colspan=\"3\"><strong>Valor<\/strong><\/td>\n<td style=\"background-color: #ebebeb; text-align: center;\"><strong>Observa\u00e7\u00f5es<\/strong><\/td>\n<td style=\"background-color: #ebebeb; text-align: center;\"><strong>Teste de acordo com o padr\u00e3o<\/strong><\/td>\n<\/tr>\n<tr>\n<td style=\"text-align: center;\"><strong>Umidade<\/strong><\/td>\n<td style=\"text-align: center;\" colspan=\"3\">3-10%<\/td>\n<td style=\"text-align: center;\"><\/td>\n<td style=\"text-align: center;\">PN-EN 322<\/td>\n<\/tr>\n<tr>\n<td style=\"text-align: center;\"><strong>Densidade<\/strong><\/td>\n<td style=\"text-align: center;\" colspan=\"3\">550-800 kg\/m<sup>3<\/sup><\/td>\n<td style=\"text-align: center;\"><\/td>\n<td style=\"text-align: center;\">PN-EN 323<\/td>\n<\/tr>\n<tr>\n<td style=\"text-align: center;\" rowspan=\"12\"><strong>Constru\u00e7\u00e3o<\/strong><\/td>\n<td style=\"text-align: center;\">Espessura (t) [mm]<\/td>\n<td style=\"text-align: center;\">N\u00famero de camadas<\/td>\n<td style=\"text-align: center;\">Constru\u00e7\u00e3o<\/td>\n<td style=\"text-align: center;\"><\/td>\n<td style=\"text-align: center;\" rowspan=\"12\"><\/td>\n<\/tr>\n<tr>\n<td style=\"text-align: center;\">4<\/td>\n<td style=\"text-align: center;\">3<\/td>\n<td style=\"text-align: center;\">I-I<\/td>\n<td style=\"text-align: center;\" rowspan=\"11\">Espessura padr\u00e3o da folha: 1,5 mm (dependendo da espessura da madeira compensada, folhas de 2,0 mm e 2,5 mm tamb\u00e9m s\u00e3o usadas)<\/td>\n<\/tr>\n<tr>\n<td style=\"text-align: center;\">6<\/td>\n<td style=\"text-align: center;\">5<\/td>\n<td style=\"text-align: center;\">I-I-I<\/td>\n<\/tr>\n<tr>\n<td style=\"text-align: center;\">9<\/td>\n<td style=\"text-align: center;\">7<\/td>\n<td style=\"text-align: center;\">I-I-I-I<\/td>\n<\/tr>\n<tr>\n<td style=\"text-align: center;\">12<\/td>\n<td style=\"text-align: center;\">9<\/td>\n<td style=\"text-align: center;\">I-I-I-I-I<\/td>\n<\/tr>\n<tr>\n<td style=\"text-align: center;\">15<\/td>\n<td style=\"text-align: center;\">11<\/td>\n<td style=\"text-align: center;\">I-I-I-I-I-I<\/td>\n<\/tr>\n<tr>\n<td style=\"text-align: center;\">18<\/td>\n<td style=\"text-align: center;\">13<\/td>\n<td style=\"text-align: center;\">I-I-I-I-I-I-I<\/td>\n<\/tr>\n<tr>\n<td style=\"text-align: center;\">21<\/td>\n<td style=\"text-align: center;\">15<\/td>\n<td style=\"text-align: center;\">I-I-I-I-I-I-I-I<\/td>\n<\/tr>\n<tr>\n<td style=\"text-align: center;\">24<\/td>\n<td style=\"text-align: center;\">17<\/td>\n<td style=\"text-align: center;\">I-I-I-I-I-I-I-I-I<\/td>\n<\/tr>\n<tr>\n<td style=\"text-align: center;\">27<\/td>\n<td style=\"text-align: center;\">19<\/td>\n<td style=\"text-align: center;\">I-I-I-I-I-I-I-I-I-I<\/td>\n<\/tr>\n<tr>\n<td style=\"text-align: center;\">30<\/td>\n<td style=\"text-align: center;\">21<\/td>\n<td style=\"text-align: center;\">I-I-I-I-I-I-I-I-I-I-I<\/td>\n<\/tr>\n<tr>\n<td style=\"text-align: center;\">35<\/td>\n<td style=\"text-align: center;\">25<\/td>\n<td style=\"text-align: center; white-space: nowrap;\">I-I-I-I-I-I-I-I-I-I-I-I<\/td>\n<\/tr>\n<tr>\n<td style=\"text-align: center;\"><strong>Toler\u00e2ncia de comprimento e largura da placa<\/strong><\/td>\n<td style=\"text-align: center;\" colspan=\"3\">\u00b1 3,5 mm<\/td>\n<td style=\"text-align: center;\"><\/td>\n<td style=\"text-align: center;\">PN-EN 315<br \/>\nPN-EN 324-1<\/td>\n<\/tr>\n<tr>\n<td style=\"text-align: center;\"><strong>Resist\u00eancia \u00e0 flex\u00e3o<\/strong><\/td>\n<td style=\"text-align: center;\" colspan=\"3\">Min. 50 N \/ mm\u00b2 ao longo das fibras<br \/>\nmin. 30 N \/ mm\u00b2 a trav\u00e9s de las fibras<\/td>\n<td style=\"text-align: center;\">para madeira contraplacada com espessura \u22659 mm, constru\u00e7\u00e3o padr\u00e3o<\/td>\n<td style=\"text-align: center;\">PN-EN 310<\/td>\n<\/tr>\n<\/tbody>\n<\/table>\n<\/div><\/div><\/div><\/div><\/div><div class=\"vc_col-sm-12 wpb_column vc_column_container\"><div class=\"vc_column-inner\"><div class=\"wpb_wrapper\"><div class=\"wpb_text_column table-wrapp\" ><div class=\"wpb_wrapper\"><table>\n<tbody>\n<tr>\n<td style=\"background-color: #ebebeb; text-align: center;\"><strong>Caracteristicas<\/strong><\/td>\n<td style=\"background-color: #ebebeb; text-align: center;\" colspan=\"5\"><strong>Valor<\/strong><\/td>\n<td style=\"background-color: #ebebeb; text-align: center;\"><strong>Observa\u00e7\u00f5es<\/strong><\/td>\n<td style=\"background-color: #ebebeb; text-align: center;\"><strong>Teste de acordo com o padr\u00e3o<\/strong><\/td>\n<\/tr>\n<tr>\n<td style=\"text-align: center;\" rowspan=\"6\">Toler\u00e2ncia de espessura<\/td>\n<td style=\"text-align: center;\" rowspan=\"2\">Espessura nominal (t) [mm]<\/td>\n<td style=\"text-align: center;\" colspan=\"2\"><strong>Placas n\u00e3o lixadas<\/strong><\/td>\n<td style=\"text-align: center;\" colspan=\"2\"><strong>Placas lixadas<\/strong><\/td>\n<td style=\"text-align: center;\" rowspan=\"6\"><\/td>\n<td style=\"text-align: center;\" rowspan=\"6\">PN-EN 315<br \/>\nPN-EN 324-1<\/td>\n<\/tr>\n<tr>\n<td style=\"text-align: center;\">Desvio de espessura em um tabero [mm]<\/td>\n<td style=\"text-align: center;\">Desvio nominal da espessura [mm]<\/td>\n<td style=\"text-align: center;\">Desvio de espessura em um tabero [mm]<\/td>\n<td style=\"text-align: center;\">Desvio nominal da espessura [mm]<\/td>\n<\/tr>\n<tr>\n<td style=\"text-align: center;\">\u2265<br \/>\n\u2264 12<\/td>\n<td style=\"text-align: center;\">1<\/td>\n<td style=\"text-align: center;\" rowspan=\"4\">+(0,8+0,03t)<br \/>\n-(0,4+0,03t)<\/td>\n<td style=\"text-align: center;\" rowspan=\"2\">0,6<\/td>\n<td style=\"text-align: center;\" rowspan=\"2\">+(0,2+0,03t)<br \/>\n-(0,4+0,03t)<\/td>\n<\/tr>\n<tr>\n<td style=\"text-align: center;\">&gt; 12<br \/>\n\u2264 25<\/td>\n<td style=\"text-align: center;\" rowspan=\"3\">1,5<\/td>\n<\/tr>\n<tr>\n<td style=\"text-align: center;\">&gt; 25<br \/>\n\u2264 30<\/td>\n<td style=\"text-align: center;\" rowspan=\"2\">0,8<\/td>\n<td style=\"text-align: center;\">+(0,0+0,05t)<br \/>\n-(0,4+0,05t)<\/td>\n<\/tr>\n<tr>\n<td style=\"text-align: center;\">&gt; 30<\/td>\n<td style=\"text-align: center;\">+(0,0+0,03t)<br \/>\n-(0,4+0,03t)<\/td>\n<\/tr>\n<\/tbody>\n<\/table>\n<\/div><\/div><\/div><\/div><\/div><\/div><\/div><\/section><section class=\"l-section wpb_row height_huge width_full with_img parallax_ver\"><div class=\"l-section-img\" style=\"background-image: url(https:\/\/biaform.com.pl\/wp-content\/uploads\/2020\/04\/wlasciwosci-sklejek.jpg);background-repeat: no-repeat;\" data-img-width=\"1600\" data-img-height=\"1067\"><\/div><div class=\"l-section-h i-cf\"><div class=\"g-cols vc_row type_default valign_top\"><div class=\"vc_col-sm-12 wpb_column vc_column_container\"><div class=\"vc_column-inner\"><div class=\"wpb_wrapper\"><div class=\"w-separator size_huge\"><\/div><\/div><\/div><\/div><\/div><\/div><\/section><section class=\"l-section wpb_row height_medium\"><div class=\"l-section-h i-cf\"><div class=\"g-cols vc_row type_default valign_top gap-2em\"><style>.g-cols.gap-2em{margin:0 calc(-1.5rem - 2em)}.gap-2em > .vc_column_container {padding:2em}<\/style><div class=\"vc_col-sm-12 wpb_column vc_column_container\"><div class=\"vc_column-inner\"><div class=\"wpb_wrapper\"><div class=\"wpb_text_column table-wrapp\" ><div class=\"wpb_wrapper\"><p style=\"text-align: center;\"><strong>Para placas lixadas<\/strong><\/p>\n<table>\n<tbody>\n<tr>\n<td style=\"text-align: center;\"><strong>Espessura nominal (t) [mm]<\/strong><\/td>\n<td style=\"text-align: center;\">4<\/td>\n<td style=\"text-align: center;\">6<\/td>\n<td style=\"text-align: center;\">9<\/td>\n<td style=\"text-align: center;\">12<\/td>\n<td style=\"text-align: center;\">15<\/td>\n<td style=\"text-align: center;\">18<\/td>\n<td style=\"text-align: center;\">21<\/td>\n<td style=\"text-align: center;\">24<\/td>\n<td style=\"text-align: center;\">27<\/td>\n<td style=\"text-align: center;\">30<\/td>\n<td style=\"text-align: center;\">35<\/td>\n<\/tr>\n<tr>\n<td style=\"text-align: center;\" rowspan=\"2\"><strong>Toler\u00e2ncia [mm]<\/strong><\/td>\n<td style=\"text-align: center;\">0,3<\/td>\n<td style=\"text-align: center;\">0,4<\/td>\n<td style=\"text-align: center;\">0,5<\/td>\n<td style=\"text-align: center;\">0,6<\/td>\n<td style=\"text-align: center;\">0,7<\/td>\n<td style=\"text-align: center;\">0,7<\/td>\n<td style=\"text-align: center;\">0,8<\/td>\n<td style=\"text-align: center;\">0,9<\/td>\n<td style=\"text-align: center;\">1,4<\/td>\n<td style=\"text-align: center;\">1,5<\/td>\n<td style=\"text-align: center;\">1,1<\/td>\n<\/tr>\n<tr>\n<td style=\"text-align: center;\">-0,5<\/td>\n<td style=\"text-align: center;\">-0,6<\/td>\n<td style=\"text-align: center;\">-0,7<\/td>\n<td style=\"text-align: center;\">-0,8<\/td>\n<td style=\"text-align: center;\">-0,9<\/td>\n<td style=\"text-align: center;\">-0,9<\/td>\n<td style=\"text-align: center;\">-1<\/td>\n<td style=\"text-align: center;\">-1,1<\/td>\n<td style=\"text-align: center;\">-1,8<\/td>\n<td style=\"text-align: center;\">-1,9<\/td>\n<td style=\"text-align: center;\">-1,5<\/td>\n<\/tr>\n<\/tbody>\n<\/table>\n<\/div><\/div><\/div><\/div><\/div><div class=\"vc_col-sm-12 wpb_column vc_column_container\"><div class=\"vc_column-inner\"><div class=\"wpb_wrapper\"><div class=\"wpb_text_column table-wrapp\" ><div class=\"wpb_wrapper\"><table>\n<tbody>\n<tr>\n<td style=\"background-color: #ebebeb; text-align: center;\"><strong>Caracteristicas<\/strong><\/td>\n<td style=\"background-color: #ebebeb; text-align: center;\" colspan=\"2\"><strong>Valor<\/strong><\/td>\n<td style=\"background-color: #ebebeb; text-align: center;\"><strong>Observa\u00e7\u00f5es<\/strong><\/td>\n<td style=\"background-color: #ebebeb; text-align: center;\"><strong>Testes de acordo com a norma<\/strong><\/td>\n<\/tr>\n<tr>\n<td style=\"text-align: center;\" rowspan=\"5\"><strong>Qualidade de colagem<\/strong><\/td>\n<td style=\"text-align: center;\">Resist\u00eancia m\u00e9dia ao corte\u00a0fv\u00a0[N\/mm<sup>2<\/sup>]<\/td>\n<td style=\"text-align: center;\">Propor\u00e7\u00e3o m\u00e9dia de corte da madeira\u00a0[%]<\/td>\n<td style=\"text-align: center;\" rowspan=\"5\"><\/td>\n<td style=\"text-align: center;\" rowspan=\"5\">PN-EN 314-2<\/td>\n<\/tr>\n<tr>\n<td style=\"text-align: center;\">0,2 \u2264 fv &lt; 0,4<\/td>\n<td style=\"text-align: center;\">\u226580<\/td>\n<\/tr>\n<tr>\n<td style=\"text-align: center;\">0,4 \u2264 fv &lt; 0,6<\/td>\n<td style=\"text-align: center;\">\u226560<\/td>\n<\/tr>\n<tr>\n<td style=\"text-align: center;\">0,6 \u2264 fv &lt; 1,0<\/td>\n<td style=\"text-align: center;\">\u226540<\/td>\n<\/tr>\n<tr>\n<td style=\"text-align: center;\">1,0 \u2264 fv<\/td>\n<td style=\"text-align: center;\">Sem requisitos<\/td>\n<\/tr>\n<tr>\n<td style=\"text-align: center;\" rowspan=\"2\"><strong>Classe de colagem<\/strong><\/td>\n<td style=\"text-align: center;\" colspan=\"2\">Classe 1<\/td>\n<td style=\"text-align: center;\">para madeira contraplacada interior (\u00e9 usada resina ur\u00e9ia-formalde\u00eddo)<\/td>\n<td style=\"text-align: center;\" rowspan=\"2\">\u00a0PN-EN 314-2<\/td>\n<\/tr>\n<tr>\n<td style=\"text-align: center;\" colspan=\"2\">Classe 3<\/td>\n<td style=\"text-align: center;\">para madeira contraplacada exterior (\u00e9 usada resina fenil-formaldeh\u00eddo)<\/td>\n<\/tr>\n<tr>\n<td style=\"text-align: center;\"><strong>Emiss\u00e3o de formalde\u00eddo<\/strong><\/td>\n<td style=\"text-align: center;\" colspan=\"2\">Emiss\u00e3o \u2264 3,5mg\/m<sup>2<\/sup>h E 1<\/td>\n<td style=\"text-align: center;\"><\/td>\n<td style=\"text-align: center;\">PN-EN 717-2<\/td>\n<\/tr>\n<\/tbody>\n<\/table>\n<\/div><\/div><div class=\"wpb_text_column\" ><div class=\"wpb_wrapper\"><p style=\"text-align: center;\">As propriedades f\u00edsicas e mec\u00e2nicas acima servem apenas para fins ilustrativos.<\/p>\n<\/div><\/div><\/div><\/div><\/div><\/div><\/div><\/section><section class=\"l-section wpb_row height_auto width_full\"><div class=\"l-section-h i-cf\"><div class=\"g-cols vc_row type_default valign_top\"><div class=\"vc_col-sm-12 wpb_column vc_column_container\"><div class=\"vc_column-inner\"><div class=\"wpb_wrapper\"><section class=\"l-section wpb_row height_huge with_img parallax_ver with_overlay\" id=\"cta-cont\"><div class=\"l-section-img\" style=\"background-image: url(https:\/\/biaform.com.pl\/wp-content\/uploads\/2020\/03\/biaform-kontakt.jpg);background-position: bottom center;background-repeat: no-repeat;\" data-img-width=\"1600\" data-img-height=\"1067\"><\/div><div class=\"l-section-overlay\" style=\"background: rgba(0,0,0,0.4)\"><\/div><div class=\"l-section-h i-cf\"><div class=\"g-cols vc_row type_default valign_top\"><div class=\"vc_col-sm-6 vc_col-lg-offset-8 vc_col-lg-4 vc_col-md-offset-7 vc_col-md-5 vc_col-sm-offset-6 wpb_column vc_column_container animate_fade\" style=\"animation-delay:0.2s\"><div class=\"vc_column-inner\"><div class=\"wpb_wrapper\"><div class=\"w-actionbox us_custom_2aff76bb color_primary controls_bottom\"><div class=\"w-actionbox-text\"><h3>Tem perguntas?<\/h3><p>Ligue-nos ou escreva-nos. Teremos o maior prazer em responder \u00e0s suas perguntas.<\/p>\n<\/div><div class=\"w-actionbox-controls\"><a class=\"w-btn us-btn-style_3 icon_atright\" title=\"Contato\" href=\"\/pt-pt\/contato\/\"><span class=\"w-btn-label\">Contato<\/span><i class=\"fas fa-angle-double-right\"><\/i><\/a><\/div><\/div><\/div><\/div><\/div><\/div><\/div><\/section>\n<\/div><\/div><\/div><\/div><\/div><\/section>\n","protected":false},"excerpt":{"rendered":"Propriedades f\u00edsicas e mec\u00e2nicas do compensadoIn\u00edciochevron_rightP\u00e1ginas Propriedades f\u00edsicas e mec\u00e2nicas de contraplacado Caracteristicas Valor Observa\u00e7\u00f5es Teste de acordo com o padr\u00e3o Umidade 3-10% PN-EN 322 Densidade 550-800 kg\/m3 PN-EN 323 Constru\u00e7\u00e3o Espessura (t) [mm] N\u00famero de camadas Constru\u00e7\u00e3o 4 3 I-I Espessura padr\u00e3o da folha: 1,5 mm (dependendo da espessura da madeira compensada, folhas de...","protected":false},"author":1,"featured_media":0,"parent":3510,"menu_order":6,"comment_status":"closed","ping_status":"closed","template":"","meta":{"_acf_changed":false,"footnotes":""},"class_list":["post-3573","page","type-page","status-publish","hentry"],"acf":[],"yoast_head":"<!-- This site is optimized with the Yoast SEO plugin v27.3 - https:\/\/yoast.com\/product\/yoast-seo-wordpress\/ -->\n<title>Propriedades f\u00edsicas e mec\u00e2nicas do compensado - Biaform SA Bia\u0142ystok<\/title>\n<meta name=\"robots\" content=\"index, follow, max-snippet:-1, max-image-preview:large, max-video-preview:-1\" \/>\n<link rel=\"canonical\" href=\"https:\/\/biaform.com.pl\/pt-pt\/sobre-empresa\/propriedades-fisicas-e-mecanicas-do-compensado\/\" \/>\n<meta property=\"og:locale\" content=\"pt_PT\" \/>\n<meta property=\"og:type\" content=\"article\" \/>\n<meta property=\"og:title\" content=\"Propriedades f\u00edsicas e mec\u00e2nicas do compensado - Biaform SA Bia\u0142ystok\" \/>\n<meta property=\"og:url\" content=\"https:\/\/biaform.com.pl\/pt-pt\/sobre-empresa\/propriedades-fisicas-e-mecanicas-do-compensado\/\" \/>\n<meta property=\"og:site_name\" content=\"Biaform SA Bia\u0142ystok\" \/>\n<meta property=\"article:modified_time\" content=\"2020-07-07T16:39:42+00:00\" \/>\n<meta name=\"twitter:card\" content=\"summary_large_image\" \/>\n<meta name=\"twitter:label1\" content=\"Tempo estimado de leitura\" \/>\n\t<meta name=\"twitter:data1\" content=\"2 minutos\" \/>\n<script type=\"application\/ld+json\" class=\"yoast-schema-graph\">{\"@context\":\"https:\\\/\\\/schema.org\",\"@graph\":[{\"@type\":\"WebPage\",\"@id\":\"https:\\\/\\\/biaform.com.pl\\\/pt-pt\\\/sobre-empresa\\\/propriedades-fisicas-e-mecanicas-do-compensado\\\/\",\"url\":\"https:\\\/\\\/biaform.com.pl\\\/pt-pt\\\/sobre-empresa\\\/propriedades-fisicas-e-mecanicas-do-compensado\\\/\",\"name\":\"Propriedades f\u00edsicas e mec\u00e2nicas do compensado - Biaform SA Bia\u0142ystok\",\"isPartOf\":{\"@id\":\"https:\\\/\\\/biaform.com.pl\\\/pt-pt\\\/#website\"},\"datePublished\":\"2020-07-07T16:20:06+00:00\",\"dateModified\":\"2020-07-07T16:39:42+00:00\",\"breadcrumb\":{\"@id\":\"https:\\\/\\\/biaform.com.pl\\\/pt-pt\\\/sobre-empresa\\\/propriedades-fisicas-e-mecanicas-do-compensado\\\/#breadcrumb\"},\"inLanguage\":\"pt-PT\",\"potentialAction\":[{\"@type\":\"ReadAction\",\"target\":[\"https:\\\/\\\/biaform.com.pl\\\/pt-pt\\\/sobre-empresa\\\/propriedades-fisicas-e-mecanicas-do-compensado\\\/\"]}]},{\"@type\":\"BreadcrumbList\",\"@id\":\"https:\\\/\\\/biaform.com.pl\\\/pt-pt\\\/sobre-empresa\\\/propriedades-fisicas-e-mecanicas-do-compensado\\\/#breadcrumb\",\"itemListElement\":[{\"@type\":\"ListItem\",\"position\":1,\"name\":\"Strona g\u0142\u00f3wna\",\"item\":\"https:\\\/\\\/biaform.com.pl\\\/pt-pt\\\/\"},{\"@type\":\"ListItem\",\"position\":2,\"name\":\"Sobre empresa\",\"item\":\"https:\\\/\\\/biaform.com.pl\\\/pt-pt\\\/sobre-empresa\\\/\"},{\"@type\":\"ListItem\",\"position\":3,\"name\":\"Propriedades f\u00edsicas e mec\u00e2nicas do compensado\"}]},{\"@type\":\"WebSite\",\"@id\":\"https:\\\/\\\/biaform.com.pl\\\/pt-pt\\\/#website\",\"url\":\"https:\\\/\\\/biaform.com.pl\\\/pt-pt\\\/\",\"name\":\"Biaform SA Bia\u0142ystok\",\"description\":\"\",\"potentialAction\":[{\"@type\":\"SearchAction\",\"target\":{\"@type\":\"EntryPoint\",\"urlTemplate\":\"https:\\\/\\\/biaform.com.pl\\\/pt-pt\\\/?s={search_term_string}\"},\"query-input\":{\"@type\":\"PropertyValueSpecification\",\"valueRequired\":true,\"valueName\":\"search_term_string\"}}],\"inLanguage\":\"pt-PT\"}]}<\/script>\n<!-- \/ Yoast SEO plugin. -->","yoast_head_json":{"title":"Propriedades f\u00edsicas e mec\u00e2nicas do compensado - Biaform SA Bia\u0142ystok","robots":{"index":"index","follow":"follow","max-snippet":"max-snippet:-1","max-image-preview":"max-image-preview:large","max-video-preview":"max-video-preview:-1"},"canonical":"https:\/\/biaform.com.pl\/pt-pt\/sobre-empresa\/propriedades-fisicas-e-mecanicas-do-compensado\/","og_locale":"pt_PT","og_type":"article","og_title":"Propriedades f\u00edsicas e mec\u00e2nicas do compensado - Biaform SA Bia\u0142ystok","og_url":"https:\/\/biaform.com.pl\/pt-pt\/sobre-empresa\/propriedades-fisicas-e-mecanicas-do-compensado\/","og_site_name":"Biaform SA Bia\u0142ystok","article_modified_time":"2020-07-07T16:39:42+00:00","twitter_card":"summary_large_image","twitter_misc":{"Tempo estimado de leitura":"2 minutos"},"schema":{"@context":"https:\/\/schema.org","@graph":[{"@type":"WebPage","@id":"https:\/\/biaform.com.pl\/pt-pt\/sobre-empresa\/propriedades-fisicas-e-mecanicas-do-compensado\/","url":"https:\/\/biaform.com.pl\/pt-pt\/sobre-empresa\/propriedades-fisicas-e-mecanicas-do-compensado\/","name":"Propriedades f\u00edsicas e mec\u00e2nicas do compensado - Biaform SA Bia\u0142ystok","isPartOf":{"@id":"https:\/\/biaform.com.pl\/pt-pt\/#website"},"datePublished":"2020-07-07T16:20:06+00:00","dateModified":"2020-07-07T16:39:42+00:00","breadcrumb":{"@id":"https:\/\/biaform.com.pl\/pt-pt\/sobre-empresa\/propriedades-fisicas-e-mecanicas-do-compensado\/#breadcrumb"},"inLanguage":"pt-PT","potentialAction":[{"@type":"ReadAction","target":["https:\/\/biaform.com.pl\/pt-pt\/sobre-empresa\/propriedades-fisicas-e-mecanicas-do-compensado\/"]}]},{"@type":"BreadcrumbList","@id":"https:\/\/biaform.com.pl\/pt-pt\/sobre-empresa\/propriedades-fisicas-e-mecanicas-do-compensado\/#breadcrumb","itemListElement":[{"@type":"ListItem","position":1,"name":"Strona g\u0142\u00f3wna","item":"https:\/\/biaform.com.pl\/pt-pt\/"},{"@type":"ListItem","position":2,"name":"Sobre empresa","item":"https:\/\/biaform.com.pl\/pt-pt\/sobre-empresa\/"},{"@type":"ListItem","position":3,"name":"Propriedades f\u00edsicas e mec\u00e2nicas do compensado"}]},{"@type":"WebSite","@id":"https:\/\/biaform.com.pl\/pt-pt\/#website","url":"https:\/\/biaform.com.pl\/pt-pt\/","name":"Biaform SA Bia\u0142ystok","description":"","potentialAction":[{"@type":"SearchAction","target":{"@type":"EntryPoint","urlTemplate":"https:\/\/biaform.com.pl\/pt-pt\/?s={search_term_string}"},"query-input":{"@type":"PropertyValueSpecification","valueRequired":true,"valueName":"search_term_string"}}],"inLanguage":"pt-PT"}]}},"_links":{"self":[{"href":"https:\/\/biaform.com.pl\/pt-pt\/wp-json\/wp\/v2\/pages\/3573","targetHints":{"allow":["GET"]}}],"collection":[{"href":"https:\/\/biaform.com.pl\/pt-pt\/wp-json\/wp\/v2\/pages"}],"about":[{"href":"https:\/\/biaform.com.pl\/pt-pt\/wp-json\/wp\/v2\/types\/page"}],"author":[{"embeddable":true,"href":"https:\/\/biaform.com.pl\/pt-pt\/wp-json\/wp\/v2\/users\/1"}],"replies":[{"embeddable":true,"href":"https:\/\/biaform.com.pl\/pt-pt\/wp-json\/wp\/v2\/comments?post=3573"}],"version-history":[{"count":0,"href":"https:\/\/biaform.com.pl\/pt-pt\/wp-json\/wp\/v2\/pages\/3573\/revisions"}],"up":[{"embeddable":true,"href":"https:\/\/biaform.com.pl\/pt-pt\/wp-json\/wp\/v2\/pages\/3510"}],"wp:attachment":[{"href":"https:\/\/biaform.com.pl\/pt-pt\/wp-json\/wp\/v2\/media?parent=3573"}],"curies":[{"name":"wp","href":"https:\/\/api.w.org\/{rel}","templated":true}]}}