{"id":3694,"date":"2020-07-07T22:19:03","date_gmt":"2020-07-07T20:19:03","guid":{"rendered":"https:\/\/biaform.com.pl\/?page_id=3694"},"modified":"2020-07-08T23:18:23","modified_gmt":"2020-07-08T21:18:23","slug":"contraplacado-interior-envernizado","status":"publish","type":"page","link":"https:\/\/biaform.com.pl\/pt-pt\/produtos\/contraplacado-refinado\/contraplacado-interior-envernizado\/","title":{"rendered":"Contraplacado interior envernizado"},"content":{"rendered":"<section class=\"l-section wpb_row height_auto width_full\"><div class=\"l-section-h i-cf\"><div class=\"g-cols vc_row type_default valign_top\"><div class=\"vc_col-sm-12 wpb_column vc_column_container\"><div class=\"vc_column-inner\"><div class=\"wpb_wrapper\"><section class=\"l-section wpb_row height_medium color_alternate with_img parallax_ver with_overlay\" id=\"title\"><div class=\"l-section-img\" style=\"background-image: url(https:\/\/biaform.com.pl\/wp-content\/uploads\/2020\/03\/title-bg-2.jpg);background-repeat: no-repeat;\" data-img-width=\"1920\" data-img-height=\"800\"><\/div><div class=\"l-section-overlay\" style=\"background: rgba(0,0,0,0.10)\"><\/div><div class=\"l-section-h i-cf\"><div class=\"g-cols vc_row type_default valign_middle\"><div class=\"vc_col-sm-6 wpb_column vc_column_container\"><div class=\"vc_column-inner\"><div class=\"wpb_wrapper\"><h1 class=\"w-post-elm post_title us_custom_607cd7e8 entry-title color_link_inherit\">Contraplacado interior envernizado<\/h1><\/div><\/div><\/div><div class=\"vc_col-sm-6 wpb_column vc_column_container\"><div class=\"vc_column-inner\"><div class=\"wpb_wrapper\"><ol class=\"g-breadcrumbs us_custom_963f34bc separator_icon align_right has_text_color\" itemscope itemtype=\"http:\/\/schema.org\/BreadcrumbList\"><li class=\"g-breadcrumbs-item\" itemprop=\"itemListElement\" itemscope itemtype=\"http:\/\/schema.org\/ListItem\"><a itemprop=\"item\" href=\"https:\/\/biaform.com.pl\/pt-pt\/\"><span itemprop=\"name\">In\u00edcio<\/span><\/a><meta itemprop=\"position\" content=\"1\"\/><\/li><li class=\"g-breadcrumbs-separator\"><i class=\"material-icons\">chevron_right<\/i><\/li><li class=\"g-breadcrumbs-item\">P\u00e1ginas<\/li><\/ol><\/div><\/div><\/div><\/div><\/div><\/section>\n<\/div><\/div><\/div><\/div><\/div><\/section><section class=\"l-section wpb_row height_medium\"><div class=\"l-section-h i-cf\"><div class=\"g-cols vc_row type_default valign_top gap-2em\"><style>.g-cols.gap-2em{margin:0 calc(-1.5rem - 2em)}.gap-2em > .vc_column_container {padding:2em}<\/style><div class=\"vc_col-sm-12 wpb_column vc_column_container animate_afb\" style=\"animation-delay:0.2s\"><div class=\"vc_column-inner\"><div class=\"wpb_wrapper\"><div id=\"ultimate-heading-876669e2ee405e823\" class=\"uvc-heading ult-adjust-bottom-margin ultimate-heading-876669e2ee405e823 uvc-6418 \" data-hspacer=\"line_with_icon\" data-hline_width=\"200\" data-hicon_type=\"selector\" data-hborder_style=\"solid\" data-hborder_height=\"3\" data-hborder_color=\"#503201\" data-icon_width=\"32\" data-hfixer=\"20\"  data-halign=\"center\" style=\"text-align:center\"><div class=\"uvc-main-heading ult-responsive\"  data-ultimate-target='.uvc-heading.ultimate-heading-876669e2ee405e823 h2'  data-responsive-json-new='{\"font-size\":\"\",\"line-height\":\"\"}' ><h2 style=\"font-weight:normal;margin-bottom:10px;\">Contraplacado interior envernizado<\/h2><\/div><div class=\"uvc-sub-heading ult-responsive\"  data-ultimate-target='.uvc-heading.ultimate-heading-876669e2ee405e823 .uvc-sub-heading '  data-responsive-json-new='{\"font-size\":\"\",\"line-height\":\"\"}'  style=\"font-weight:normal;margin-bottom:10px;\">Descri\u00e7\u00e3o do produto<\/div><div class=\"uvc-heading-spacer line_with_icon\" style=\"topheight:32px;\"><div class=\"ult-just-icon-wrapper  \"><div class=\"align-icon\" style=\"text-align:center;\">\n<div class=\"aio-icon none \"  style=\"color:#64bc46;font-size:32px;display:inline-block;\">\n\t<i class=\"Defaults-stack-overflow\"><\/i>\n<\/div><\/div><\/div><\/div><\/div><\/div><\/div><\/div><div class=\"vc_col-sm-12 wpb_column vc_column_container\"><div class=\"vc_column-inner\"><div class=\"wpb_wrapper\"><div class=\"wpb_text_column\" ><div class=\"wpb_wrapper\"><p style=\"text-align: justify;\">Contraplacado interior revestido em um ou dois lados com verniz UV claro ou colorido.<\/p>\n<\/div><\/div><div class=\"g-cols wpb_row  type_default valign_top vc_inner\"><div class=\"vc_col-sm-6 wpb_column vc_column_container animate_afl\" style=\"animation-delay:0.5s\"><div class=\"vc_column-inner\"><div class=\"wpb_wrapper\"><div class=\"w-image align_center\"><a href=\"https:\/\/biaform.com.pl\/wp-content\/uploads\/2020\/04\/sklejka-suchotwala-lakierowana.jpg\" ref=\"magnificPopup\" aria-label=\"Liga\u00e7\u00e3o\" class=\"w-image-h\"><img decoding=\"async\" width=\"800\" height=\"562\" src=\"https:\/\/biaform.com.pl\/wp-content\/uploads\/2020\/04\/sklejka-suchotwala-lakierowana.jpg\" class=\"attachment-full size-full\" alt=\"\" srcset=\"https:\/\/biaform.com.pl\/wp-content\/uploads\/2020\/04\/sklejka-suchotwala-lakierowana.jpg 800w, https:\/\/biaform.com.pl\/wp-content\/uploads\/2020\/04\/sklejka-suchotwala-lakierowana-300x211.jpg 300w\" sizes=\"(max-width: 800px) 100vw, 800px\" \/><\/a><\/div><\/div><\/div><\/div><div class=\"vc_col-sm-6 wpb_column vc_column_container animate_afr\" style=\"animation-delay:0.5s\"><div class=\"vc_column-inner\"><div class=\"wpb_wrapper\"><div class=\"w-image align_center\"><a href=\"https:\/\/biaform.com.pl\/wp-content\/uploads\/2020\/04\/sklejka-suchotwala-lakierowana-2.jpg\" ref=\"magnificPopup\" aria-label=\"Liga\u00e7\u00e3o\" class=\"w-image-h\"><img decoding=\"async\" width=\"800\" height=\"562\" src=\"https:\/\/biaform.com.pl\/wp-content\/uploads\/2020\/04\/sklejka-suchotwala-lakierowana-2.jpg\" class=\"attachment-full size-full\" alt=\"\" srcset=\"https:\/\/biaform.com.pl\/wp-content\/uploads\/2020\/04\/sklejka-suchotwala-lakierowana-2.jpg 800w, https:\/\/biaform.com.pl\/wp-content\/uploads\/2020\/04\/sklejka-suchotwala-lakierowana-2-300x211.jpg 300w\" sizes=\"(max-width: 800px) 100vw, 800px\" \/><\/a><\/div><\/div><\/div><\/div><div class=\"vc_col-sm-6 vc_col-sm-offset-3 wpb_column vc_column_container animate_afb\" style=\"animation-delay:0.2s\"><div class=\"vc_column-inner\"><div class=\"wpb_wrapper\"><div class=\"w-image align_center\"><a href=\"https:\/\/biaform.com.pl\/wp-content\/uploads\/2020\/04\/sklejka-suchotwala-lakierowana-3.jpg\" ref=\"magnificPopup\" aria-label=\"Liga\u00e7\u00e3o\" class=\"w-image-h\"><img decoding=\"async\" width=\"800\" height=\"562\" src=\"https:\/\/biaform.com.pl\/wp-content\/uploads\/2020\/04\/sklejka-suchotwala-lakierowana-3.jpg\" class=\"attachment-full size-full\" alt=\"\" srcset=\"https:\/\/biaform.com.pl\/wp-content\/uploads\/2020\/04\/sklejka-suchotwala-lakierowana-3.jpg 800w, https:\/\/biaform.com.pl\/wp-content\/uploads\/2020\/04\/sklejka-suchotwala-lakierowana-3-300x211.jpg 300w\" sizes=\"(max-width: 800px) 100vw, 800px\" \/><\/a><\/div><\/div><\/div><\/div><\/div><\/div><\/div><\/div><div class=\"vc_col-sm-12 wpb_column vc_column_container\"><div class=\"vc_column-inner\"><div class=\"wpb_wrapper\"><div id=\"ultimate-heading-911769e2ee405fbec\" class=\"uvc-heading ult-adjust-bottom-margin ultimate-heading-911769e2ee405fbec uvc-7029 \" data-hspacer=\"line_with_icon\" data-hline_width=\"200\" data-hicon_type=\"selector\" data-hborder_style=\"solid\" data-hborder_height=\"3\" data-hborder_color=\"#503201\" data-icon_width=\"32\" data-hfixer=\"20\"  data-halign=\"center\" style=\"text-align:center\"><div class=\"uvc-main-heading ult-responsive\"  data-ultimate-target='.uvc-heading.ultimate-heading-911769e2ee405fbec h3'  data-responsive-json-new='{\"font-size\":\"\",\"line-height\":\"\"}' ><h3 style=\"font-weight:normal;margin-bottom:10px;\">Dados b\u00e1sicos do produto<\/h3><\/div><div class=\"uvc-heading-spacer line_with_icon\" style=\"topheight:32px;\"><div class=\"ult-just-icon-wrapper  \"><div class=\"align-icon\" style=\"text-align:center;\">\n<div class=\"aio-icon none \"  style=\"color:#64bc46;font-size:32px;display:inline-block;\">\n\t<i class=\"Defaults-angle-double-down\"><\/i>\n<\/div><\/div><\/div><\/div><\/div><div class=\"w-separator size_small\"><\/div><div class=\"wpb_text_column\" ><div class=\"wpb_wrapper\"><p style=\"text-align: justify;\">O contraplacado consiste em camadas de madeira que se cruzam, as fibras das camadas adjacentes correm em \u00e2ngulos retos. Contraplacado interior revestido em um ou dois lados com verniz UV claro ou colorido.<\/p>\n<\/div><\/div><div class=\"w-separator size_small\"><\/div><div class=\"wpb_text_column\" ><div class=\"wpb_wrapper\"><table class=\"produkt\">\n<tbody>\n<tr>\n<td style=\"vertical-align: top;\"><strong>Uso<\/strong><\/td>\n<td>\n<ul>\n<li>produ\u00e7\u00e3o de portas<\/li>\n<li>moveis<\/li>\n<li>carpintaria<\/li>\n<li>embalagens<\/li>\n<\/ul>\n<\/td>\n<\/tr>\n<tr>\n<td style=\"vertical-align: top;\"><strong>Mat\u00e9rias-primas para produ\u00e7\u00e3o de contraplacado<\/strong><\/td>\n<td>\n<ul>\n<li>madeira: frondosa (amieiro, b\u00e9tula), con\u00edfera (pinheiro)<\/li>\n<li>adesivos a base de resina de urea-formaldeh\u00eddo<\/li>\n<li>aplica\u00e7\u00e3o de verniz: duas camadas de verniz, outra aplica\u00e7\u00e3o para determinar com o cliente, cor: transparente ou outra acordada com o cliente<\/li>\n<\/ul>\n<\/td>\n<\/tr>\n<tr>\n<td style=\"vertical-align: top;\"><strong>Prote\u00e7\u00e3o de borda<\/strong><\/td>\n<td>\n<ul>\n<li>n\u00e3o h\u00e1<\/li>\n<\/ul>\n<\/td>\n<\/tr>\n<tr>\n<td style=\"vertical-align: top;\"><strong>Formatos padr\u00e3o<\/strong><\/td>\n<td>\n<ul>\n<li>1550mmx1550\/2250mm<\/li>\n<li>outros formatos para determinar com o cliente<\/li>\n<\/ul>\n<\/td>\n<\/tr>\n<tr>\n<td style=\"vertical-align: top;\"><strong>Espessura de contraplacado<\/strong><\/td>\n<td>\n<ul>\n<li>6mm-40mm<\/li>\n<\/ul>\n<\/td>\n<\/tr>\n<tr>\n<td style=\"vertical-align: top;\"><strong>Toler\u00e2ncia de dimens\u00e3o<\/strong><\/td>\n<td>\n<ul>\n<li>de acordo com a PN-EN 315 ou outro acordo com o cliente<\/li>\n<\/ul>\n<\/td>\n<\/tr>\n<tr>\n<td style=\"vertical-align: top;\"><strong>Par\u00e2metros t\u00e9cnicos<\/strong><\/td>\n<td>\n<ul>\n<li>densidade 600-800 [kg\/m\u00b3]<\/li>\n<li>umidade 4-10 [%]<\/li>\n<li>qualidade da uni\u00e3o conforme PN-EN 314-2 classe 1<\/li>\n<li>emiss\u00e3o de formalde\u00eddo: E1 de acordo com a PN-EN 636<\/li>\n<\/ul>\n<\/td>\n<\/tr>\n<tr>\n<td style=\"vertical-align: top;\"><strong>Servi\u00e7os adicionais<\/strong><\/td>\n<td>\n<ul>\n<li>usinagem CNC<\/li>\n<li>corte em formatos menores<\/li>\n<\/ul>\n<\/td>\n<\/tr>\n<\/tbody>\n<\/table>\n<\/div><\/div><\/div><\/div><\/div><div class=\"vc_col-sm-10 vc_col-md-offset-2 vc_col-md-8 vc_col-sm-offset-1 wpb_column vc_column_container\"><div class=\"vc_column-inner\"><div class=\"wpb_wrapper\"><div class=\"w-actionbox us_custom_f190302b color_secondary controls_right has_text_color\"><div class=\"w-actionbox-text\"><p>Baixar especifica\u00e7\u00f5es t\u00e9cnicas do produto<\/p>\n<\/div><div class=\"w-actionbox-controls\"><a class=\"w-btn us-btn-style_1 icon_atright\" target=\"_blank\" href=\"\/wp-content\/uploads\/2020\/04\/varnished-raw-plywood-for-interior-application.pdf\" rel=\"noopener\"><span class=\"w-btn-label\">Baixar PDF<\/span><i class=\"fas fa-angle-double-right\"><\/i><\/a><\/div><\/div><\/div><\/div><\/div><\/div><\/div><\/section><section class=\"l-section wpb_row height_auto width_full\"><div class=\"l-section-h i-cf\"><div class=\"g-cols vc_row type_default valign_top\"><div class=\"vc_col-sm-12 wpb_column vc_column_container\"><div class=\"vc_column-inner\"><div class=\"wpb_wrapper\"><section class=\"l-section wpb_row height_huge with_img parallax_ver with_overlay\" id=\"cta-cont\"><div class=\"l-section-img\" style=\"background-image: url(https:\/\/biaform.com.pl\/wp-content\/uploads\/2020\/03\/biaform-kontakt.jpg);background-position: bottom center;background-repeat: no-repeat;\" data-img-width=\"1600\" data-img-height=\"1067\"><\/div><div class=\"l-section-overlay\" style=\"background: rgba(0,0,0,0.4)\"><\/div><div class=\"l-section-h i-cf\"><div class=\"g-cols vc_row type_default valign_top\"><div class=\"vc_col-sm-6 vc_col-lg-offset-8 vc_col-lg-4 vc_col-md-offset-7 vc_col-md-5 vc_col-sm-offset-6 wpb_column vc_column_container animate_fade\" style=\"animation-delay:0.2s\"><div class=\"vc_column-inner\"><div class=\"wpb_wrapper\"><div class=\"w-actionbox us_custom_2aff76bb color_primary controls_bottom\"><div class=\"w-actionbox-text\"><h3>Tem perguntas?<\/h3><p>Ligue-nos ou escreva-nos. Teremos o maior prazer em responder \u00e0s suas perguntas.<\/p>\n<\/div><div class=\"w-actionbox-controls\"><a class=\"w-btn us-btn-style_3 icon_atright\" title=\"Contato\" href=\"\/pt-pt\/contato\/\"><span class=\"w-btn-label\">Contato<\/span><i class=\"fas fa-angle-double-right\"><\/i><\/a><\/div><\/div><\/div><\/div><\/div><\/div><\/div><\/section>\n<\/div><\/div><\/div><\/div><\/div><\/section>\n","protected":false},"excerpt":{"rendered":"Contraplacado interior envernizadoIn\u00edciochevron_rightP\u00e1ginas Contraplacado interior envernizadoDescri\u00e7\u00e3o do produto Contraplacado interior revestido em um ou dois lados com verniz UV claro ou colorido. Dados b\u00e1sicos do produto O contraplacado consiste em camadas de madeira que se cruzam, as fibras das camadas adjacentes correm em \u00e2ngulos retos. Contraplacado interior revestido em um ou dois lados com verniz...","protected":false},"author":1,"featured_media":0,"parent":3652,"menu_order":2,"comment_status":"closed","ping_status":"closed","template":"","meta":{"_acf_changed":false,"footnotes":""},"class_list":["post-3694","page","type-page","status-publish","hentry"],"acf":[],"yoast_head":"<!-- This site is optimized with the Yoast SEO plugin v27.3 - https:\/\/yoast.com\/product\/yoast-seo-wordpress\/ -->\n<title>Contraplacado interior envernizado - Biaform SA Bia\u0142ystok<\/title>\n<meta name=\"robots\" content=\"index, follow, max-snippet:-1, max-image-preview:large, max-video-preview:-1\" \/>\n<link rel=\"canonical\" href=\"https:\/\/biaform.com.pl\/pt-pt\/produtos\/contraplacado-refinado\/contraplacado-interior-envernizado\/\" \/>\n<meta property=\"og:locale\" content=\"pt_PT\" \/>\n<meta property=\"og:type\" content=\"article\" \/>\n<meta property=\"og:title\" content=\"Contraplacado interior envernizado - Biaform SA Bia\u0142ystok\" \/>\n<meta property=\"og:url\" content=\"https:\/\/biaform.com.pl\/pt-pt\/produtos\/contraplacado-refinado\/contraplacado-interior-envernizado\/\" \/>\n<meta property=\"og:site_name\" content=\"Biaform SA Bia\u0142ystok\" \/>\n<meta property=\"article:modified_time\" content=\"2020-07-08T21:18:23+00:00\" \/>\n<meta name=\"twitter:card\" content=\"summary_large_image\" \/>\n<meta name=\"twitter:label1\" content=\"Tempo estimado de leitura\" \/>\n\t<meta name=\"twitter:data1\" content=\"3 minutos\" \/>\n<script type=\"application\/ld+json\" class=\"yoast-schema-graph\">{\"@context\":\"https:\\\/\\\/schema.org\",\"@graph\":[{\"@type\":\"WebPage\",\"@id\":\"https:\\\/\\\/biaform.com.pl\\\/pt-pt\\\/produtos\\\/contraplacado-refinado\\\/contraplacado-interior-envernizado\\\/\",\"url\":\"https:\\\/\\\/biaform.com.pl\\\/pt-pt\\\/produtos\\\/contraplacado-refinado\\\/contraplacado-interior-envernizado\\\/\",\"name\":\"Contraplacado interior envernizado - Biaform SA Bia\u0142ystok\",\"isPartOf\":{\"@id\":\"https:\\\/\\\/biaform.com.pl\\\/pt-pt\\\/#website\"},\"datePublished\":\"2020-07-07T20:19:03+00:00\",\"dateModified\":\"2020-07-08T21:18:23+00:00\",\"breadcrumb\":{\"@id\":\"https:\\\/\\\/biaform.com.pl\\\/pt-pt\\\/produtos\\\/contraplacado-refinado\\\/contraplacado-interior-envernizado\\\/#breadcrumb\"},\"inLanguage\":\"pt-PT\",\"potentialAction\":[{\"@type\":\"ReadAction\",\"target\":[\"https:\\\/\\\/biaform.com.pl\\\/pt-pt\\\/produtos\\\/contraplacado-refinado\\\/contraplacado-interior-envernizado\\\/\"]}]},{\"@type\":\"BreadcrumbList\",\"@id\":\"https:\\\/\\\/biaform.com.pl\\\/pt-pt\\\/produtos\\\/contraplacado-refinado\\\/contraplacado-interior-envernizado\\\/#breadcrumb\",\"itemListElement\":[{\"@type\":\"ListItem\",\"position\":1,\"name\":\"Strona g\u0142\u00f3wna\",\"item\":\"https:\\\/\\\/biaform.com.pl\\\/pt-pt\\\/\"},{\"@type\":\"ListItem\",\"position\":2,\"name\":\"Produtos\",\"item\":\"https:\\\/\\\/biaform.com.pl\\\/pt-pt\\\/produtos\\\/\"},{\"@type\":\"ListItem\",\"position\":3,\"name\":\"Contraplacado refinado\",\"item\":\"https:\\\/\\\/biaform.com.pl\\\/pt-pt\\\/produtos\\\/contraplacado-refinado\\\/\"},{\"@type\":\"ListItem\",\"position\":4,\"name\":\"Contraplacado interior envernizado\"}]},{\"@type\":\"WebSite\",\"@id\":\"https:\\\/\\\/biaform.com.pl\\\/pt-pt\\\/#website\",\"url\":\"https:\\\/\\\/biaform.com.pl\\\/pt-pt\\\/\",\"name\":\"Biaform SA Bia\u0142ystok\",\"description\":\"\",\"potentialAction\":[{\"@type\":\"SearchAction\",\"target\":{\"@type\":\"EntryPoint\",\"urlTemplate\":\"https:\\\/\\\/biaform.com.pl\\\/pt-pt\\\/?s={search_term_string}\"},\"query-input\":{\"@type\":\"PropertyValueSpecification\",\"valueRequired\":true,\"valueName\":\"search_term_string\"}}],\"inLanguage\":\"pt-PT\"}]}<\/script>\n<!-- \/ Yoast SEO plugin. -->","yoast_head_json":{"title":"Contraplacado interior envernizado - Biaform SA Bia\u0142ystok","robots":{"index":"index","follow":"follow","max-snippet":"max-snippet:-1","max-image-preview":"max-image-preview:large","max-video-preview":"max-video-preview:-1"},"canonical":"https:\/\/biaform.com.pl\/pt-pt\/produtos\/contraplacado-refinado\/contraplacado-interior-envernizado\/","og_locale":"pt_PT","og_type":"article","og_title":"Contraplacado interior envernizado - Biaform SA Bia\u0142ystok","og_url":"https:\/\/biaform.com.pl\/pt-pt\/produtos\/contraplacado-refinado\/contraplacado-interior-envernizado\/","og_site_name":"Biaform SA Bia\u0142ystok","article_modified_time":"2020-07-08T21:18:23+00:00","twitter_card":"summary_large_image","twitter_misc":{"Tempo estimado de leitura":"3 minutos"},"schema":{"@context":"https:\/\/schema.org","@graph":[{"@type":"WebPage","@id":"https:\/\/biaform.com.pl\/pt-pt\/produtos\/contraplacado-refinado\/contraplacado-interior-envernizado\/","url":"https:\/\/biaform.com.pl\/pt-pt\/produtos\/contraplacado-refinado\/contraplacado-interior-envernizado\/","name":"Contraplacado interior envernizado - Biaform SA Bia\u0142ystok","isPartOf":{"@id":"https:\/\/biaform.com.pl\/pt-pt\/#website"},"datePublished":"2020-07-07T20:19:03+00:00","dateModified":"2020-07-08T21:18:23+00:00","breadcrumb":{"@id":"https:\/\/biaform.com.pl\/pt-pt\/produtos\/contraplacado-refinado\/contraplacado-interior-envernizado\/#breadcrumb"},"inLanguage":"pt-PT","potentialAction":[{"@type":"ReadAction","target":["https:\/\/biaform.com.pl\/pt-pt\/produtos\/contraplacado-refinado\/contraplacado-interior-envernizado\/"]}]},{"@type":"BreadcrumbList","@id":"https:\/\/biaform.com.pl\/pt-pt\/produtos\/contraplacado-refinado\/contraplacado-interior-envernizado\/#breadcrumb","itemListElement":[{"@type":"ListItem","position":1,"name":"Strona g\u0142\u00f3wna","item":"https:\/\/biaform.com.pl\/pt-pt\/"},{"@type":"ListItem","position":2,"name":"Produtos","item":"https:\/\/biaform.com.pl\/pt-pt\/produtos\/"},{"@type":"ListItem","position":3,"name":"Contraplacado refinado","item":"https:\/\/biaform.com.pl\/pt-pt\/produtos\/contraplacado-refinado\/"},{"@type":"ListItem","position":4,"name":"Contraplacado interior envernizado"}]},{"@type":"WebSite","@id":"https:\/\/biaform.com.pl\/pt-pt\/#website","url":"https:\/\/biaform.com.pl\/pt-pt\/","name":"Biaform SA Bia\u0142ystok","description":"","potentialAction":[{"@type":"SearchAction","target":{"@type":"EntryPoint","urlTemplate":"https:\/\/biaform.com.pl\/pt-pt\/?s={search_term_string}"},"query-input":{"@type":"PropertyValueSpecification","valueRequired":true,"valueName":"search_term_string"}}],"inLanguage":"pt-PT"}]}},"_links":{"self":[{"href":"https:\/\/biaform.com.pl\/pt-pt\/wp-json\/wp\/v2\/pages\/3694","targetHints":{"allow":["GET"]}}],"collection":[{"href":"https:\/\/biaform.com.pl\/pt-pt\/wp-json\/wp\/v2\/pages"}],"about":[{"href":"https:\/\/biaform.com.pl\/pt-pt\/wp-json\/wp\/v2\/types\/page"}],"author":[{"embeddable":true,"href":"https:\/\/biaform.com.pl\/pt-pt\/wp-json\/wp\/v2\/users\/1"}],"replies":[{"embeddable":true,"href":"https:\/\/biaform.com.pl\/pt-pt\/wp-json\/wp\/v2\/comments?post=3694"}],"version-history":[{"count":0,"href":"https:\/\/biaform.com.pl\/pt-pt\/wp-json\/wp\/v2\/pages\/3694\/revisions"}],"up":[{"embeddable":true,"href":"https:\/\/biaform.com.pl\/pt-pt\/wp-json\/wp\/v2\/pages\/3652"}],"wp:attachment":[{"href":"https:\/\/biaform.com.pl\/pt-pt\/wp-json\/wp\/v2\/media?parent=3694"}],"curies":[{"name":"wp","href":"https:\/\/api.w.org\/{rel}","templated":true}]}}